{"id":66038,"date":"2026-02-18T15:45:22","date_gmt":"2026-02-18T15:45:22","guid":{"rendered":"https:\/\/npf-fpn.com\/?page_id=66038"},"modified":"2026-02-18T19:12:56","modified_gmt":"2026-02-18T19:12:56","slug":"opportunite-de-carriere-a-la-fpn-coordinateur-coordinatrice-des-services-juridiques","status":"publish","type":"page","link":"https:\/\/npf-fpn.com\/fr\/opportunite-de-carriere-a-la-fpn-coordinateur-coordinatrice-des-services-juridiques\/","title":{"rendered":"Opportunit\u00e9 de carri\u00e8re \u00e0 la FPN \u2013 Coordinateur\/Coordinatrice des services juridiques"},"content":{"rendered":"\n<p>La F\u00e9d\u00e9ration de la police nationale (FPN) recherche <strong>un coordonnateur ou une coordonnatrice, Services juridiques pour un contrat d\u2019une dur\u00e9e de 18&nbsp;mois<\/strong>.<br><br><strong>Aper\u00e7u du poste&nbsp;:<\/strong> La personne titulaire du poste est charg\u00e9e d\u2019appuyer l\u2019\u00e9quipe des services juridiques en coordonnant les t\u00e2ches administratives pour assurer le bon d\u00e9roulement et l\u2019efficacit\u00e9 des activit\u00e9s juridiques.<\/p>\n\n\n\n<p><strong>Sup\u00e9rieur imm\u00e9diat&nbsp;:<\/strong> Gestionnaire, Services juridiques<\/p>\n\n\n\n<p><strong>Lieu&nbsp;: <\/strong>T\u00e9l\u00e9travail<\/p>\n\n\n\n<p><strong>Qui nous sommes&nbsp;:<\/strong><br>La FPN repr\u00e9sente environ 20&nbsp;000&nbsp;membres de la GRC en poste au Canada et \u00e0 l\u2019\u00e9tranger. Nous sommes le plus important syndicat de policiers au Canada. La FPN a \u00e0 c\u0153ur l\u2019am\u00e9lioration de la s\u00e9curit\u00e9 publique pour tous les Canadiens, y compris nos membres, en pr\u00e9conisant des investissements indispensables dans le continuum de la s\u00e9curit\u00e9 publique. Ces derniers comprennent des investissements dans les ressources polici\u00e8res et l\u2019\u00e9quipement moderne, ainsi que dans les programmes sociaux, notamment les mesures de soutien en mati\u00e8re de sant\u00e9, de toxicomanie et de logement, afin d\u2019am\u00e9liorer la s\u00e9curit\u00e9 et la qualit\u00e9 de vie dans les nombreuses communaut\u00e9s que nous servons, petites et grandes, partout au Canada.<\/p>\n\n\n\n<p>Notre si\u00e8ge social est situ\u00e9 \u00e0 Ottawa, mais nos plus de 70&nbsp;employ\u00e9s travaillent \u00e0 distance partout au Canada. Nous restons en contact \u00e9troit gr\u00e2ce \u00e0 nos outils informatiques modernes et en travaillant conform\u00e9ment \u00e0 nos valeurs internes&nbsp;: inclusion, innovation, reconnaissance, collaboration et confiance.<br><br><strong>Pourquoi travailler \u00e0 la FPN?<\/strong><\/p>\n\n\n\n<ul class=\"wp-block-list\">\n<li>R\u00e9mun\u00e9ration concurrentielle<\/li>\n\n\n\n<li>Environnement d\u2019\u00e9quipe inclusif, passionn\u00e9 et amusant<\/li>\n<\/ul>\n\n\n\n<p><strong><strong>Principales responsabilit\u00e9s<\/strong><\/strong><br><strong>Administration des services juridiques<\/strong><\/p>\n\n\n\n<ul class=\"wp-block-list\">\n<li>G\u00e9rer les courriels et les calendriers des membres de l\u2019\u00e9quipe de direction, notamment du gestionnaire, Services juridiques et du conseiller g\u00e9n\u00e9ral.<\/li>\n\n\n\n<li>Examiner la correspondance en lien avec les Services juridiques. R\u00e9pondre \u00e0 la correspondance ou la rediriger de fa\u00e7on appropri\u00e9e.<\/li>\n\n\n\n<li>Aider \u00e0 la r\u00e9daction, \u00e0 l\u2019examen et \u00e0 l\u2019organisation de documents juridiques, de contrats et de correspondance.<\/li>\n\n\n\n<li>Planifier et coordonner les r\u00e9unions, pr\u00e9parer les ordres du jour, r\u00e9diger et r\u00e9unir la documentation en lien avec la r\u00e9union, consigner le proc\u00e8s-verbal des r\u00e9unions et faire le suivi des mesures \u00e0 prendre.<\/li>\n\n\n\n<li>R\u00e9diger des notes d\u2019information, des lettres, des rapports, des pr\u00e9sentations et d\u2019autres documents.<\/li>\n\n\n\n<li>Assurer la coordination des voyages et des \u00e9v\u00e9nements.<\/li>\n\n\n\n<li>Aider \u00e0 la gestion des donn\u00e9es.<\/li>\n\n\n\n<li>Participer \u00e0 l\u2019\u00e9laboration et au maintien des outils, des proc\u00e9dures op\u00e9rationnelles normalis\u00e9es, des outils de suivi et des bases de donn\u00e9es des Services juridiques.<\/li>\n\n\n\n<li>Participer \u00e0 l\u2019\u00e9laboration et au maintien des syst\u00e8mes de gestion des dossiers de la FPN.<\/li>\n\n\n\n<li>Aider \u00e0 organiser et \u00e0 tenir \u00e0 jour la bo\u00eete de r\u00e9ception partag\u00e9e des Services juridiques.<\/li>\n\n\n\n<li>Fournir du soutien au personnel de la FPN en ce qui concerne l\u2019utilisation de divers syst\u00e8mes g\u00e9r\u00e9s par les Services juridiques.<\/li>\n\n\n\n<li>Aider \u00e0 cr\u00e9er des documents de ressources sur la FPN.<\/li>\n\n\n\n<li>Aider \u00e0 l\u2019int\u00e9gration des nouveaux employ\u00e9s des Services juridiques.<\/li>\n\n\n\n<li>Agir \u00e0 titre d\u2019administrateur de logiciels et de bases de donn\u00e9es, au besoin.<\/li>\n<\/ul>\n\n\n\n<p><strong>Dossiers et demandes de renseignements juridiques<\/strong><strong><\/strong><\/p>\n\n\n\n<ul class=\"wp-block-list\">\n<li>Accomplir des t\u00e2ches de bureau juridiques, comme tenir \u00e0 jour des documents, des comptes et des dossiers.<\/li>\n\n\n\n<li>Trier les nouveaux dossiers ou les nouvelles demandes de renseignements juridiques et assurer la tenue ad\u00e9quate des dossiers.<\/li>\n\n\n\n<li>R\u00e9sumer les nouveaux dossiers ou les nouvelles demandes de renseignements juridiques et les rediriger vers la personne concern\u00e9e \u00e0 l\u2019interne.<\/li>\n\n\n\n<li>Fournir de fa\u00e7on proactive du soutien aux avocats internes, communiquer avec les principaux intervenants conform\u00e9ment aux proc\u00e9dures op\u00e9rationnelles normalis\u00e9es (y compris les membres, le personnel, les repr\u00e9sentants \u00e9lus et la direction de la FPN, ainsi que l\u2019avocat externe avec qui fait affaire la FPN).<\/li>\n\n\n\n<li>Assurer la liaison avec le service des Finances pour assurer l\u2019int\u00e9grit\u00e9 financi\u00e8re des dossiers.<\/li>\n\n\n\n<li>D\u00e9terminer et surveiller de fa\u00e7on proactive les d\u00e9lais applicables et veiller \u00e0 ce que les demandes et les dossiers soient trait\u00e9s en temps opportun.<\/li>\n\n\n\n<li>R\u00e9diger des lettres de mandat et des communiqu\u00e9s.<\/li>\n\n\n\n<li>Tenir \u00e0 jour et optimiser les syst\u00e8mes de gestion des dossiers de la FPN et veiller \u00e0 ce que tous les points de donn\u00e9es relatifs aux affaires juridiques et aux demandes de renseignements soient saisis par les outils de suivi des dossiers des Services juridiques.<\/li>\n<\/ul>\n\n\n\n<p><strong>Comp\u00e9tences<\/strong><strong><\/strong><\/p>\n\n\n\n<p><strong>\u00c9tudes et exp\u00e9rience<\/strong><strong><\/strong><\/p>\n\n\n\n<ul class=\"wp-block-list\">\n<li>Au moins une ann\u00e9e d\u2019exp\u00e9rience de travail dans un environnement juridique ou administratif dynamique<\/li>\n\n\n\n<li>Dipl\u00f4me ou certificat d\u2019\u00e9tudes coll\u00e9giales en administration de bureau, en administration des affaires ou dans un domaine connexe et exp\u00e9rience (minimum de deux\u00a0ans) en administration de bureau ou dans un domaine connexe, OU dipl\u00f4me d\u2019\u00e9tudes secondaires avec plusieurs ann\u00e9es (de trois \u00e0 cinq\u00a0ans) d\u2019exp\u00e9rience en administration de bureau ou dans un domaine connexe<\/li>\n\n\n\n<li>Exp\u00e9rience de travail avec des documents confidentiels<\/li>\n\n\n\n<li>Exp\u00e9rience avec la gestion d\u2019\u00e9ch\u00e9anciers stricts<\/li>\n\n\n\n<li>Ma\u00eetrise des deux\u00a0langues officielles<\/li>\n<\/ul>\n\n\n\n<p><strong>Connaissances et comp\u00e9tences<\/strong><strong><\/strong><\/p>\n\n\n\n<ul class=\"wp-block-list\">\n<li>Capacit\u00e9 d\u2019\u00e9tablir et de respecter des d\u00e9lais stricts<\/li>\n\n\n\n<li>Capacit\u00e9 de r\u00e9sumer des dossiers juridiques aux avocats et aux administrateurs internes<\/li>\n\n\n\n<li>Capacit\u00e9 de r\u00e9diger de la correspondance professionnelle en fran\u00e7ais et en anglais<\/li>\n\n\n\n<li>Capacit\u00e9 d\u2019examiner des documents juridiques et d\u2019en faire le suivi et de comprendre des questions complexes<\/li>\n\n\n\n<li>Capacit\u00e9 de s\u2019adapter rapidement aux priorit\u00e9s et aux \u00e9ch\u00e9ances en constante \u00e9volution<\/li>\n\n\n\n<li>Excellente ma\u00eetrise des outils de productivit\u00e9 de Microsoft\u00a0Office<\/li>\n\n\n\n<li>Ma\u00eetrise des principes de confidentialit\u00e9<\/li>\n\n\n\n<li>Capacit\u00e9 de s\u2019adapter \u00e0 des situations changeantes, \u00e0 de nouvelles id\u00e9es et \u00e0 de nouveaux concepts<\/li>\n<\/ul>\n\n\n\n<p><strong>Comp\u00e9tences<\/strong><\/p>\n\n\n\n<ul class=\"wp-block-list\">\n<li>Jugement et tact hors pair<\/li>\n\n\n\n<li>Sens aigu de l\u2019organisation et du d\u00e9tail<\/li>\n\n\n\n<li>Capacit\u00e9s de r\u00e9solution de probl\u00e8mes de base<\/li>\n\n\n\n<li>Capacit\u00e9 de mener plusieurs t\u00e2ches \u00e0 la fois, de prendre des initiatives, d\u2019\u00eatre proactif et de faire preuve de souplesse<\/li>\n\n\n\n<li>Capacit\u00e9 de communiquer avec un effectif diversifi\u00e9 et de favoriser la r\u00e9ussite dans un environnement ax\u00e9 sur le travail d\u2019\u00e9quipe<\/li>\n\n\n\n<li>Comp\u00e9tences en gestion de projet<\/li>\n<\/ul>\n\n\n\n<p><strong>Autres exigences<\/strong><strong><\/strong><\/p>\n\n\n\n<ul class=\"wp-block-list\">\n<li>D\u00e9placements requis au moins quatre\u00a0fois par ann\u00e9e<\/li>\n\n\n\n<li>Disposition \u00e0 se soumettre \u00e0 une v\u00e9rification approfondie du casier judiciaire avant l\u2019emploi<\/li>\n<\/ul>\n\n\n\n<p><strong>R\u00e9mun\u00e9ration et autres renseignements importants<\/strong><\/p>\n\n\n\n<p>La fourchette du salaire de base initial pour ce poste, en fonction des comp\u00e9tences et de l\u2019exp\u00e9rience, se situe entre 63&nbsp;500&nbsp;$ et 76&nbsp;860&nbsp;$.<\/p>\n\n\n\n<p>Bien que la personne titulaire du poste soit appel\u00e9e \u00e0 se d\u00e9placer, notre mod\u00e8le de travail \u00e0 distance permet une certaine souplesse quant \u00e0 l\u2019horaire de travail et favorise un \u00e9quilibre entre le travail et la vie personnelle.<\/p>\n\n\n\n<p>Les candidatures pour ce poste seront accept\u00e9es jusqu\u2019\u00e0 17&nbsp;h (HE) le jeudi&nbsp;12&nbsp;f\u00e9vrier.<\/p>\n\n\n\n<p>La FPN embauche en fonction du m\u00e9rite et s\u2019engage \u00e0 assurer l\u2019\u00e9quit\u00e9 en mati\u00e8re d\u2019emploi. Nous encourageons toutes les personnes qualifi\u00e9es \u00e0 soumettre leur candidature. Bien que nous acceptions les candidatures de toutes les personnes int\u00e9ress\u00e9es, nous communiquerons uniquement avec les personnes retenues pour une entrevue.<\/p>\n\n\n\n<div class=\"wp-block-columns is-layout-flex wp-container-core-columns-is-layout-9d6595d7 wp-block-columns-is-layout-flex\">\n<div class=\"wp-block-column is-layout-flow wp-block-column-is-layout-flow\">\n<div class=\"wp-block-buttons is-layout-flex wp-block-buttons-is-layout-flex\">\n<div class=\"wp-block-button has-custom-width wp-block-button__width-100\"><a class=\"wp-block-button__link has-vivid-red-background-color has-background wp-element-button\" href=\"https:\/\/www.macdonaldsearchgroup.com\/job-listings\/legal-counsel-2\" style=\"border-radius:7px\" target=\"_blank\" rel=\"noreferrer noopener\">Postuler maintenant<\/a><\/div>\n<\/div>\n<\/div>\n\n\n\n<div class=\"wp-block-column is-layout-flow wp-block-column-is-layout-flow\">\n<div class=\"wp-block-buttons is-layout-flex wp-block-buttons-is-layout-flex\">\n<div class=\"wp-block-button has-custom-width wp-block-button__width-100\"><a class=\"wp-block-button__link has-vivid-red-background-color has-background wp-element-button\" href=\"mailto:\" style=\"border-radius:7px\">Partager cette opportunit\u00e9 avec un ami<\/a><\/div>\n<\/div>\n<\/div>\n<\/div>\n","protected":false},"excerpt":{"rendered":"<p>La F\u00e9d\u00e9ration de la police nationale (FPN) recherche un coordonnateur ou une coordonnatrice, Services juridiques pour un contrat d\u2019une dur\u00e9e de 18&nbsp;mois. Aper\u00e7u du poste&nbsp;: La personne titulaire du poste est charg\u00e9e d\u2019appuyer l\u2019\u00e9quipe des services juridiques en coordonnant les [&hellip;]<\/p>\n","protected":false},"author":14517,"featured_media":0,"parent":0,"menu_order":0,"comment_status":"closed","ping_status":"closed","template":"","meta":{"_acf_changed":false,"inline_featured_image":false,"footnotes":""},"class_list":["post-66038","page","type-page","status-publish","hentry"],"acf":[],"yoast_head":"<!-- This site is optimized with the Yoast SEO plugin v27.3 - https:\/\/yoast.com\/product\/yoast-seo-wordpress\/ -->\n<title>Opportunit\u00e9 de carri\u00e8re \u00e0 la FPN \u2013 Coordinateur\/Coordinatrice des services juridiques - NPF-FPN<\/title>\n<meta name=\"robots\" content=\"index, follow, max-snippet:-1, max-image-preview:large, max-video-preview:-1\" \/>\n<link rel=\"canonical\" href=\"https:\/\/npf-fpn.com\/fr\/opportunite-de-carriere-a-la-fpn-coordinateur-coordinatrice-des-services-juridiques\/\" \/>\n<meta property=\"og:locale\" content=\"fr_FR\" \/>\n<meta property=\"og:type\" content=\"article\" \/>\n<meta property=\"og:title\" content=\"Opportunit\u00e9 de carri\u00e8re \u00e0 la FPN \u2013 Coordinateur\/Coordinatrice des services juridiques - NPF-FPN\" \/>\n<meta property=\"og:description\" content=\"La F\u00e9d\u00e9ration de la police nationale (FPN) recherche un coordonnateur ou une coordonnatrice, Services juridiques pour un contrat d\u2019une dur\u00e9e de 18&nbsp;mois. Aper\u00e7u du poste&nbsp;: La personne titulaire du poste est charg\u00e9e d\u2019appuyer l\u2019\u00e9quipe des services juridiques en coordonnant les [&hellip;]\" \/>\n<meta property=\"og:url\" content=\"https:\/\/npf-fpn.com\/fr\/opportunite-de-carriere-a-la-fpn-coordinateur-coordinatrice-des-services-juridiques\/\" \/>\n<meta property=\"og:site_name\" content=\"NPF-FPN\" \/>\n<meta property=\"article:modified_time\" content=\"2026-02-18T19:12:56+00:00\" \/>\n<meta name=\"twitter:card\" content=\"summary_large_image\" \/>\n<meta name=\"twitter:label1\" content=\"Est. reading time\" \/>\n\t<meta name=\"twitter:data1\" content=\"5 minutes\" \/>\n<script type=\"application\/ld+json\" class=\"yoast-schema-graph\">{\"@context\":\"https:\\\/\\\/schema.org\",\"@graph\":[{\"@type\":\"WebPage\",\"@id\":\"https:\\\/\\\/npf-fpn.com\\\/fr\\\/opportunite-de-carriere-a-la-fpn-coordinateur-coordinatrice-des-services-juridiques\\\/\",\"url\":\"https:\\\/\\\/npf-fpn.com\\\/fr\\\/opportunite-de-carriere-a-la-fpn-coordinateur-coordinatrice-des-services-juridiques\\\/\",\"name\":\"Opportunit\u00e9 de carri\u00e8re \u00e0 la FPN \u2013 Coordinateur\\\/Coordinatrice des services juridiques - NPF-FPN\",\"isPartOf\":{\"@id\":\"https:\\\/\\\/npf-fpn.com\\\/#website\"},\"datePublished\":\"2026-02-18T15:45:22+00:00\",\"dateModified\":\"2026-02-18T19:12:56+00:00\",\"breadcrumb\":{\"@id\":\"https:\\\/\\\/npf-fpn.com\\\/fr\\\/opportunite-de-carriere-a-la-fpn-coordinateur-coordinatrice-des-services-juridiques\\\/#breadcrumb\"},\"inLanguage\":\"fr-FR\",\"potentialAction\":[{\"@type\":\"ReadAction\",\"target\":[\"https:\\\/\\\/npf-fpn.com\\\/fr\\\/opportunite-de-carriere-a-la-fpn-coordinateur-coordinatrice-des-services-juridiques\\\/\"]}]},{\"@type\":\"BreadcrumbList\",\"@id\":\"https:\\\/\\\/npf-fpn.com\\\/fr\\\/opportunite-de-carriere-a-la-fpn-coordinateur-coordinatrice-des-services-juridiques\\\/#breadcrumb\",\"itemListElement\":[{\"@type\":\"ListItem\",\"position\":1,\"name\":\"Accueil\",\"item\":\"https:\\\/\\\/npf-fpn.com\\\/fr\\\/\"},{\"@type\":\"ListItem\",\"position\":2,\"name\":\"Opportunit\u00e9 de carri\u00e8re \u00e0 la FPN \u2013 Coordinateur\\\/Coordinatrice des services juridiques\"}]},{\"@type\":\"WebSite\",\"@id\":\"https:\\\/\\\/npf-fpn.com\\\/#website\",\"url\":\"https:\\\/\\\/npf-fpn.com\\\/\",\"name\":\"NPF-FPN\",\"description\":\"Providing strong, fair and progressive representation to almost 20,000 RCMP members across Canada.\",\"publisher\":{\"@id\":\"https:\\\/\\\/npf-fpn.com\\\/#organization\"},\"potentialAction\":[{\"@type\":\"SearchAction\",\"target\":{\"@type\":\"EntryPoint\",\"urlTemplate\":\"https:\\\/\\\/npf-fpn.com\\\/?s={search_term_string}\"},\"query-input\":{\"@type\":\"PropertyValueSpecification\",\"valueRequired\":true,\"valueName\":\"search_term_string\"}}],\"inLanguage\":\"fr-FR\"},{\"@type\":\"Organization\",\"@id\":\"https:\\\/\\\/npf-fpn.com\\\/#organization\",\"name\":\"NPF-FPN\",\"url\":\"https:\\\/\\\/npf-fpn.com\\\/\",\"logo\":{\"@type\":\"ImageObject\",\"inLanguage\":\"fr-FR\",\"@id\":\"https:\\\/\\\/npf-fpn.com\\\/#\\\/schema\\\/logo\\\/image\\\/\",\"url\":\"https:\\\/\\\/npf-fpn.com\\\/app\\\/uploads\\\/2022\\\/01\\\/NPF.jpg\",\"contentUrl\":\"https:\\\/\\\/npf-fpn.com\\\/app\\\/uploads\\\/2022\\\/01\\\/NPF.jpg\",\"width\":200,\"height\":200,\"caption\":\"NPF-FPN\"},\"image\":{\"@id\":\"https:\\\/\\\/npf-fpn.com\\\/#\\\/schema\\\/logo\\\/image\\\/\"}}]}<\/script>\n<!-- \/ Yoast SEO plugin. -->","yoast_head_json":{"title":"Opportunit\u00e9 de carri\u00e8re \u00e0 la FPN \u2013 Coordinateur\/Coordinatrice des services juridiques - NPF-FPN","robots":{"index":"index","follow":"follow","max-snippet":"max-snippet:-1","max-image-preview":"max-image-preview:large","max-video-preview":"max-video-preview:-1"},"canonical":"https:\/\/npf-fpn.com\/fr\/opportunite-de-carriere-a-la-fpn-coordinateur-coordinatrice-des-services-juridiques\/","og_locale":"fr_FR","og_type":"article","og_title":"Opportunit\u00e9 de carri\u00e8re \u00e0 la FPN \u2013 Coordinateur\/Coordinatrice des services juridiques - NPF-FPN","og_description":"La F\u00e9d\u00e9ration de la police nationale (FPN) recherche un coordonnateur ou une coordonnatrice, Services juridiques pour un contrat d\u2019une dur\u00e9e de 18&nbsp;mois. Aper\u00e7u du poste&nbsp;: La personne titulaire du poste est charg\u00e9e d\u2019appuyer l\u2019\u00e9quipe des services juridiques en coordonnant les [&hellip;]","og_url":"https:\/\/npf-fpn.com\/fr\/opportunite-de-carriere-a-la-fpn-coordinateur-coordinatrice-des-services-juridiques\/","og_site_name":"NPF-FPN","article_modified_time":"2026-02-18T19:12:56+00:00","twitter_card":"summary_large_image","twitter_misc":{"Est. reading time":"5 minutes"},"schema":{"@context":"https:\/\/schema.org","@graph":[{"@type":"WebPage","@id":"https:\/\/npf-fpn.com\/fr\/opportunite-de-carriere-a-la-fpn-coordinateur-coordinatrice-des-services-juridiques\/","url":"https:\/\/npf-fpn.com\/fr\/opportunite-de-carriere-a-la-fpn-coordinateur-coordinatrice-des-services-juridiques\/","name":"Opportunit\u00e9 de carri\u00e8re \u00e0 la FPN \u2013 Coordinateur\/Coordinatrice des services juridiques - NPF-FPN","isPartOf":{"@id":"https:\/\/npf-fpn.com\/#website"},"datePublished":"2026-02-18T15:45:22+00:00","dateModified":"2026-02-18T19:12:56+00:00","breadcrumb":{"@id":"https:\/\/npf-fpn.com\/fr\/opportunite-de-carriere-a-la-fpn-coordinateur-coordinatrice-des-services-juridiques\/#breadcrumb"},"inLanguage":"fr-FR","potentialAction":[{"@type":"ReadAction","target":["https:\/\/npf-fpn.com\/fr\/opportunite-de-carriere-a-la-fpn-coordinateur-coordinatrice-des-services-juridiques\/"]}]},{"@type":"BreadcrumbList","@id":"https:\/\/npf-fpn.com\/fr\/opportunite-de-carriere-a-la-fpn-coordinateur-coordinatrice-des-services-juridiques\/#breadcrumb","itemListElement":[{"@type":"ListItem","position":1,"name":"Accueil","item":"https:\/\/npf-fpn.com\/fr\/"},{"@type":"ListItem","position":2,"name":"Opportunit\u00e9 de carri\u00e8re \u00e0 la FPN \u2013 Coordinateur\/Coordinatrice des services juridiques"}]},{"@type":"WebSite","@id":"https:\/\/npf-fpn.com\/#website","url":"https:\/\/npf-fpn.com\/","name":"NPF-FPN","description":"Providing strong, fair and progressive representation to almost 20,000 RCMP members across Canada.","publisher":{"@id":"https:\/\/npf-fpn.com\/#organization"},"potentialAction":[{"@type":"SearchAction","target":{"@type":"EntryPoint","urlTemplate":"https:\/\/npf-fpn.com\/?s={search_term_string}"},"query-input":{"@type":"PropertyValueSpecification","valueRequired":true,"valueName":"search_term_string"}}],"inLanguage":"fr-FR"},{"@type":"Organization","@id":"https:\/\/npf-fpn.com\/#organization","name":"NPF-FPN","url":"https:\/\/npf-fpn.com\/","logo":{"@type":"ImageObject","inLanguage":"fr-FR","@id":"https:\/\/npf-fpn.com\/#\/schema\/logo\/image\/","url":"https:\/\/npf-fpn.com\/app\/uploads\/2022\/01\/NPF.jpg","contentUrl":"https:\/\/npf-fpn.com\/app\/uploads\/2022\/01\/NPF.jpg","width":200,"height":200,"caption":"NPF-FPN"},"image":{"@id":"https:\/\/npf-fpn.com\/#\/schema\/logo\/image\/"}}]}},"_links":{"self":[{"href":"https:\/\/npf-fpn.com\/fr\/wp-json\/wp\/v2\/pages\/66038","targetHints":{"allow":["GET"]}}],"collection":[{"href":"https:\/\/npf-fpn.com\/fr\/wp-json\/wp\/v2\/pages"}],"about":[{"href":"https:\/\/npf-fpn.com\/fr\/wp-json\/wp\/v2\/types\/page"}],"author":[{"embeddable":true,"href":"https:\/\/npf-fpn.com\/fr\/wp-json\/wp\/v2\/users\/14517"}],"replies":[{"embeddable":true,"href":"https:\/\/npf-fpn.com\/fr\/wp-json\/wp\/v2\/comments?post=66038"}],"version-history":[{"count":5,"href":"https:\/\/npf-fpn.com\/fr\/wp-json\/wp\/v2\/pages\/66038\/revisions"}],"predecessor-version":[{"id":66050,"href":"https:\/\/npf-fpn.com\/fr\/wp-json\/wp\/v2\/pages\/66038\/revisions\/66050"}],"wp:attachment":[{"href":"https:\/\/npf-fpn.com\/fr\/wp-json\/wp\/v2\/media?parent=66038"}],"curies":[{"name":"wp","href":"https:\/\/api.w.org\/{rel}","templated":true}]}}