{"id":657,"date":"2021-05-13T16:33:29","date_gmt":"2021-05-13T16:33:29","guid":{"rendered":"http:\/\/npf-fpn.com\/?page_id=657"},"modified":"2023-07-13T19:37:29","modified_gmt":"2023-07-13T19:37:29","slug":"privacy-policy","status":"publish","type":"page","link":"https:\/\/npf-fpn.com\/fr\/privacy-policy\/","title":{"rendered":"Politique de confidentialit\u00e9"},"content":{"rendered":"\n<h2 class=\"wp-block-heading\">Qui nous sommes<\/h2>\n\n\n\n<p>L\u2019adresse de notre site Web est&nbsp;: https:\/\/npf-fpn.com.<\/p>\n\n\n\n<h2 class=\"wp-block-heading\">Quelles sont les donn\u00e9es personnelles que nous recueillons et pourquoi les recueillons-nous?<\/h2>\n\n\n\n<h3 class=\"wp-block-heading\"><strong>T\u00e9moins<\/strong><strong><\/strong><\/h3>\n\n\n\n<p>Si vous laissez un commentaire sur notre site, vous pouvez accepter que votre nom, votre adresse \u00e9lectronique et votre site Web soient enregistr\u00e9s dans des t\u00e9moins. C\u2019est pour votre commodit\u00e9, afin que vous n\u2019ayez pas \u00e0 entrer vos informations de nouveau lorsque vous laisserez un autre commentaire. Ces t\u00e9moins durent un an.<\/p>\n\n\n\n<p>Si vous avez un compte sur ce site et que vous vous y connectez, nous cr\u00e9ons un t\u00e9moin temporaire pour d\u00e9terminer si votre navigateur accepte les t\u00e9moins. Ce t\u00e9moin ne contient pas de donn\u00e9es personnelles et est \u00e9limin\u00e9 lorsque vous fermez votre navigateur.<\/p>\n\n\n\n<p>Lorsque vous vous connectez \u00e0 votre compte, nous cr\u00e9ons \u00e9galement plusieurs t\u00e9moins pour enregistrer vos renseignements de connexion et vos choix d\u2019affichage \u00e0 l\u2019\u00e9cran. Les t\u00e9moins de connexion durent deux jours et les t\u00e9moins d\u2019options d\u2019affichage, un an. Si vous s\u00e9lectionnez l\u2019option pour que le site se souvienne de vous, votre connexion reste active deux semaines. Si vous vous d\u00e9connectez de votre compte, les t\u00e9moins de connexion sont supprim\u00e9s.<\/p>\n\n\n\n<p>Si vous modifiez ou publiez un article, un t\u00e9moin additionnel est enregistr\u00e9 dans votre navigateur. Ce t\u00e9moin ne comprend pas de donn\u00e9es personnelles et indique simplement le code de publication de l\u2019article que vous venez de modifier. Il expire au bout d\u2019une journ\u00e9e.<\/p>\n\n\n\n<h3 class=\"wp-block-heading\"><strong>Contenu int\u00e9gr\u00e9 d\u2019autres sites Web<\/strong><strong><\/strong><\/h3>\n\n\n\n<p>Les articles sur ce site peuvent comprendre du contenu int\u00e9gr\u00e9 (p.&nbsp;ex. vid\u00e9os, images, articles,&nbsp;etc.). Le contenu int\u00e9gr\u00e9 d\u2019autres sites Web se comporte exactement de la m\u00eame fa\u00e7on que si le visiteur \u00e9tait sur l\u2019autre site Web.<\/p>\n\n\n\n<p>Ces sites Web peuvent recueillir des donn\u00e9es \u00e0 votre sujet, utiliser des t\u00e9moins, appliquer des mesures de suivi par des tiers additionnelles et analyser votre interaction avec le contenu int\u00e9gr\u00e9, y compris en contr\u00f4lant votre interaction avec le contenu int\u00e9gr\u00e9 si vous avez un compte sur le site Web et que vous y \u00eates connect\u00e9.<\/p>\n\n\n\n<h3 class=\"wp-block-heading\"><strong>Dur\u00e9e de conservation de vos donn\u00e9es<\/strong><strong><\/strong><\/h3>\n\n\n\n<p>Si vous laissez un commentaire, le commentaire et ses m\u00e9tadonn\u00e9es sont conserv\u00e9s ind\u00e9finiment, de fa\u00e7on que nous puissions reconna\u00eetre et approuver automatiquement les commentaires de suivi au lieu de les mettre dans une file d\u2019attente de mod\u00e9ration.<\/p>\n\n\n\n<p>Nous stockons \u00e9galement les renseignements personnels que les personnes s\u2019inscrivant sur notre site Web fournissent dans leur profil d\u2019utilisateur. Tous les utilisateurs peuvent voir, modifier ou supprimer leurs renseignements personnels en tout temps (sauf qu\u2019ils ne peuvent pas modifier leur nom d\u2019utilisateur). Les administrateurs du site Web peuvent \u00e9galement voir et modifier cette information.<\/p>\n\n\n\n<h3 class=\"wp-block-heading\"><strong>Les droits que vous avez \u00e0 l\u2019\u00e9gard de vos donn\u00e9es<\/strong><strong><\/strong><\/h3>\n\n\n\n<p>Si vous avez un compte sur ce site ou si vous y avez laiss\u00e9 des commentaires, vous pouvez demander \u00e0 recevoir un fichier contenant l\u2019extraction des donn\u00e9es personnelles que nous d\u00e9tenons sur vous, y compris les donn\u00e9es que vous nous avez fournies. Vous pouvez \u00e9galement demander que nous supprimions les donn\u00e9es personnelles que nous d\u00e9tenons \u00e0 votre sujet, sauf les donn\u00e9es que nous sommes tenus de conserver \u00e0 des fins administratives, juridiques ou de s\u00e9curit\u00e9.<\/p>\n","protected":false},"excerpt":{"rendered":"<p>Qui nous sommes L\u2019adresse de notre site Web est&nbsp;: https:\/\/npf-fpn.com. Quelles sont les donn\u00e9es personnelles que nous recueillons et pourquoi les recueillons-nous? T\u00e9moins Si vous laissez un commentaire sur notre site, vous pouvez accepter que votre nom, votre adresse \u00e9lectronique [&hellip;]<\/p>\n","protected":false},"author":4,"featured_media":0,"parent":0,"menu_order":0,"comment_status":"closed","ping_status":"closed","template":"","meta":{"_acf_changed":false,"inline_featured_image":false,"footnotes":""},"class_list":["post-657","page","type-page","status-publish","hentry"],"acf":[],"yoast_head":"<!-- This site is optimized with the Yoast SEO plugin v27.4 - https:\/\/yoast.com\/product\/yoast-seo-wordpress\/ -->\n<title>Politique de confidentialit\u00e9 - NPF-FPN<\/title>\n<meta name=\"robots\" content=\"index, follow, max-snippet:-1, max-image-preview:large, max-video-preview:-1\" \/>\n<link rel=\"canonical\" href=\"https:\/\/npf-fpn.com\/fr\/privacy-policy\/\" \/>\n<meta property=\"og:locale\" content=\"fr_FR\" \/>\n<meta property=\"og:type\" content=\"article\" \/>\n<meta property=\"og:title\" content=\"Politique de confidentialit\u00e9 - NPF-FPN\" \/>\n<meta property=\"og:description\" content=\"Qui nous sommes L\u2019adresse de notre site Web est&nbsp;: https:\/\/npf-fpn.com. Quelles sont les donn\u00e9es personnelles que nous recueillons et pourquoi les recueillons-nous? T\u00e9moins Si vous laissez un commentaire sur notre site, vous pouvez accepter que votre nom, votre adresse \u00e9lectronique [&hellip;]\" \/>\n<meta property=\"og:url\" content=\"https:\/\/npf-fpn.com\/fr\/privacy-policy\/\" \/>\n<meta property=\"og:site_name\" content=\"NPF-FPN\" \/>\n<meta property=\"article:modified_time\" content=\"2023-07-13T19:37:29+00:00\" \/>\n<meta name=\"twitter:card\" content=\"summary_large_image\" \/>\n<meta name=\"twitter:label1\" content=\"Est. reading time\" \/>\n\t<meta name=\"twitter:data1\" content=\"3 minutes\" \/>\n<script type=\"application\/ld+json\" class=\"yoast-schema-graph\">{\"@context\":\"https:\\\/\\\/schema.org\",\"@graph\":[{\"@type\":\"WebPage\",\"@id\":\"https:\\\/\\\/npf-fpn.com\\\/fr\\\/privacy-policy\\\/\",\"url\":\"https:\\\/\\\/npf-fpn.com\\\/fr\\\/privacy-policy\\\/\",\"name\":\"Politique de confidentialit\u00e9 - NPF-FPN\",\"isPartOf\":{\"@id\":\"https:\\\/\\\/npf-fpn.com\\\/#website\"},\"datePublished\":\"2021-05-13T16:33:29+00:00\",\"dateModified\":\"2023-07-13T19:37:29+00:00\",\"breadcrumb\":{\"@id\":\"https:\\\/\\\/npf-fpn.com\\\/fr\\\/privacy-policy\\\/#breadcrumb\"},\"inLanguage\":\"fr-FR\",\"potentialAction\":[{\"@type\":\"ReadAction\",\"target\":[\"https:\\\/\\\/npf-fpn.com\\\/fr\\\/privacy-policy\\\/\"]}]},{\"@type\":\"BreadcrumbList\",\"@id\":\"https:\\\/\\\/npf-fpn.com\\\/fr\\\/privacy-policy\\\/#breadcrumb\",\"itemListElement\":[{\"@type\":\"ListItem\",\"position\":1,\"name\":\"Accueil\",\"item\":\"https:\\\/\\\/npf-fpn.com\\\/fr\\\/\"},{\"@type\":\"ListItem\",\"position\":2,\"name\":\"Politique de confidentialit\u00e9\"}]},{\"@type\":\"WebSite\",\"@id\":\"https:\\\/\\\/npf-fpn.com\\\/#website\",\"url\":\"https:\\\/\\\/npf-fpn.com\\\/\",\"name\":\"NPF-FPN\",\"description\":\"Providing strong, fair and progressive representation to almost 20,000 RCMP members across Canada.\",\"publisher\":{\"@id\":\"https:\\\/\\\/npf-fpn.com\\\/#organization\"},\"potentialAction\":[{\"@type\":\"SearchAction\",\"target\":{\"@type\":\"EntryPoint\",\"urlTemplate\":\"https:\\\/\\\/npf-fpn.com\\\/?s={search_term_string}\"},\"query-input\":{\"@type\":\"PropertyValueSpecification\",\"valueRequired\":true,\"valueName\":\"search_term_string\"}}],\"inLanguage\":\"fr-FR\"},{\"@type\":\"Organization\",\"@id\":\"https:\\\/\\\/npf-fpn.com\\\/#organization\",\"name\":\"NPF-FPN\",\"url\":\"https:\\\/\\\/npf-fpn.com\\\/\",\"logo\":{\"@type\":\"ImageObject\",\"inLanguage\":\"fr-FR\",\"@id\":\"https:\\\/\\\/npf-fpn.com\\\/#\\\/schema\\\/logo\\\/image\\\/\",\"url\":\"https:\\\/\\\/npf-fpn.com\\\/app\\\/uploads\\\/2022\\\/01\\\/NPF.jpg\",\"contentUrl\":\"https:\\\/\\\/npf-fpn.com\\\/app\\\/uploads\\\/2022\\\/01\\\/NPF.jpg\",\"width\":200,\"height\":200,\"caption\":\"NPF-FPN\"},\"image\":{\"@id\":\"https:\\\/\\\/npf-fpn.com\\\/#\\\/schema\\\/logo\\\/image\\\/\"}}]}<\/script>\n<!-- \/ Yoast SEO plugin. -->","yoast_head_json":{"title":"Politique de confidentialit\u00e9 - NPF-FPN","robots":{"index":"index","follow":"follow","max-snippet":"max-snippet:-1","max-image-preview":"max-image-preview:large","max-video-preview":"max-video-preview:-1"},"canonical":"https:\/\/npf-fpn.com\/fr\/privacy-policy\/","og_locale":"fr_FR","og_type":"article","og_title":"Politique de confidentialit\u00e9 - NPF-FPN","og_description":"Qui nous sommes L\u2019adresse de notre site Web est&nbsp;: https:\/\/npf-fpn.com. Quelles sont les donn\u00e9es personnelles que nous recueillons et pourquoi les recueillons-nous? T\u00e9moins Si vous laissez un commentaire sur notre site, vous pouvez accepter que votre nom, votre adresse \u00e9lectronique [&hellip;]","og_url":"https:\/\/npf-fpn.com\/fr\/privacy-policy\/","og_site_name":"NPF-FPN","article_modified_time":"2023-07-13T19:37:29+00:00","twitter_card":"summary_large_image","twitter_misc":{"Est. reading time":"3 minutes"},"schema":{"@context":"https:\/\/schema.org","@graph":[{"@type":"WebPage","@id":"https:\/\/npf-fpn.com\/fr\/privacy-policy\/","url":"https:\/\/npf-fpn.com\/fr\/privacy-policy\/","name":"Politique de confidentialit\u00e9 - NPF-FPN","isPartOf":{"@id":"https:\/\/npf-fpn.com\/#website"},"datePublished":"2021-05-13T16:33:29+00:00","dateModified":"2023-07-13T19:37:29+00:00","breadcrumb":{"@id":"https:\/\/npf-fpn.com\/fr\/privacy-policy\/#breadcrumb"},"inLanguage":"fr-FR","potentialAction":[{"@type":"ReadAction","target":["https:\/\/npf-fpn.com\/fr\/privacy-policy\/"]}]},{"@type":"BreadcrumbList","@id":"https:\/\/npf-fpn.com\/fr\/privacy-policy\/#breadcrumb","itemListElement":[{"@type":"ListItem","position":1,"name":"Accueil","item":"https:\/\/npf-fpn.com\/fr\/"},{"@type":"ListItem","position":2,"name":"Politique de confidentialit\u00e9"}]},{"@type":"WebSite","@id":"https:\/\/npf-fpn.com\/#website","url":"https:\/\/npf-fpn.com\/","name":"NPF-FPN","description":"Providing strong, fair and progressive representation to almost 20,000 RCMP members across Canada.","publisher":{"@id":"https:\/\/npf-fpn.com\/#organization"},"potentialAction":[{"@type":"SearchAction","target":{"@type":"EntryPoint","urlTemplate":"https:\/\/npf-fpn.com\/?s={search_term_string}"},"query-input":{"@type":"PropertyValueSpecification","valueRequired":true,"valueName":"search_term_string"}}],"inLanguage":"fr-FR"},{"@type":"Organization","@id":"https:\/\/npf-fpn.com\/#organization","name":"NPF-FPN","url":"https:\/\/npf-fpn.com\/","logo":{"@type":"ImageObject","inLanguage":"fr-FR","@id":"https:\/\/npf-fpn.com\/#\/schema\/logo\/image\/","url":"https:\/\/npf-fpn.com\/app\/uploads\/2022\/01\/NPF.jpg","contentUrl":"https:\/\/npf-fpn.com\/app\/uploads\/2022\/01\/NPF.jpg","width":200,"height":200,"caption":"NPF-FPN"},"image":{"@id":"https:\/\/npf-fpn.com\/#\/schema\/logo\/image\/"}}]}},"_links":{"self":[{"href":"https:\/\/npf-fpn.com\/fr\/wp-json\/wp\/v2\/pages\/657","targetHints":{"allow":["GET"]}}],"collection":[{"href":"https:\/\/npf-fpn.com\/fr\/wp-json\/wp\/v2\/pages"}],"about":[{"href":"https:\/\/npf-fpn.com\/fr\/wp-json\/wp\/v2\/types\/page"}],"author":[{"embeddable":true,"href":"https:\/\/npf-fpn.com\/fr\/wp-json\/wp\/v2\/users\/4"}],"replies":[{"embeddable":true,"href":"https:\/\/npf-fpn.com\/fr\/wp-json\/wp\/v2\/comments?post=657"}],"version-history":[{"count":3,"href":"https:\/\/npf-fpn.com\/fr\/wp-json\/wp\/v2\/pages\/657\/revisions"}],"predecessor-version":[{"id":43434,"href":"https:\/\/npf-fpn.com\/fr\/wp-json\/wp\/v2\/pages\/657\/revisions\/43434"}],"wp:attachment":[{"href":"https:\/\/npf-fpn.com\/fr\/wp-json\/wp\/v2\/media?parent=657"}],"curies":[{"name":"wp","href":"https:\/\/api.w.org\/{rel}","templated":true}]}}