{"id":55833,"date":"2024-11-27T17:05:27","date_gmt":"2024-11-27T17:05:27","guid":{"rendered":"https:\/\/npf-fpn.com\/?page_id=55833"},"modified":"2025-02-13T15:45:01","modified_gmt":"2025-02-13T15:45:01","slug":"adhesion-a-la-fpn","status":"publish","type":"page","link":"https:\/\/npf-fpn.com\/fr\/centre-dassistance-aux-membres\/adhesion-a-la-fpn\/","title":{"rendered":"Adh\u00e8sion \u00e0 La FPN"},"content":{"rendered":"\n<div class=\"wp-block-pb-accordion-item c-accordion__item js-accordion-item no-js\" data-initially-open=\"false\" data-click-to-close=\"true\" data-auto-close=\"true\" data-scroll=\"false\" data-scroll-offset=\"0\"><h2 id=\"at-558330\" class=\"c-accordion__title js-accordion-controller\" role=\"button\"><strong>Je paie d\u00e9j\u00e0 des cotisations syndicales. Pourquoi dois-je payer 10&nbsp;$ de plus pour devenir membre inscrit?<\/strong><\/h2><div id=\"ac-558330\" class=\"c-accordion__content\">\n<p>Les frais uniques de 10&nbsp;$ visent \u00e0 donner acc\u00e8s au contenu exclusif aux membres. Ces frais sont distincts de vos cotisations syndicales mensuelles.<\/p>\n\n\n\n<p>Pour respecter la d\u00e9cision de la Cour supr\u00eame du Canada rendue par le juge Rand, la plupart des syndicats ont \u00e9tabli des droits d\u2019adh\u00e9sion uniques nominaux pour devenir membre \u00e0 part enti\u00e8re inscrit du syndicat. Il existe une nette diff\u00e9rence entre \u00eatre repr\u00e9sent\u00e9 par un syndicat et b\u00e9n\u00e9ficier de ses avantages et \u00eatre membre d\u2019un syndicat. <\/p>\n<\/div><\/div>\n\n\n\n<div class=\"wp-block-pb-accordion-item c-accordion__item js-accordion-item no-js\" data-initially-open=\"false\" data-click-to-close=\"true\" data-auto-close=\"true\" data-scroll=\"false\" data-scroll-offset=\"0\"><h2 id=\"at-558331\" class=\"c-accordion__title js-accordion-controller\" role=\"button\"><strong>Quels sont mes droits en tant que membre inscrit de la FPN?<\/strong><\/h2><div id=\"ac-558331\" class=\"c-accordion__content\">\n<p><em>Les droits des membres inscrits sont d\u00e9finis dans les <\/em><a href=\"https:\/\/npf-fpn.com\/npf-bylaws\/\">r\u00e8glements de la FPN<\/a><em>. Ces droits comprennent notamment&nbsp;:<\/em><em><\/em><\/p>\n\n\n\n<ul class=\"wp-block-list\">\n<li>Le droit de voter sur la convention collective.<\/li>\n\n\n\n<li>Le droit de voter aux \u00e9lections de la&nbsp;FPN pour les postes d\u2019administrateurs, de repr\u00e9sentants des sections locales et de d\u00e9l\u00e9gu\u00e9s \u00e0 l\u2019assembl\u00e9e g\u00e9n\u00e9rale annuelle.<\/li>\n\n\n\n<li>Le droit de se porter candidat \u00e0 des postes d\u2019administrateurs, de repr\u00e9sentants des sections locales et de d\u00e9l\u00e9gu\u00e9s, sous r\u00e9serve des comp\u00e9tences \u00e9nonc\u00e9es dans les r\u00e8glements et les politiques.<\/li>\n\n\n\n<li>Le droit d\u2019assister aux r\u00e9unions r\u00e9gionales annuelles des membres.<\/li>\n\n\n\n<li>Le droit d\u2019assister \u00e0 l\u2019assembl\u00e9e g\u00e9n\u00e9rale annuelle \u00e0 titre d\u2019observateur. (Seuls les d\u00e9l\u00e9gu\u00e9s \u00e9lus ont le droit d\u2019assister \u00e0 l\u2019assembl\u00e9e g\u00e9n\u00e9rale annuelle en personne et de voter sur les r\u00e9solutions.)<\/li>\n\n\n\n<li>Le droit de soumettre une proposition pour examen dans le cadre d\u2019une assembl\u00e9e g\u00e9n\u00e9rale annuelle. (Les propositions doivent \u00eatre appuy\u00e9es par un d\u00e9l\u00e9gu\u00e9 \u00e0 l\u2019assembl\u00e9e g\u00e9n\u00e9rale annuelle pour \u00eatre examin\u00e9es et faire l\u2019objet d\u2019un vote durant cette derni\u00e8re.)<\/li>\n\n\n\n<li>Le droit d\u2019assister aux assembl\u00e9es extraordinaires des membres et de voter dans le cadre de celles-ci. (Les assembl\u00e9es extraordinaires sont rares. Elles n\u2019ont lieu que si les membres acceptent, au moyen d\u2019une p\u00e9tition, de les tenir.)<\/li>\n<\/ul>\n<\/div><\/div>\n\n\n\n<div class=\"wp-block-pb-accordion-item c-accordion__item js-accordion-item no-js\" data-initially-open=\"false\" data-click-to-close=\"true\" data-auto-close=\"true\" data-scroll=\"false\" data-scroll-offset=\"0\"><h2 id=\"at-558332\" class=\"c-accordion__title js-accordion-controller\" role=\"button\"><strong>Comment puis-je m\u2019inscrire pour recevoir les derni\u00e8res nouvelles des membres et avoir acc\u00e8s aux avantages offerts par la FPN?<\/strong><\/h2><div id=\"ac-558332\" class=\"c-accordion__content\">\n<p>Pour devenir membre de la FPN et avoir acc\u00e8s aux derni\u00e8res nouvelles exclusives des membres, aux sondages, aux votes,&nbsp;etc., veuillez vous inscrire ici&nbsp;: <a href=\"https:\/\/npf-fpn.com\/fr\/creer-un-compte\/\">https:\/\/npf-fpn.com\/fr\/creer-un-compte\/<\/a>.<\/p>\n\n\n\n<p>Veuillez noter que nous recommandons \u00e0 nos membres de toujours utiliser leur compte de courriel personnel lorsqu\u2019ils s\u2019inscrivent aupr\u00e8s du syndicat ou communiquent avec celui-ci. L\u2019utilisation du compte de courriel personnel permet d\u2019\u00e9viter tout probl\u00e8me potentiel de pare-feu et de communiquer m\u00eame si vous \u00eates en cong\u00e9 ou si vous n\u2019avez pas acc\u00e8s au courriel de l\u2019employeur.<\/p>\n<\/div><\/div>\n\n\n\n<div class=\"wp-block-pb-accordion-item c-accordion__item js-accordion-item no-js\" data-initially-open=\"false\" data-click-to-close=\"true\" data-auto-close=\"true\" data-scroll=\"false\" data-scroll-offset=\"0\"><h2 id=\"at-558333\" class=\"c-accordion__title js-accordion-controller\" role=\"button\"><strong>Quand puis-je m\u2019attendre \u00e0 recevoir le remboursement des cotisations pr\u00e9lev\u00e9es pendant que j\u2019occupe un poste que la GRC propose d\u2019exclure de la FPN?<\/strong><\/h2><div id=\"ac-558333\" class=\"c-accordion__content\">\n<p>Vous occupez un poste qui est \u00ab&nbsp;contest\u00e9&nbsp;\u00bb (en raison de l\u2019appartenance \u00e0 la FPN) par la GRC. Vos cotisations ont \u00e9t\u00e9 pr\u00e9lev\u00e9es, puis d\u00e9tenues en fiducie par la GRC. Une fois que la Commission des relations de travail et de l\u2019emploi dans le secteur public f\u00e9d\u00e9ral (CRTESPF) aura pris l\u2019une des d\u00e9cisions suivantes&nbsp;:<\/p>\n\n\n\n<ul class=\"wp-block-list\">\n<li>votre poste sera exclu de la FPN, la GRC vous remboursera vos cotisations;<\/li>\n\n\n\n<li>votre poste ne sera pas exclu de la FPN, auquel cas vos cotisations lui seront envoy\u00e9es.<\/li>\n<\/ul>\n\n\n\n<p>Nous estimons que la CRTESPF pourrait prendre une d\u00e9cision \u00e0 la fin de&nbsp;2024 ou de&nbsp;2025.<\/p>\n<\/div><\/div>\n\n\n\n<div class=\"wp-block-pb-accordion-item c-accordion__item js-accordion-item no-js\" data-initially-open=\"false\" data-click-to-close=\"true\" data-auto-close=\"true\" data-scroll=\"false\" data-scroll-offset=\"0\"><h2 id=\"at-558334\" class=\"c-accordion__title js-accordion-controller\" role=\"button\"><strong>Quand puis-je m\u2019attendre \u00e0 recevoir le remboursement des cotisations pr\u00e9lev\u00e9es pendant que j\u2019occupe, \u00e0 titre int\u00e9rimaire, un poste exclu de la FPN?<\/strong><\/h2><div id=\"ac-558334\" class=\"c-accordion__content\">\n<p>Si vous occupez, \u00e0 titre int\u00e9rimaire, un poste exclu de la FPN, les Op\u00e9rations nationales de la paye de la GRC cesseront de pr\u00e9lever ou pr\u00e9l\u00e8veront de fa\u00e7on r\u00e9troactive les cotisations de la FPN pour tout mois complet au cours duquel vous n\u2019occupiez pas un poste repr\u00e9sent\u00e9 par la FPN.<\/p>\n<\/div><\/div>\n\n\n\n<div class=\"wp-block-pb-accordion-item c-accordion__item js-accordion-item no-js\" data-initially-open=\"false\" data-click-to-close=\"true\" data-auto-close=\"true\" data-scroll=\"false\" data-scroll-offset=\"0\"><h2 id=\"at-558335\" class=\"c-accordion__title js-accordion-controller\" role=\"button\"><strong>Si l\u2019on propose d\u2019exclure mon poste, quelle incidence cette proposition aura-t-elle sur mon statut de membre de la FPN?<\/strong><\/h2><div id=\"ac-558335\" class=\"c-accordion__content\">\n<p>La GRC compte environ 500&nbsp;codes d\u2019emploi qui, selon elle, ne devraient pas faire partie de la FPN. \u00c0 l\u2019origine, on en relevait plus de 1&nbsp;200. Cette lettre indique simplement que le code d\u2019emploi de ce membre figure parmi ceux que la GRC PROPOSE de toujours ne pas faire adh\u00e9rer \u00e0 la FPN.<\/p>\n\n\n\n<p>Aucune d\u00e9cision d\u00e9finitive n\u2019a \u00e9t\u00e9 prise. La GRC et la FPN continuent de discuter de cette question. L\u2019affaire finira par \u00eatre soumise \u00e0 la CRTESPF vers la fin de&nbsp;2024 ou en&nbsp;2025 aux fins de d\u00e9cision si aucune entente d\u00e9finitive n\u2019est conclue.<\/p>\n\n\n\n<p><em>D\u2019ici l\u00e0, les membres continueront d\u2019\u00eatre repr\u00e9sent\u00e9s par la FPN.<\/em>Pour obtenir de plus amples renseignements, veuillez consulter l\u2019Infoweb de la GRC, les ressources humaines, votre milieu de travail ou les Relations de travail pour les membres de l\u2019organisation.<\/p>\n<\/div><\/div>\n\n\n\n<div class=\"wp-block-pb-accordion-item c-accordion__item js-accordion-item no-js\" data-initially-open=\"false\" data-click-to-close=\"true\" data-auto-close=\"true\" data-scroll=\"false\" data-scroll-offset=\"0\"><h2 id=\"at-558336\" class=\"c-accordion__title js-accordion-controller\" role=\"button\"><strong>O\u00f9 puis-je acc\u00e9der au profil de mon compte et le mettre \u00e0 jour?<\/strong><\/h2><div id=\"ac-558336\" class=\"c-accordion__content\">\n<p>Veuillez cliquer sur le lien suivant pour vous connecter \u00e0 votre compte&nbsp;: <a href=\"https:\/\/npf-fpn.com\/account-centre\/\">https:\/\/npf-fpn.com\/account-centre\/<\/a>.<\/p>\n<\/div><\/div>\n","protected":false},"excerpt":{"rendered":"","protected":false},"author":14,"featured_media":0,"parent":55861,"menu_order":0,"comment_status":"closed","ping_status":"closed","template":"page-templates\/page-member-help-center-topic.php","meta":{"_acf_changed":false,"inline_featured_image":false,"footnotes":""},"class_list":["post-55833","page","type-page","status-publish","hentry"],"acf":[],"yoast_head":"<!-- This site is optimized with the Yoast SEO plugin v27.4 - https:\/\/yoast.com\/product\/yoast-seo-wordpress\/ -->\n<title>Adh\u00e8sion \u00e0 La FPN - NPF-FPN<\/title>\n<meta name=\"robots\" content=\"index, follow, max-snippet:-1, max-image-preview:large, max-video-preview:-1\" \/>\n<link rel=\"canonical\" href=\"https:\/\/npf-fpn.com\/fr\/centre-dassistance-aux-membres\/adhesion-a-la-fpn\/\" \/>\n<meta property=\"og:locale\" content=\"fr_FR\" \/>\n<meta property=\"og:type\" content=\"article\" \/>\n<meta property=\"og:title\" content=\"Adh\u00e8sion \u00e0 La FPN - NPF-FPN\" \/>\n<meta property=\"og:url\" content=\"https:\/\/npf-fpn.com\/fr\/centre-dassistance-aux-membres\/adhesion-a-la-fpn\/\" \/>\n<meta property=\"og:site_name\" content=\"NPF-FPN\" \/>\n<meta property=\"article:modified_time\" content=\"2025-02-13T15:45:01+00:00\" \/>\n<meta name=\"twitter:card\" content=\"summary_large_image\" \/>\n<meta name=\"twitter:label1\" content=\"Est. reading time\" \/>\n\t<meta name=\"twitter:data1\" content=\"4 minutes\" \/>\n<script type=\"application\/ld+json\" class=\"yoast-schema-graph\">{\"@context\":\"https:\\\/\\\/schema.org\",\"@graph\":[{\"@type\":\"WebPage\",\"@id\":\"https:\\\/\\\/npf-fpn.com\\\/fr\\\/centre-dassistance-aux-membres\\\/adhesion-a-la-fpn\\\/\",\"url\":\"https:\\\/\\\/npf-fpn.com\\\/fr\\\/centre-dassistance-aux-membres\\\/adhesion-a-la-fpn\\\/\",\"name\":\"Adh\u00e8sion \u00e0 La FPN - NPF-FPN\",\"isPartOf\":{\"@id\":\"https:\\\/\\\/npf-fpn.com\\\/#website\"},\"datePublished\":\"2024-11-27T17:05:27+00:00\",\"dateModified\":\"2025-02-13T15:45:01+00:00\",\"breadcrumb\":{\"@id\":\"https:\\\/\\\/npf-fpn.com\\\/fr\\\/centre-dassistance-aux-membres\\\/adhesion-a-la-fpn\\\/#breadcrumb\"},\"inLanguage\":\"fr-FR\",\"potentialAction\":[{\"@type\":\"ReadAction\",\"target\":[\"https:\\\/\\\/npf-fpn.com\\\/fr\\\/centre-dassistance-aux-membres\\\/adhesion-a-la-fpn\\\/\"]}]},{\"@type\":\"BreadcrumbList\",\"@id\":\"https:\\\/\\\/npf-fpn.com\\\/fr\\\/centre-dassistance-aux-membres\\\/adhesion-a-la-fpn\\\/#breadcrumb\",\"itemListElement\":[{\"@type\":\"ListItem\",\"position\":1,\"name\":\"Accueil\",\"item\":\"https:\\\/\\\/npf-fpn.com\\\/fr\\\/\"},{\"@type\":\"ListItem\",\"position\":2,\"name\":\"Centre d&#8217;assistance aux membres\",\"item\":\"https:\\\/\\\/npf-fpn.com\\\/fr\\\/centre-dassistance-aux-membres\\\/\"},{\"@type\":\"ListItem\",\"position\":3,\"name\":\"Adh\u00e8sion \u00e0 La FPN\"}]},{\"@type\":\"WebSite\",\"@id\":\"https:\\\/\\\/npf-fpn.com\\\/#website\",\"url\":\"https:\\\/\\\/npf-fpn.com\\\/\",\"name\":\"NPF-FPN\",\"description\":\"Providing strong, fair and progressive representation to almost 20,000 RCMP members across Canada.\",\"publisher\":{\"@id\":\"https:\\\/\\\/npf-fpn.com\\\/#organization\"},\"potentialAction\":[{\"@type\":\"SearchAction\",\"target\":{\"@type\":\"EntryPoint\",\"urlTemplate\":\"https:\\\/\\\/npf-fpn.com\\\/?s={search_term_string}\"},\"query-input\":{\"@type\":\"PropertyValueSpecification\",\"valueRequired\":true,\"valueName\":\"search_term_string\"}}],\"inLanguage\":\"fr-FR\"},{\"@type\":\"Organization\",\"@id\":\"https:\\\/\\\/npf-fpn.com\\\/#organization\",\"name\":\"NPF-FPN\",\"url\":\"https:\\\/\\\/npf-fpn.com\\\/\",\"logo\":{\"@type\":\"ImageObject\",\"inLanguage\":\"fr-FR\",\"@id\":\"https:\\\/\\\/npf-fpn.com\\\/#\\\/schema\\\/logo\\\/image\\\/\",\"url\":\"https:\\\/\\\/npf-fpn.com\\\/app\\\/uploads\\\/2022\\\/01\\\/NPF.jpg\",\"contentUrl\":\"https:\\\/\\\/npf-fpn.com\\\/app\\\/uploads\\\/2022\\\/01\\\/NPF.jpg\",\"width\":200,\"height\":200,\"caption\":\"NPF-FPN\"},\"image\":{\"@id\":\"https:\\\/\\\/npf-fpn.com\\\/#\\\/schema\\\/logo\\\/image\\\/\"}}]}<\/script>\n<!-- \/ Yoast SEO plugin. -->","yoast_head_json":{"title":"Adh\u00e8sion \u00e0 La FPN - NPF-FPN","robots":{"index":"index","follow":"follow","max-snippet":"max-snippet:-1","max-image-preview":"max-image-preview:large","max-video-preview":"max-video-preview:-1"},"canonical":"https:\/\/npf-fpn.com\/fr\/centre-dassistance-aux-membres\/adhesion-a-la-fpn\/","og_locale":"fr_FR","og_type":"article","og_title":"Adh\u00e8sion \u00e0 La FPN - NPF-FPN","og_url":"https:\/\/npf-fpn.com\/fr\/centre-dassistance-aux-membres\/adhesion-a-la-fpn\/","og_site_name":"NPF-FPN","article_modified_time":"2025-02-13T15:45:01+00:00","twitter_card":"summary_large_image","twitter_misc":{"Est. reading time":"4 minutes"},"schema":{"@context":"https:\/\/schema.org","@graph":[{"@type":"WebPage","@id":"https:\/\/npf-fpn.com\/fr\/centre-dassistance-aux-membres\/adhesion-a-la-fpn\/","url":"https:\/\/npf-fpn.com\/fr\/centre-dassistance-aux-membres\/adhesion-a-la-fpn\/","name":"Adh\u00e8sion \u00e0 La FPN - NPF-FPN","isPartOf":{"@id":"https:\/\/npf-fpn.com\/#website"},"datePublished":"2024-11-27T17:05:27+00:00","dateModified":"2025-02-13T15:45:01+00:00","breadcrumb":{"@id":"https:\/\/npf-fpn.com\/fr\/centre-dassistance-aux-membres\/adhesion-a-la-fpn\/#breadcrumb"},"inLanguage":"fr-FR","potentialAction":[{"@type":"ReadAction","target":["https:\/\/npf-fpn.com\/fr\/centre-dassistance-aux-membres\/adhesion-a-la-fpn\/"]}]},{"@type":"BreadcrumbList","@id":"https:\/\/npf-fpn.com\/fr\/centre-dassistance-aux-membres\/adhesion-a-la-fpn\/#breadcrumb","itemListElement":[{"@type":"ListItem","position":1,"name":"Accueil","item":"https:\/\/npf-fpn.com\/fr\/"},{"@type":"ListItem","position":2,"name":"Centre d&#8217;assistance aux membres","item":"https:\/\/npf-fpn.com\/fr\/centre-dassistance-aux-membres\/"},{"@type":"ListItem","position":3,"name":"Adh\u00e8sion \u00e0 La FPN"}]},{"@type":"WebSite","@id":"https:\/\/npf-fpn.com\/#website","url":"https:\/\/npf-fpn.com\/","name":"NPF-FPN","description":"Providing strong, fair and progressive representation to almost 20,000 RCMP members across Canada.","publisher":{"@id":"https:\/\/npf-fpn.com\/#organization"},"potentialAction":[{"@type":"SearchAction","target":{"@type":"EntryPoint","urlTemplate":"https:\/\/npf-fpn.com\/?s={search_term_string}"},"query-input":{"@type":"PropertyValueSpecification","valueRequired":true,"valueName":"search_term_string"}}],"inLanguage":"fr-FR"},{"@type":"Organization","@id":"https:\/\/npf-fpn.com\/#organization","name":"NPF-FPN","url":"https:\/\/npf-fpn.com\/","logo":{"@type":"ImageObject","inLanguage":"fr-FR","@id":"https:\/\/npf-fpn.com\/#\/schema\/logo\/image\/","url":"https:\/\/npf-fpn.com\/app\/uploads\/2022\/01\/NPF.jpg","contentUrl":"https:\/\/npf-fpn.com\/app\/uploads\/2022\/01\/NPF.jpg","width":200,"height":200,"caption":"NPF-FPN"},"image":{"@id":"https:\/\/npf-fpn.com\/#\/schema\/logo\/image\/"}}]}},"_links":{"self":[{"href":"https:\/\/npf-fpn.com\/fr\/wp-json\/wp\/v2\/pages\/55833","targetHints":{"allow":["GET"]}}],"collection":[{"href":"https:\/\/npf-fpn.com\/fr\/wp-json\/wp\/v2\/pages"}],"about":[{"href":"https:\/\/npf-fpn.com\/fr\/wp-json\/wp\/v2\/types\/page"}],"author":[{"embeddable":true,"href":"https:\/\/npf-fpn.com\/fr\/wp-json\/wp\/v2\/users\/14"}],"replies":[{"embeddable":true,"href":"https:\/\/npf-fpn.com\/fr\/wp-json\/wp\/v2\/comments?post=55833"}],"version-history":[{"count":5,"href":"https:\/\/npf-fpn.com\/fr\/wp-json\/wp\/v2\/pages\/55833\/revisions"}],"predecessor-version":[{"id":57845,"href":"https:\/\/npf-fpn.com\/fr\/wp-json\/wp\/v2\/pages\/55833\/revisions\/57845"}],"up":[{"embeddable":true,"href":"https:\/\/npf-fpn.com\/fr\/wp-json\/wp\/v2\/pages\/55861"}],"wp:attachment":[{"href":"https:\/\/npf-fpn.com\/fr\/wp-json\/wp\/v2\/media?parent=55833"}],"curies":[{"name":"wp","href":"https:\/\/api.w.org\/{rel}","templated":true}]}}