{"id":54199,"date":"2024-09-11T13:01:15","date_gmt":"2024-09-11T13:01:15","guid":{"rendered":"https:\/\/npf-fpn.com\/?page_id=54199"},"modified":"2024-09-25T11:59:25","modified_gmt":"2024-09-25T11:59:25","slug":"campagne-centraide-du-gouvernement-du-canada","status":"publish","type":"page","link":"https:\/\/npf-fpn.com\/fr\/campagne-centraide-du-gouvernement-du-canada\/","title":{"rendered":"Campagne Centraide du gouvernement du Canada\u00a0\u00a0"},"content":{"rendered":"\n<p>La campagne annuelle Centraide du gouvernement du Canada pour tous les employ\u00e9s aura lieu ce mois-ci. La Fondation de bienfaisance de la F\u00e9d\u00e9ration de la police nationale (FBFPN) offrira la possibilit\u00e9 de versements r\u00e9guliers par retenues salariales. Si vous choisissez de faire un don par retenues salariales, le montant total choisi sera r\u00e9parti sur 26\u202fch\u00e8ques de paie \u00e0 compter de janvier\u202f2025. Vous pouvez \u00e9galement choisir de faire un don par carte de cr\u00e9dit pour les paiements mensuels.<\/p>\n\n\n\n<p>La FBFPN est l\u2019organisme de bienfaisance d\u00e9sign\u00e9 pour les membres de la GRC qui ont perdu la vie dans l\u2019exercice de leurs fonctions ou non et les familles de la GRC. Pour faire un don r\u00e9gulier \u00e0 cette cause importante, veuillez faire votre choix d\u2019ici <strong>le\u202f5\u202fd\u00e9cembre\u202f2024<\/strong>.&nbsp;&nbsp;<\/p>\n\n\n\n<figure class=\"wp-block-video\"><video height=\"1080\" style=\"aspect-ratio: 1920 \/ 1080;\" width=\"1920\" controls src=\"https:\/\/npf-fpn.com\/app\/uploads\/2024\/09\/United-Way-campaign-Explainer-Video_FR-1.mp4\"><\/video><\/figure>\n\n\n\n<p>Constitu\u00e9e en vertu de la Loi canadienne sur les organisations \u00e0 but non lucratif, la Fondation de bienfaisance de la F\u00e9d\u00e9ration de la police nationale a \u00e9t\u00e9 mise sur pied en 2020 et a re\u00e7u le statut d\u2019organisme de bienfaisance en mars 2021. Elle vient en aide aux familles des membres actifs de la FPN d\u00e9c\u00e9d\u00e9s dans l\u2019exercice de leurs fonctions ou non. Voici comment la FBFPN remplit sa mission :<\/p>\n\n\n\n<ul class=\"wp-block-list\">\n<li>Fournir un soutien financier imm\u00e9diat et d\u2019autres formes d\u2019aide \u00e0 la famille d\u2019un membre actif d\u00e9c\u00e9d\u00e9.<\/li>\n\n\n\n<li>Financer les \u00e9tudes postsecondaires des \u00e9tudiants.<\/li>\n\n\n\n<li>G\u00e9rer les dons du public et des autres membres de la FPN pour soutenir les familles de ses membres disparus.<\/li>\n<\/ul>\n\n\n\n<p>La FBFPN est dirig\u00e9e par un conseil compos\u00e9 d\u2019administrateurs et d\u2019officiers d\u2019\u00e9tat-major de la F\u00e9d\u00e9ration de la police nationale.<\/p>\n\n\n\n<p>La&nbsp;<a href=\"https:\/\/npf-fpn.com\/fr\/\">F\u00e9d\u00e9ration de la police nationale<\/a>&nbsp;est fi\u00e8re de repr\u00e9senter les membres r\u00e9guliers et les r\u00e9servistes de la GRC en tant que seul agent n\u00e9gociateur accr\u00e9dit\u00e9. La F\u00e9d\u00e9ration de la police nationale a pour mission d\u2019offrir une repr\u00e9sentation solide, \u00e9quitable et progressive pour promouvoir et consolider les droits de ses membres.<\/p>\n","protected":false},"excerpt":{"rendered":"<p>La campagne annuelle Centraide du gouvernement du Canada pour tous les employ\u00e9s aura lieu ce mois-ci. La Fondation de bienfaisance de la F\u00e9d\u00e9ration de la police nationale (FBFPN) offrira la possibilit\u00e9 de versements r\u00e9guliers par retenues salariales. Si vous choisissez [&hellip;]<\/p>\n","protected":false},"author":13107,"featured_media":0,"parent":0,"menu_order":0,"comment_status":"closed","ping_status":"closed","template":"","meta":{"_acf_changed":false,"inline_featured_image":false,"footnotes":""},"class_list":["post-54199","page","type-page","status-publish","hentry"],"acf":[],"yoast_head":"<!-- This site is optimized with the Yoast SEO plugin v27.5 - https:\/\/yoast.com\/product\/yoast-seo-wordpress\/ -->\n<title>Campagne Centraide du gouvernement du Canada\u00a0\u00a0 - NPF-FPN<\/title>\n<meta name=\"robots\" content=\"index, follow, max-snippet:-1, max-image-preview:large, max-video-preview:-1\" \/>\n<link rel=\"canonical\" href=\"https:\/\/npf-fpn.com\/fr\/campagne-centraide-du-gouvernement-du-canada\/\" \/>\n<meta property=\"og:locale\" content=\"fr_FR\" \/>\n<meta property=\"og:type\" content=\"article\" \/>\n<meta property=\"og:title\" content=\"Campagne Centraide du gouvernement du Canada\u00a0\u00a0 - NPF-FPN\" \/>\n<meta property=\"og:description\" content=\"La campagne annuelle Centraide du gouvernement du Canada pour tous les employ\u00e9s aura lieu ce mois-ci. La Fondation de bienfaisance de la F\u00e9d\u00e9ration de la police nationale (FBFPN) offrira la possibilit\u00e9 de versements r\u00e9guliers par retenues salariales. Si vous choisissez [&hellip;]\" \/>\n<meta property=\"og:url\" content=\"https:\/\/npf-fpn.com\/fr\/campagne-centraide-du-gouvernement-du-canada\/\" \/>\n<meta property=\"og:site_name\" content=\"NPF-FPN\" \/>\n<meta property=\"article:modified_time\" content=\"2024-09-25T11:59:25+00:00\" \/>\n<meta name=\"twitter:card\" content=\"summary_large_image\" \/>\n<meta name=\"twitter:label1\" content=\"Est. reading time\" \/>\n\t<meta name=\"twitter:data1\" content=\"2 minutes\" \/>\n<script type=\"application\/ld+json\" class=\"yoast-schema-graph\">{\"@context\":\"https:\\\/\\\/schema.org\",\"@graph\":[{\"@type\":\"WebPage\",\"@id\":\"https:\\\/\\\/npf-fpn.com\\\/fr\\\/campagne-centraide-du-gouvernement-du-canada\\\/\",\"url\":\"https:\\\/\\\/npf-fpn.com\\\/fr\\\/campagne-centraide-du-gouvernement-du-canada\\\/\",\"name\":\"Campagne Centraide du gouvernement du Canada\u00a0\u00a0 - NPF-FPN\",\"isPartOf\":{\"@id\":\"https:\\\/\\\/npf-fpn.com\\\/#website\"},\"datePublished\":\"2024-09-11T13:01:15+00:00\",\"dateModified\":\"2024-09-25T11:59:25+00:00\",\"breadcrumb\":{\"@id\":\"https:\\\/\\\/npf-fpn.com\\\/fr\\\/campagne-centraide-du-gouvernement-du-canada\\\/#breadcrumb\"},\"inLanguage\":\"fr-FR\",\"potentialAction\":[{\"@type\":\"ReadAction\",\"target\":[\"https:\\\/\\\/npf-fpn.com\\\/fr\\\/campagne-centraide-du-gouvernement-du-canada\\\/\"]}]},{\"@type\":\"BreadcrumbList\",\"@id\":\"https:\\\/\\\/npf-fpn.com\\\/fr\\\/campagne-centraide-du-gouvernement-du-canada\\\/#breadcrumb\",\"itemListElement\":[{\"@type\":\"ListItem\",\"position\":1,\"name\":\"Accueil\",\"item\":\"https:\\\/\\\/npf-fpn.com\\\/fr\\\/\"},{\"@type\":\"ListItem\",\"position\":2,\"name\":\"Campagne Centraide du gouvernement du Canada\u00a0\u00a0\"}]},{\"@type\":\"WebSite\",\"@id\":\"https:\\\/\\\/npf-fpn.com\\\/#website\",\"url\":\"https:\\\/\\\/npf-fpn.com\\\/\",\"name\":\"NPF-FPN\",\"description\":\"Providing strong, fair and progressive representation to almost 20,000 RCMP members across Canada.\",\"publisher\":{\"@id\":\"https:\\\/\\\/npf-fpn.com\\\/#organization\"},\"potentialAction\":[{\"@type\":\"SearchAction\",\"target\":{\"@type\":\"EntryPoint\",\"urlTemplate\":\"https:\\\/\\\/npf-fpn.com\\\/?s={search_term_string}\"},\"query-input\":{\"@type\":\"PropertyValueSpecification\",\"valueRequired\":true,\"valueName\":\"search_term_string\"}}],\"inLanguage\":\"fr-FR\"},{\"@type\":\"Organization\",\"@id\":\"https:\\\/\\\/npf-fpn.com\\\/#organization\",\"name\":\"NPF-FPN\",\"url\":\"https:\\\/\\\/npf-fpn.com\\\/\",\"logo\":{\"@type\":\"ImageObject\",\"inLanguage\":\"fr-FR\",\"@id\":\"https:\\\/\\\/npf-fpn.com\\\/#\\\/schema\\\/logo\\\/image\\\/\",\"url\":\"https:\\\/\\\/npf-fpn.com\\\/app\\\/uploads\\\/2022\\\/01\\\/NPF.jpg\",\"contentUrl\":\"https:\\\/\\\/npf-fpn.com\\\/app\\\/uploads\\\/2022\\\/01\\\/NPF.jpg\",\"width\":200,\"height\":200,\"caption\":\"NPF-FPN\"},\"image\":{\"@id\":\"https:\\\/\\\/npf-fpn.com\\\/#\\\/schema\\\/logo\\\/image\\\/\"}}]}<\/script>\n<!-- \/ Yoast SEO plugin. -->","yoast_head_json":{"title":"Campagne Centraide du gouvernement du Canada\u00a0\u00a0 - NPF-FPN","robots":{"index":"index","follow":"follow","max-snippet":"max-snippet:-1","max-image-preview":"max-image-preview:large","max-video-preview":"max-video-preview:-1"},"canonical":"https:\/\/npf-fpn.com\/fr\/campagne-centraide-du-gouvernement-du-canada\/","og_locale":"fr_FR","og_type":"article","og_title":"Campagne Centraide du gouvernement du Canada\u00a0\u00a0 - NPF-FPN","og_description":"La campagne annuelle Centraide du gouvernement du Canada pour tous les employ\u00e9s aura lieu ce mois-ci. La Fondation de bienfaisance de la F\u00e9d\u00e9ration de la police nationale (FBFPN) offrira la possibilit\u00e9 de versements r\u00e9guliers par retenues salariales. Si vous choisissez [&hellip;]","og_url":"https:\/\/npf-fpn.com\/fr\/campagne-centraide-du-gouvernement-du-canada\/","og_site_name":"NPF-FPN","article_modified_time":"2024-09-25T11:59:25+00:00","twitter_card":"summary_large_image","twitter_misc":{"Est. reading time":"2 minutes"},"schema":{"@context":"https:\/\/schema.org","@graph":[{"@type":"WebPage","@id":"https:\/\/npf-fpn.com\/fr\/campagne-centraide-du-gouvernement-du-canada\/","url":"https:\/\/npf-fpn.com\/fr\/campagne-centraide-du-gouvernement-du-canada\/","name":"Campagne Centraide du gouvernement du Canada\u00a0\u00a0 - NPF-FPN","isPartOf":{"@id":"https:\/\/npf-fpn.com\/#website"},"datePublished":"2024-09-11T13:01:15+00:00","dateModified":"2024-09-25T11:59:25+00:00","breadcrumb":{"@id":"https:\/\/npf-fpn.com\/fr\/campagne-centraide-du-gouvernement-du-canada\/#breadcrumb"},"inLanguage":"fr-FR","potentialAction":[{"@type":"ReadAction","target":["https:\/\/npf-fpn.com\/fr\/campagne-centraide-du-gouvernement-du-canada\/"]}]},{"@type":"BreadcrumbList","@id":"https:\/\/npf-fpn.com\/fr\/campagne-centraide-du-gouvernement-du-canada\/#breadcrumb","itemListElement":[{"@type":"ListItem","position":1,"name":"Accueil","item":"https:\/\/npf-fpn.com\/fr\/"},{"@type":"ListItem","position":2,"name":"Campagne Centraide du gouvernement du Canada\u00a0\u00a0"}]},{"@type":"WebSite","@id":"https:\/\/npf-fpn.com\/#website","url":"https:\/\/npf-fpn.com\/","name":"NPF-FPN","description":"Providing strong, fair and progressive representation to almost 20,000 RCMP members across Canada.","publisher":{"@id":"https:\/\/npf-fpn.com\/#organization"},"potentialAction":[{"@type":"SearchAction","target":{"@type":"EntryPoint","urlTemplate":"https:\/\/npf-fpn.com\/?s={search_term_string}"},"query-input":{"@type":"PropertyValueSpecification","valueRequired":true,"valueName":"search_term_string"}}],"inLanguage":"fr-FR"},{"@type":"Organization","@id":"https:\/\/npf-fpn.com\/#organization","name":"NPF-FPN","url":"https:\/\/npf-fpn.com\/","logo":{"@type":"ImageObject","inLanguage":"fr-FR","@id":"https:\/\/npf-fpn.com\/#\/schema\/logo\/image\/","url":"https:\/\/npf-fpn.com\/app\/uploads\/2022\/01\/NPF.jpg","contentUrl":"https:\/\/npf-fpn.com\/app\/uploads\/2022\/01\/NPF.jpg","width":200,"height":200,"caption":"NPF-FPN"},"image":{"@id":"https:\/\/npf-fpn.com\/#\/schema\/logo\/image\/"}}]}},"_links":{"self":[{"href":"https:\/\/npf-fpn.com\/fr\/wp-json\/wp\/v2\/pages\/54199","targetHints":{"allow":["GET"]}}],"collection":[{"href":"https:\/\/npf-fpn.com\/fr\/wp-json\/wp\/v2\/pages"}],"about":[{"href":"https:\/\/npf-fpn.com\/fr\/wp-json\/wp\/v2\/types\/page"}],"author":[{"embeddable":true,"href":"https:\/\/npf-fpn.com\/fr\/wp-json\/wp\/v2\/users\/13107"}],"replies":[{"embeddable":true,"href":"https:\/\/npf-fpn.com\/fr\/wp-json\/wp\/v2\/comments?post=54199"}],"version-history":[{"count":3,"href":"https:\/\/npf-fpn.com\/fr\/wp-json\/wp\/v2\/pages\/54199\/revisions"}],"predecessor-version":[{"id":54431,"href":"https:\/\/npf-fpn.com\/fr\/wp-json\/wp\/v2\/pages\/54199\/revisions\/54431"}],"wp:attachment":[{"href":"https:\/\/npf-fpn.com\/fr\/wp-json\/wp\/v2\/media?parent=54199"}],"curies":[{"name":"wp","href":"https:\/\/api.w.org\/{rel}","templated":true}]}}