{"id":53108,"date":"2024-07-17T15:30:25","date_gmt":"2024-07-17T15:30:25","guid":{"rendered":"https:\/\/npf-fpn.com\/board-of-directors-lucas-bedard-director-atlantic-central-region\/"},"modified":"2024-07-17T15:33:58","modified_gmt":"2024-07-17T15:33:58","slug":"board-of-directors-lucas-bedard-director-atlantic-central-region","status":"publish","type":"page","link":"https:\/\/npf-fpn.com\/fr\/board-of-directors-lucas-bedard-director-atlantic-central-region\/","title":{"rendered":"Conseil d\u2019administration \u2013 Lucas Bedard, Administrateur, R\u00e9gion Atlantique\/Centre\u00a0"},"content":{"rendered":"\n<div class=\"wp-block-columns is-layout-flex wp-container-core-columns-is-layout-9d6595d7 wp-block-columns-is-layout-flex\">\n<div class=\"wp-block-column is-layout-flow wp-block-column-is-layout-flow\" style=\"flex-basis:33.33%\"><div class=\"wp-block-image\">\n<figure class=\"alignleft size-full is-resized\"><img decoding=\"async\" width=\"214\" height=\"300\" src=\"https:\/\/npf-fpn.com\/app\/uploads\/2024\/06\/Lucas.png\" alt=\"\" class=\"wp-image-52487\" style=\"width:249px;height:auto\" srcset=\"https:\/\/npf-fpn.com\/app\/uploads\/2024\/06\/Lucas.png 214w, https:\/\/npf-fpn.com\/app\/uploads\/2024\/06\/Lucas-143x200.png 143w\" sizes=\"(max-width: 214px) 100vw, 214px\" \/><\/figure>\n<\/div><\/div>\n\n\n\n<div class=\"wp-block-column is-layout-flow wp-block-column-is-layout-flow\" style=\"flex-basis:66.66%\">\n<p><strong>\u00c0 propos de Lucas\u202fB\u00e9dard<\/strong>&nbsp;<\/p>\n\n\n\n<p>Lucas\u202fB\u00e9dard a 17\u202fann\u00e9es d\u2019exp\u00e9rience dans la Police f\u00e9d\u00e9rale comme membre de la GRC. Il a commenc\u00e9 sa carri\u00e8re au sein du Groupe des enqu\u00eates f\u00e9d\u00e9rales pour le Nord du Qu\u00e9bec, o\u00f9 il a travaill\u00e9 \u00e0 des \u00e9v\u00e9nements majeurs comme le Sommet des leaders nord-am\u00e9ricains de 2007 et les Jeux olympiques d\u2019hiver de 2010 \u00e0 Vancouver. Il a aussi particip\u00e9 aux efforts de secours dans le Nord au Nunavut en 2008. En 2010, Lucas s\u2019est joint au programme canadien de protection des transporteurs a\u00e9riens \u00e0 titre d\u2019agent de s\u00e9curit\u00e9 \u00e0 bord, charg\u00e9 de la gestion de la logistique et des horaires op\u00e9rationnels. Il a ensuite rejoint \u00e0 la Sous-direction des missions de protection \u00e0 Montr\u00e9al en 2015, o\u00f9 il a particip\u00e9 \u00e0 la planification d\u2019\u00e9v\u00e9nements tr\u00e8s m\u00e9diatis\u00e9s auxquels ont particip\u00e9 des dignitaires internationaux tels que le Sommet des leaders nord-am\u00e9ricains de 2016, le G7, la Conf\u00e9rence de l\u2019ONU sur la biodiversit\u00e9 (COP15). Lucas s\u2019est joint \u00e0 l\u2019unit\u00e9 des affaires sp\u00e9ciales \u00e0 Montr\u00e9al en 2020, et a particip\u00e9 \u00e0 plusieurs enqu\u00eates criminelles f\u00e9d\u00e9rales importantes.&nbsp;<\/p>\n\n\n\n<p>Apr\u00e8s avoir servi fi\u00e8rement comme repr\u00e9sentant local de la FPN depuis 2020 et comme d\u00e9l\u00e9gu\u00e9 \u00e0 l\u2019assembl\u00e9e g\u00e9n\u00e9rale annuelle en 2023, il a \u00e9t\u00e9 \u00e9lu au conseil d\u2019administration pour la r\u00e9gion de l\u2019Atlantique et du Centre en 2024. Dans le cadre de ces fonctions, il si\u00e8ge \u00e0 divers comit\u00e9s, dont le Comit\u00e9 de la dotation et de la promotion, le Comit\u00e9 de la Fondation de bienfaisance de la FPN, le Comit\u00e9 de consultation patronale-syndicale de division et le Comit\u00e9 d\u2019orientation en mati\u00e8re de sant\u00e9 et de s\u00e9curit\u00e9 de division.&nbsp;<\/p>\n\n\n\n<p>Lucas, qui est n\u00e9 et a grandi dans la banlieue de Montr\u00e9al, ma\u00eetrise parfaitement les deux langues officielles. Il est p\u00e8re de deux beaux enfants \u00e9nergiques et athl\u00e9tiques, et son \u00e9pouse est une entrepreneure prosp\u00e8re. Lucas attribue le soutien de son \u00e9pouse \u00e0 sa r\u00e9ussite personnelle et professionnelle. Dans ses loisirs, il aime rester en forme en courant, en faisant du v\u00e9lo et en jouant au soccer.&nbsp;&nbsp;<\/p>\n<\/div>\n<\/div>\n\n\n\n<p><strong>Principales r\u00e9alisations<\/strong>&nbsp;<\/p>\n\n\n\n<ul class=\"wp-block-list\">\n<li>Il poss\u00e8de 17\u202fann\u00e9es d\u2019exp\u00e9rience dans la police f\u00e9d\u00e9rale, incluant des mandats dans le cadre de grands \u00e9v\u00e9nements internationaux comme le Sommet des leaders nord-am\u00e9ricains, les Jeux olympiques d\u2019hiver de 2010, le G7 et la Conf\u00e9rence de l\u2019ONU sur la biodiversit\u00e9 (COP15).&nbsp;<\/li>\n\n\n\n<li>\u00c9lu en tant que repr\u00e9sentant de zone locale de la FPN pour les membres du Qu\u00e9bec en 2020, il s\u2019investit constamment dans la d\u00e9fense des droits des membres.&nbsp;&nbsp;<\/li>\n\n\n\n<li>En 2023, il a \u00e9t\u00e9 le premier d\u00e9l\u00e9gu\u00e9 \u00e0 l\u2019assembl\u00e9e g\u00e9n\u00e9rale annuelle de la Division\u202fC \u00e0 \u00eatre \u00e9lu.&nbsp;&nbsp;<\/li>\n\n\n\n<li>Il a \u00e9t\u00e9 \u00e9lu administrateur de la FPN pour la r\u00e9gion de l\u2019Atlantique et du Centre en juin\u202f2024.\u202f&nbsp;<\/li>\n<\/ul>\n","protected":false},"excerpt":{"rendered":"<p>\u00c0 propos de Lucas\u202fB\u00e9dard&nbsp; Lucas\u202fB\u00e9dard a 17\u202fann\u00e9es d\u2019exp\u00e9rience dans la Police f\u00e9d\u00e9rale comme membre de la GRC. Il a commenc\u00e9 sa carri\u00e8re au sein du Groupe des enqu\u00eates f\u00e9d\u00e9rales pour le Nord du Qu\u00e9bec, o\u00f9 il a travaill\u00e9 \u00e0 des [&hellip;]<\/p>\n","protected":false},"author":15493,"featured_media":0,"parent":0,"menu_order":0,"comment_status":"closed","ping_status":"closed","template":"","meta":{"_acf_changed":false,"inline_featured_image":false,"footnotes":""},"class_list":["post-53108","page","type-page","status-publish","hentry"],"acf":[],"yoast_head":"<!-- This site is optimized with the Yoast SEO plugin v27.4 - https:\/\/yoast.com\/product\/yoast-seo-wordpress\/ -->\n<title>Conseil d\u2019administration \u2013 Lucas Bedard, Administrateur, R\u00e9gion Atlantique\/Centre\u00a0 - NPF-FPN<\/title>\n<meta name=\"robots\" content=\"index, follow, max-snippet:-1, max-image-preview:large, max-video-preview:-1\" \/>\n<link rel=\"canonical\" href=\"https:\/\/npf-fpn.com\/fr\/board-of-directors-lucas-bedard-director-atlantic-central-region\/\" \/>\n<meta property=\"og:locale\" content=\"fr_FR\" \/>\n<meta property=\"og:type\" content=\"article\" \/>\n<meta property=\"og:title\" content=\"Conseil d\u2019administration \u2013 Lucas Bedard, Administrateur, R\u00e9gion Atlantique\/Centre\u00a0 - NPF-FPN\" \/>\n<meta property=\"og:description\" content=\"\u00c0 propos de Lucas\u202fB\u00e9dard&nbsp; Lucas\u202fB\u00e9dard a 17\u202fann\u00e9es d\u2019exp\u00e9rience dans la Police f\u00e9d\u00e9rale comme membre de la GRC. Il a commenc\u00e9 sa carri\u00e8re au sein du Groupe des enqu\u00eates f\u00e9d\u00e9rales pour le Nord du Qu\u00e9bec, o\u00f9 il a travaill\u00e9 \u00e0 des [&hellip;]\" \/>\n<meta property=\"og:url\" content=\"https:\/\/npf-fpn.com\/fr\/board-of-directors-lucas-bedard-director-atlantic-central-region\/\" \/>\n<meta property=\"og:site_name\" content=\"NPF-FPN\" \/>\n<meta property=\"article:modified_time\" content=\"2024-07-17T15:33:58+00:00\" \/>\n<meta property=\"og:image\" content=\"https:\/\/npf-fpn.com\/app\/uploads\/2024\/06\/Lucas.png\" \/>\n<meta name=\"twitter:card\" content=\"summary_large_image\" \/>\n<meta name=\"twitter:label1\" content=\"Est. reading time\" \/>\n\t<meta name=\"twitter:data1\" content=\"3 minutes\" \/>\n<script type=\"application\/ld+json\" class=\"yoast-schema-graph\">{\"@context\":\"https:\\\/\\\/schema.org\",\"@graph\":[{\"@type\":\"WebPage\",\"@id\":\"https:\\\/\\\/npf-fpn.com\\\/fr\\\/board-of-directors-lucas-bedard-director-atlantic-central-region\\\/\",\"url\":\"https:\\\/\\\/npf-fpn.com\\\/fr\\\/board-of-directors-lucas-bedard-director-atlantic-central-region\\\/\",\"name\":\"Conseil d\u2019administration \u2013 Lucas Bedard, Administrateur, R\u00e9gion Atlantique\\\/Centre\u00a0 - NPF-FPN\",\"isPartOf\":{\"@id\":\"https:\\\/\\\/npf-fpn.com\\\/#website\"},\"primaryImageOfPage\":{\"@id\":\"https:\\\/\\\/npf-fpn.com\\\/fr\\\/board-of-directors-lucas-bedard-director-atlantic-central-region\\\/#primaryimage\"},\"image\":{\"@id\":\"https:\\\/\\\/npf-fpn.com\\\/fr\\\/board-of-directors-lucas-bedard-director-atlantic-central-region\\\/#primaryimage\"},\"thumbnailUrl\":\"https:\\\/\\\/npf-fpn.com\\\/app\\\/uploads\\\/2024\\\/06\\\/Lucas.png\",\"datePublished\":\"2024-07-17T15:30:25+00:00\",\"dateModified\":\"2024-07-17T15:33:58+00:00\",\"breadcrumb\":{\"@id\":\"https:\\\/\\\/npf-fpn.com\\\/fr\\\/board-of-directors-lucas-bedard-director-atlantic-central-region\\\/#breadcrumb\"},\"inLanguage\":\"fr-FR\",\"potentialAction\":[{\"@type\":\"ReadAction\",\"target\":[\"https:\\\/\\\/npf-fpn.com\\\/fr\\\/board-of-directors-lucas-bedard-director-atlantic-central-region\\\/\"]}]},{\"@type\":\"ImageObject\",\"inLanguage\":\"fr-FR\",\"@id\":\"https:\\\/\\\/npf-fpn.com\\\/fr\\\/board-of-directors-lucas-bedard-director-atlantic-central-region\\\/#primaryimage\",\"url\":\"https:\\\/\\\/npf-fpn.com\\\/app\\\/uploads\\\/2024\\\/06\\\/Lucas.png\",\"contentUrl\":\"https:\\\/\\\/npf-fpn.com\\\/app\\\/uploads\\\/2024\\\/06\\\/Lucas.png\"},{\"@type\":\"BreadcrumbList\",\"@id\":\"https:\\\/\\\/npf-fpn.com\\\/fr\\\/board-of-directors-lucas-bedard-director-atlantic-central-region\\\/#breadcrumb\",\"itemListElement\":[{\"@type\":\"ListItem\",\"position\":1,\"name\":\"Accueil\",\"item\":\"https:\\\/\\\/npf-fpn.com\\\/fr\\\/\"},{\"@type\":\"ListItem\",\"position\":2,\"name\":\"Conseil d\u2019administration \u2013 Lucas Bedard, Administrateur, R\u00e9gion Atlantique\\\/Centre\u00a0\"}]},{\"@type\":\"WebSite\",\"@id\":\"https:\\\/\\\/npf-fpn.com\\\/#website\",\"url\":\"https:\\\/\\\/npf-fpn.com\\\/\",\"name\":\"NPF-FPN\",\"description\":\"Providing strong, fair and progressive representation to almost 20,000 RCMP members across Canada.\",\"publisher\":{\"@id\":\"https:\\\/\\\/npf-fpn.com\\\/#organization\"},\"potentialAction\":[{\"@type\":\"SearchAction\",\"target\":{\"@type\":\"EntryPoint\",\"urlTemplate\":\"https:\\\/\\\/npf-fpn.com\\\/?s={search_term_string}\"},\"query-input\":{\"@type\":\"PropertyValueSpecification\",\"valueRequired\":true,\"valueName\":\"search_term_string\"}}],\"inLanguage\":\"fr-FR\"},{\"@type\":\"Organization\",\"@id\":\"https:\\\/\\\/npf-fpn.com\\\/#organization\",\"name\":\"NPF-FPN\",\"url\":\"https:\\\/\\\/npf-fpn.com\\\/\",\"logo\":{\"@type\":\"ImageObject\",\"inLanguage\":\"fr-FR\",\"@id\":\"https:\\\/\\\/npf-fpn.com\\\/#\\\/schema\\\/logo\\\/image\\\/\",\"url\":\"https:\\\/\\\/npf-fpn.com\\\/app\\\/uploads\\\/2022\\\/01\\\/NPF.jpg\",\"contentUrl\":\"https:\\\/\\\/npf-fpn.com\\\/app\\\/uploads\\\/2022\\\/01\\\/NPF.jpg\",\"width\":200,\"height\":200,\"caption\":\"NPF-FPN\"},\"image\":{\"@id\":\"https:\\\/\\\/npf-fpn.com\\\/#\\\/schema\\\/logo\\\/image\\\/\"}}]}<\/script>\n<!-- \/ Yoast SEO plugin. -->","yoast_head_json":{"title":"Conseil d\u2019administration \u2013 Lucas Bedard, Administrateur, R\u00e9gion Atlantique\/Centre\u00a0 - NPF-FPN","robots":{"index":"index","follow":"follow","max-snippet":"max-snippet:-1","max-image-preview":"max-image-preview:large","max-video-preview":"max-video-preview:-1"},"canonical":"https:\/\/npf-fpn.com\/fr\/board-of-directors-lucas-bedard-director-atlantic-central-region\/","og_locale":"fr_FR","og_type":"article","og_title":"Conseil d\u2019administration \u2013 Lucas Bedard, Administrateur, R\u00e9gion Atlantique\/Centre\u00a0 - NPF-FPN","og_description":"\u00c0 propos de Lucas\u202fB\u00e9dard&nbsp; Lucas\u202fB\u00e9dard a 17\u202fann\u00e9es d\u2019exp\u00e9rience dans la Police f\u00e9d\u00e9rale comme membre de la GRC. Il a commenc\u00e9 sa carri\u00e8re au sein du Groupe des enqu\u00eates f\u00e9d\u00e9rales pour le Nord du Qu\u00e9bec, o\u00f9 il a travaill\u00e9 \u00e0 des [&hellip;]","og_url":"https:\/\/npf-fpn.com\/fr\/board-of-directors-lucas-bedard-director-atlantic-central-region\/","og_site_name":"NPF-FPN","article_modified_time":"2024-07-17T15:33:58+00:00","og_image":[{"url":"https:\/\/npf-fpn.com\/app\/uploads\/2024\/06\/Lucas.png","type":"","width":"","height":""}],"twitter_card":"summary_large_image","twitter_misc":{"Est. reading time":"3 minutes"},"schema":{"@context":"https:\/\/schema.org","@graph":[{"@type":"WebPage","@id":"https:\/\/npf-fpn.com\/fr\/board-of-directors-lucas-bedard-director-atlantic-central-region\/","url":"https:\/\/npf-fpn.com\/fr\/board-of-directors-lucas-bedard-director-atlantic-central-region\/","name":"Conseil d\u2019administration \u2013 Lucas Bedard, Administrateur, R\u00e9gion Atlantique\/Centre\u00a0 - NPF-FPN","isPartOf":{"@id":"https:\/\/npf-fpn.com\/#website"},"primaryImageOfPage":{"@id":"https:\/\/npf-fpn.com\/fr\/board-of-directors-lucas-bedard-director-atlantic-central-region\/#primaryimage"},"image":{"@id":"https:\/\/npf-fpn.com\/fr\/board-of-directors-lucas-bedard-director-atlantic-central-region\/#primaryimage"},"thumbnailUrl":"https:\/\/npf-fpn.com\/app\/uploads\/2024\/06\/Lucas.png","datePublished":"2024-07-17T15:30:25+00:00","dateModified":"2024-07-17T15:33:58+00:00","breadcrumb":{"@id":"https:\/\/npf-fpn.com\/fr\/board-of-directors-lucas-bedard-director-atlantic-central-region\/#breadcrumb"},"inLanguage":"fr-FR","potentialAction":[{"@type":"ReadAction","target":["https:\/\/npf-fpn.com\/fr\/board-of-directors-lucas-bedard-director-atlantic-central-region\/"]}]},{"@type":"ImageObject","inLanguage":"fr-FR","@id":"https:\/\/npf-fpn.com\/fr\/board-of-directors-lucas-bedard-director-atlantic-central-region\/#primaryimage","url":"https:\/\/npf-fpn.com\/app\/uploads\/2024\/06\/Lucas.png","contentUrl":"https:\/\/npf-fpn.com\/app\/uploads\/2024\/06\/Lucas.png"},{"@type":"BreadcrumbList","@id":"https:\/\/npf-fpn.com\/fr\/board-of-directors-lucas-bedard-director-atlantic-central-region\/#breadcrumb","itemListElement":[{"@type":"ListItem","position":1,"name":"Accueil","item":"https:\/\/npf-fpn.com\/fr\/"},{"@type":"ListItem","position":2,"name":"Conseil d\u2019administration \u2013 Lucas Bedard, Administrateur, R\u00e9gion Atlantique\/Centre\u00a0"}]},{"@type":"WebSite","@id":"https:\/\/npf-fpn.com\/#website","url":"https:\/\/npf-fpn.com\/","name":"NPF-FPN","description":"Providing strong, fair and progressive representation to almost 20,000 RCMP members across Canada.","publisher":{"@id":"https:\/\/npf-fpn.com\/#organization"},"potentialAction":[{"@type":"SearchAction","target":{"@type":"EntryPoint","urlTemplate":"https:\/\/npf-fpn.com\/?s={search_term_string}"},"query-input":{"@type":"PropertyValueSpecification","valueRequired":true,"valueName":"search_term_string"}}],"inLanguage":"fr-FR"},{"@type":"Organization","@id":"https:\/\/npf-fpn.com\/#organization","name":"NPF-FPN","url":"https:\/\/npf-fpn.com\/","logo":{"@type":"ImageObject","inLanguage":"fr-FR","@id":"https:\/\/npf-fpn.com\/#\/schema\/logo\/image\/","url":"https:\/\/npf-fpn.com\/app\/uploads\/2022\/01\/NPF.jpg","contentUrl":"https:\/\/npf-fpn.com\/app\/uploads\/2022\/01\/NPF.jpg","width":200,"height":200,"caption":"NPF-FPN"},"image":{"@id":"https:\/\/npf-fpn.com\/#\/schema\/logo\/image\/"}}]}},"_links":{"self":[{"href":"https:\/\/npf-fpn.com\/fr\/wp-json\/wp\/v2\/pages\/53108","targetHints":{"allow":["GET"]}}],"collection":[{"href":"https:\/\/npf-fpn.com\/fr\/wp-json\/wp\/v2\/pages"}],"about":[{"href":"https:\/\/npf-fpn.com\/fr\/wp-json\/wp\/v2\/types\/page"}],"author":[{"embeddable":true,"href":"https:\/\/npf-fpn.com\/fr\/wp-json\/wp\/v2\/users\/15493"}],"replies":[{"embeddable":true,"href":"https:\/\/npf-fpn.com\/fr\/wp-json\/wp\/v2\/comments?post=53108"}],"version-history":[{"count":1,"href":"https:\/\/npf-fpn.com\/fr\/wp-json\/wp\/v2\/pages\/53108\/revisions"}],"predecessor-version":[{"id":53110,"href":"https:\/\/npf-fpn.com\/fr\/wp-json\/wp\/v2\/pages\/53108\/revisions\/53110"}],"wp:attachment":[{"href":"https:\/\/npf-fpn.com\/fr\/wp-json\/wp\/v2\/media?parent=53108"}],"curies":[{"name":"wp","href":"https:\/\/api.w.org\/{rel}","templated":true}]}}