{"id":52653,"date":"2024-07-02T15:49:24","date_gmt":"2024-07-02T15:49:24","guid":{"rendered":"https:\/\/npf-fpn.com\/?page_id=52653"},"modified":"2026-02-25T00:00:30","modified_gmt":"2026-02-25T00:00:30","slug":"conseil-dadministration-jake-foran-administrateur-region-atlantique-centre","status":"publish","type":"page","link":"https:\/\/npf-fpn.com\/fr\/conseil-dadministration-jake-foran-administrateur-region-atlantique-centre\/","title":{"rendered":"Conseil d\u2019administration \u2013 Jake Foran, Administrateur, R\u00e9gion Atlantique\/Centre\u00a0"},"content":{"rendered":"\n<div class=\"wp-block-columns is-layout-flex wp-container-core-columns-is-layout-9d6595d7 wp-block-columns-is-layout-flex\">\n<div class=\"wp-block-column is-layout-flow wp-block-column-is-layout-flow\" style=\"flex-basis:33.33%\"><div class=\"wp-block-image\">\n<figure class=\"alignleft size-full\"><img decoding=\"async\" width=\"500\" height=\"710\" src=\"https:\/\/npf-fpn.com\/app\/uploads\/2025\/08\/Jake-1.png\" alt=\"\" class=\"wp-image-62263\" srcset=\"https:\/\/npf-fpn.com\/app\/uploads\/2025\/08\/Jake-1.png 500w, https:\/\/npf-fpn.com\/app\/uploads\/2025\/08\/Jake-1-211x300.png 211w, https:\/\/npf-fpn.com\/app\/uploads\/2025\/08\/Jake-1-141x200.png 141w\" sizes=\"(max-width: 500px) 100vw, 500px\" \/><\/figure>\n<\/div><\/div>\n\n\n\n<div class=\"wp-block-column is-layout-flow wp-block-column-is-layout-flow\" style=\"flex-basis:66.66%\">\n<p><strong><strong><strong>\u00c0 propos de<\/strong><\/strong> Jake Foran<\/strong><\/p>\n\n\n\n<p>Jake Foran s&#8217;est joint \u00e0 la GRC en 2008 apr\u00e8s avoir obtenu son baccalaur\u00e9at \u00e0 l&#8217;Universit\u00e9 St. Thomas. Il a \u00e9t\u00e9 affect\u00e9 dans des collectivit\u00e9s en Nouvelle-\u00c9cosse ainsi qu&#8217;\u00e0 Terre-Neuve-et-Labrador. Il a re\u00e7u le prix Team Nick Coates d\u00e9cern\u00e9 par MADD pour son engagement envers la lutte contre la conduite avec facult\u00e9s affaiblies et la s\u00e9curit\u00e9 communautaire. <\/p>\n\n\n\n<p>Apr\u00e8s avoir consacr\u00e9 sa carri\u00e8re aux services de police de premi\u00e8re ligne et ayant toujours \u00e9t\u00e9 un ardent d\u00e9fenseur de solides relations de travail, Jake a rejoint la FPN en tant que repr\u00e9sentant local en 2019 et est devenu membre du conseil d&#8217;administration en 2024. Il si\u00e8ge d\u00e9sormais au conseil d&#8217;administration de la Fondation de bienfaisance de la F\u00e9d\u00e9ration de la police nationale (FBFPN), au Comit\u00e9 directeur sur les uniformes, l\u2019\u00e9quipement et les actifs, ainsi qu\u2019au Comit\u00e9 consultatif des assurances. Jake entretient \u00e9galement de solides relations au sein de son secteur de responsabilit\u00e9. <\/p>\n\n\n\n<p>Jake a \u00e9pous\u00e9 Justine, membre de la GRC, en 2014, et ils ont deux enfants, Parker et Gracelyn.\u00a0<\/p>\n<\/div>\n<\/div>\n\n\n\n<p><strong><strong>Principales r\u00e9alisations&nbsp;:<\/strong><\/strong><\/p>\n\n\n\n<ul class=\"wp-block-list\">\n<li>R\u00e9cipiendaire du prix MADD Canada Team Nick Coates en 2021 pour ses efforts de d\u00e9tection et d&#8217;appr\u00e9hension des conducteurs en \u00e9tat d&#8217;\u00e9bri\u00e9t\u00e9.&nbsp;<\/li>\n\n\n\n<li>Relations de travail \u00e0 temps partiel et \u00e0 temps plein depuis 2019.<\/li>\n\n\n\n<li>Affichant une forte volont\u00e9 de redonner \u00e0 ses coll\u00e8gues, il a r\u00e9alis\u00e9 un mandat de cinq ans comme repr\u00e9sentant local de la FPN pour les membres de Terre-Neuve.&nbsp;<\/li>\n\n\n\n<li>Il a \u00e9t\u00e9 \u00e9lu administrateur de la FPN pour la r\u00e9gion de l\u2019Atlantique et du Centre en juin\u202f2024.&nbsp;<\/li>\n\n\n\n<li>16 ans de services de police sous contrat.\u00a0<\/li>\n<\/ul>\n","protected":false},"excerpt":{"rendered":"<p>\u00c0 propos de Jake Foran Jake Foran s&#8217;est joint \u00e0 la GRC en 2008 apr\u00e8s avoir obtenu son baccalaur\u00e9at \u00e0 l&#8217;Universit\u00e9 St. Thomas. Il a \u00e9t\u00e9 affect\u00e9 dans des collectivit\u00e9s en Nouvelle-\u00c9cosse ainsi qu&#8217;\u00e0 Terre-Neuve-et-Labrador. Il a re\u00e7u le prix [&hellip;]<\/p>\n","protected":false},"author":15493,"featured_media":0,"parent":0,"menu_order":0,"comment_status":"closed","ping_status":"closed","template":"","meta":{"_acf_changed":false,"inline_featured_image":false,"footnotes":""},"class_list":["post-52653","page","type-page","status-publish","hentry"],"acf":[],"yoast_head":"<!-- This site is optimized with the Yoast SEO plugin v27.4 - https:\/\/yoast.com\/product\/yoast-seo-wordpress\/ -->\n<title>Conseil d\u2019administration \u2013 Jake Foran, Administrateur, R\u00e9gion Atlantique\/Centre\u00a0 - NPF-FPN<\/title>\n<meta name=\"robots\" content=\"index, follow, max-snippet:-1, max-image-preview:large, max-video-preview:-1\" \/>\n<link rel=\"canonical\" href=\"https:\/\/npf-fpn.com\/fr\/conseil-dadministration-jake-foran-administrateur-region-atlantique-centre\/\" \/>\n<meta property=\"og:locale\" content=\"fr_FR\" \/>\n<meta property=\"og:type\" content=\"article\" \/>\n<meta property=\"og:title\" content=\"Conseil d\u2019administration \u2013 Jake Foran, Administrateur, R\u00e9gion Atlantique\/Centre\u00a0 - NPF-FPN\" \/>\n<meta property=\"og:description\" content=\"\u00c0 propos de Jake Foran Jake Foran s&#8217;est joint \u00e0 la GRC en 2008 apr\u00e8s avoir obtenu son baccalaur\u00e9at \u00e0 l&#8217;Universit\u00e9 St. Thomas. Il a \u00e9t\u00e9 affect\u00e9 dans des collectivit\u00e9s en Nouvelle-\u00c9cosse ainsi qu&#8217;\u00e0 Terre-Neuve-et-Labrador. Il a re\u00e7u le prix [&hellip;]\" \/>\n<meta property=\"og:url\" content=\"https:\/\/npf-fpn.com\/fr\/conseil-dadministration-jake-foran-administrateur-region-atlantique-centre\/\" \/>\n<meta property=\"og:site_name\" content=\"NPF-FPN\" \/>\n<meta property=\"article:modified_time\" content=\"2026-02-25T00:00:30+00:00\" \/>\n<meta property=\"og:image\" content=\"https:\/\/npf-fpn.com\/app\/uploads\/2025\/08\/Jake-1.png\" \/>\n\t<meta property=\"og:image:width\" content=\"500\" \/>\n\t<meta property=\"og:image:height\" content=\"710\" \/>\n\t<meta property=\"og:image:type\" content=\"image\/png\" \/>\n<meta name=\"twitter:card\" content=\"summary_large_image\" \/>\n<meta name=\"twitter:label1\" content=\"Est. reading time\" \/>\n\t<meta name=\"twitter:data1\" content=\"2 minutes\" \/>\n<script type=\"application\/ld+json\" class=\"yoast-schema-graph\">{\"@context\":\"https:\\\/\\\/schema.org\",\"@graph\":[{\"@type\":\"WebPage\",\"@id\":\"https:\\\/\\\/npf-fpn.com\\\/fr\\\/conseil-dadministration-jake-foran-administrateur-region-atlantique-centre\\\/\",\"url\":\"https:\\\/\\\/npf-fpn.com\\\/fr\\\/conseil-dadministration-jake-foran-administrateur-region-atlantique-centre\\\/\",\"name\":\"Conseil d\u2019administration \u2013 Jake Foran, Administrateur, R\u00e9gion Atlantique\\\/Centre\u00a0 - NPF-FPN\",\"isPartOf\":{\"@id\":\"https:\\\/\\\/npf-fpn.com\\\/#website\"},\"primaryImageOfPage\":{\"@id\":\"https:\\\/\\\/npf-fpn.com\\\/fr\\\/conseil-dadministration-jake-foran-administrateur-region-atlantique-centre\\\/#primaryimage\"},\"image\":{\"@id\":\"https:\\\/\\\/npf-fpn.com\\\/fr\\\/conseil-dadministration-jake-foran-administrateur-region-atlantique-centre\\\/#primaryimage\"},\"thumbnailUrl\":\"https:\\\/\\\/npf-fpn.com\\\/app\\\/uploads\\\/2025\\\/08\\\/Jake-1.png\",\"datePublished\":\"2024-07-02T15:49:24+00:00\",\"dateModified\":\"2026-02-25T00:00:30+00:00\",\"breadcrumb\":{\"@id\":\"https:\\\/\\\/npf-fpn.com\\\/fr\\\/conseil-dadministration-jake-foran-administrateur-region-atlantique-centre\\\/#breadcrumb\"},\"inLanguage\":\"fr-FR\",\"potentialAction\":[{\"@type\":\"ReadAction\",\"target\":[\"https:\\\/\\\/npf-fpn.com\\\/fr\\\/conseil-dadministration-jake-foran-administrateur-region-atlantique-centre\\\/\"]}]},{\"@type\":\"ImageObject\",\"inLanguage\":\"fr-FR\",\"@id\":\"https:\\\/\\\/npf-fpn.com\\\/fr\\\/conseil-dadministration-jake-foran-administrateur-region-atlantique-centre\\\/#primaryimage\",\"url\":\"https:\\\/\\\/npf-fpn.com\\\/app\\\/uploads\\\/2025\\\/08\\\/Jake-1.png\",\"contentUrl\":\"https:\\\/\\\/npf-fpn.com\\\/app\\\/uploads\\\/2025\\\/08\\\/Jake-1.png\"},{\"@type\":\"BreadcrumbList\",\"@id\":\"https:\\\/\\\/npf-fpn.com\\\/fr\\\/conseil-dadministration-jake-foran-administrateur-region-atlantique-centre\\\/#breadcrumb\",\"itemListElement\":[{\"@type\":\"ListItem\",\"position\":1,\"name\":\"Accueil\",\"item\":\"https:\\\/\\\/npf-fpn.com\\\/fr\\\/\"},{\"@type\":\"ListItem\",\"position\":2,\"name\":\"Conseil d\u2019administration \u2013 Jake Foran, Administrateur, R\u00e9gion Atlantique\\\/Centre\u00a0\"}]},{\"@type\":\"WebSite\",\"@id\":\"https:\\\/\\\/npf-fpn.com\\\/#website\",\"url\":\"https:\\\/\\\/npf-fpn.com\\\/\",\"name\":\"NPF-FPN\",\"description\":\"Providing strong, fair and progressive representation to almost 20,000 RCMP members across Canada.\",\"publisher\":{\"@id\":\"https:\\\/\\\/npf-fpn.com\\\/#organization\"},\"potentialAction\":[{\"@type\":\"SearchAction\",\"target\":{\"@type\":\"EntryPoint\",\"urlTemplate\":\"https:\\\/\\\/npf-fpn.com\\\/?s={search_term_string}\"},\"query-input\":{\"@type\":\"PropertyValueSpecification\",\"valueRequired\":true,\"valueName\":\"search_term_string\"}}],\"inLanguage\":\"fr-FR\"},{\"@type\":\"Organization\",\"@id\":\"https:\\\/\\\/npf-fpn.com\\\/#organization\",\"name\":\"NPF-FPN\",\"url\":\"https:\\\/\\\/npf-fpn.com\\\/\",\"logo\":{\"@type\":\"ImageObject\",\"inLanguage\":\"fr-FR\",\"@id\":\"https:\\\/\\\/npf-fpn.com\\\/#\\\/schema\\\/logo\\\/image\\\/\",\"url\":\"https:\\\/\\\/npf-fpn.com\\\/app\\\/uploads\\\/2022\\\/01\\\/NPF.jpg\",\"contentUrl\":\"https:\\\/\\\/npf-fpn.com\\\/app\\\/uploads\\\/2022\\\/01\\\/NPF.jpg\",\"width\":200,\"height\":200,\"caption\":\"NPF-FPN\"},\"image\":{\"@id\":\"https:\\\/\\\/npf-fpn.com\\\/#\\\/schema\\\/logo\\\/image\\\/\"}}]}<\/script>\n<!-- \/ Yoast SEO plugin. -->","yoast_head_json":{"title":"Conseil d\u2019administration \u2013 Jake Foran, Administrateur, R\u00e9gion Atlantique\/Centre\u00a0 - NPF-FPN","robots":{"index":"index","follow":"follow","max-snippet":"max-snippet:-1","max-image-preview":"max-image-preview:large","max-video-preview":"max-video-preview:-1"},"canonical":"https:\/\/npf-fpn.com\/fr\/conseil-dadministration-jake-foran-administrateur-region-atlantique-centre\/","og_locale":"fr_FR","og_type":"article","og_title":"Conseil d\u2019administration \u2013 Jake Foran, Administrateur, R\u00e9gion Atlantique\/Centre\u00a0 - NPF-FPN","og_description":"\u00c0 propos de Jake Foran Jake Foran s&#8217;est joint \u00e0 la GRC en 2008 apr\u00e8s avoir obtenu son baccalaur\u00e9at \u00e0 l&#8217;Universit\u00e9 St. Thomas. Il a \u00e9t\u00e9 affect\u00e9 dans des collectivit\u00e9s en Nouvelle-\u00c9cosse ainsi qu&#8217;\u00e0 Terre-Neuve-et-Labrador. Il a re\u00e7u le prix [&hellip;]","og_url":"https:\/\/npf-fpn.com\/fr\/conseil-dadministration-jake-foran-administrateur-region-atlantique-centre\/","og_site_name":"NPF-FPN","article_modified_time":"2026-02-25T00:00:30+00:00","og_image":[{"width":500,"height":710,"url":"https:\/\/npf-fpn.com\/app\/uploads\/2025\/08\/Jake-1.png","type":"image\/png"}],"twitter_card":"summary_large_image","twitter_misc":{"Est. reading time":"2 minutes"},"schema":{"@context":"https:\/\/schema.org","@graph":[{"@type":"WebPage","@id":"https:\/\/npf-fpn.com\/fr\/conseil-dadministration-jake-foran-administrateur-region-atlantique-centre\/","url":"https:\/\/npf-fpn.com\/fr\/conseil-dadministration-jake-foran-administrateur-region-atlantique-centre\/","name":"Conseil d\u2019administration \u2013 Jake Foran, Administrateur, R\u00e9gion Atlantique\/Centre\u00a0 - NPF-FPN","isPartOf":{"@id":"https:\/\/npf-fpn.com\/#website"},"primaryImageOfPage":{"@id":"https:\/\/npf-fpn.com\/fr\/conseil-dadministration-jake-foran-administrateur-region-atlantique-centre\/#primaryimage"},"image":{"@id":"https:\/\/npf-fpn.com\/fr\/conseil-dadministration-jake-foran-administrateur-region-atlantique-centre\/#primaryimage"},"thumbnailUrl":"https:\/\/npf-fpn.com\/app\/uploads\/2025\/08\/Jake-1.png","datePublished":"2024-07-02T15:49:24+00:00","dateModified":"2026-02-25T00:00:30+00:00","breadcrumb":{"@id":"https:\/\/npf-fpn.com\/fr\/conseil-dadministration-jake-foran-administrateur-region-atlantique-centre\/#breadcrumb"},"inLanguage":"fr-FR","potentialAction":[{"@type":"ReadAction","target":["https:\/\/npf-fpn.com\/fr\/conseil-dadministration-jake-foran-administrateur-region-atlantique-centre\/"]}]},{"@type":"ImageObject","inLanguage":"fr-FR","@id":"https:\/\/npf-fpn.com\/fr\/conseil-dadministration-jake-foran-administrateur-region-atlantique-centre\/#primaryimage","url":"https:\/\/npf-fpn.com\/app\/uploads\/2025\/08\/Jake-1.png","contentUrl":"https:\/\/npf-fpn.com\/app\/uploads\/2025\/08\/Jake-1.png"},{"@type":"BreadcrumbList","@id":"https:\/\/npf-fpn.com\/fr\/conseil-dadministration-jake-foran-administrateur-region-atlantique-centre\/#breadcrumb","itemListElement":[{"@type":"ListItem","position":1,"name":"Accueil","item":"https:\/\/npf-fpn.com\/fr\/"},{"@type":"ListItem","position":2,"name":"Conseil d\u2019administration \u2013 Jake Foran, Administrateur, R\u00e9gion Atlantique\/Centre\u00a0"}]},{"@type":"WebSite","@id":"https:\/\/npf-fpn.com\/#website","url":"https:\/\/npf-fpn.com\/","name":"NPF-FPN","description":"Providing strong, fair and progressive representation to almost 20,000 RCMP members across Canada.","publisher":{"@id":"https:\/\/npf-fpn.com\/#organization"},"potentialAction":[{"@type":"SearchAction","target":{"@type":"EntryPoint","urlTemplate":"https:\/\/npf-fpn.com\/?s={search_term_string}"},"query-input":{"@type":"PropertyValueSpecification","valueRequired":true,"valueName":"search_term_string"}}],"inLanguage":"fr-FR"},{"@type":"Organization","@id":"https:\/\/npf-fpn.com\/#organization","name":"NPF-FPN","url":"https:\/\/npf-fpn.com\/","logo":{"@type":"ImageObject","inLanguage":"fr-FR","@id":"https:\/\/npf-fpn.com\/#\/schema\/logo\/image\/","url":"https:\/\/npf-fpn.com\/app\/uploads\/2022\/01\/NPF.jpg","contentUrl":"https:\/\/npf-fpn.com\/app\/uploads\/2022\/01\/NPF.jpg","width":200,"height":200,"caption":"NPF-FPN"},"image":{"@id":"https:\/\/npf-fpn.com\/#\/schema\/logo\/image\/"}}]}},"_links":{"self":[{"href":"https:\/\/npf-fpn.com\/fr\/wp-json\/wp\/v2\/pages\/52653","targetHints":{"allow":["GET"]}}],"collection":[{"href":"https:\/\/npf-fpn.com\/fr\/wp-json\/wp\/v2\/pages"}],"about":[{"href":"https:\/\/npf-fpn.com\/fr\/wp-json\/wp\/v2\/types\/page"}],"author":[{"embeddable":true,"href":"https:\/\/npf-fpn.com\/fr\/wp-json\/wp\/v2\/users\/15493"}],"replies":[{"embeddable":true,"href":"https:\/\/npf-fpn.com\/fr\/wp-json\/wp\/v2\/comments?post=52653"}],"version-history":[{"count":5,"href":"https:\/\/npf-fpn.com\/fr\/wp-json\/wp\/v2\/pages\/52653\/revisions"}],"predecessor-version":[{"id":66214,"href":"https:\/\/npf-fpn.com\/fr\/wp-json\/wp\/v2\/pages\/52653\/revisions\/66214"}],"wp:attachment":[{"href":"https:\/\/npf-fpn.com\/fr\/wp-json\/wp\/v2\/media?parent=52653"}],"curies":[{"name":"wp","href":"https:\/\/api.w.org\/{rel}","templated":true}]}}