{"id":45668,"date":"2023-11-01T14:44:29","date_gmt":"2023-11-01T14:44:29","guid":{"rendered":"https:\/\/npf-fpn.com\/?page_id=45668"},"modified":"2024-06-10T15:51:33","modified_gmt":"2024-06-10T15:51:33","slug":"carrieres-avec-la-fpn-analyste-des-operations-en-ti","status":"publish","type":"page","link":"https:\/\/npf-fpn.com\/fr\/carrieres-avec-la-fpn-analyste-des-operations-en-ti\/","title":{"rendered":"Carri\u00e8res avec la FPN \u2013 Analyste des op\u00e9rations en TI"},"content":{"rendered":"\n<p><strong>Analyste des op\u00e9rations en TI<\/strong><br><strong>Travail hybride<\/strong><br><strong>\u00c0 temps plein<\/strong><\/p>\n\n\n\n<p><strong><strong>Sup\u00e9rieur imm\u00e9diat\u202f<\/strong> :<\/strong>&nbsp;Directeur, Technologies de l&#8217;information<br><strong>Lieu<\/strong>: National Capital Region\/Hybrid<\/p>\n\n\n\n<p><strong>Qui nous sommes\u202f:<\/strong>&nbsp;<br>La F\u00e9d\u00e9ration de la police nationale\u202f(FPN) est l\u2019agent n\u00e9gociateur accr\u00e9dit\u00e9 repr\u00e9sentant ses membres r\u00e9guliers et les r\u00e9servistes de la Gendarmerie royale du Canada\u202f(GRC) qui poss\u00e8dent un grade inf\u00e9rieur \u00e0 celui d\u2019inspecteur. La FPN a \u00e9t\u00e9 accr\u00e9dit\u00e9e \u00e0 l\u2019\u00e9t\u00e9\u202f2019 pour repr\u00e9senter environ 20\u202f000\u202fmembres de la GRC en service au Canada et \u00e0 l\u2019\u00e9tranger. Nous sommes \u00e9galement le plus important organisme canadien de relations de travail dans la police et le deuxi\u00e8me en importance en Am\u00e9rique du Nord. La\u202fFPN constitue la premi\u00e8re association nationale ind\u00e9pendante \u00e0 repr\u00e9senter les membres de la GRC.&nbsp;<\/p>\n\n\n\n<p>Notre mission est de repr\u00e9senter nos membres de fa\u00e7on comp\u00e9tente, \u00e9quitable et novatrice pour promouvoir et consolider leurs droits partout au pays.&nbsp;<\/p>\n\n\n\n<p>Notre si\u00e8ge social est situ\u00e9 \u00e0 Ottawa, mais plus de la moiti\u00e9 de notre personnel travaille \u00e0 distance partout au Canada. Nous restons en contact \u00e9troit gr\u00e2ce \u00e0 notre syst\u00e8me actif de communication interne et \u00e0 nos outils de TI actualis\u00e9s.&nbsp;<\/p>\n\n\n\n<p><strong>Pourquoi travailler \u00e0 la FPN?<\/strong>&nbsp;<\/p>\n\n\n\n<ul class=\"wp-block-list\">\n<li>R\u00e9gime de r\u00e9mun\u00e9ration concurrentiel&nbsp;<\/li>\n\n\n\n<li>R\u00e9gime d\u2019avantages sociaux g\u00e9n\u00e9reux comprenant un compte de d\u00e9penses de soins de sant\u00e9&nbsp;<\/li>\n\n\n\n<li>R\u00e9gime d\u2019\u00e9pargne-retraite collectif&nbsp;<\/li>\n\n\n\n<li>Occasions de perfectionnement professionnel&nbsp;<\/li>\n\n\n\n<li>\u00c9quipe inclusive, passionn\u00e9e et conviviale&nbsp;<\/li>\n<\/ul>\n\n\n\n<p><strong>Principales responsabilit\u00e9s\u202f:<\/strong>&nbsp;<\/p>\n\n\n\n<ul class=\"wp-block-list\">\n<li>D\u00e9velopper des processus, des proc\u00e9dures et des syst\u00e8mes.&nbsp;<\/li>\n\n\n\n<li>Collaborer avec les d\u00e9partements afin d&#8217;identifier les solutions permettant de r\u00e9pondre \u00e0 leurs besoins.\u202f&nbsp;<\/li>\n\n\n\n<li>Collaborer avec les \u00e9quipes de s\u00e9curit\u00e9 informatique pour int\u00e9grer les mesures de s\u00e9curit\u00e9 appropri\u00e9es au sein des syst\u00e8mes et des proc\u00e9dures.&nbsp;<\/li>\n\n\n\n<li>Surveiller les services et les performances du service d&#8217;assistance.&nbsp;<\/li>\n\n\n\n<li>Participer aux plans d\u2019essai de reprise apr\u00e8s sinistre.&nbsp;<\/li>\n\n\n\n<li>Gestion des appareils (au sein du bureau national).&nbsp;<\/li>\n\n\n\n<li>Se tenir au fait de tous les d\u00e9veloppements pertinents aux TI et \u00e0 la cybers\u00e9curit\u00e9 et mettre \u00e0 niveau les syst\u00e8mes internes au besoin.&nbsp;<\/li>\n<\/ul>\n\n\n\n<p><strong>Qualifications :<\/strong><\/p>\n\n\n\n<ul class=\"wp-block-list\">\n<li>Au moins quatre ans de soutien aux infrastructures informatiques d&#8217;entreprise dans un environnement bas\u00e9 sur Microsoft, dans un r\u00f4le d&#8217;assistance comportant des responsabilit\u00e9s croissantes.<\/li>\n\n\n\n<li>Au moins quatre ans d&#8217;exp\u00e9rience dans le domaine des technologies de l&#8217;information, de l&#8217;assistance aux utilisateurs finaux et des r\u00e9seaux, des pare-feu et des technologies connexes pour des organisations de plus de 200 utilisateurs.<\/li>\n\n\n\n<li>Un dipl\u00f4me universitaire en informatique, en ing\u00e9nierie ou dans un domaine li\u00e9 \u00e0 la technologie est requis.<\/li>\n\n\n\n<li>Le candidat doit \u00eatre disponible pour des d\u00e9placements de nuit environ six fois par an.<\/li>\n\n\n\n<li>Bonne compr\u00e9hension des syst\u00e8mes informatiques, de la s\u00e9curit\u00e9, des t\u00e9l\u00e9communications, des bases de donn\u00e9es et des syst\u00e8mes de stockage.<\/li>\n\n\n\n<li>Capacit\u00e9s orales et \u00e9crites sup\u00e9rieures.<\/li>\n\n\n\n<li>Possibilit\u00e9 d&#8217;obtenir une habilitation de s\u00e9curit\u00e9 de niveau \u00ab secret \u00bb.<\/li>\n\n\n\n<li>Bilinguisme (atout).<\/li>\n\n\n\n<li>Exp\u00e9rience du travail dans un environnement changeant et capacit\u00e9 \u00e0 travailler sous pression pour respecter des d\u00e9lais critiques.<\/li>\n\n\n\n<li>Solides capacit\u00e9s de gestion de projet.<\/li>\n\n\n\n<li>Capacit\u00e9 \u00e0 prendre des informations complexes, \u00e0 les distiller et \u00e0 les communiquer \u00e0 divers publics de mani\u00e8re claire \u00e0 l&#8217;oral et en termes simples.<\/li>\n\n\n\n<li>Capacit\u00e9 \u00e0 g\u00e9rer et \u00e0 hi\u00e9rarchiser les t\u00e2ches et les projets.<\/li>\n\n\n\n<li>Excellente ma\u00eetrise des outils de productivit\u00e9 de Microsoft Office.\u202f<\/li>\n<\/ul>\n\n\n\n<p><strong>Comp\u00e9tences\u202f:<\/strong>&nbsp;<\/p>\n\n\n\n<ul class=\"wp-block-list\">\n<li>Comp\u00e9tences interpersonnelles exceptionnelles, y compris la capacit\u00e9 \u00e0 \u00e9tablir des relations professionnelles couvrant tous les aspects et tous les niveaux de la FNP.\u202f\u202f\u202f&nbsp;<\/li>\n\n\n\n<li>Capacit\u00e9 \u00e0 s\u2019adapter \u00e0 des situations changeantes, \u00e0 de nouvelles id\u00e9es et \u00e0 de nouveaux concepts.\u202f\u202f\u202f\u202f&nbsp;<\/li>\n\n\n\n<li>Jugement et tact hors pair.\u202f\u202f\u202f&nbsp;<\/li>\n\n\n\n<li>Grand souci du d\u00e9tail.\u202f\u202f\u202f\u202f\u202f&nbsp;&nbsp;<\/li>\n\n\n\n<li>Aptitude \u00e0 r\u00e9soudre les probl\u00e8mes.\u202f\u202f\u202f\u202f \u202f&nbsp;<\/li>\n\n\n\n<li>Capacit\u00e9 \u00e0 g\u00e9rer et \u00e0 prioriser les t\u00e2ches et les projets.\u202f \u202f\u202f\u202f&nbsp;<\/li>\n\n\n\n<li>Capacit\u00e9 \u00e0 ex\u00e9cuter plusieurs t\u00e2ches \u00e0 la fois, \u00e0 prendre des initiatives, \u00e0 \u00eatre proactif et \u00e0 faire preuve de flexibilit\u00e9.\u202f\u202f\u202f\u202f\u202f&nbsp;<\/li>\n\n\n\n<li>Capacit\u00e9 \u00e0 communiquer et \u00e0 collaborer efficacement avec les membres de l&#8217;\u00e9quipe et les diff\u00e9rents services afin d&#8217;atteindre des objectifs communs. Cela inclut l&#8217;\u00e9coute active, le respect des diff\u00e9rents points de vue et l&#8217;apport d&#8217;id\u00e9es et d&#8217;expertise aux projets de groupe.&nbsp;<\/li>\n\n\n\n<li>Capacit\u00e9 \u00e0 travailler sous pression et \u00e0 respecter des d\u00e9lais continus.\u202f\u202f\u202f\u202f&nbsp;<\/li>\n\n\n\n<li>Esprit novateur.&nbsp;<\/li>\n<\/ul>\n\n\n\n<p><strong>Compensation <\/strong>:&nbsp;<\/p>\n\n\n\n<p>Le salaire de base initial, en fonction des qualifications et de l&#8217;exp\u00e9rience, se situe entre 69 888,00 et 81 536,00 dollars.<\/p>\n\n\n\n<p>La FPN embauche en fonction du m\u00e9rite et s\u2019engage \u00e0 assurer l\u2019\u00e9quit\u00e9 en mati\u00e8re d\u2019emploi. Nous encourageons toutes les personnes qualifi\u00e9es \u00e0 soumettre leur candidature.&nbsp;<\/p>\n\n\n\n<p>Bien que nous acceptions les candidatures de toute personne int\u00e9ress\u00e9e, seuls les candidats s\u00e9lectionn\u00e9s pour un entretien seront contact\u00e9s<\/p>\n\n\n\n<div class=\"wp-block-buttons is-layout-flex wp-block-buttons-is-layout-flex\">\n<div class=\"wp-block-button\"><a class=\"wp-block-button__link has-vivid-red-background-color has-background wp-element-button\" href=\"https:\/\/lynxrecruitment.ca\/opportunities\/it-operations-analyst-national-police-federation\/\" style=\"border-radius:7px\">Postulez maintenant<\/a><\/div>\n\n\n\n<div class=\"wp-block-button\"><a class=\"wp-block-button__link has-vivid-red-background-color has-background wp-element-button\" href=\"mailto:\" style=\"border-radius:7px\" target=\"_blank\" rel=\"noreferrer noopener\">Envoyez un courriel \u00e0 un(e) ami(e) \u00e0 propos de cette opportunit\u00e9<\/a><\/div>\n<\/div>\n","protected":false},"excerpt":{"rendered":"<p>Analyste des op\u00e9rations en TITravail hybride\u00c0 temps plein Sup\u00e9rieur imm\u00e9diat\u202f :&nbsp;Directeur, Technologies de l&#8217;informationLieu: National Capital Region\/Hybrid Qui nous sommes\u202f:&nbsp;La F\u00e9d\u00e9ration de la police nationale\u202f(FPN) est l\u2019agent n\u00e9gociateur accr\u00e9dit\u00e9 repr\u00e9sentant ses membres r\u00e9guliers et les r\u00e9servistes de la Gendarmerie royale [&hellip;]<\/p>\n","protected":false},"author":14517,"featured_media":0,"parent":0,"menu_order":0,"comment_status":"closed","ping_status":"closed","template":"","meta":{"_acf_changed":false,"inline_featured_image":false,"footnotes":""},"class_list":["post-45668","page","type-page","status-publish","hentry"],"acf":[],"yoast_head":"<!-- This site is optimized with the Yoast SEO plugin v27.3 - https:\/\/yoast.com\/product\/yoast-seo-wordpress\/ -->\n<title>Carri\u00e8res avec la FPN \u2013 Analyste des op\u00e9rations en TI - NPF-FPN<\/title>\n<meta name=\"robots\" content=\"index, follow, max-snippet:-1, max-image-preview:large, max-video-preview:-1\" \/>\n<link rel=\"canonical\" href=\"https:\/\/npf-fpn.com\/fr\/carrieres-avec-la-fpn-analyste-des-operations-en-ti\/\" \/>\n<meta property=\"og:locale\" content=\"fr_FR\" \/>\n<meta property=\"og:type\" content=\"article\" \/>\n<meta property=\"og:title\" content=\"Carri\u00e8res avec la FPN \u2013 Analyste des op\u00e9rations en TI - NPF-FPN\" \/>\n<meta property=\"og:description\" content=\"Analyste des op\u00e9rations en TITravail hybride\u00c0 temps plein Sup\u00e9rieur imm\u00e9diat\u202f :&nbsp;Directeur, Technologies de l&#8217;informationLieu: National Capital Region\/Hybrid Qui nous sommes\u202f:&nbsp;La F\u00e9d\u00e9ration de la police nationale\u202f(FPN) est l\u2019agent n\u00e9gociateur accr\u00e9dit\u00e9 repr\u00e9sentant ses membres r\u00e9guliers et les r\u00e9servistes de la Gendarmerie royale [&hellip;]\" \/>\n<meta property=\"og:url\" content=\"https:\/\/npf-fpn.com\/fr\/carrieres-avec-la-fpn-analyste-des-operations-en-ti\/\" \/>\n<meta property=\"og:site_name\" content=\"NPF-FPN\" \/>\n<meta property=\"article:modified_time\" content=\"2024-06-10T15:51:33+00:00\" \/>\n<meta name=\"twitter:card\" content=\"summary_large_image\" \/>\n<meta name=\"twitter:label1\" content=\"Est. reading time\" \/>\n\t<meta name=\"twitter:data1\" content=\"4 minutes\" \/>\n<script type=\"application\/ld+json\" class=\"yoast-schema-graph\">{\"@context\":\"https:\\\/\\\/schema.org\",\"@graph\":[{\"@type\":\"WebPage\",\"@id\":\"https:\\\/\\\/npf-fpn.com\\\/fr\\\/carrieres-avec-la-fpn-analyste-des-operations-en-ti\\\/\",\"url\":\"https:\\\/\\\/npf-fpn.com\\\/fr\\\/carrieres-avec-la-fpn-analyste-des-operations-en-ti\\\/\",\"name\":\"Carri\u00e8res avec la FPN \u2013 Analyste des op\u00e9rations en TI - NPF-FPN\",\"isPartOf\":{\"@id\":\"https:\\\/\\\/npf-fpn.com\\\/#website\"},\"datePublished\":\"2023-11-01T14:44:29+00:00\",\"dateModified\":\"2024-06-10T15:51:33+00:00\",\"breadcrumb\":{\"@id\":\"https:\\\/\\\/npf-fpn.com\\\/fr\\\/carrieres-avec-la-fpn-analyste-des-operations-en-ti\\\/#breadcrumb\"},\"inLanguage\":\"fr-FR\",\"potentialAction\":[{\"@type\":\"ReadAction\",\"target\":[\"https:\\\/\\\/npf-fpn.com\\\/fr\\\/carrieres-avec-la-fpn-analyste-des-operations-en-ti\\\/\"]}]},{\"@type\":\"BreadcrumbList\",\"@id\":\"https:\\\/\\\/npf-fpn.com\\\/fr\\\/carrieres-avec-la-fpn-analyste-des-operations-en-ti\\\/#breadcrumb\",\"itemListElement\":[{\"@type\":\"ListItem\",\"position\":1,\"name\":\"Accueil\",\"item\":\"https:\\\/\\\/npf-fpn.com\\\/fr\\\/\"},{\"@type\":\"ListItem\",\"position\":2,\"name\":\"Carri\u00e8res avec la FPN \u2013 Analyste des op\u00e9rations en TI\"}]},{\"@type\":\"WebSite\",\"@id\":\"https:\\\/\\\/npf-fpn.com\\\/#website\",\"url\":\"https:\\\/\\\/npf-fpn.com\\\/\",\"name\":\"NPF-FPN\",\"description\":\"Providing strong, fair and progressive representation to almost 20,000 RCMP members across Canada.\",\"publisher\":{\"@id\":\"https:\\\/\\\/npf-fpn.com\\\/#organization\"},\"potentialAction\":[{\"@type\":\"SearchAction\",\"target\":{\"@type\":\"EntryPoint\",\"urlTemplate\":\"https:\\\/\\\/npf-fpn.com\\\/?s={search_term_string}\"},\"query-input\":{\"@type\":\"PropertyValueSpecification\",\"valueRequired\":true,\"valueName\":\"search_term_string\"}}],\"inLanguage\":\"fr-FR\"},{\"@type\":\"Organization\",\"@id\":\"https:\\\/\\\/npf-fpn.com\\\/#organization\",\"name\":\"NPF-FPN\",\"url\":\"https:\\\/\\\/npf-fpn.com\\\/\",\"logo\":{\"@type\":\"ImageObject\",\"inLanguage\":\"fr-FR\",\"@id\":\"https:\\\/\\\/npf-fpn.com\\\/#\\\/schema\\\/logo\\\/image\\\/\",\"url\":\"https:\\\/\\\/npf-fpn.com\\\/app\\\/uploads\\\/2022\\\/01\\\/NPF.jpg\",\"contentUrl\":\"https:\\\/\\\/npf-fpn.com\\\/app\\\/uploads\\\/2022\\\/01\\\/NPF.jpg\",\"width\":200,\"height\":200,\"caption\":\"NPF-FPN\"},\"image\":{\"@id\":\"https:\\\/\\\/npf-fpn.com\\\/#\\\/schema\\\/logo\\\/image\\\/\"}}]}<\/script>\n<!-- \/ Yoast SEO plugin. -->","yoast_head_json":{"title":"Carri\u00e8res avec la FPN \u2013 Analyste des op\u00e9rations en TI - NPF-FPN","robots":{"index":"index","follow":"follow","max-snippet":"max-snippet:-1","max-image-preview":"max-image-preview:large","max-video-preview":"max-video-preview:-1"},"canonical":"https:\/\/npf-fpn.com\/fr\/carrieres-avec-la-fpn-analyste-des-operations-en-ti\/","og_locale":"fr_FR","og_type":"article","og_title":"Carri\u00e8res avec la FPN \u2013 Analyste des op\u00e9rations en TI - NPF-FPN","og_description":"Analyste des op\u00e9rations en TITravail hybride\u00c0 temps plein Sup\u00e9rieur imm\u00e9diat\u202f :&nbsp;Directeur, Technologies de l&#8217;informationLieu: National Capital Region\/Hybrid Qui nous sommes\u202f:&nbsp;La F\u00e9d\u00e9ration de la police nationale\u202f(FPN) est l\u2019agent n\u00e9gociateur accr\u00e9dit\u00e9 repr\u00e9sentant ses membres r\u00e9guliers et les r\u00e9servistes de la Gendarmerie royale [&hellip;]","og_url":"https:\/\/npf-fpn.com\/fr\/carrieres-avec-la-fpn-analyste-des-operations-en-ti\/","og_site_name":"NPF-FPN","article_modified_time":"2024-06-10T15:51:33+00:00","twitter_card":"summary_large_image","twitter_misc":{"Est. reading time":"4 minutes"},"schema":{"@context":"https:\/\/schema.org","@graph":[{"@type":"WebPage","@id":"https:\/\/npf-fpn.com\/fr\/carrieres-avec-la-fpn-analyste-des-operations-en-ti\/","url":"https:\/\/npf-fpn.com\/fr\/carrieres-avec-la-fpn-analyste-des-operations-en-ti\/","name":"Carri\u00e8res avec la FPN \u2013 Analyste des op\u00e9rations en TI - NPF-FPN","isPartOf":{"@id":"https:\/\/npf-fpn.com\/#website"},"datePublished":"2023-11-01T14:44:29+00:00","dateModified":"2024-06-10T15:51:33+00:00","breadcrumb":{"@id":"https:\/\/npf-fpn.com\/fr\/carrieres-avec-la-fpn-analyste-des-operations-en-ti\/#breadcrumb"},"inLanguage":"fr-FR","potentialAction":[{"@type":"ReadAction","target":["https:\/\/npf-fpn.com\/fr\/carrieres-avec-la-fpn-analyste-des-operations-en-ti\/"]}]},{"@type":"BreadcrumbList","@id":"https:\/\/npf-fpn.com\/fr\/carrieres-avec-la-fpn-analyste-des-operations-en-ti\/#breadcrumb","itemListElement":[{"@type":"ListItem","position":1,"name":"Accueil","item":"https:\/\/npf-fpn.com\/fr\/"},{"@type":"ListItem","position":2,"name":"Carri\u00e8res avec la FPN \u2013 Analyste des op\u00e9rations en TI"}]},{"@type":"WebSite","@id":"https:\/\/npf-fpn.com\/#website","url":"https:\/\/npf-fpn.com\/","name":"NPF-FPN","description":"Providing strong, fair and progressive representation to almost 20,000 RCMP members across Canada.","publisher":{"@id":"https:\/\/npf-fpn.com\/#organization"},"potentialAction":[{"@type":"SearchAction","target":{"@type":"EntryPoint","urlTemplate":"https:\/\/npf-fpn.com\/?s={search_term_string}"},"query-input":{"@type":"PropertyValueSpecification","valueRequired":true,"valueName":"search_term_string"}}],"inLanguage":"fr-FR"},{"@type":"Organization","@id":"https:\/\/npf-fpn.com\/#organization","name":"NPF-FPN","url":"https:\/\/npf-fpn.com\/","logo":{"@type":"ImageObject","inLanguage":"fr-FR","@id":"https:\/\/npf-fpn.com\/#\/schema\/logo\/image\/","url":"https:\/\/npf-fpn.com\/app\/uploads\/2022\/01\/NPF.jpg","contentUrl":"https:\/\/npf-fpn.com\/app\/uploads\/2022\/01\/NPF.jpg","width":200,"height":200,"caption":"NPF-FPN"},"image":{"@id":"https:\/\/npf-fpn.com\/#\/schema\/logo\/image\/"}}]}},"_links":{"self":[{"href":"https:\/\/npf-fpn.com\/fr\/wp-json\/wp\/v2\/pages\/45668","targetHints":{"allow":["GET"]}}],"collection":[{"href":"https:\/\/npf-fpn.com\/fr\/wp-json\/wp\/v2\/pages"}],"about":[{"href":"https:\/\/npf-fpn.com\/fr\/wp-json\/wp\/v2\/types\/page"}],"author":[{"embeddable":true,"href":"https:\/\/npf-fpn.com\/fr\/wp-json\/wp\/v2\/users\/14517"}],"replies":[{"embeddable":true,"href":"https:\/\/npf-fpn.com\/fr\/wp-json\/wp\/v2\/comments?post=45668"}],"version-history":[{"count":9,"href":"https:\/\/npf-fpn.com\/fr\/wp-json\/wp\/v2\/pages\/45668\/revisions"}],"predecessor-version":[{"id":52170,"href":"https:\/\/npf-fpn.com\/fr\/wp-json\/wp\/v2\/pages\/45668\/revisions\/52170"}],"wp:attachment":[{"href":"https:\/\/npf-fpn.com\/fr\/wp-json\/wp\/v2\/media?parent=45668"}],"curies":[{"name":"wp","href":"https:\/\/api.w.org\/{rel}","templated":true}]}}