{"id":40055,"date":"2023-02-28T21:53:44","date_gmt":"2023-02-28T21:53:44","guid":{"rendered":"https:\/\/npf-fpn.com\/?page_id=40055"},"modified":"2023-03-01T18:27:39","modified_gmt":"2023-03-01T18:27:39","slug":"administrateur-de-la-fbfpn-rob-farrer","status":"publish","type":"page","link":"https:\/\/npf-fpn.com\/fr\/administrateur-de-la-fbfpn-rob-farrer\/","title":{"rendered":"Administrateur de la FBFPN, Rob Farrer"},"content":{"rendered":"\n<div class=\"wp-block-media-text alignwide is-stacked-on-mobile is-vertically-aligned-top\" style=\"grid-template-columns:30% auto\"><figure class=\"wp-block-media-text__media\"><img decoding=\"async\" width=\"258\" height=\"360\" src=\"https:\/\/npf-fpn.com\/app\/uploads\/2022\/05\/Rob-Farrer-Website.png\" alt=\"\" class=\"wp-image-30089 size-full\" srcset=\"https:\/\/npf-fpn.com\/app\/uploads\/2022\/05\/Rob-Farrer-Website.png 258w, https:\/\/npf-fpn.com\/app\/uploads\/2022\/05\/Rob-Farrer-Website-215x300.png 215w, https:\/\/npf-fpn.com\/app\/uploads\/2022\/05\/Rob-Farrer-Website-143x200.png 143w\" sizes=\"(max-width: 258px) 100vw, 258px\" \/><\/figure><div class=\"wp-block-media-text__content\">\n<h4 class=\"wp-block-heading\">Rob Farrer, Administrateur<\/h4>\n\n\n\n<p>Rob est un sergent de la GRC qui a pass\u00e9 les 20 derni\u00e8res ann\u00e9es \u00e0 assurer le maintien de l\u2019ordre dans plusieurs r\u00e9gions du Canada, notamment la c\u00f4te arctique des Territoires du Nord-Ouest, la vall\u00e9e du Bas-Fraser en Colombie-Britannique et l\u2019Okanagan, o\u00f9 il habite actuellement.&nbsp; L\u2019exp\u00e9rience de Rob comprend les services de police dans les secteurs f\u00e9d\u00e9ral, provincial et municipal, notamment les services g\u00e9n\u00e9raux, le SIG, les crimes graves f\u00e9d\u00e9raux et le crime organis\u00e9, les relations de travail, les services de police ruraux et des Premi\u00e8res Nations.&nbsp; Rob faisait \u00e9galement partie de l\u2019\u00e9quipe de s\u00e9curit\u00e9 de la Course \u00e0 la flamme olympique de 2010 et a pu voyager avec la flamme olympique dans une grande partie du Canada.<\/p>\n\n\n\n<p>En plus de faire du b\u00e9n\u00e9volat aupr\u00e8s de groupes sportifs locaux, en 2019, Rob a entrepris une marche pour recueillir des fonds pour la sensibilisation au TSPT. Dans le but de marcher un kilom\u00e8tre pour chaque membre de la GRC d\u00e9c\u00e9d\u00e9 dans l\u2019exercice de ses fonctions depuis 1873, Rob a effectu\u00e9 une marche de 239 kilom\u00e8tres sur une p\u00e9riode de 57 heures et a recueilli environ 16&nbsp;000&nbsp;$, qui ont ensuite \u00e9t\u00e9 donn\u00e9s \u00e0 un organisme de bienfaisance qui \u00e9l\u00e8ve et forme des chiens d\u2019assistance aux victimes du TSPT.<\/p>\n\n\n\n<p>Rob se r\u00e9jouit de continuer \u00e0 aider les membres et leurs familles dans le cadre du FBFPN.<\/p>\n<\/div><\/div>\n\n\n\n<h4 class=\"wp-block-heading\">Conseil d&#8217;administration de la FBFPN<\/h4>\n\n\n\n<div class=\"wp-block-columns is-layout-flex wp-container-core-columns-is-layout-9d6595d7 wp-block-columns-is-layout-flex\">\n<div class=\"wp-block-column is-layout-flow wp-block-column-is-layout-flow\">\n<figure class=\"wp-block-image is-resized\" id=\"block-576dab1d-9396-4b42-8a86-e677e060622d\"><img decoding=\"async\" src=\"https:\/\/npf-fpn.com\/app\/uploads\/2023\/01\/Kevin-Halwa-Web.png\" alt=\"This image has an empty alt attribute; its file name is Kevin-Halwa-Web.png\" width=\"149\" height=\"210\"\/><\/figure>\n\n\n\n<p class=\"has-text-align-center\"><strong>Kevin Halwa<br><\/strong>Pr\u00e9sident<br><a href=\"https:\/\/npf-fpn.com\/fr\/president-de-la-fbfpn-kevin-halwa\/\">Bio<\/a><\/p>\n<\/div>\n\n\n\n<div class=\"wp-block-column is-layout-flow wp-block-column-is-layout-flow\">\n<figure class=\"wp-block-image is-resized\" id=\"block-badb751b-bb4c-402a-a643-7f835f3f5805\"><img decoding=\"async\" src=\"https:\/\/npf-fpn.com\/app\/uploads\/2022\/11\/Brian-Sauve-Website.png\" alt=\"This image has an empty alt attribute; its file name is Brian-Sauve-Website.png\" width=\"149\" height=\"210\"\/><\/figure>\n\n\n\n<p class=\"has-text-align-center\"><strong>Brian Sauv\u00e9<br><\/strong>Administrateur<br><a href=\"https:\/\/npf-fpn.com\/fr\/npfbf-board-director-brian-sauve\/\">Bio<\/a><\/p>\n<\/div>\n\n\n\n<div class=\"wp-block-column is-layout-flow wp-block-column-is-layout-flow\">\n<figure class=\"wp-block-image is-resized\" id=\"block-eab84b6e-ff80-486b-916f-17f4108ddf75\"><img decoding=\"async\" src=\"https:\/\/npf-fpn.com\/app\/uploads\/2022\/11\/Michelle-Boutin-Web-2.png\" alt=\"This image has an empty alt attribute; its file name is Michelle-Boutin-Web-2.png\" width=\"149\" height=\"210\"\/><\/figure>\n\n\n\n<p class=\"has-text-align-center\"><strong>Michelle Boutin<br><\/strong>Administratrice<br><a href=\"https:\/\/npf-fpn.com\/fr\/administratrice-de-la-fbfpn-michelle-boutin\/\">Bio<\/a><\/p>\n<\/div>\n\n\n\n<div class=\"wp-block-column is-layout-flow wp-block-column-is-layout-flow\">\n<figure class=\"wp-block-image is-resized\" id=\"block-5006d14b-f18b-4e90-bc0d-d0f4bb9fff39\"><img decoding=\"async\" src=\"https:\/\/npf-fpn.com\/app\/uploads\/2022\/11\/Rob-Farrer-Website.png\" alt=\"This image has an empty alt attribute; its file name is Rob-Farrer-Website.png\" width=\"149\" height=\"210\"\/><\/figure>\n\n\n\n<p class=\"has-text-align-center\"><strong>Rob Farrer<br><\/strong>Administrateur<br><a href=\"https:\/\/npf-fpn.com\/fr\/administrateur-de-la-fbfpn-rob-farrer\/\">Bio<\/a><\/p>\n<\/div>\n\n\n\n<div class=\"wp-block-column is-layout-flow wp-block-column-is-layout-flow\">\n<figure class=\"wp-block-image is-resized\" id=\"block-59ff526f-93ca-4ad8-b505-8e6f01d2fa3c\"><img decoding=\"async\" src=\"https:\/\/npf-fpn.com\/app\/uploads\/2022\/11\/Jeff-Swann-Website.png\" alt=\"This image has an empty alt attribute; its file name is Jeff-Swann-Website.png\" width=\"149\" height=\"210\"\/><\/figure>\n\n\n\n<p class=\"has-text-align-center\"><strong>Jeff Swann<br><\/strong>Administrateur<br><a href=\"https:\/\/npf-fpn.com\/fr\/administrateur-de-la-fbfpn-jeff-swann\/\">Bio<\/a><\/p>\n<\/div>\n<\/div>\n\n\n\n<p class=\"has-text-align-right\">Num\u00e9ro d&#8217;enregistrement d&#8217;organisme de bienfaisance 780448692RR0001<\/p>\n","protected":false},"excerpt":{"rendered":"<p>Rob Farrer, Administrateur Rob est un sergent de la GRC qui a pass\u00e9 les 20 derni\u00e8res ann\u00e9es \u00e0 assurer le maintien de l\u2019ordre dans plusieurs r\u00e9gions du Canada, notamment la c\u00f4te arctique des Territoires du Nord-Ouest, la vall\u00e9e du Bas-Fraser [&hellip;]<\/p>\n","protected":false},"author":326,"featured_media":0,"parent":0,"menu_order":0,"comment_status":"closed","ping_status":"closed","template":"","meta":{"_acf_changed":false,"inline_featured_image":false,"footnotes":""},"class_list":["post-40055","page","type-page","status-publish","hentry"],"acf":[],"yoast_head":"<!-- This site is optimized with the Yoast SEO plugin v27.4 - https:\/\/yoast.com\/product\/yoast-seo-wordpress\/ -->\n<title>Administrateur de la FBFPN, Rob Farrer - NPF-FPN<\/title>\n<meta name=\"robots\" content=\"index, follow, max-snippet:-1, max-image-preview:large, max-video-preview:-1\" \/>\n<link rel=\"canonical\" href=\"https:\/\/npf-fpn.com\/fr\/administrateur-de-la-fbfpn-rob-farrer\/\" \/>\n<meta property=\"og:locale\" content=\"fr_FR\" \/>\n<meta property=\"og:type\" content=\"article\" \/>\n<meta property=\"og:title\" content=\"Administrateur de la FBFPN, Rob Farrer - NPF-FPN\" \/>\n<meta property=\"og:description\" content=\"Rob Farrer, Administrateur Rob est un sergent de la GRC qui a pass\u00e9 les 20 derni\u00e8res ann\u00e9es \u00e0 assurer le maintien de l\u2019ordre dans plusieurs r\u00e9gions du Canada, notamment la c\u00f4te arctique des Territoires du Nord-Ouest, la vall\u00e9e du Bas-Fraser [&hellip;]\" \/>\n<meta property=\"og:url\" content=\"https:\/\/npf-fpn.com\/fr\/administrateur-de-la-fbfpn-rob-farrer\/\" \/>\n<meta property=\"og:site_name\" content=\"NPF-FPN\" \/>\n<meta property=\"article:modified_time\" content=\"2023-03-01T18:27:39+00:00\" \/>\n<meta property=\"og:image\" content=\"https:\/\/npf-fpn.com\/app\/uploads\/2022\/05\/Rob-Farrer-Website.png\" \/>\n<meta name=\"twitter:card\" content=\"summary_large_image\" \/>\n<meta name=\"twitter:label1\" content=\"Est. reading time\" \/>\n\t<meta name=\"twitter:data1\" content=\"3 minutes\" \/>\n<script type=\"application\/ld+json\" class=\"yoast-schema-graph\">{\"@context\":\"https:\\\/\\\/schema.org\",\"@graph\":[{\"@type\":\"WebPage\",\"@id\":\"https:\\\/\\\/npf-fpn.com\\\/fr\\\/administrateur-de-la-fbfpn-rob-farrer\\\/\",\"url\":\"https:\\\/\\\/npf-fpn.com\\\/fr\\\/administrateur-de-la-fbfpn-rob-farrer\\\/\",\"name\":\"Administrateur de la FBFPN, Rob Farrer - NPF-FPN\",\"isPartOf\":{\"@id\":\"https:\\\/\\\/npf-fpn.com\\\/#website\"},\"primaryImageOfPage\":{\"@id\":\"https:\\\/\\\/npf-fpn.com\\\/fr\\\/administrateur-de-la-fbfpn-rob-farrer\\\/#primaryimage\"},\"image\":{\"@id\":\"https:\\\/\\\/npf-fpn.com\\\/fr\\\/administrateur-de-la-fbfpn-rob-farrer\\\/#primaryimage\"},\"thumbnailUrl\":\"https:\\\/\\\/npf-fpn.com\\\/app\\\/uploads\\\/2022\\\/05\\\/Rob-Farrer-Website.png\",\"datePublished\":\"2023-02-28T21:53:44+00:00\",\"dateModified\":\"2023-03-01T18:27:39+00:00\",\"breadcrumb\":{\"@id\":\"https:\\\/\\\/npf-fpn.com\\\/fr\\\/administrateur-de-la-fbfpn-rob-farrer\\\/#breadcrumb\"},\"inLanguage\":\"fr-FR\",\"potentialAction\":[{\"@type\":\"ReadAction\",\"target\":[\"https:\\\/\\\/npf-fpn.com\\\/fr\\\/administrateur-de-la-fbfpn-rob-farrer\\\/\"]}]},{\"@type\":\"ImageObject\",\"inLanguage\":\"fr-FR\",\"@id\":\"https:\\\/\\\/npf-fpn.com\\\/fr\\\/administrateur-de-la-fbfpn-rob-farrer\\\/#primaryimage\",\"url\":\"https:\\\/\\\/npf-fpn.com\\\/app\\\/uploads\\\/2022\\\/05\\\/Rob-Farrer-Website.png\",\"contentUrl\":\"https:\\\/\\\/npf-fpn.com\\\/app\\\/uploads\\\/2022\\\/05\\\/Rob-Farrer-Website.png\"},{\"@type\":\"BreadcrumbList\",\"@id\":\"https:\\\/\\\/npf-fpn.com\\\/fr\\\/administrateur-de-la-fbfpn-rob-farrer\\\/#breadcrumb\",\"itemListElement\":[{\"@type\":\"ListItem\",\"position\":1,\"name\":\"Accueil\",\"item\":\"https:\\\/\\\/npf-fpn.com\\\/fr\\\/\"},{\"@type\":\"ListItem\",\"position\":2,\"name\":\"Administrateur de la FBFPN, Rob Farrer\"}]},{\"@type\":\"WebSite\",\"@id\":\"https:\\\/\\\/npf-fpn.com\\\/#website\",\"url\":\"https:\\\/\\\/npf-fpn.com\\\/\",\"name\":\"NPF-FPN\",\"description\":\"Providing strong, fair and progressive representation to almost 20,000 RCMP members across Canada.\",\"publisher\":{\"@id\":\"https:\\\/\\\/npf-fpn.com\\\/#organization\"},\"potentialAction\":[{\"@type\":\"SearchAction\",\"target\":{\"@type\":\"EntryPoint\",\"urlTemplate\":\"https:\\\/\\\/npf-fpn.com\\\/?s={search_term_string}\"},\"query-input\":{\"@type\":\"PropertyValueSpecification\",\"valueRequired\":true,\"valueName\":\"search_term_string\"}}],\"inLanguage\":\"fr-FR\"},{\"@type\":\"Organization\",\"@id\":\"https:\\\/\\\/npf-fpn.com\\\/#organization\",\"name\":\"NPF-FPN\",\"url\":\"https:\\\/\\\/npf-fpn.com\\\/\",\"logo\":{\"@type\":\"ImageObject\",\"inLanguage\":\"fr-FR\",\"@id\":\"https:\\\/\\\/npf-fpn.com\\\/#\\\/schema\\\/logo\\\/image\\\/\",\"url\":\"https:\\\/\\\/npf-fpn.com\\\/app\\\/uploads\\\/2022\\\/01\\\/NPF.jpg\",\"contentUrl\":\"https:\\\/\\\/npf-fpn.com\\\/app\\\/uploads\\\/2022\\\/01\\\/NPF.jpg\",\"width\":200,\"height\":200,\"caption\":\"NPF-FPN\"},\"image\":{\"@id\":\"https:\\\/\\\/npf-fpn.com\\\/#\\\/schema\\\/logo\\\/image\\\/\"}}]}<\/script>\n<!-- \/ Yoast SEO plugin. -->","yoast_head_json":{"title":"Administrateur de la FBFPN, Rob Farrer - NPF-FPN","robots":{"index":"index","follow":"follow","max-snippet":"max-snippet:-1","max-image-preview":"max-image-preview:large","max-video-preview":"max-video-preview:-1"},"canonical":"https:\/\/npf-fpn.com\/fr\/administrateur-de-la-fbfpn-rob-farrer\/","og_locale":"fr_FR","og_type":"article","og_title":"Administrateur de la FBFPN, Rob Farrer - NPF-FPN","og_description":"Rob Farrer, Administrateur Rob est un sergent de la GRC qui a pass\u00e9 les 20 derni\u00e8res ann\u00e9es \u00e0 assurer le maintien de l\u2019ordre dans plusieurs r\u00e9gions du Canada, notamment la c\u00f4te arctique des Territoires du Nord-Ouest, la vall\u00e9e du Bas-Fraser [&hellip;]","og_url":"https:\/\/npf-fpn.com\/fr\/administrateur-de-la-fbfpn-rob-farrer\/","og_site_name":"NPF-FPN","article_modified_time":"2023-03-01T18:27:39+00:00","og_image":[{"url":"https:\/\/npf-fpn.com\/app\/uploads\/2022\/05\/Rob-Farrer-Website.png","type":"","width":"","height":""}],"twitter_card":"summary_large_image","twitter_misc":{"Est. reading time":"3 minutes"},"schema":{"@context":"https:\/\/schema.org","@graph":[{"@type":"WebPage","@id":"https:\/\/npf-fpn.com\/fr\/administrateur-de-la-fbfpn-rob-farrer\/","url":"https:\/\/npf-fpn.com\/fr\/administrateur-de-la-fbfpn-rob-farrer\/","name":"Administrateur de la FBFPN, Rob Farrer - NPF-FPN","isPartOf":{"@id":"https:\/\/npf-fpn.com\/#website"},"primaryImageOfPage":{"@id":"https:\/\/npf-fpn.com\/fr\/administrateur-de-la-fbfpn-rob-farrer\/#primaryimage"},"image":{"@id":"https:\/\/npf-fpn.com\/fr\/administrateur-de-la-fbfpn-rob-farrer\/#primaryimage"},"thumbnailUrl":"https:\/\/npf-fpn.com\/app\/uploads\/2022\/05\/Rob-Farrer-Website.png","datePublished":"2023-02-28T21:53:44+00:00","dateModified":"2023-03-01T18:27:39+00:00","breadcrumb":{"@id":"https:\/\/npf-fpn.com\/fr\/administrateur-de-la-fbfpn-rob-farrer\/#breadcrumb"},"inLanguage":"fr-FR","potentialAction":[{"@type":"ReadAction","target":["https:\/\/npf-fpn.com\/fr\/administrateur-de-la-fbfpn-rob-farrer\/"]}]},{"@type":"ImageObject","inLanguage":"fr-FR","@id":"https:\/\/npf-fpn.com\/fr\/administrateur-de-la-fbfpn-rob-farrer\/#primaryimage","url":"https:\/\/npf-fpn.com\/app\/uploads\/2022\/05\/Rob-Farrer-Website.png","contentUrl":"https:\/\/npf-fpn.com\/app\/uploads\/2022\/05\/Rob-Farrer-Website.png"},{"@type":"BreadcrumbList","@id":"https:\/\/npf-fpn.com\/fr\/administrateur-de-la-fbfpn-rob-farrer\/#breadcrumb","itemListElement":[{"@type":"ListItem","position":1,"name":"Accueil","item":"https:\/\/npf-fpn.com\/fr\/"},{"@type":"ListItem","position":2,"name":"Administrateur de la FBFPN, Rob Farrer"}]},{"@type":"WebSite","@id":"https:\/\/npf-fpn.com\/#website","url":"https:\/\/npf-fpn.com\/","name":"NPF-FPN","description":"Providing strong, fair and progressive representation to almost 20,000 RCMP members across Canada.","publisher":{"@id":"https:\/\/npf-fpn.com\/#organization"},"potentialAction":[{"@type":"SearchAction","target":{"@type":"EntryPoint","urlTemplate":"https:\/\/npf-fpn.com\/?s={search_term_string}"},"query-input":{"@type":"PropertyValueSpecification","valueRequired":true,"valueName":"search_term_string"}}],"inLanguage":"fr-FR"},{"@type":"Organization","@id":"https:\/\/npf-fpn.com\/#organization","name":"NPF-FPN","url":"https:\/\/npf-fpn.com\/","logo":{"@type":"ImageObject","inLanguage":"fr-FR","@id":"https:\/\/npf-fpn.com\/#\/schema\/logo\/image\/","url":"https:\/\/npf-fpn.com\/app\/uploads\/2022\/01\/NPF.jpg","contentUrl":"https:\/\/npf-fpn.com\/app\/uploads\/2022\/01\/NPF.jpg","width":200,"height":200,"caption":"NPF-FPN"},"image":{"@id":"https:\/\/npf-fpn.com\/#\/schema\/logo\/image\/"}}]}},"_links":{"self":[{"href":"https:\/\/npf-fpn.com\/fr\/wp-json\/wp\/v2\/pages\/40055","targetHints":{"allow":["GET"]}}],"collection":[{"href":"https:\/\/npf-fpn.com\/fr\/wp-json\/wp\/v2\/pages"}],"about":[{"href":"https:\/\/npf-fpn.com\/fr\/wp-json\/wp\/v2\/types\/page"}],"author":[{"embeddable":true,"href":"https:\/\/npf-fpn.com\/fr\/wp-json\/wp\/v2\/users\/326"}],"replies":[{"embeddable":true,"href":"https:\/\/npf-fpn.com\/fr\/wp-json\/wp\/v2\/comments?post=40055"}],"version-history":[{"count":6,"href":"https:\/\/npf-fpn.com\/fr\/wp-json\/wp\/v2\/pages\/40055\/revisions"}],"predecessor-version":[{"id":40321,"href":"https:\/\/npf-fpn.com\/fr\/wp-json\/wp\/v2\/pages\/40055\/revisions\/40321"}],"wp:attachment":[{"href":"https:\/\/npf-fpn.com\/fr\/wp-json\/wp\/v2\/media?parent=40055"}],"curies":[{"name":"wp","href":"https:\/\/api.w.org\/{rel}","templated":true}]}}