{"id":40051,"date":"2023-02-28T21:53:25","date_gmt":"2023-02-28T21:53:25","guid":{"rendered":"https:\/\/npf-fpn.com\/?page_id=40051"},"modified":"2023-03-01T18:24:22","modified_gmt":"2023-03-01T18:24:22","slug":"administratrice-de-la-fbfpn-michelle-boutin","status":"publish","type":"page","link":"https:\/\/npf-fpn.com\/fr\/administratrice-de-la-fbfpn-michelle-boutin\/","title":{"rendered":"Administratrice de la FBFPN, Michelle Boutin"},"content":{"rendered":"\n<div class=\"wp-block-media-text alignwide is-stacked-on-mobile is-vertically-aligned-top\" style=\"grid-template-columns:30% auto\"><figure class=\"wp-block-media-text__media\"><img decoding=\"async\" width=\"214\" height=\"300\" src=\"https:\/\/npf-fpn.com\/app\/uploads\/2022\/08\/Michelle-Boutin-Web.png\" alt=\"\" class=\"wp-image-28051 size-full\" srcset=\"https:\/\/npf-fpn.com\/app\/uploads\/2022\/08\/Michelle-Boutin-Web.png 214w, https:\/\/npf-fpn.com\/app\/uploads\/2022\/08\/Michelle-Boutin-Web-143x200.png 143w\" sizes=\"(max-width: 214px) 100vw, 214px\" \/><\/figure><div class=\"wp-block-media-text__content\">\n<h4 class=\"wp-block-heading\">Michelle Boutin, Administratrice<\/h4>\n\n\n\n<p>Michelle est membre de la GRC depuis 22 ans et elle d\u00e9tient actuellement le grade de sergent d\u2019\u00e9tat-major. Elle est actuellement vice-pr\u00e9sidente de la F\u00e9d\u00e9ration de la police nationale. Au fur et \u00e0 mesure de sa carri\u00e8re, Michelle a travaill\u00e9 comme polici\u00e8re municipale, provinciale et de r\u00e9serve dans la division K (Alberta). Elle a entre autres travaill\u00e9 dans les domaines des services g\u00e9n\u00e9raux, des d\u00e9lits commerciaux, des relations de travail et des services en milieu de travail pour les membres.<\/p>\n\n\n\n<p>Tout au long de son service, Michelle a fait du b\u00e9n\u00e9volat dans les communaut\u00e9s qu\u2019elle sert, en organisant des \u00e9v\u00e9nements pour les jeunes dans les \u00e9coles locales et des programmes de sensibilisation, en participant \u00e0 des groupes communautaires de surveillance de la criminalit\u00e9 et en les enseignant, et en recueillant des dons alimentaires pour les banques alimentaires locales.<\/p>\n\n\n\n<p>Michelle a si\u00e9g\u00e9 au conseil d\u2019administration du&nbsp;<em>Fonds pour les agents de la paix d\u00e9c\u00e9d\u00e9s dans l\u2019exercice de leurs fonctions<\/em>&nbsp;pour la Division \u00ab&nbsp;K&nbsp;\u00bb de 2012 \u00e0 2018. Ce groupe de membres d\u00e9vou\u00e9s du Conseil a approuv\u00e9 l\u2019aide financi\u00e8re du Fonds pour les agents de la paix d\u00e9c\u00e9d\u00e9s dans l\u2019exercice de leurs fonctions aux camarades de troupe et aux membres tu\u00e9s en service. Le Fonds pour les agents de la paix d\u00e9c\u00e9d\u00e9s dans l\u2019exercice de leurs fonctions a \u00e9galement financ\u00e9 de nombreux membres au fil des ans pour repr\u00e9senter la GRC aux fun\u00e9railles des agents d\u00e9c\u00e9d\u00e9s au Canada et \u00e0 l\u2019\u00e9tranger.<\/p>\n\n\n\n<p>Michelle croit qu\u2019il faut contribuer \u00e0 la vie plus que ce qu\u2019on en retire. Elle incarne la compassion en mettant l\u2019accent sur la priorit\u00e9 aux membres et \u00e0 leur famille.<\/p>\n<\/div><\/div>\n\n\n\n<h4 class=\"wp-block-heading\">Conseil d&#8217;administration de la FBFPN<\/h4>\n\n\n\n<div class=\"wp-block-columns is-layout-flex wp-container-core-columns-is-layout-9d6595d7 wp-block-columns-is-layout-flex\">\n<div class=\"wp-block-column is-layout-flow wp-block-column-is-layout-flow\">\n<figure class=\"wp-block-image is-resized\" id=\"block-576dab1d-9396-4b42-8a86-e677e060622d\"><img decoding=\"async\" src=\"https:\/\/npf-fpn.com\/app\/uploads\/2023\/01\/Kevin-Halwa-Web.png\" alt=\"This image has an empty alt attribute; its file name is Kevin-Halwa-Web.png\" width=\"149\" height=\"210\"\/><\/figure>\n\n\n\n<p class=\"has-text-align-center\"><strong>Kevin Halwa<br><\/strong>Pr\u00e9sident<br><a href=\"https:\/\/npf-fpn.com\/fr\/president-de-la-fbfpn-kevin-halwa\/\">Bio<\/a><\/p>\n<\/div>\n\n\n\n<div class=\"wp-block-column is-layout-flow wp-block-column-is-layout-flow\">\n<figure class=\"wp-block-image is-resized\" id=\"block-badb751b-bb4c-402a-a643-7f835f3f5805\"><img decoding=\"async\" src=\"https:\/\/npf-fpn.com\/app\/uploads\/2022\/11\/Brian-Sauve-Website.png\" alt=\"This image has an empty alt attribute; its file name is Brian-Sauve-Website.png\" width=\"149\" height=\"210\"\/><\/figure>\n\n\n\n<p class=\"has-text-align-center\"><strong>Brian Sauv\u00e9<br><\/strong>Administrateur<br><a href=\"https:\/\/npf-fpn.com\/fr\/npfbf-board-director-brian-sauve\/\">Bio<\/a><\/p>\n<\/div>\n\n\n\n<div class=\"wp-block-column is-layout-flow wp-block-column-is-layout-flow\">\n<figure class=\"wp-block-image is-resized\" id=\"block-eab84b6e-ff80-486b-916f-17f4108ddf75\"><img decoding=\"async\" src=\"https:\/\/npf-fpn.com\/app\/uploads\/2022\/11\/Michelle-Boutin-Web-2.png\" alt=\"This image has an empty alt attribute; its file name is Michelle-Boutin-Web-2.png\" width=\"149\" height=\"210\"\/><\/figure>\n\n\n\n<p class=\"has-text-align-center\"><strong>Michelle Boutin<br><\/strong>Administratrice<br><a href=\"https:\/\/npf-fpn.com\/fr\/administratrice-de-la-fbfpn-michelle-boutin\/\">Bio<\/a><\/p>\n<\/div>\n\n\n\n<div class=\"wp-block-column is-layout-flow wp-block-column-is-layout-flow\">\n<figure class=\"wp-block-image is-resized\" id=\"block-5006d14b-f18b-4e90-bc0d-d0f4bb9fff39\"><img decoding=\"async\" src=\"https:\/\/npf-fpn.com\/app\/uploads\/2022\/11\/Rob-Farrer-Website.png\" alt=\"This image has an empty alt attribute; its file name is Rob-Farrer-Website.png\" width=\"149\" height=\"210\"\/><\/figure>\n\n\n\n<p class=\"has-text-align-center\"><strong>Rob Farrer<br><\/strong>Administrateur<br><a href=\"https:\/\/npf-fpn.com\/fr\/administrateur-de-la-fbfpn-rob-farrer\/\">Bio<\/a><\/p>\n<\/div>\n\n\n\n<div class=\"wp-block-column is-layout-flow wp-block-column-is-layout-flow\">\n<figure class=\"wp-block-image is-resized\" id=\"block-59ff526f-93ca-4ad8-b505-8e6f01d2fa3c\"><img decoding=\"async\" src=\"https:\/\/npf-fpn.com\/app\/uploads\/2022\/11\/Jeff-Swann-Website.png\" alt=\"This image has an empty alt attribute; its file name is Jeff-Swann-Website.png\" width=\"149\" height=\"210\"\/><\/figure>\n\n\n\n<p class=\"has-text-align-center\"><strong>Jeff Swann<br><\/strong>Administrateur<br><a href=\"https:\/\/npf-fpn.com\/fr\/administrateur-de-la-fbfpn-jeff-swann\/\">Bio<\/a><\/p>\n<\/div>\n<\/div>\n\n\n\n<p class=\"has-text-align-right\">Num\u00e9ro d&#8217;enregistrement d&#8217;organisme de bienfaisance 780448692RR0001<\/p>\n","protected":false},"excerpt":{"rendered":"<p>Michelle Boutin, Administratrice Michelle est membre de la GRC depuis 22 ans et elle d\u00e9tient actuellement le grade de sergent d\u2019\u00e9tat-major. Elle est actuellement vice-pr\u00e9sidente de la F\u00e9d\u00e9ration de la police nationale. Au fur et \u00e0 mesure de sa carri\u00e8re, [&hellip;]<\/p>\n","protected":false},"author":326,"featured_media":0,"parent":0,"menu_order":0,"comment_status":"closed","ping_status":"closed","template":"","meta":{"_acf_changed":false,"inline_featured_image":false,"footnotes":""},"class_list":["post-40051","page","type-page","status-publish","hentry"],"acf":[],"yoast_head":"<!-- This site is optimized with the Yoast SEO plugin v27.4 - https:\/\/yoast.com\/product\/yoast-seo-wordpress\/ -->\n<title>Administratrice de la FBFPN, Michelle Boutin - NPF-FPN<\/title>\n<meta name=\"robots\" content=\"index, follow, max-snippet:-1, max-image-preview:large, max-video-preview:-1\" \/>\n<link rel=\"canonical\" href=\"https:\/\/npf-fpn.com\/fr\/administratrice-de-la-fbfpn-michelle-boutin\/\" \/>\n<meta property=\"og:locale\" content=\"fr_FR\" \/>\n<meta property=\"og:type\" content=\"article\" \/>\n<meta property=\"og:title\" content=\"Administratrice de la FBFPN, Michelle Boutin - NPF-FPN\" \/>\n<meta property=\"og:description\" content=\"Michelle Boutin, Administratrice Michelle est membre de la GRC depuis 22 ans et elle d\u00e9tient actuellement le grade de sergent d\u2019\u00e9tat-major. Elle est actuellement vice-pr\u00e9sidente de la F\u00e9d\u00e9ration de la police nationale. Au fur et \u00e0 mesure de sa carri\u00e8re, [&hellip;]\" \/>\n<meta property=\"og:url\" content=\"https:\/\/npf-fpn.com\/fr\/administratrice-de-la-fbfpn-michelle-boutin\/\" \/>\n<meta property=\"og:site_name\" content=\"NPF-FPN\" \/>\n<meta property=\"article:modified_time\" content=\"2023-03-01T18:24:22+00:00\" \/>\n<meta property=\"og:image\" content=\"https:\/\/npf-fpn.com\/app\/uploads\/2022\/08\/Michelle-Boutin-Web.png\" \/>\n<meta name=\"twitter:card\" content=\"summary_large_image\" \/>\n<meta name=\"twitter:label1\" content=\"Est. reading time\" \/>\n\t<meta name=\"twitter:data1\" content=\"3 minutes\" \/>\n<script type=\"application\/ld+json\" class=\"yoast-schema-graph\">{\"@context\":\"https:\\\/\\\/schema.org\",\"@graph\":[{\"@type\":\"WebPage\",\"@id\":\"https:\\\/\\\/npf-fpn.com\\\/fr\\\/administratrice-de-la-fbfpn-michelle-boutin\\\/\",\"url\":\"https:\\\/\\\/npf-fpn.com\\\/fr\\\/administratrice-de-la-fbfpn-michelle-boutin\\\/\",\"name\":\"Administratrice de la FBFPN, Michelle Boutin - NPF-FPN\",\"isPartOf\":{\"@id\":\"https:\\\/\\\/npf-fpn.com\\\/#website\"},\"primaryImageOfPage\":{\"@id\":\"https:\\\/\\\/npf-fpn.com\\\/fr\\\/administratrice-de-la-fbfpn-michelle-boutin\\\/#primaryimage\"},\"image\":{\"@id\":\"https:\\\/\\\/npf-fpn.com\\\/fr\\\/administratrice-de-la-fbfpn-michelle-boutin\\\/#primaryimage\"},\"thumbnailUrl\":\"https:\\\/\\\/npf-fpn.com\\\/app\\\/uploads\\\/2022\\\/08\\\/Michelle-Boutin-Web.png\",\"datePublished\":\"2023-02-28T21:53:25+00:00\",\"dateModified\":\"2023-03-01T18:24:22+00:00\",\"breadcrumb\":{\"@id\":\"https:\\\/\\\/npf-fpn.com\\\/fr\\\/administratrice-de-la-fbfpn-michelle-boutin\\\/#breadcrumb\"},\"inLanguage\":\"fr-FR\",\"potentialAction\":[{\"@type\":\"ReadAction\",\"target\":[\"https:\\\/\\\/npf-fpn.com\\\/fr\\\/administratrice-de-la-fbfpn-michelle-boutin\\\/\"]}]},{\"@type\":\"ImageObject\",\"inLanguage\":\"fr-FR\",\"@id\":\"https:\\\/\\\/npf-fpn.com\\\/fr\\\/administratrice-de-la-fbfpn-michelle-boutin\\\/#primaryimage\",\"url\":\"https:\\\/\\\/npf-fpn.com\\\/app\\\/uploads\\\/2022\\\/08\\\/Michelle-Boutin-Web.png\",\"contentUrl\":\"https:\\\/\\\/npf-fpn.com\\\/app\\\/uploads\\\/2022\\\/08\\\/Michelle-Boutin-Web.png\"},{\"@type\":\"BreadcrumbList\",\"@id\":\"https:\\\/\\\/npf-fpn.com\\\/fr\\\/administratrice-de-la-fbfpn-michelle-boutin\\\/#breadcrumb\",\"itemListElement\":[{\"@type\":\"ListItem\",\"position\":1,\"name\":\"Accueil\",\"item\":\"https:\\\/\\\/npf-fpn.com\\\/fr\\\/\"},{\"@type\":\"ListItem\",\"position\":2,\"name\":\"Administratrice de la FBFPN, Michelle Boutin\"}]},{\"@type\":\"WebSite\",\"@id\":\"https:\\\/\\\/npf-fpn.com\\\/#website\",\"url\":\"https:\\\/\\\/npf-fpn.com\\\/\",\"name\":\"NPF-FPN\",\"description\":\"Providing strong, fair and progressive representation to almost 20,000 RCMP members across Canada.\",\"publisher\":{\"@id\":\"https:\\\/\\\/npf-fpn.com\\\/#organization\"},\"potentialAction\":[{\"@type\":\"SearchAction\",\"target\":{\"@type\":\"EntryPoint\",\"urlTemplate\":\"https:\\\/\\\/npf-fpn.com\\\/?s={search_term_string}\"},\"query-input\":{\"@type\":\"PropertyValueSpecification\",\"valueRequired\":true,\"valueName\":\"search_term_string\"}}],\"inLanguage\":\"fr-FR\"},{\"@type\":\"Organization\",\"@id\":\"https:\\\/\\\/npf-fpn.com\\\/#organization\",\"name\":\"NPF-FPN\",\"url\":\"https:\\\/\\\/npf-fpn.com\\\/\",\"logo\":{\"@type\":\"ImageObject\",\"inLanguage\":\"fr-FR\",\"@id\":\"https:\\\/\\\/npf-fpn.com\\\/#\\\/schema\\\/logo\\\/image\\\/\",\"url\":\"https:\\\/\\\/npf-fpn.com\\\/app\\\/uploads\\\/2022\\\/01\\\/NPF.jpg\",\"contentUrl\":\"https:\\\/\\\/npf-fpn.com\\\/app\\\/uploads\\\/2022\\\/01\\\/NPF.jpg\",\"width\":200,\"height\":200,\"caption\":\"NPF-FPN\"},\"image\":{\"@id\":\"https:\\\/\\\/npf-fpn.com\\\/#\\\/schema\\\/logo\\\/image\\\/\"}}]}<\/script>\n<!-- \/ Yoast SEO plugin. -->","yoast_head_json":{"title":"Administratrice de la FBFPN, Michelle Boutin - NPF-FPN","robots":{"index":"index","follow":"follow","max-snippet":"max-snippet:-1","max-image-preview":"max-image-preview:large","max-video-preview":"max-video-preview:-1"},"canonical":"https:\/\/npf-fpn.com\/fr\/administratrice-de-la-fbfpn-michelle-boutin\/","og_locale":"fr_FR","og_type":"article","og_title":"Administratrice de la FBFPN, Michelle Boutin - NPF-FPN","og_description":"Michelle Boutin, Administratrice Michelle est membre de la GRC depuis 22 ans et elle d\u00e9tient actuellement le grade de sergent d\u2019\u00e9tat-major. Elle est actuellement vice-pr\u00e9sidente de la F\u00e9d\u00e9ration de la police nationale. Au fur et \u00e0 mesure de sa carri\u00e8re, [&hellip;]","og_url":"https:\/\/npf-fpn.com\/fr\/administratrice-de-la-fbfpn-michelle-boutin\/","og_site_name":"NPF-FPN","article_modified_time":"2023-03-01T18:24:22+00:00","og_image":[{"url":"https:\/\/npf-fpn.com\/app\/uploads\/2022\/08\/Michelle-Boutin-Web.png","type":"","width":"","height":""}],"twitter_card":"summary_large_image","twitter_misc":{"Est. reading time":"3 minutes"},"schema":{"@context":"https:\/\/schema.org","@graph":[{"@type":"WebPage","@id":"https:\/\/npf-fpn.com\/fr\/administratrice-de-la-fbfpn-michelle-boutin\/","url":"https:\/\/npf-fpn.com\/fr\/administratrice-de-la-fbfpn-michelle-boutin\/","name":"Administratrice de la FBFPN, Michelle Boutin - NPF-FPN","isPartOf":{"@id":"https:\/\/npf-fpn.com\/#website"},"primaryImageOfPage":{"@id":"https:\/\/npf-fpn.com\/fr\/administratrice-de-la-fbfpn-michelle-boutin\/#primaryimage"},"image":{"@id":"https:\/\/npf-fpn.com\/fr\/administratrice-de-la-fbfpn-michelle-boutin\/#primaryimage"},"thumbnailUrl":"https:\/\/npf-fpn.com\/app\/uploads\/2022\/08\/Michelle-Boutin-Web.png","datePublished":"2023-02-28T21:53:25+00:00","dateModified":"2023-03-01T18:24:22+00:00","breadcrumb":{"@id":"https:\/\/npf-fpn.com\/fr\/administratrice-de-la-fbfpn-michelle-boutin\/#breadcrumb"},"inLanguage":"fr-FR","potentialAction":[{"@type":"ReadAction","target":["https:\/\/npf-fpn.com\/fr\/administratrice-de-la-fbfpn-michelle-boutin\/"]}]},{"@type":"ImageObject","inLanguage":"fr-FR","@id":"https:\/\/npf-fpn.com\/fr\/administratrice-de-la-fbfpn-michelle-boutin\/#primaryimage","url":"https:\/\/npf-fpn.com\/app\/uploads\/2022\/08\/Michelle-Boutin-Web.png","contentUrl":"https:\/\/npf-fpn.com\/app\/uploads\/2022\/08\/Michelle-Boutin-Web.png"},{"@type":"BreadcrumbList","@id":"https:\/\/npf-fpn.com\/fr\/administratrice-de-la-fbfpn-michelle-boutin\/#breadcrumb","itemListElement":[{"@type":"ListItem","position":1,"name":"Accueil","item":"https:\/\/npf-fpn.com\/fr\/"},{"@type":"ListItem","position":2,"name":"Administratrice de la FBFPN, Michelle Boutin"}]},{"@type":"WebSite","@id":"https:\/\/npf-fpn.com\/#website","url":"https:\/\/npf-fpn.com\/","name":"NPF-FPN","description":"Providing strong, fair and progressive representation to almost 20,000 RCMP members across Canada.","publisher":{"@id":"https:\/\/npf-fpn.com\/#organization"},"potentialAction":[{"@type":"SearchAction","target":{"@type":"EntryPoint","urlTemplate":"https:\/\/npf-fpn.com\/?s={search_term_string}"},"query-input":{"@type":"PropertyValueSpecification","valueRequired":true,"valueName":"search_term_string"}}],"inLanguage":"fr-FR"},{"@type":"Organization","@id":"https:\/\/npf-fpn.com\/#organization","name":"NPF-FPN","url":"https:\/\/npf-fpn.com\/","logo":{"@type":"ImageObject","inLanguage":"fr-FR","@id":"https:\/\/npf-fpn.com\/#\/schema\/logo\/image\/","url":"https:\/\/npf-fpn.com\/app\/uploads\/2022\/01\/NPF.jpg","contentUrl":"https:\/\/npf-fpn.com\/app\/uploads\/2022\/01\/NPF.jpg","width":200,"height":200,"caption":"NPF-FPN"},"image":{"@id":"https:\/\/npf-fpn.com\/#\/schema\/logo\/image\/"}}]}},"_links":{"self":[{"href":"https:\/\/npf-fpn.com\/fr\/wp-json\/wp\/v2\/pages\/40051","targetHints":{"allow":["GET"]}}],"collection":[{"href":"https:\/\/npf-fpn.com\/fr\/wp-json\/wp\/v2\/pages"}],"about":[{"href":"https:\/\/npf-fpn.com\/fr\/wp-json\/wp\/v2\/types\/page"}],"author":[{"embeddable":true,"href":"https:\/\/npf-fpn.com\/fr\/wp-json\/wp\/v2\/users\/326"}],"replies":[{"embeddable":true,"href":"https:\/\/npf-fpn.com\/fr\/wp-json\/wp\/v2\/comments?post=40051"}],"version-history":[{"count":4,"href":"https:\/\/npf-fpn.com\/fr\/wp-json\/wp\/v2\/pages\/40051\/revisions"}],"predecessor-version":[{"id":40319,"href":"https:\/\/npf-fpn.com\/fr\/wp-json\/wp\/v2\/pages\/40051\/revisions\/40319"}],"wp:attachment":[{"href":"https:\/\/npf-fpn.com\/fr\/wp-json\/wp\/v2\/media?parent=40051"}],"curies":[{"name":"wp","href":"https:\/\/api.w.org\/{rel}","templated":true}]}}