{"id":40030,"date":"2023-02-28T21:57:23","date_gmt":"2023-02-28T21:57:23","guid":{"rendered":"https:\/\/npf-fpn.com\/?page_id=40030"},"modified":"2023-07-13T18:58:22","modified_gmt":"2023-07-13T18:58:22","slug":"bourse-gordon-clarke","status":"publish","type":"page","link":"https:\/\/npf-fpn.com\/fr\/bourse-gordon-clarke\/","title":{"rendered":"Bourse Gordon Clarke"},"content":{"rendered":"\n<p><strong>Bourse Gordon&nbsp;Clarke de 5&nbsp;000&nbsp;$<\/strong><\/p>\n\n\n\n<p>D\u2019un montant de 5&nbsp;000&nbsp;$, la bourse Gordon&nbsp;Clarke est octroy\u00e9e \u00e0 un \u00e9tudiant de niveau postsecondaire de n\u2019importe o\u00f9 au Canada, chaque ann\u00e9e civile.<\/p>\n\n\n\n<h4 class=\"wp-block-heading\">\u00c0 propos de Gordon Clarke<\/h4>\n\n\n\n<div class=\"wp-block-columns is-layout-flex wp-container-core-columns-is-layout-9d6595d7 wp-block-columns-is-layout-flex\">\n<div class=\"wp-block-column is-layout-flow wp-block-column-is-layout-flow\" style=\"flex-basis:33.33%\">\n<figure class=\"wp-block-image size-full\"><img decoding=\"async\" width=\"250\" height=\"336\" src=\"https:\/\/npf-fpn.com\/app\/uploads\/2023\/02\/gordon-clarke-npf.jpg\" alt=\"\" class=\"wp-image-39889\" srcset=\"https:\/\/npf-fpn.com\/app\/uploads\/2023\/02\/gordon-clarke-npf.jpg 250w, https:\/\/npf-fpn.com\/app\/uploads\/2023\/02\/gordon-clarke-npf-223x300.jpg 223w, https:\/\/npf-fpn.com\/app\/uploads\/2023\/02\/gordon-clarke-npf-149x200.jpg 149w\" sizes=\"(max-width: 250px) 100vw, 250px\" \/><\/figure>\n<\/div>\n\n\n\n<div class=\"wp-block-column is-layout-flow wp-block-column-is-layout-flow\" style=\"flex-basis:66.66%\">\n<p>Membre retrait\u00e9 et d\u00e9vou\u00e9 de la Gendarmerie royale du Canada (GRC), Gordon&nbsp;Clarke a eu une longue et fructueuse carri\u00e8re. Gordon a servi pendant plus de 64&nbsp;ans les Canadiens et les membres \u00e0 divers titres.<\/p>\n\n\n\n<p>Originaire du Nouveau-Brunswick, Gordon a commenc\u00e9 sa carri\u00e8re \u00e0 la Division D\u00e9p\u00f4t de la GRC, \u00e0 Regina, en mai&nbsp;1957. Il a servi fid\u00e8lement, encha\u00eenant r\u00e9guli\u00e8rement des promotions et des mutations bien m\u00e9rit\u00e9es&nbsp;:<\/p>\n<\/div>\n<\/div>\n\n\n\n<ul class=\"wp-block-list\">\n<li>1958 \u00e0 1966&nbsp;: Gendarme \u00e0 Regina (Saskatchewan) et \u00e0 New Glasgow, Guysborough, Halifax, Antigonish et Stewiacke (Nouvelle-\u00c9cosse)<\/li>\n\n\n\n<li>1966 \u00e0 1969&nbsp;: Caporal \u00e0 Halifax (Nouvelle-\u00c9cosse) et \u00e0 Ottawa (Ontario)<\/li>\n\n\n\n<li>1969 \u00e0 1975&nbsp;: Sergent \u00e0 Ottawa (Ontario) et \u00e0 Halifax (Nouvelle-\u00c9cosse)<\/li>\n\n\n\n<li>1975 \u00e0 1976&nbsp;: Sergent d\u2019\u00e9tat-major \u00e0 Halifax (Nouvelle-\u00c9cosse)<\/li>\n\n\n\n<li>1976 \u00e0 1985&nbsp;: Inspecteur \u00e0 Halifax (Nouvelle-\u00c9cosse) et \u00e0 Ottawa (Ontario)<\/li>\n\n\n\n<li>1985 et 1986&nbsp;: Surintendant \u00e0 Ottawa (Ontario)<\/li>\n\n\n\n<li>1986 \u00e0 1992&nbsp;: Surintendant principal \u00e0 Vancouver (Colombie-Britannique)<\/li>\n\n\n\n<li>1992 \u00e0 1994&nbsp;: Commissaire adjoint \u00e0 Ottawa (Ontario)<\/li>\n<\/ul>\n\n\n\n<p>La derni\u00e8re affectation de Gordon \u00e9tait celle de dirigeant principal des finances (DPF) de la GRC, et de membre du Comit\u00e9 de la haute direction (CHD), aux c\u00f4t\u00e9s du commissaire et de plusieurs sous-commissaires. \u00c0 ce titre, il \u00e9tait responsable de l\u2019ensemble du budget de la GRC. En 1994, il a re\u00e7u la Citation du commissaire pour service exceptionnel.<\/p>\n\n\n\n<p>Lorsqu\u2019il a pris sa retraite de la GRC en 1994, apr\u00e8s 37&nbsp;ans de service distingu\u00e9, on lui a demand\u00e9 d\u2019aider \u00e0 mettre sur pied et \u00e0 diriger la Fondation de la GRC. Il en a occup\u00e9 le poste de dirigeant de 1994 \u00e0 1997. Apr\u00e8s son d\u00e9part, la Fondation a embauch\u00e9 plusieurs personnes pour s\u2019acquitter de ses diverses fonctions.<\/p>\n\n\n\n<p>Gordon est aim\u00e9 et reconnu comme faisant preuve d\u2019une grande compassion. Toutes les personnes qui l\u2019ont rencontr\u00e9 et connu \u00e9prouvent un grand respect pour lui. Il est tr\u00e8s bien inform\u00e9 sur les op\u00e9rations internes de la GRC et sur tous les aspects des finances.<\/p>\n\n\n\n<p>En 1997, on lui a demand\u00e9 d\u2019aider \u00e0 mettre sur pied le Fonds de recours juridique de la Gendarmerie, un organisme \u00e0 but non lucratif visant \u00e0 promouvoir l\u2019am\u00e9lioration des conditions de travail, de l\u2019emploi et du travail des membres. Gordon a m\u00eame contract\u00e9 un pr\u00eat \u00e0 son nom afin de lancer le Fonds juridique; apr\u00e8s quoi il a fallu environ un an avant qu\u2019il re\u00e7oive le produit des cotisations des membres pour rembourser le pr\u00eat.<\/p>\n\n\n\n<p>Depuis qu\u2019il a pris sa retraite, Gordon a exerc\u00e9 toutes ses fonctions \u00e0 titre b\u00e9n\u00e9vole et honoraire. Pendant cette p\u00e9riode de plus de 20&nbsp;ans, Gordon travaillait chez lui, ce qui a permis aux membres d\u2019\u00e9conomiser le loyer d\u2019un bureau et d\u2019autres d\u00e9penses connexes.<\/p>\n\n\n\n<p>Gordon a offert ses services, son expertise et son d\u00e9vouement par profond respect pour les membres de la GRC qui servent les Canadiens chaque jour.&nbsp;Il n\u2019a jamais cherch\u00e9 de la reconnaissance pour ses efforts&nbsp;\u2013&nbsp;il s\u2019est content\u00e9 de faire son travail et a appuy\u00e9 les droits des membres.<\/p>\n\n\n\n<p>La Fondation de bienfaisance de la F\u00e9d\u00e9ration de la police nationale est fi\u00e8re d\u2019honorer la carri\u00e8re et les contributions inestimables de Gordon en cr\u00e9ant cette bourse annuelle en son nom.<\/p>\n\n\n\n<div class=\"wp-block-columns is-layout-flex wp-container-core-columns-is-layout-9d6595d7 wp-block-columns-is-layout-flex\">\n<div class=\"wp-block-column is-layout-flow wp-block-column-is-layout-flow\" style=\"flex-basis:66.66%\">\n<h4 class=\"wp-block-heading\">Posez votre candidature pour la bourse Gordon Clarke<\/h4>\n\n\n\n<p>La bourse Gordon Clarke est attribu\u00e9e \u00e0 un \u00e9tudiant de niveau postsecondaire de tout le Canada chaque ann\u00e9e civile, pour un montant de 5 000 $.<\/p>\n<\/div>\n\n\n\n<div class=\"wp-block-column is-layout-flow wp-block-column-is-layout-flow\" style=\"flex-basis:33.33%\">\n<div class=\"wp-block-buttons is-layout-flex wp-block-buttons-is-layout-flex\">\n<div class=\"wp-block-button is-style-fill\"><a class=\"wp-block-button__link wp-element-button\">Candidatures 2023 termin\u00e9es<\/a><\/div>\n<\/div>\n<\/div>\n<\/div>\n\n\n\n<p class=\"has-text-align-right\">Num\u00e9ro d&#8217;enregistrement d&#8217;organisme de bienfaisance 780448692RR0001<\/p>\n","protected":false},"excerpt":{"rendered":"<p>Bourse Gordon&nbsp;Clarke de 5&nbsp;000&nbsp;$ D\u2019un montant de 5&nbsp;000&nbsp;$, la bourse Gordon&nbsp;Clarke est octroy\u00e9e \u00e0 un \u00e9tudiant de niveau postsecondaire de n\u2019importe o\u00f9 au Canada, chaque ann\u00e9e civile. \u00c0 propos de Gordon Clarke Membre retrait\u00e9 et d\u00e9vou\u00e9 de la Gendarmerie royale [&hellip;]<\/p>\n","protected":false},"author":326,"featured_media":0,"parent":0,"menu_order":0,"comment_status":"closed","ping_status":"closed","template":"","meta":{"_acf_changed":false,"inline_featured_image":false,"footnotes":""},"class_list":["post-40030","page","type-page","status-publish","hentry"],"acf":[],"yoast_head":"<!-- This site is optimized with the Yoast SEO plugin v27.3 - https:\/\/yoast.com\/product\/yoast-seo-wordpress\/ -->\n<title>Bourse Gordon Clarke - NPF-FPN<\/title>\n<meta name=\"robots\" content=\"index, follow, max-snippet:-1, max-image-preview:large, max-video-preview:-1\" \/>\n<link rel=\"canonical\" href=\"https:\/\/npf-fpn.com\/fr\/bourse-gordon-clarke\/\" \/>\n<meta property=\"og:locale\" content=\"fr_FR\" \/>\n<meta property=\"og:type\" content=\"article\" \/>\n<meta property=\"og:title\" content=\"Bourse Gordon Clarke - NPF-FPN\" \/>\n<meta property=\"og:description\" content=\"Bourse Gordon&nbsp;Clarke de 5&nbsp;000&nbsp;$ D\u2019un montant de 5&nbsp;000&nbsp;$, la bourse Gordon&nbsp;Clarke est octroy\u00e9e \u00e0 un \u00e9tudiant de niveau postsecondaire de n\u2019importe o\u00f9 au Canada, chaque ann\u00e9e civile. \u00c0 propos de Gordon Clarke Membre retrait\u00e9 et d\u00e9vou\u00e9 de la Gendarmerie royale [&hellip;]\" \/>\n<meta property=\"og:url\" content=\"https:\/\/npf-fpn.com\/fr\/bourse-gordon-clarke\/\" \/>\n<meta property=\"og:site_name\" content=\"NPF-FPN\" \/>\n<meta property=\"article:modified_time\" content=\"2023-07-13T18:58:22+00:00\" \/>\n<meta property=\"og:image\" content=\"https:\/\/npf-fpn.com\/app\/uploads\/2023\/02\/gordon-clarke-npf.jpg\" \/>\n<meta name=\"twitter:card\" content=\"summary_large_image\" \/>\n<meta name=\"twitter:label1\" content=\"Est. reading time\" \/>\n\t<meta name=\"twitter:data1\" content=\"3 minutes\" \/>\n<script type=\"application\/ld+json\" class=\"yoast-schema-graph\">{\"@context\":\"https:\\\/\\\/schema.org\",\"@graph\":[{\"@type\":\"WebPage\",\"@id\":\"https:\\\/\\\/npf-fpn.com\\\/fr\\\/bourse-gordon-clarke\\\/\",\"url\":\"https:\\\/\\\/npf-fpn.com\\\/fr\\\/bourse-gordon-clarke\\\/\",\"name\":\"Bourse Gordon Clarke - NPF-FPN\",\"isPartOf\":{\"@id\":\"https:\\\/\\\/npf-fpn.com\\\/#website\"},\"primaryImageOfPage\":{\"@id\":\"https:\\\/\\\/npf-fpn.com\\\/fr\\\/bourse-gordon-clarke\\\/#primaryimage\"},\"image\":{\"@id\":\"https:\\\/\\\/npf-fpn.com\\\/fr\\\/bourse-gordon-clarke\\\/#primaryimage\"},\"thumbnailUrl\":\"https:\\\/\\\/npf-fpn.com\\\/app\\\/uploads\\\/2023\\\/02\\\/gordon-clarke-npf.jpg\",\"datePublished\":\"2023-02-28T21:57:23+00:00\",\"dateModified\":\"2023-07-13T18:58:22+00:00\",\"breadcrumb\":{\"@id\":\"https:\\\/\\\/npf-fpn.com\\\/fr\\\/bourse-gordon-clarke\\\/#breadcrumb\"},\"inLanguage\":\"fr-FR\",\"potentialAction\":[{\"@type\":\"ReadAction\",\"target\":[\"https:\\\/\\\/npf-fpn.com\\\/fr\\\/bourse-gordon-clarke\\\/\"]}]},{\"@type\":\"ImageObject\",\"inLanguage\":\"fr-FR\",\"@id\":\"https:\\\/\\\/npf-fpn.com\\\/fr\\\/bourse-gordon-clarke\\\/#primaryimage\",\"url\":\"https:\\\/\\\/npf-fpn.com\\\/app\\\/uploads\\\/2023\\\/02\\\/gordon-clarke-npf.jpg\",\"contentUrl\":\"https:\\\/\\\/npf-fpn.com\\\/app\\\/uploads\\\/2023\\\/02\\\/gordon-clarke-npf.jpg\"},{\"@type\":\"BreadcrumbList\",\"@id\":\"https:\\\/\\\/npf-fpn.com\\\/fr\\\/bourse-gordon-clarke\\\/#breadcrumb\",\"itemListElement\":[{\"@type\":\"ListItem\",\"position\":1,\"name\":\"Accueil\",\"item\":\"https:\\\/\\\/npf-fpn.com\\\/fr\\\/\"},{\"@type\":\"ListItem\",\"position\":2,\"name\":\"Bourse Gordon Clarke\"}]},{\"@type\":\"WebSite\",\"@id\":\"https:\\\/\\\/npf-fpn.com\\\/#website\",\"url\":\"https:\\\/\\\/npf-fpn.com\\\/\",\"name\":\"NPF-FPN\",\"description\":\"Providing strong, fair and progressive representation to almost 20,000 RCMP members across Canada.\",\"publisher\":{\"@id\":\"https:\\\/\\\/npf-fpn.com\\\/#organization\"},\"potentialAction\":[{\"@type\":\"SearchAction\",\"target\":{\"@type\":\"EntryPoint\",\"urlTemplate\":\"https:\\\/\\\/npf-fpn.com\\\/?s={search_term_string}\"},\"query-input\":{\"@type\":\"PropertyValueSpecification\",\"valueRequired\":true,\"valueName\":\"search_term_string\"}}],\"inLanguage\":\"fr-FR\"},{\"@type\":\"Organization\",\"@id\":\"https:\\\/\\\/npf-fpn.com\\\/#organization\",\"name\":\"NPF-FPN\",\"url\":\"https:\\\/\\\/npf-fpn.com\\\/\",\"logo\":{\"@type\":\"ImageObject\",\"inLanguage\":\"fr-FR\",\"@id\":\"https:\\\/\\\/npf-fpn.com\\\/#\\\/schema\\\/logo\\\/image\\\/\",\"url\":\"https:\\\/\\\/npf-fpn.com\\\/app\\\/uploads\\\/2022\\\/01\\\/NPF.jpg\",\"contentUrl\":\"https:\\\/\\\/npf-fpn.com\\\/app\\\/uploads\\\/2022\\\/01\\\/NPF.jpg\",\"width\":200,\"height\":200,\"caption\":\"NPF-FPN\"},\"image\":{\"@id\":\"https:\\\/\\\/npf-fpn.com\\\/#\\\/schema\\\/logo\\\/image\\\/\"}}]}<\/script>\n<!-- \/ Yoast SEO plugin. -->","yoast_head_json":{"title":"Bourse Gordon Clarke - NPF-FPN","robots":{"index":"index","follow":"follow","max-snippet":"max-snippet:-1","max-image-preview":"max-image-preview:large","max-video-preview":"max-video-preview:-1"},"canonical":"https:\/\/npf-fpn.com\/fr\/bourse-gordon-clarke\/","og_locale":"fr_FR","og_type":"article","og_title":"Bourse Gordon Clarke - NPF-FPN","og_description":"Bourse Gordon&nbsp;Clarke de 5&nbsp;000&nbsp;$ D\u2019un montant de 5&nbsp;000&nbsp;$, la bourse Gordon&nbsp;Clarke est octroy\u00e9e \u00e0 un \u00e9tudiant de niveau postsecondaire de n\u2019importe o\u00f9 au Canada, chaque ann\u00e9e civile. \u00c0 propos de Gordon Clarke Membre retrait\u00e9 et d\u00e9vou\u00e9 de la Gendarmerie royale [&hellip;]","og_url":"https:\/\/npf-fpn.com\/fr\/bourse-gordon-clarke\/","og_site_name":"NPF-FPN","article_modified_time":"2023-07-13T18:58:22+00:00","og_image":[{"url":"https:\/\/npf-fpn.com\/app\/uploads\/2023\/02\/gordon-clarke-npf.jpg","type":"","width":"","height":""}],"twitter_card":"summary_large_image","twitter_misc":{"Est. reading time":"3 minutes"},"schema":{"@context":"https:\/\/schema.org","@graph":[{"@type":"WebPage","@id":"https:\/\/npf-fpn.com\/fr\/bourse-gordon-clarke\/","url":"https:\/\/npf-fpn.com\/fr\/bourse-gordon-clarke\/","name":"Bourse Gordon Clarke - NPF-FPN","isPartOf":{"@id":"https:\/\/npf-fpn.com\/#website"},"primaryImageOfPage":{"@id":"https:\/\/npf-fpn.com\/fr\/bourse-gordon-clarke\/#primaryimage"},"image":{"@id":"https:\/\/npf-fpn.com\/fr\/bourse-gordon-clarke\/#primaryimage"},"thumbnailUrl":"https:\/\/npf-fpn.com\/app\/uploads\/2023\/02\/gordon-clarke-npf.jpg","datePublished":"2023-02-28T21:57:23+00:00","dateModified":"2023-07-13T18:58:22+00:00","breadcrumb":{"@id":"https:\/\/npf-fpn.com\/fr\/bourse-gordon-clarke\/#breadcrumb"},"inLanguage":"fr-FR","potentialAction":[{"@type":"ReadAction","target":["https:\/\/npf-fpn.com\/fr\/bourse-gordon-clarke\/"]}]},{"@type":"ImageObject","inLanguage":"fr-FR","@id":"https:\/\/npf-fpn.com\/fr\/bourse-gordon-clarke\/#primaryimage","url":"https:\/\/npf-fpn.com\/app\/uploads\/2023\/02\/gordon-clarke-npf.jpg","contentUrl":"https:\/\/npf-fpn.com\/app\/uploads\/2023\/02\/gordon-clarke-npf.jpg"},{"@type":"BreadcrumbList","@id":"https:\/\/npf-fpn.com\/fr\/bourse-gordon-clarke\/#breadcrumb","itemListElement":[{"@type":"ListItem","position":1,"name":"Accueil","item":"https:\/\/npf-fpn.com\/fr\/"},{"@type":"ListItem","position":2,"name":"Bourse Gordon Clarke"}]},{"@type":"WebSite","@id":"https:\/\/npf-fpn.com\/#website","url":"https:\/\/npf-fpn.com\/","name":"NPF-FPN","description":"Providing strong, fair and progressive representation to almost 20,000 RCMP members across Canada.","publisher":{"@id":"https:\/\/npf-fpn.com\/#organization"},"potentialAction":[{"@type":"SearchAction","target":{"@type":"EntryPoint","urlTemplate":"https:\/\/npf-fpn.com\/?s={search_term_string}"},"query-input":{"@type":"PropertyValueSpecification","valueRequired":true,"valueName":"search_term_string"}}],"inLanguage":"fr-FR"},{"@type":"Organization","@id":"https:\/\/npf-fpn.com\/#organization","name":"NPF-FPN","url":"https:\/\/npf-fpn.com\/","logo":{"@type":"ImageObject","inLanguage":"fr-FR","@id":"https:\/\/npf-fpn.com\/#\/schema\/logo\/image\/","url":"https:\/\/npf-fpn.com\/app\/uploads\/2022\/01\/NPF.jpg","contentUrl":"https:\/\/npf-fpn.com\/app\/uploads\/2022\/01\/NPF.jpg","width":200,"height":200,"caption":"NPF-FPN"},"image":{"@id":"https:\/\/npf-fpn.com\/#\/schema\/logo\/image\/"}}]}},"_links":{"self":[{"href":"https:\/\/npf-fpn.com\/fr\/wp-json\/wp\/v2\/pages\/40030","targetHints":{"allow":["GET"]}}],"collection":[{"href":"https:\/\/npf-fpn.com\/fr\/wp-json\/wp\/v2\/pages"}],"about":[{"href":"https:\/\/npf-fpn.com\/fr\/wp-json\/wp\/v2\/types\/page"}],"author":[{"embeddable":true,"href":"https:\/\/npf-fpn.com\/fr\/wp-json\/wp\/v2\/users\/326"}],"replies":[{"embeddable":true,"href":"https:\/\/npf-fpn.com\/fr\/wp-json\/wp\/v2\/comments?post=40030"}],"version-history":[{"count":9,"href":"https:\/\/npf-fpn.com\/fr\/wp-json\/wp\/v2\/pages\/40030\/revisions"}],"predecessor-version":[{"id":43432,"href":"https:\/\/npf-fpn.com\/fr\/wp-json\/wp\/v2\/pages\/40030\/revisions\/43432"}],"wp:attachment":[{"href":"https:\/\/npf-fpn.com\/fr\/wp-json\/wp\/v2\/media?parent=40030"}],"curies":[{"name":"wp","href":"https:\/\/api.w.org\/{rel}","templated":true}]}}