{"id":40023,"date":"2023-02-28T21:58:47","date_gmt":"2023-02-28T21:58:47","guid":{"rendered":"https:\/\/npf-fpn.com\/?page_id=40023"},"modified":"2026-04-22T20:03:29","modified_gmt":"2026-04-22T20:03:29","slug":"fbfpnbourses","status":"publish","type":"page","link":"https:\/\/npf-fpn.com\/fr\/fbfpnbourses\/","title":{"rendered":"Programme de bourses de la FBFPN"},"content":{"rendered":"\n<h2 class=\"wp-block-heading\"><strong><em>Des jeunes mobilis\u00e9s. Un service inspirant. Des collectivit\u00e9s plus s\u00fbres.<\/em><\/strong><\/h2>\n\n\n\n<p>La Fondation de bienfaisance de la F\u00e9d\u00e9ration de la police nationale est fi\u00e8re d\u2019investir dans deux programmes de bourses d\u2019\u00e9tudes, soit le Programme de bourses pour les personnes \u00e0 charge des membres de la FPN et le Programme de bourses publiques. Ces bourses appuient le perfectionnement \u00e9ducatif des familles de nos membres et des jeunes Canadiens en g\u00e9n\u00e9ral.<\/p>\n\n\n\n<h2 class=\"wp-block-heading\"><strong>Bourses publiques<\/strong><\/h2>\n\n\n\n<p><strong>National \u2013 Bourse des Gardiens EHN (10 000 $)<\/strong><\/p>\n\n\n\n<p>Nouvelle en 2026, la bourse unique de 10 000 $ des <a href=\"https:\/\/ehnguardians.ca\/fr\/\">Gardiens EHN<\/a> soutient les \u00e9tudiantes et \u00e9tudiants de cycles sup\u00e9rieurs et post\u2011sup\u00e9rieurs dont les travaux font progresser la recherche et les traitements li\u00e9s aux traumatismes, aux d\u00e9pendances, \u00e0 la pr\u00e9vention du suicide et \u00e0 d\u2019autres blessures psychologiques touchant les policiers et les premiers intervenants. En soutenant ces recherches, la bourse contribue \u00e0 renforcer les soins offerts aux professionnels de la s\u00e9curit\u00e9 publique sur lesquels les Canadiennes et les Canadiens comptent chaque jour.<\/p>\n\n\n\n<p>EHN Guardians offre des soins sp\u00e9cialis\u00e9s, des cliniciens experts et des programmes personnalis\u00e9s destin\u00e9s au personnel militaire, aux v\u00e9t\u00e9rans et aux premiers intervenants. La Fondation de bienfaisance de la FPN est profond\u00e9ment reconnaissante de leur h\u00e9ritage en mati\u00e8re de soins novateurs, ainsi que de leur engagement \u00e0 promouvoir cette bourse afin d\u2019am\u00e9liorer la qualit\u00e9 de vie de celles et ceux qui se consacrent au service des autres.<\/p>\n\n\n\n<p><em>Une fois inscrits et connect\u00e9s, les candidats doivent s\u00e9lectionner le bouton intitul\u00e9 \u00ab Rechercher des bourses publiques \u00bb sur leur tableau de bord, parcourir la liste des bourses accessibles au public jusqu\u2019\u00e0 ce qu\u2019ils trouvent le programme EHN Guardians x FBFPN, puis cliquer sur le bouton intitul\u00e9 \u00ab Postuler en ligne \u00bb. Cela vous permettra de postuler \u00e0 cette bourse.<\/em><\/p>\n\n\n\n<p><em>La date limite de d\u00e9p\u00f4t des candidatures est fix\u00e9e au <\/em><strong><em><u>26 mai 2026 \u00e0 13 h 00 (HE).<\/u><\/em><\/strong><\/p>\n\n\n\n<div class=\"wp-block-buttons is-content-justification-center is-layout-flex wp-container-core-buttons-is-layout-16018d1d wp-block-buttons-is-layout-flex\">\n<div class=\"wp-block-button\"><a class=\"wp-block-button__link wp-element-button\" href=\"https:\/\/npf-fpn.com\/app\/uploads\/2026\/04\/Lignes_directrices_de_2026_Programme_de_bourses_detudes_EHN-Guardians-x-NPFBF.pdf\">Voir les crit\u00e8res d&#8217;\u00e9ligibilit\u00e9<\/a><\/div>\n\n\n\n<div class=\"wp-block-button\"><a class=\"wp-block-button__link wp-element-button\" href=\"https:\/\/portal.scholarshippartners.ca\/welcome\/EHN-NPFBF-FR\/\">Postulez maintenant<\/a><\/div>\n<\/div>\n\n\n\n<h4 class=\"wp-block-heading\"><strong>National&nbsp;\u2013&nbsp;Bourse annuelle Gordon Clarke (5&nbsp;000 $)<\/strong><\/h4>\n\n\n\n<p>D\u2019un montant de 5\u202f000\u202f$, la bourse Gordon\u202fClarke est d\u00e9cern\u00e9e chaque ann\u00e9e \u00e0 un \u00e9tudiant de niveau postsecondaire de n\u2019importe quelle r\u00e9gion au Canada.&nbsp;&nbsp;<\/p>\n\n\n\n<p>Gordon\u202fClarke a \u00e9t\u00e9 un membre d\u00e9vou\u00e9 de la Gendarmerie royale du Canada et a men\u00e9 une carri\u00e8re exemplaire au service des Canadiens \u00e0 divers titres pendant plus de 60\u202fans. Originaire du Nouveau-Brunswick, Gordon a commenc\u00e9 sa carri\u00e8re \u00e0 la GRC en 1957. Il a servi fid\u00e8lement, encha\u00eenant r\u00e9guli\u00e8rement des promotions bien m\u00e9rit\u00e9es. Nous vous encourageons \u00e0 en apprendre davantage sur Gordon\u202fClarke <a href=\"https:\/\/npf-fpn.com\/fr\/bourse-gordon-clarke\/\" target=\"_blank\" rel=\"noreferrer noopener\">ici<\/a>, et \u00e0 comprendre les nombreuses raisons pour lesquelles la FBFPN est fi\u00e8re de rendre hommage, avec ce prix, \u00e0 son h\u00e9ritage, \u00e0 son leadership et \u00e0 ses contributions inestimables pour nos membres et la population canadienne.<\/p>\n\n\n\n<div class=\"wp-block-buttons is-content-justification-center is-layout-flex wp-container-core-buttons-is-layout-16018d1d wp-block-buttons-is-layout-flex\">\n<div class=\"wp-block-button\"><a class=\"wp-block-button__link wp-element-button\" href=\"https:\/\/npf-fpn.com\/app\/uploads\/2026\/04\/NPFBF_bourses_publiques_lignes_directrices_2026.pdf\">Voir les crit\u00e8res d&#8217;\u00e9ligibilit\u00e9<\/a><\/div>\n\n\n\n<div class=\"wp-block-button\"><a class=\"wp-block-button__link wp-element-button\" href=\"https:\/\/portal.scholarshippartners.ca\/welcome\/NPFBFP-FR\/\" target=\"_blank\" rel=\"noreferrer noopener\">Postulez maintenant<\/a><\/div>\n<\/div>\n\n\n\n<div style=\"height:22px\" aria-hidden=\"true\" class=\"wp-block-spacer\"><\/div>\n\n\n\n<h4 class=\"wp-block-heading\"><strong>Bourses r\u00e9gionales FBFPN (12 x 2&nbsp;500&nbsp;$)<\/strong><\/h4>\n\n\n\n<p>La FBFPN fournira une aide financi\u00e8re \u00e0 des \u00e9tudiants de niveau postsecondaire en octroyant douze\u202f(12) bourses annuelles de 2\u202f500\u202f$ chacune. Les \u00e9tudiants qui poursuivent des \u00e9tudes postsecondaires et qui r\u00e9pondent aux crit\u00e8res ci-dessous seront admissibles\u202f:<\/p>\n\n\n\n<div class=\"wp-block-buttons is-content-justification-center is-layout-flex wp-container-core-buttons-is-layout-16018d1d wp-block-buttons-is-layout-flex\">\n<div class=\"wp-block-button\"><a class=\"wp-block-button__link wp-element-button\" href=\"https:\/\/npf-fpn.com\/app\/uploads\/2026\/04\/NPFBF_bourses_publiques_lignes_directrices_2026.pdf\">Voir les crit\u00e8res d&#8217;\u00e9ligibilit\u00e9<\/a><\/div>\n\n\n\n<div class=\"wp-block-button\"><a class=\"wp-block-button__link wp-element-button\" href=\"https:\/\/portal.scholarshippartners.ca\/welcome\/NPFBFP-FR\/\" target=\"_blank\" rel=\"noreferrer noopener\">Postulez maintenant<\/a><\/div>\n<\/div>\n\n\n\n<div style=\"height:44px\" aria-hidden=\"true\" class=\"wp-block-spacer\"><\/div>\n\n\n\n<h2 class=\"wp-block-heading\"><strong>Bourses pour les membres de la FPN et leur famille<\/strong><\/h2>\n\n\n\n<p><strong>National \u2013 Bourse pour enfant de membre de la FPN \u2013 5 000 $<\/strong><\/p>\n\n\n\n<p><em>Bourse comm\u00e9morative Sarah Beckett 2026<\/em><\/p>\n\n\n\n<p>La Fondation de bienfaisance de la FPN est fi\u00e8re d\u2019attribuer la bourse pour enfant de membre de la FPN 2026 d\u2019une valeur de 5 000 $, en l\u2019honneur et \u00e0 la m\u00e9moire de l\u2019agente Sarah Beckett. Cette bourse est d\u00e9cern\u00e9e \u00e0 une \u00e9tudiante ou un \u00e9tudiant inscrit \u00e0 un programme de premier cycle postsecondaire qui fait preuve d\u2019un leadership exceptionnel, de compassion et d\u2019un engagement marqu\u00e9 envers le soutien de sa communaut\u00e9 \u2014 des valeurs qui ont d\u00e9fini la vie et le service de l\u2019agente Beckett.<\/p>\n\n\n\n<p>L\u2019agente Sarah Beckett a \u00e9t\u00e9 tragiquement tu\u00e9e dans l\u2019exercice de ses fonctions le 5 avril 2016. Dix ans plus tard, son h\u00e9ritage se perp\u00e9tue \u00e0 travers l\u2019impact de son travail, son leadership et son profond d\u00e9vouement \u00e0 aider les autres. Sarah \u00e9tait particuli\u00e8rement passionn\u00e9e par le soutien aux jeunes et aux familles de sa communaut\u00e9 confront\u00e9s \u00e0 des circonstances difficiles. Par l\u2019entremise de cette bourse, la Fondation de bienfaisance de la FPN honore sa m\u00e9moire tout en appuyant la prochaine g\u00e9n\u00e9ration de leaders qui portent ces valeurs.<\/p>\n\n\n\n<div class=\"wp-block-buttons is-content-justification-center is-layout-flex wp-container-core-buttons-is-layout-16018d1d wp-block-buttons-is-layout-flex\">\n<div class=\"wp-block-button\"><a class=\"wp-block-button__link wp-element-button\" href=\"https:\/\/npf-fpn.com\/app\/uploads\/2026\/04\/Bourses-detudes-pour-enfants-et-pour-conjointes-et-conjointes-de-la-FBFPN_Lignes_directrices_de_2026.pdf\">Voir les crit\u00e8res d&#8217;\u00e9ligibilit\u00e9<\/a><\/div>\n\n\n\n<div class=\"wp-block-button\"><a class=\"wp-block-button__link wp-element-button\" href=\"https:\/\/portal.scholarshippartners.ca\/welcome\/NPFBFMD-FR\/\" target=\"_blank\" rel=\"noreferrer noopener\">Postulez maintenant<\/a><\/div>\n<\/div>\n\n\n\n<h4 class=\"wp-block-heading\"><strong>National &#8211; Bourse d&#8217;\u00e9tudes pour les conjoints des membres de la FPN &#8211; 2 500 $ &nbsp;<\/strong><\/h4>\n\n\n\n<p>La FBFPN est fi\u00e8re de fournir une aide financi\u00e8re aux conjointes et conjoints des membres de la<br>FPN qui poursuivent des \u00e9tudes postsecondaires en personne, en ligne ou \u00e0 distance, sous la<br>forme d\u2019une bourse unique de 2 500 $.<\/p>\n\n\n\n<div class=\"wp-block-buttons is-content-justification-center is-layout-flex wp-container-core-buttons-is-layout-16018d1d wp-block-buttons-is-layout-flex\">\n<div class=\"wp-block-button\"><a class=\"wp-block-button__link wp-element-button\" href=\"https:\/\/npf-fpn.com\/app\/uploads\/2026\/04\/Bourses-detudes-pour-enfants-et-pour-conjointes-et-conjointes-de-la-FBFPN_Lignes_directrices_de_2026.pdf\">Voir les crit\u00e8res d&#8217;\u00e9ligibilit\u00e9<\/a><\/div>\n\n\n\n<div class=\"wp-block-button\"><a class=\"wp-block-button__link wp-element-button\" href=\"https:\/\/portal.scholarshippartners.ca\/welcome\/NPFBFMD-FR\/\" target=\"_blank\" rel=\"noreferrer noopener\">Postulez maintenant<\/a><\/div>\n<\/div>\n\n\n\n<h3 class=\"wp-block-heading\">FAQs<\/h3>\n\n\n\n<div class=\"wp-block-pb-accordion-item c-accordion__item js-accordion-item no-js\" data-initially-open=\"false\" data-click-to-close=\"true\" data-auto-close=\"true\" data-scroll=\"false\" data-scroll-offset=\"0\"><h5 id=\"at-400230\" class=\"c-accordion__title js-accordion-controller\" role=\"button\">Qu&#8217;est-ce que la S\u00e9curit\u00e9 publique et quelles y sont les possibilit\u00e9s d&#8217;emploi?<\/h5><div id=\"ac-400230\" class=\"c-accordion__content\">\n<p>Au Canada, la s\u00e9curit\u00e9 publique est l\u2019\u00e9laboration, la coordination et la mise en \u0153uvre de politiques et de programmes visant \u00e0 renforcer la s\u00e9curit\u00e9 nationale, la s\u00e9curit\u00e9 communautaire et la gestion des urgences. Les quatre piliers de la s\u00e9curit\u00e9 publique au Canada sont la s\u00e9curit\u00e9 nationale, les strat\u00e9gies frontali\u00e8res, la lutte contre la criminalit\u00e9 et la gestion des urgences.<\/p>\n\n\n\n<p>Il existe cinq secteurs d\u2019emplois dans le domaine de la s\u00e9curit\u00e9 publique, soit les Services de gestion des mesures d\u2019urgence et des incendies, les Services d\u2019application de la loi, les Services juridiques, les Services correctionnels et les Services de s\u00e9curit\u00e9 et de protection. Les candidatures des personnes inscrites dans les domaines du maintien de l\u2019ordre, de la lutte contre les incendies, des services ambulanciers param\u00e9dicaux, des soins infirmiers (avec sp\u00e9cialisation en sant\u00e9 mentale), du traitement de la sant\u00e9 mentale et de la toxicomanie, de la cybers\u00e9curit\u00e9, de la s\u00e9curit\u00e9, des services de renseignement et de la d\u00e9fense, des \u00e9tudes sur les conflits, des catastrophes et de la gestion des urgences seront prises en compte.<\/p>\n<\/div><\/div>\n\n\n\n<div class=\"wp-block-pb-accordion-item c-accordion__item js-accordion-item no-js\" data-initially-open=\"false\" data-click-to-close=\"true\" data-auto-close=\"true\" data-scroll=\"false\" data-scroll-offset=\"0\"><h5 id=\"at-400231\" class=\"c-accordion__title js-accordion-controller\" role=\"button\">Quelles sont les trois r\u00e9gions qui re\u00e7oivent des bourses?<\/h5><div id=\"ac-400231\" class=\"c-accordion__content\">\n<p>La&nbsp;<strong>r\u00e9gion de l\u2019Atlantique\/Centre<\/strong>&nbsp;est compos\u00e9e des provinces du Qu\u00e9bec, de l&#8217;Ontario, de la Terre-Neuve-et-Labrador, de la Nouvelle-\u00c9cosse, de l\u2019\u00cele-du-Prince-\u00c9douard et du Nouveau-Brunswick. La&nbsp;<strong>r\u00e9gion des Prairies<\/strong>&nbsp;regroupe le Manitoba, la Saskatchewan, et l\u2019Alberta. Quant \u00e0 la&nbsp;<strong>r\u00e9gion du Pacifique\/Nord<\/strong>, elle correspond \u00e0 la Colombie-Britannique, le Nunavut, les Territoires du Nord-Ouest et le Yukon.<\/p>\n<\/div><\/div>\n\n\n\n<div class=\"wp-block-pb-accordion-item c-accordion__item js-accordion-item no-js\" data-initially-open=\"false\" data-click-to-close=\"true\" data-auto-close=\"true\" data-scroll=\"false\" data-scroll-offset=\"0\"><h5 id=\"at-400232\" class=\"c-accordion__title js-accordion-controller\" role=\"button\">Puis-je pr\u00e9senter une demande pour la bourse de 2 500 $ et la bourse Gordon Clarke de 5 000 $?<\/h5><div id=\"ac-400232\" class=\"c-accordion__content\">\n<p>Oui. Les candidats doivent pr\u00e9senter une demande distincte pour chaque bourse. Le titulaire de la bourse Gordon&nbsp;Clarke sera choisi en premier et le candidat retenu ne sera pas admissible \u00e0 une bourse r\u00e9gionale de 2&nbsp;500&nbsp;$.<\/p>\n<\/div><\/div>\n\n\n\n<div class=\"wp-block-pb-accordion-item c-accordion__item js-accordion-item no-js\" data-initially-open=\"false\" data-click-to-close=\"true\" data-auto-close=\"true\" data-scroll=\"false\" data-scroll-offset=\"0\"><h5 id=\"at-400233\" class=\"c-accordion__title js-accordion-controller\" role=\"button\">Je suis l&#8217;enfant d&#8217;un membre de la FPN. Puis-je postuler aux trois bourses ? &nbsp;<\/h5><div id=\"ac-400233\" class=\"c-accordion__content\">\n<p>Oui. Les candidats doivent postuler s\u00e9par\u00e9ment pour chaque bourse. Si vous \u00eates un enfant de membre, la bourse pour enfant de membre de la FPN sera choisie en premier et le candidat retenu n&#8217;aura pas droit \u00e0 la bourse r\u00e9gionale de 2500 $ ni \u00e0 la bourse Gordon Clarke de 5000 $.&nbsp;<\/p>\n<\/div><\/div>\n\n\n\n<div class=\"wp-block-pb-accordion-item c-accordion__item js-accordion-item no-js\" data-initially-open=\"false\" data-click-to-close=\"true\" data-auto-close=\"true\" data-scroll=\"false\" data-scroll-offset=\"0\"><h5 id=\"at-400234\" class=\"c-accordion__title js-accordion-controller\" role=\"button\">L&#8217;\u00e9tablissement d&#8217;enseignement postsecondaire que je fr\u00e9quente doit-il se trouver dans la r\u00e9gion o\u00f9 je vis et o\u00f9 je pr\u00e9sente une demande de bourse?<\/h5><div id=\"ac-400234\" class=\"c-accordion__content\">\n<p>Non. Par exemple, si vous vivez en Ontario (r\u00e9gion Atlantique\/Centre) et demandez une bourse, vous pouvez fr\u00e9quenter un \u00e9tablissement d\u2019enseignement postsecondaire en Alberta (r\u00e9gion des Prairies).<\/p>\n<\/div><\/div>\n\n\n\n<div class=\"wp-block-pb-accordion-item c-accordion__item js-accordion-item no-js\" data-initially-open=\"false\" data-click-to-close=\"true\" data-auto-close=\"true\" data-scroll=\"false\" data-scroll-offset=\"0\"><h5 id=\"at-400235\" class=\"c-accordion__title js-accordion-controller\" role=\"button\">Quels renseignements dois-je fournir avec ma disseration \u00e9crite?<\/h5><div id=\"ac-400235\" class=\"c-accordion__content\">\n<p>Vous devrez remplir le formulaire de demande de bourse de la Fondation de bienfaisance. Si on vous octroie une bourse d\u2019\u00e9tudes, vous devrez peut-\u00eatre fournir de plus amples renseignements avant le transfert des fonds \u00e0 votre \u00e9tablissement d\u2019enseignement postsecondaire.<\/p>\n<\/div><\/div>\n\n\n\n<div class=\"wp-block-pb-accordion-item c-accordion__item js-accordion-item no-js\" data-initially-open=\"false\" data-click-to-close=\"true\" data-auto-close=\"true\" data-scroll=\"false\" data-scroll-offset=\"0\"><h5 id=\"at-400236\" class=\"c-accordion__title js-accordion-controller\" role=\"button\">Quand dois-je fournir ma dissertation aux fins d&#8217;examens?<\/h5><div id=\"ac-400236\" class=\"c-accordion__content\">\n<p>Votre dissertation doit \u00eatre soumise au plus tard le 30 avril, \u00e0 13 h 00 HE.<\/p>\n<\/div><\/div>\n\n\n\n<div class=\"wp-block-pb-accordion-item c-accordion__item js-accordion-item no-js\" data-initially-open=\"false\" data-click-to-close=\"true\" data-auto-close=\"true\" data-scroll=\"false\" data-scroll-offset=\"0\"><h5 id=\"at-400237\" class=\"c-accordion__title js-accordion-controller\" role=\"button\">Quand serai-je inform\u00e9 si je re\u00e7ois une bourse d&#8217;\u00e9tudes?<\/h5><div id=\"ac-400237\" class=\"c-accordion__content\">\n<p>Si votre candidature est retenue, vous en serez inform\u00e9 par \u00e9crit au plus tard le 31&nbsp;ao\u00fbt de l\u2019ann\u00e9e de votre demande.<\/p>\n<\/div><\/div>\n\n\n\n<div style=\"height:27px\" aria-hidden=\"true\" class=\"wp-block-spacer\"><\/div>\n\n\n\n<p class=\"has-text-align-right\">Num\u00e9ro d&#8217;enregistrement d&#8217;organisme de bienfaisance 780448692RR0001<\/p>\n","protected":false},"excerpt":{"rendered":"<p>Des jeunes mobilis\u00e9s. Un service inspirant. Des collectivit\u00e9s plus s\u00fbres. La Fondation de bienfaisance de la F\u00e9d\u00e9ration de la police nationale est fi\u00e8re d\u2019investir dans deux programmes de bourses d\u2019\u00e9tudes, soit le Programme de bourses pour les personnes \u00e0 charge [&hellip;]<\/p>\n","protected":false},"author":326,"featured_media":0,"parent":0,"menu_order":0,"comment_status":"closed","ping_status":"closed","template":"","meta":{"_acf_changed":false,"inline_featured_image":false,"footnotes":""},"class_list":["post-40023","page","type-page","status-publish","hentry"],"acf":[],"yoast_head":"<!-- This site is optimized with the Yoast SEO plugin v27.4 - https:\/\/yoast.com\/product\/yoast-seo-wordpress\/ -->\n<title>Programme de bourses de la FBFPN - NPF-FPN<\/title>\n<meta name=\"robots\" content=\"index, follow, max-snippet:-1, max-image-preview:large, max-video-preview:-1\" \/>\n<link rel=\"canonical\" href=\"https:\/\/npf-fpn.com\/fr\/fbfpnbourses\/\" \/>\n<meta property=\"og:locale\" content=\"fr_FR\" \/>\n<meta property=\"og:type\" content=\"article\" \/>\n<meta property=\"og:title\" content=\"Programme de bourses de la FBFPN - NPF-FPN\" \/>\n<meta property=\"og:description\" content=\"Des jeunes mobilis\u00e9s. Un service inspirant. Des collectivit\u00e9s plus s\u00fbres. La Fondation de bienfaisance de la F\u00e9d\u00e9ration de la police nationale est fi\u00e8re d\u2019investir dans deux programmes de bourses d\u2019\u00e9tudes, soit le Programme de bourses pour les personnes \u00e0 charge [&hellip;]\" \/>\n<meta property=\"og:url\" content=\"https:\/\/npf-fpn.com\/fr\/fbfpnbourses\/\" \/>\n<meta property=\"og:site_name\" content=\"NPF-FPN\" \/>\n<meta property=\"article:modified_time\" content=\"2026-04-22T20:03:29+00:00\" \/>\n<meta name=\"twitter:card\" content=\"summary_large_image\" \/>\n<meta name=\"twitter:label1\" content=\"Est. reading time\" \/>\n\t<meta name=\"twitter:data1\" content=\"6 minutes\" \/>\n<script type=\"application\/ld+json\" class=\"yoast-schema-graph\">{\"@context\":\"https:\\\/\\\/schema.org\",\"@graph\":[{\"@type\":\"WebPage\",\"@id\":\"https:\\\/\\\/npf-fpn.com\\\/fr\\\/fbfpnbourses\\\/\",\"url\":\"https:\\\/\\\/npf-fpn.com\\\/fr\\\/fbfpnbourses\\\/\",\"name\":\"Programme de bourses de la FBFPN - NPF-FPN\",\"isPartOf\":{\"@id\":\"https:\\\/\\\/npf-fpn.com\\\/#website\"},\"datePublished\":\"2023-02-28T21:58:47+00:00\",\"dateModified\":\"2026-04-22T20:03:29+00:00\",\"breadcrumb\":{\"@id\":\"https:\\\/\\\/npf-fpn.com\\\/fr\\\/fbfpnbourses\\\/#breadcrumb\"},\"inLanguage\":\"fr-FR\",\"potentialAction\":[{\"@type\":\"ReadAction\",\"target\":[\"https:\\\/\\\/npf-fpn.com\\\/fr\\\/fbfpnbourses\\\/\"]}]},{\"@type\":\"BreadcrumbList\",\"@id\":\"https:\\\/\\\/npf-fpn.com\\\/fr\\\/fbfpnbourses\\\/#breadcrumb\",\"itemListElement\":[{\"@type\":\"ListItem\",\"position\":1,\"name\":\"Accueil\",\"item\":\"https:\\\/\\\/npf-fpn.com\\\/fr\\\/\"},{\"@type\":\"ListItem\",\"position\":2,\"name\":\"Programme de bourses de la FBFPN\"}]},{\"@type\":\"WebSite\",\"@id\":\"https:\\\/\\\/npf-fpn.com\\\/#website\",\"url\":\"https:\\\/\\\/npf-fpn.com\\\/\",\"name\":\"NPF-FPN\",\"description\":\"Providing strong, fair and progressive representation to almost 20,000 RCMP members across Canada.\",\"publisher\":{\"@id\":\"https:\\\/\\\/npf-fpn.com\\\/#organization\"},\"potentialAction\":[{\"@type\":\"SearchAction\",\"target\":{\"@type\":\"EntryPoint\",\"urlTemplate\":\"https:\\\/\\\/npf-fpn.com\\\/?s={search_term_string}\"},\"query-input\":{\"@type\":\"PropertyValueSpecification\",\"valueRequired\":true,\"valueName\":\"search_term_string\"}}],\"inLanguage\":\"fr-FR\"},{\"@type\":\"Organization\",\"@id\":\"https:\\\/\\\/npf-fpn.com\\\/#organization\",\"name\":\"NPF-FPN\",\"url\":\"https:\\\/\\\/npf-fpn.com\\\/\",\"logo\":{\"@type\":\"ImageObject\",\"inLanguage\":\"fr-FR\",\"@id\":\"https:\\\/\\\/npf-fpn.com\\\/#\\\/schema\\\/logo\\\/image\\\/\",\"url\":\"https:\\\/\\\/npf-fpn.com\\\/app\\\/uploads\\\/2022\\\/01\\\/NPF.jpg\",\"contentUrl\":\"https:\\\/\\\/npf-fpn.com\\\/app\\\/uploads\\\/2022\\\/01\\\/NPF.jpg\",\"width\":200,\"height\":200,\"caption\":\"NPF-FPN\"},\"image\":{\"@id\":\"https:\\\/\\\/npf-fpn.com\\\/#\\\/schema\\\/logo\\\/image\\\/\"}}]}<\/script>\n<!-- \/ Yoast SEO plugin. -->","yoast_head_json":{"title":"Programme de bourses de la FBFPN - NPF-FPN","robots":{"index":"index","follow":"follow","max-snippet":"max-snippet:-1","max-image-preview":"max-image-preview:large","max-video-preview":"max-video-preview:-1"},"canonical":"https:\/\/npf-fpn.com\/fr\/fbfpnbourses\/","og_locale":"fr_FR","og_type":"article","og_title":"Programme de bourses de la FBFPN - NPF-FPN","og_description":"Des jeunes mobilis\u00e9s. Un service inspirant. Des collectivit\u00e9s plus s\u00fbres. La Fondation de bienfaisance de la F\u00e9d\u00e9ration de la police nationale est fi\u00e8re d\u2019investir dans deux programmes de bourses d\u2019\u00e9tudes, soit le Programme de bourses pour les personnes \u00e0 charge [&hellip;]","og_url":"https:\/\/npf-fpn.com\/fr\/fbfpnbourses\/","og_site_name":"NPF-FPN","article_modified_time":"2026-04-22T20:03:29+00:00","twitter_card":"summary_large_image","twitter_misc":{"Est. reading time":"6 minutes"},"schema":{"@context":"https:\/\/schema.org","@graph":[{"@type":"WebPage","@id":"https:\/\/npf-fpn.com\/fr\/fbfpnbourses\/","url":"https:\/\/npf-fpn.com\/fr\/fbfpnbourses\/","name":"Programme de bourses de la FBFPN - NPF-FPN","isPartOf":{"@id":"https:\/\/npf-fpn.com\/#website"},"datePublished":"2023-02-28T21:58:47+00:00","dateModified":"2026-04-22T20:03:29+00:00","breadcrumb":{"@id":"https:\/\/npf-fpn.com\/fr\/fbfpnbourses\/#breadcrumb"},"inLanguage":"fr-FR","potentialAction":[{"@type":"ReadAction","target":["https:\/\/npf-fpn.com\/fr\/fbfpnbourses\/"]}]},{"@type":"BreadcrumbList","@id":"https:\/\/npf-fpn.com\/fr\/fbfpnbourses\/#breadcrumb","itemListElement":[{"@type":"ListItem","position":1,"name":"Accueil","item":"https:\/\/npf-fpn.com\/fr\/"},{"@type":"ListItem","position":2,"name":"Programme de bourses de la FBFPN"}]},{"@type":"WebSite","@id":"https:\/\/npf-fpn.com\/#website","url":"https:\/\/npf-fpn.com\/","name":"NPF-FPN","description":"Providing strong, fair and progressive representation to almost 20,000 RCMP members across Canada.","publisher":{"@id":"https:\/\/npf-fpn.com\/#organization"},"potentialAction":[{"@type":"SearchAction","target":{"@type":"EntryPoint","urlTemplate":"https:\/\/npf-fpn.com\/?s={search_term_string}"},"query-input":{"@type":"PropertyValueSpecification","valueRequired":true,"valueName":"search_term_string"}}],"inLanguage":"fr-FR"},{"@type":"Organization","@id":"https:\/\/npf-fpn.com\/#organization","name":"NPF-FPN","url":"https:\/\/npf-fpn.com\/","logo":{"@type":"ImageObject","inLanguage":"fr-FR","@id":"https:\/\/npf-fpn.com\/#\/schema\/logo\/image\/","url":"https:\/\/npf-fpn.com\/app\/uploads\/2022\/01\/NPF.jpg","contentUrl":"https:\/\/npf-fpn.com\/app\/uploads\/2022\/01\/NPF.jpg","width":200,"height":200,"caption":"NPF-FPN"},"image":{"@id":"https:\/\/npf-fpn.com\/#\/schema\/logo\/image\/"}}]}},"_links":{"self":[{"href":"https:\/\/npf-fpn.com\/fr\/wp-json\/wp\/v2\/pages\/40023","targetHints":{"allow":["GET"]}}],"collection":[{"href":"https:\/\/npf-fpn.com\/fr\/wp-json\/wp\/v2\/pages"}],"about":[{"href":"https:\/\/npf-fpn.com\/fr\/wp-json\/wp\/v2\/types\/page"}],"author":[{"embeddable":true,"href":"https:\/\/npf-fpn.com\/fr\/wp-json\/wp\/v2\/users\/326"}],"replies":[{"embeddable":true,"href":"https:\/\/npf-fpn.com\/fr\/wp-json\/wp\/v2\/comments?post=40023"}],"version-history":[{"count":63,"href":"https:\/\/npf-fpn.com\/fr\/wp-json\/wp\/v2\/pages\/40023\/revisions"}],"predecessor-version":[{"id":67724,"href":"https:\/\/npf-fpn.com\/fr\/wp-json\/wp\/v2\/pages\/40023\/revisions\/67724"}],"wp:attachment":[{"href":"https:\/\/npf-fpn.com\/fr\/wp-json\/wp\/v2\/media?parent=40023"}],"curies":[{"name":"wp","href":"https:\/\/api.w.org\/{rel}","templated":true}]}}