{"id":40019,"date":"2023-02-28T21:51:03","date_gmt":"2023-02-28T21:51:03","guid":{"rendered":"https:\/\/npf-fpn.com\/?page_id=40019"},"modified":"2025-01-22T16:46:52","modified_gmt":"2025-01-22T16:46:52","slug":"fbfpn-foire-aux-questions","status":"publish","type":"page","link":"https:\/\/npf-fpn.com\/fr\/fbfpn-foire-aux-questions\/","title":{"rendered":"Foire aux questions"},"content":{"rendered":"\n<p><strong>1. Pourquoi le don comm\u00e9moratif n\u2019est-il vers\u00e9 que pour les personnes d\u00e9c\u00e9d\u00e9es depuis le 1er janvier 2020?<\/strong><\/p>\n\n\n\n<p>Le Conseil d\u2019administration de la Fondation de bienfaisance de la F\u00e9d\u00e9ration de la police nationale a \u00e9t\u00e9 cr\u00e9\u00e9 en janvier 2020 et a commenc\u00e9 ses activit\u00e9s peu de temps apr\u00e8s. Tous les dons comm\u00e9moratifs \u00e0 compter de la date d\u2019entr\u00e9e en fonction de la Fondation seront honor\u00e9s.<\/p>\n\n\n\n<p><strong>2. Existe-t-il des prestations de la Fondation de bienfaisance pour les membres qui sont bless\u00e9s dans l\u2019exercice de leurs fonctions?<\/strong><\/p>\n\n\n\n<p>Non. Les membres bless\u00e9s en service doivent signaler toute blessure subie en service \u00e0 leur superviseur et la consigner sur un formulaire Lab1070. Les membres doivent \u00e9galement consulter leur repr\u00e9sentant local de la FPN pour se renseigner sur d\u2019autres admissibilit\u00e9s li\u00e9es \u00e0 une blessure subie pendant qu\u2019ils \u00e9taient service.<\/p>\n\n\n\n<p><strong>3. Quelle est la d\u00e9finition juridique du terme \u00ab plus proche parent \u00bb?<\/strong><\/p>\n\n\n\n<p>Le plus proche parent d\u2019une personne est son parent vivant qui lui est biologiquement le plus proche. Ceci inclut son conjoint et les membres adopt\u00e9s de sa famille.<\/p>\n\n\n\n<p><strong>4. Un membre \u00e0 la retraite de la FPN est-il admissible \u00e0 le don comm\u00e9moratif ?<\/strong><\/p>\n\n\n\n<p>Non. Un membre de la FPN n\u2019est plus admissible \u00e0 la prestation lorsqu\u2019il prend sa retraite et cesse de payer ses cotisations. Les retrait\u00e9s de la GRC doivent communiquer avec la Fondation de l\u2019Association des v\u00e9t\u00e9rans de la GRC pour se renseigner sur les possibilit\u00e9s d\u2019aide ou de soutien \u00e0 la retraite.<\/p>\n\n\n\n<p><strong>5. Mon conjoint \u00e9tait membre de la GRC et de la F\u00e9d\u00e9ration de la police nationale. Son d\u00e9c\u00e8s est survenu apr\u00e8s le 1er janvier 2020. Je n\u2019ai pas re\u00e7u le don comm\u00e9moratif. Avec qui dois-je communiquer?<\/strong><\/p>\n\n\n\n<p>Veuillez cliquer sur \u00ab Contactez-nous \u00bb sur notre page Web \u00e0 l\u2019adresse <a href=\"https:\/\/npf-fpn.com\/fr\/contactez-la-fbfpn\/\">https:\/\/npf-fpn.com\/fr\/contactez-la-fbfpn\/<\/a> et nous faire parvenir vos coordonn\u00e9es et vos questions.<\/p>\n\n\n\n<p><strong>6. Ind\u00e9pendamment de ce don de la FPN, la GRC offre-t-elle un soutien \u00e0 la famille des membres qui d\u00e9c\u00e8dent, qu\u2019ils soient en service ou non?<\/strong><\/p>\n\n\n\n<p>Oui. Les renseignements relatifs aux prestations de d\u00e9c\u00e8s des membres peuvent \u00eatre consult\u00e9s dans le Guide des mesures \u00e0 prendre au d\u00e9c\u00e8s d\u2019un membre de la GRC. Le sergent-major du corps est responsable de la publication et de la mise \u00e0 jour de ce guide. Toutes les demandes de renseignements relatives \u00e0 ce guide doivent \u00eatre adress\u00e9es au sergent-major du corps ou aux adjudants des divisions de la GRC.<\/p>\n\n\n\n<p class=\"has-text-align-right\">Num\u00e9ro d&#8217;enregistrement d&#8217;organisme de bienfaisance 780448692RR0001<\/p>\n","protected":false},"excerpt":{"rendered":"<p>1. Pourquoi le don comm\u00e9moratif n\u2019est-il vers\u00e9 que pour les personnes d\u00e9c\u00e9d\u00e9es depuis le 1er janvier 2020? Le Conseil d\u2019administration de la Fondation de bienfaisance de la F\u00e9d\u00e9ration de la police nationale a \u00e9t\u00e9 cr\u00e9\u00e9 en janvier 2020 et a [&hellip;]<\/p>\n","protected":false},"author":326,"featured_media":0,"parent":0,"menu_order":0,"comment_status":"closed","ping_status":"closed","template":"","meta":{"_acf_changed":false,"inline_featured_image":false,"footnotes":""},"class_list":["post-40019","page","type-page","status-publish","hentry"],"acf":[],"yoast_head":"<!-- This site is optimized with the Yoast SEO plugin v27.4 - https:\/\/yoast.com\/product\/yoast-seo-wordpress\/ -->\n<title>Foire aux questions - NPF-FPN<\/title>\n<meta name=\"robots\" content=\"index, follow, max-snippet:-1, max-image-preview:large, max-video-preview:-1\" \/>\n<link rel=\"canonical\" href=\"https:\/\/npf-fpn.com\/fr\/fbfpn-foire-aux-questions\/\" \/>\n<meta property=\"og:locale\" content=\"fr_FR\" \/>\n<meta property=\"og:type\" content=\"article\" \/>\n<meta property=\"og:title\" content=\"Foire aux questions - NPF-FPN\" \/>\n<meta property=\"og:description\" content=\"1. Pourquoi le don comm\u00e9moratif n\u2019est-il vers\u00e9 que pour les personnes d\u00e9c\u00e9d\u00e9es depuis le 1er janvier 2020? Le Conseil d\u2019administration de la Fondation de bienfaisance de la F\u00e9d\u00e9ration de la police nationale a \u00e9t\u00e9 cr\u00e9\u00e9 en janvier 2020 et a [&hellip;]\" \/>\n<meta property=\"og:url\" content=\"https:\/\/npf-fpn.com\/fr\/fbfpn-foire-aux-questions\/\" \/>\n<meta property=\"og:site_name\" content=\"NPF-FPN\" \/>\n<meta property=\"article:modified_time\" content=\"2025-01-22T16:46:52+00:00\" \/>\n<meta name=\"twitter:card\" content=\"summary_large_image\" \/>\n<meta name=\"twitter:label1\" content=\"Est. reading time\" \/>\n\t<meta name=\"twitter:data1\" content=\"2 minutes\" \/>\n<script type=\"application\/ld+json\" class=\"yoast-schema-graph\">{\"@context\":\"https:\\\/\\\/schema.org\",\"@graph\":[{\"@type\":\"WebPage\",\"@id\":\"https:\\\/\\\/npf-fpn.com\\\/fr\\\/fbfpn-foire-aux-questions\\\/\",\"url\":\"https:\\\/\\\/npf-fpn.com\\\/fr\\\/fbfpn-foire-aux-questions\\\/\",\"name\":\"Foire aux questions - NPF-FPN\",\"isPartOf\":{\"@id\":\"https:\\\/\\\/npf-fpn.com\\\/#website\"},\"datePublished\":\"2023-02-28T21:51:03+00:00\",\"dateModified\":\"2025-01-22T16:46:52+00:00\",\"breadcrumb\":{\"@id\":\"https:\\\/\\\/npf-fpn.com\\\/fr\\\/fbfpn-foire-aux-questions\\\/#breadcrumb\"},\"inLanguage\":\"fr-FR\",\"potentialAction\":[{\"@type\":\"ReadAction\",\"target\":[\"https:\\\/\\\/npf-fpn.com\\\/fr\\\/fbfpn-foire-aux-questions\\\/\"]}]},{\"@type\":\"BreadcrumbList\",\"@id\":\"https:\\\/\\\/npf-fpn.com\\\/fr\\\/fbfpn-foire-aux-questions\\\/#breadcrumb\",\"itemListElement\":[{\"@type\":\"ListItem\",\"position\":1,\"name\":\"Accueil\",\"item\":\"https:\\\/\\\/npf-fpn.com\\\/fr\\\/\"},{\"@type\":\"ListItem\",\"position\":2,\"name\":\"Foire aux questions\"}]},{\"@type\":\"WebSite\",\"@id\":\"https:\\\/\\\/npf-fpn.com\\\/#website\",\"url\":\"https:\\\/\\\/npf-fpn.com\\\/\",\"name\":\"NPF-FPN\",\"description\":\"Providing strong, fair and progressive representation to almost 20,000 RCMP members across Canada.\",\"publisher\":{\"@id\":\"https:\\\/\\\/npf-fpn.com\\\/#organization\"},\"potentialAction\":[{\"@type\":\"SearchAction\",\"target\":{\"@type\":\"EntryPoint\",\"urlTemplate\":\"https:\\\/\\\/npf-fpn.com\\\/?s={search_term_string}\"},\"query-input\":{\"@type\":\"PropertyValueSpecification\",\"valueRequired\":true,\"valueName\":\"search_term_string\"}}],\"inLanguage\":\"fr-FR\"},{\"@type\":\"Organization\",\"@id\":\"https:\\\/\\\/npf-fpn.com\\\/#organization\",\"name\":\"NPF-FPN\",\"url\":\"https:\\\/\\\/npf-fpn.com\\\/\",\"logo\":{\"@type\":\"ImageObject\",\"inLanguage\":\"fr-FR\",\"@id\":\"https:\\\/\\\/npf-fpn.com\\\/#\\\/schema\\\/logo\\\/image\\\/\",\"url\":\"https:\\\/\\\/npf-fpn.com\\\/app\\\/uploads\\\/2022\\\/01\\\/NPF.jpg\",\"contentUrl\":\"https:\\\/\\\/npf-fpn.com\\\/app\\\/uploads\\\/2022\\\/01\\\/NPF.jpg\",\"width\":200,\"height\":200,\"caption\":\"NPF-FPN\"},\"image\":{\"@id\":\"https:\\\/\\\/npf-fpn.com\\\/#\\\/schema\\\/logo\\\/image\\\/\"}}]}<\/script>\n<!-- \/ Yoast SEO plugin. -->","yoast_head_json":{"title":"Foire aux questions - NPF-FPN","robots":{"index":"index","follow":"follow","max-snippet":"max-snippet:-1","max-image-preview":"max-image-preview:large","max-video-preview":"max-video-preview:-1"},"canonical":"https:\/\/npf-fpn.com\/fr\/fbfpn-foire-aux-questions\/","og_locale":"fr_FR","og_type":"article","og_title":"Foire aux questions - NPF-FPN","og_description":"1. Pourquoi le don comm\u00e9moratif n\u2019est-il vers\u00e9 que pour les personnes d\u00e9c\u00e9d\u00e9es depuis le 1er janvier 2020? Le Conseil d\u2019administration de la Fondation de bienfaisance de la F\u00e9d\u00e9ration de la police nationale a \u00e9t\u00e9 cr\u00e9\u00e9 en janvier 2020 et a [&hellip;]","og_url":"https:\/\/npf-fpn.com\/fr\/fbfpn-foire-aux-questions\/","og_site_name":"NPF-FPN","article_modified_time":"2025-01-22T16:46:52+00:00","twitter_card":"summary_large_image","twitter_misc":{"Est. reading time":"2 minutes"},"schema":{"@context":"https:\/\/schema.org","@graph":[{"@type":"WebPage","@id":"https:\/\/npf-fpn.com\/fr\/fbfpn-foire-aux-questions\/","url":"https:\/\/npf-fpn.com\/fr\/fbfpn-foire-aux-questions\/","name":"Foire aux questions - NPF-FPN","isPartOf":{"@id":"https:\/\/npf-fpn.com\/#website"},"datePublished":"2023-02-28T21:51:03+00:00","dateModified":"2025-01-22T16:46:52+00:00","breadcrumb":{"@id":"https:\/\/npf-fpn.com\/fr\/fbfpn-foire-aux-questions\/#breadcrumb"},"inLanguage":"fr-FR","potentialAction":[{"@type":"ReadAction","target":["https:\/\/npf-fpn.com\/fr\/fbfpn-foire-aux-questions\/"]}]},{"@type":"BreadcrumbList","@id":"https:\/\/npf-fpn.com\/fr\/fbfpn-foire-aux-questions\/#breadcrumb","itemListElement":[{"@type":"ListItem","position":1,"name":"Accueil","item":"https:\/\/npf-fpn.com\/fr\/"},{"@type":"ListItem","position":2,"name":"Foire aux questions"}]},{"@type":"WebSite","@id":"https:\/\/npf-fpn.com\/#website","url":"https:\/\/npf-fpn.com\/","name":"NPF-FPN","description":"Providing strong, fair and progressive representation to almost 20,000 RCMP members across Canada.","publisher":{"@id":"https:\/\/npf-fpn.com\/#organization"},"potentialAction":[{"@type":"SearchAction","target":{"@type":"EntryPoint","urlTemplate":"https:\/\/npf-fpn.com\/?s={search_term_string}"},"query-input":{"@type":"PropertyValueSpecification","valueRequired":true,"valueName":"search_term_string"}}],"inLanguage":"fr-FR"},{"@type":"Organization","@id":"https:\/\/npf-fpn.com\/#organization","name":"NPF-FPN","url":"https:\/\/npf-fpn.com\/","logo":{"@type":"ImageObject","inLanguage":"fr-FR","@id":"https:\/\/npf-fpn.com\/#\/schema\/logo\/image\/","url":"https:\/\/npf-fpn.com\/app\/uploads\/2022\/01\/NPF.jpg","contentUrl":"https:\/\/npf-fpn.com\/app\/uploads\/2022\/01\/NPF.jpg","width":200,"height":200,"caption":"NPF-FPN"},"image":{"@id":"https:\/\/npf-fpn.com\/#\/schema\/logo\/image\/"}}]}},"_links":{"self":[{"href":"https:\/\/npf-fpn.com\/fr\/wp-json\/wp\/v2\/pages\/40019","targetHints":{"allow":["GET"]}}],"collection":[{"href":"https:\/\/npf-fpn.com\/fr\/wp-json\/wp\/v2\/pages"}],"about":[{"href":"https:\/\/npf-fpn.com\/fr\/wp-json\/wp\/v2\/types\/page"}],"author":[{"embeddable":true,"href":"https:\/\/npf-fpn.com\/fr\/wp-json\/wp\/v2\/users\/326"}],"replies":[{"embeddable":true,"href":"https:\/\/npf-fpn.com\/fr\/wp-json\/wp\/v2\/comments?post=40019"}],"version-history":[{"count":7,"href":"https:\/\/npf-fpn.com\/fr\/wp-json\/wp\/v2\/pages\/40019\/revisions"}],"predecessor-version":[{"id":57345,"href":"https:\/\/npf-fpn.com\/fr\/wp-json\/wp\/v2\/pages\/40019\/revisions\/57345"}],"wp:attachment":[{"href":"https:\/\/npf-fpn.com\/fr\/wp-json\/wp\/v2\/media?parent=40019"}],"curies":[{"name":"wp","href":"https:\/\/api.w.org\/{rel}","templated":true}]}}