{"id":40010,"date":"2023-02-28T21:55:32","date_gmt":"2023-02-28T21:55:32","guid":{"rendered":"https:\/\/npf-fpn.com\/?page_id=40010"},"modified":"2025-01-22T18:06:53","modified_gmt":"2025-01-22T18:06:53","slug":"fondation-de-bienfaisance","status":"publish","type":"page","link":"https:\/\/npf-fpn.com\/fr\/fondation-de-bienfaisance\/","title":{"rendered":"\u00c0 propos de la FBFPN"},"content":{"rendered":"<div class=\"wp-block-image\">\n<figure class=\"aligncenter size-large is-resized\"><img decoding=\"async\" width=\"1024\" height=\"315\" src=\"https:\/\/npf-fpn.com\/app\/uploads\/2024\/09\/1_NPFBN_primary_logo-1024x315.jpg\" alt=\"\" class=\"wp-image-54333\" style=\"width:618px;height:auto\" srcset=\"https:\/\/npf-fpn.com\/app\/uploads\/2024\/09\/1_NPFBN_primary_logo-1024x315.jpg 1024w, https:\/\/npf-fpn.com\/app\/uploads\/2024\/09\/1_NPFBN_primary_logo-300x92.jpg 300w, https:\/\/npf-fpn.com\/app\/uploads\/2024\/09\/1_NPFBN_primary_logo-768x236.jpg 768w, https:\/\/npf-fpn.com\/app\/uploads\/2024\/09\/1_NPFBN_primary_logo-1536x472.jpg 1536w, https:\/\/npf-fpn.com\/app\/uploads\/2024\/09\/1_NPFBN_primary_logo-2048x630.jpg 2048w, https:\/\/npf-fpn.com\/app\/uploads\/2024\/09\/1_NPFBN_primary_logo-390x120.jpg 390w, https:\/\/npf-fpn.com\/app\/uploads\/2024\/09\/1_NPFBN_primary_logo-600x184.jpg 600w\" sizes=\"(max-width: 1024px) 100vw, 1024px\" \/><\/figure>\n<\/div>\n\n\n<div class=\"wp-block-columns is-layout-flex wp-container-core-columns-is-layout-9d6595d7 wp-block-columns-is-layout-flex\">\n<div class=\"wp-block-column is-layout-flow wp-block-column-is-layout-flow\">\n<div class=\"wp-block-buttons is-content-justification-center is-layout-flex wp-container-core-buttons-is-layout-16018d1d wp-block-buttons-is-layout-flex\">\n<div class=\"wp-block-button has-custom-width wp-block-button__width-100 is-style-fill\"><a class=\"wp-block-button__link wp-element-button\" href=\"https:\/\/npf-fpn.com\/fr\/donate\/\">Faire un don<br>\u00e0 la FBFPN<\/a><\/div>\n<\/div>\n<\/div>\n\n\n\n<div class=\"wp-block-column is-layout-flow wp-block-column-is-layout-flow\">\n<div class=\"wp-block-buttons is-layout-flex wp-block-buttons-is-layout-flex\">\n<div class=\"wp-block-button has-custom-width wp-block-button__width-100 is-style-fill\"><a class=\"wp-block-button__link wp-element-button\" href=\"https:\/\/npf-fpn.com\/fr\/fbfpnbourses\/\">Programme de bourses de la FBFPN<\/a><\/div>\n<\/div>\n<\/div>\n\n\n\n<div class=\"wp-block-column is-layout-flow wp-block-column-is-layout-flow\">\n<div class=\"wp-block-buttons is-content-justification-center is-layout-flex wp-container-core-buttons-is-layout-16018d1d wp-block-buttons-is-layout-flex\">\n<div class=\"wp-block-button has-custom-width wp-block-button__width-100 is-style-fill\"><a class=\"wp-block-button__link wp-element-button\" href=\"https:\/\/npf-fpn.com\/fr\/npfbf-gala\/\">Gala<br>FBFPN<\/a><\/div>\n<\/div>\n<\/div>\n\n\n\n<div class=\"wp-block-column is-layout-flow wp-block-column-is-layout-flow\">\n<div class=\"wp-block-buttons is-layout-flex wp-block-buttons-is-layout-flex\">\n<div class=\"wp-block-button has-custom-width wp-block-button__width-100\"><a class=\"wp-block-button__link wp-element-button\" href=\"https:\/\/npf-fpn.com\/fr\/fbfpn-foire-aux-questions\/\">Foire aux questions<\/a><\/div>\n<\/div>\n<\/div>\n<\/div>\n\n\n\n<p>Constitu\u00e9e en vertu de la Loi canadienne sur les organisations \u00e0 but non lucratif, la Fondation de bienfaisance de la F\u00e9d\u00e9ration de la police nationale a \u00e9t\u00e9 mise sur pied en 2020 et a re\u00e7u le statut d\u2019organisme de bienfaisance en mars 2021. Elle vient en aide aux familles des membres actifs de la FPN d\u00e9c\u00e9d\u00e9s dans l\u2019exercice de leurs fonctions ou non. Voici comment la FBFPN remplit sa mission :<\/p>\n\n\n\n<ul class=\"wp-block-list\">\n<li>Fournir un soutien financier imm\u00e9diat et d\u2019autres formes d\u2019aide \u00e0 la famille d\u2019un membre actif d\u00e9c\u00e9d\u00e9.<\/li>\n\n\n\n<li>Financer les \u00e9tudes postsecondaires des \u00e9tudiants.<\/li>\n\n\n\n<li>G\u00e9rer les dons du public et des autres membres de la FPN pour soutenir les familles de ses membres disparus.<\/li>\n<\/ul>\n\n\n\n<p>La FBFPN est dirig\u00e9e par un conseil compos\u00e9 d\u2019administrateurs et d\u2019officiers d\u2019\u00e9tat-major de la F\u00e9d\u00e9ration de la police nationale.<\/p>\n\n\n\n<p>La&nbsp;<a href=\"https:\/\/npf-fpn.com\/fr\/\">F\u00e9d\u00e9ration de la police nationale<\/a>&nbsp;est fi\u00e8re de repr\u00e9senter les membres r\u00e9guliers et les r\u00e9servistes de la GRC en tant que seul agent n\u00e9gociateur accr\u00e9dit\u00e9. La F\u00e9d\u00e9ration de la police nationale a pour mission d\u2019offrir une repr\u00e9sentation solide, \u00e9quitable et progressive pour promouvoir et consolider les droits de ses membres.<\/p>\n\n\n\n<h4 class=\"wp-block-heading\">Jalons&nbsp;:<\/h4>\n\n\n\n<ul class=\"wp-block-list\">\n<li>2016&nbsp;: Incorporation de la F\u00e9d\u00e9ration de la police nationale et de la Fondation de bienfaisance de la F\u00e9d\u00e9ration de la police nationale, en attente de l\u2019agr\u00e9ment des membres<\/li>\n\n\n\n<li>Juillet&nbsp;2019&nbsp;: Certification de la FPN<\/li>\n\n\n\n<li>Janvier&nbsp;2020&nbsp;: Nomination des membres du conseil d\u2019administration de la FPN<\/li>\n\n\n\n<li>Ao\u00fbt&nbsp;2020&nbsp;: La Fondation de la GRC d\u00e9signe la FBFPN comme administrateur principal des dons publics<\/li>\n\n\n\n<li>Septembre&nbsp;2020&nbsp;: La FBFPN re\u00e7oit un premier don ext\u00e9rieur important de 10&nbsp;000&nbsp;$<\/li>\n\n\n\n<li>Septembre&nbsp;2020&nbsp;: La FPN fait don d\u2019un million de dollars \u00e0 la Fondation<\/li>\n\n\n\n<li>30 mars 2021: la FBFPN re\u00e7oit le statut d\u2019organisme de bienfaisance de l\u2019Agence du revenu du Canada<\/li>\n<\/ul>\n\n\n\n<h4 class=\"wp-block-heading\">Conseil d&#8217;administration de la FBFPN<\/h4>\n\n\n\n<div class=\"wp-block-columns is-layout-flex wp-container-core-columns-is-layout-9d6595d7 wp-block-columns-is-layout-flex\">\n<div class=\"wp-block-column is-layout-flow wp-block-column-is-layout-flow\">\n<figure class=\"wp-block-image is-resized\" id=\"block-576dab1d-9396-4b42-8a86-e677e060622d\"><img decoding=\"async\" src=\"https:\/\/npf-fpn.com\/app\/uploads\/2023\/01\/Kevin-Halwa-Web.png\" alt=\"This image has an empty alt attribute; its file name is Kevin-Halwa-Web.png\"\/><\/figure>\n\n\n\n<p class=\"has-text-align-center\"><strong>Kevin Halwa<br><\/strong>Pr\u00e9sident<br><a href=\"https:\/\/npf-fpn.com\/fr\/president-de-la-fbfpn-kevin-halwa\/\">Bio<\/a><\/p>\n<\/div>\n\n\n\n<div class=\"wp-block-column is-layout-flow wp-block-column-is-layout-flow\">\n<figure class=\"wp-block-image is-resized\" id=\"block-badb751b-bb4c-402a-a643-7f835f3f5805\"><img decoding=\"async\" src=\"https:\/\/npf-fpn.com\/app\/uploads\/2022\/11\/Brian-Sauve-Website.png\" alt=\"This image has an empty alt attribute; its file name is Brian-Sauve-Website.png\"\/><\/figure>\n\n\n\n<p class=\"has-text-align-center\"><strong>Brian Sauv\u00e9<br><\/strong>Administrateur<br><a href=\"https:\/\/npf-fpn.com\/fr\/npfbf-board-director-brian-sauve\/\">Bio<\/a><\/p>\n<\/div>\n\n\n\n<div class=\"wp-block-column is-layout-flow wp-block-column-is-layout-flow\">\n<figure class=\"wp-block-image size-full is-resized\" id=\"block-eab84b6e-ff80-486b-916f-17f4108ddf75\"><img decoding=\"async\" width=\"214\" height=\"300\" src=\"https:\/\/npf-fpn.com\/app\/uploads\/2024\/06\/Lucas.png\" alt=\"\" class=\"wp-image-52488\" srcset=\"https:\/\/npf-fpn.com\/app\/uploads\/2024\/06\/Lucas.png 214w, https:\/\/npf-fpn.com\/app\/uploads\/2024\/06\/Lucas-143x200.png 143w\" sizes=\"(max-width: 214px) 100vw, 214px\" \/><\/figure>\n\n\n\n<p class=\"has-text-align-center\"><strong>Lucas Bedard<br><\/strong>Administrateur<br><a href=\"https:\/\/npf-fpn.com\/fr\/board-of-directors-lucas-bedard-director-atlantic-central-region\/\">Bio<\/a><\/p>\n<\/div>\n\n\n\n<div class=\"wp-block-column is-layout-flow wp-block-column-is-layout-flow\">\n<figure class=\"wp-block-image size-full is-resized\" id=\"block-5006d14b-f18b-4e90-bc0d-d0f4bb9fff39\"><img decoding=\"async\" width=\"214\" height=\"300\" src=\"https:\/\/npf-fpn.com\/app\/uploads\/2024\/06\/Untitled-design-6-2.png\" alt=\"\" class=\"wp-image-52597\" srcset=\"https:\/\/npf-fpn.com\/app\/uploads\/2024\/06\/Untitled-design-6-2.png 214w, https:\/\/npf-fpn.com\/app\/uploads\/2024\/06\/Untitled-design-6-2-143x200.png 143w\" sizes=\"(max-width: 214px) 100vw, 214px\" \/><\/figure>\n\n\n\n<p class=\"has-text-align-center\"><strong>Jake Foran<br><\/strong>Administrateur<br><a href=\"https:\/\/npf-fpn.com\/fr\/conseil-dadministration-jake-foran-administrateur-region-atlantique-centre\/\">Bio<\/a><\/p>\n<\/div>\n\n\n\n<div class=\"wp-block-column is-layout-flow wp-block-column-is-layout-flow\">\n<figure class=\"wp-block-image is-resized\" id=\"block-59ff526f-93ca-4ad8-b505-8e6f01d2fa3c\"><img decoding=\"async\" src=\"https:\/\/npf-fpn.com\/app\/uploads\/2022\/11\/Jeff-Swann-Website.png\" alt=\"This image has an empty alt attribute; its file name is Jeff-Swann-Website.png\"\/><\/figure>\n\n\n\n<p class=\"has-text-align-center\"><strong>Jeff Swann<br><\/strong>Administrateur<br><a href=\"https:\/\/npf-fpn.com\/fr\/administrateur-de-la-fbfpn-jeff-swann\/\">Bio<\/a><\/p>\n<\/div>\n<\/div>\n\n\n\n<h4 class=\"wp-block-heading\">Message de Kevin Halwa, pr\u00e9sident de la FBFPN<\/h4>\n\n\n\n<p>En juin 2022, j\u2019ai eu l\u2019honneur d\u2019\u00eatre nomm\u00e9 le pr\u00e9sident de la Fondation de bienfaisance de la F\u00e9d\u00e9ration de la police nationale (FPN). Apr\u00e8s avoir assum\u00e9 divers r\u00f4les au sein de la Gendarmerie royale du Canada (GRC) depuis plus de 26 ans, je connais les meilleurs et les pires moments qu\u2019ont v\u00e9cus les services de police partout au Canada, y compris la perte tragique de nos membres dans l\u2019exercice de leurs fonctions. Le m\u00e9tier de policier comporte bien des risques et il y a plusieurs dates qui resteront \u00e0 tout jamais grav\u00e9es dans ma m\u00e9moire, car elles me rappellent le sacrifice ultime que mes coll\u00e8gues ont consenti au service de leurs collectivit\u00e9s aux quatre coins du pays. M\u00eame si j\u2019ai perdu des amis et des camarades de troupe en cours de route, ces derniers occuperont toujours une place dans mes pens\u00e9es. Au lieu de chercher \u00e0 \u00e9viter le danger, nos membres l\u2019affrontent courageusement et mettent souvent leur vie en p\u00e9ril au profit de celle d\u2019autrui.<\/p>\n\n\n\n<p>J\u2019ai v\u00e9cu en Alberta et j\u2019y ai pass\u00e9 toute ma carri\u00e8re avec fiert\u00e9. \u00c0 titre d\u2019administrateur du Conseil de la FPN, j\u2019ai eu le privil\u00e8ge de faire la connaissance de membres de partout au pays. Les effectifs de la GRC font preuve de d\u00e9vouement, de professionnalisme et de compassion et doivent souvent composer avec des \u00e9v\u00e9nements traumatisants qui leur laissent des s\u00e9quelles, \u00e0 eux comme \u00e0 leur famille.<\/p>\n\n\n\n<p>Mes coll\u00e8gues du Conseil d\u2019administration de la Fondation de bienfaisance de la FPN et moi-m\u00eame avons un objectif principal et une mission en commun : apporter notre soutien aux membres de la FPN et \u00e0 leur famille \u00e0 court ou \u00e0 long terme, directement et indirectement.<\/p>\n\n\n\n<p>Kevin R. Halwa<\/p>\n\n\n\n<p>Pr\u00e9sident,<\/p>\n\n\n\n<p>Fondation de bienfaisance de la F\u00e9d\u00e9ration de la police nationale<\/p>\n\n\n\n<p class=\"has-text-align-right\">Num\u00e9ro d&#8217;enregistrement d&#8217;organisme de bienfaisance 780448692RR0001<\/p>\n\n\n\n<h4 class=\"wp-block-heading\">Don comm\u00e9moratif de la Fondation de Bienfaisance de la F\u00e9d\u00e9ration de la police nationale (FBFPN)<\/h4>\n\n\n\n<p><strong>Objectif du Don comm\u00e9moratif<\/strong><\/p>\n\n\n\n<p>Au d\u00e9c\u00e8s d\u2019un membre actif de la F\u00e9d\u00e9ration de la police nationale (FPN), qu\u2019il soit en service ou non, la FBFPN versera un paiement d\u2019aide \u00e0 son plus proche parent. Ce paiement unique vise \u00e0 aider la famille du membre d\u00e9c\u00e9d\u00e9 \u00e0 assumer les d\u00e9penses imm\u00e9diates et impr\u00e9vues qui surviendraient \u00e0 la suite de son d\u00e9c\u00e8s (c.-\u00e0-d. les frais fun\u00e9raires suppl\u00e9mentaires non couverts par la GRC et les frais li\u00e9s au d\u00e9placement de la famille pour les fun\u00e9railles).<\/p>\n\n\n\n<h4 class=\"wp-block-heading\">Don comm\u00e9moratif de la FBFPN<\/h4>\n\n\n\n<p>1. Le paiement sera vers\u00e9 au plus proche parent du membre d\u00e9c\u00e9d\u00e9.<br>2. Le paiement de la prestation sera \u00e9mis par un repr\u00e9sentant de la Fondation de bienfaisance de la F\u00e9d\u00e9ration de la police nationale avec une lettre de don au plus proche parent.<br>3. Cette prestation unique sera vers\u00e9e au plus proche parent de tout membre de la F\u00e9d\u00e9ration de la police nationale d\u00e9c\u00e9d\u00e9 depuis le 1er janvier 2020.<\/p>\n\n\n\n<p><\/p>\n","protected":false},"excerpt":{"rendered":"<p>Constitu\u00e9e en vertu de la Loi canadienne sur les organisations \u00e0 but non lucratif, la Fondation de bienfaisance de la F\u00e9d\u00e9ration de la police nationale a \u00e9t\u00e9 mise sur pied en 2020 et a re\u00e7u le statut d\u2019organisme de bienfaisance [&hellip;]<\/p>\n","protected":false},"author":326,"featured_media":0,"parent":0,"menu_order":0,"comment_status":"closed","ping_status":"closed","template":"","meta":{"_acf_changed":false,"inline_featured_image":false,"footnotes":""},"class_list":["post-40010","page","type-page","status-publish","hentry"],"acf":[],"yoast_head":"<!-- This site is optimized with the Yoast SEO plugin v27.4 - https:\/\/yoast.com\/product\/yoast-seo-wordpress\/ -->\n<title>\u00c0 propos de la FBFPN - NPF-FPN<\/title>\n<meta name=\"robots\" content=\"index, follow, max-snippet:-1, max-image-preview:large, max-video-preview:-1\" \/>\n<link rel=\"canonical\" href=\"https:\/\/npf-fpn.com\/fr\/fondation-de-bienfaisance\/\" \/>\n<meta property=\"og:locale\" content=\"fr_FR\" \/>\n<meta property=\"og:type\" content=\"article\" \/>\n<meta property=\"og:title\" content=\"\u00c0 propos de la FBFPN - NPF-FPN\" \/>\n<meta property=\"og:description\" content=\"Constitu\u00e9e en vertu de la Loi canadienne sur les organisations \u00e0 but non lucratif, la Fondation de bienfaisance de la F\u00e9d\u00e9ration de la police nationale a \u00e9t\u00e9 mise sur pied en 2020 et a re\u00e7u le statut d\u2019organisme de bienfaisance [&hellip;]\" \/>\n<meta property=\"og:url\" content=\"https:\/\/npf-fpn.com\/fr\/fondation-de-bienfaisance\/\" \/>\n<meta property=\"og:site_name\" content=\"NPF-FPN\" \/>\n<meta property=\"article:modified_time\" content=\"2025-01-22T18:06:53+00:00\" \/>\n<meta property=\"og:image\" content=\"https:\/\/npf-fpn.com\/app\/uploads\/2024\/09\/1_NPFBN_primary_logo.jpg\" \/>\n\t<meta property=\"og:image:width\" content=\"2355\" \/>\n\t<meta property=\"og:image:height\" content=\"724\" \/>\n\t<meta property=\"og:image:type\" content=\"image\/jpeg\" \/>\n<meta name=\"twitter:card\" content=\"summary_large_image\" \/>\n<meta name=\"twitter:label1\" content=\"Est. reading time\" \/>\n\t<meta name=\"twitter:data1\" content=\"5 minutes\" \/>\n<script type=\"application\/ld+json\" class=\"yoast-schema-graph\">{\"@context\":\"https:\\\/\\\/schema.org\",\"@graph\":[{\"@type\":\"WebPage\",\"@id\":\"https:\\\/\\\/npf-fpn.com\\\/fr\\\/fondation-de-bienfaisance\\\/\",\"url\":\"https:\\\/\\\/npf-fpn.com\\\/fr\\\/fondation-de-bienfaisance\\\/\",\"name\":\"\u00c0 propos de la FBFPN - NPF-FPN\",\"isPartOf\":{\"@id\":\"https:\\\/\\\/npf-fpn.com\\\/#website\"},\"primaryImageOfPage\":{\"@id\":\"https:\\\/\\\/npf-fpn.com\\\/fr\\\/fondation-de-bienfaisance\\\/#primaryimage\"},\"image\":{\"@id\":\"https:\\\/\\\/npf-fpn.com\\\/fr\\\/fondation-de-bienfaisance\\\/#primaryimage\"},\"thumbnailUrl\":\"https:\\\/\\\/npf-fpn.com\\\/app\\\/uploads\\\/2024\\\/09\\\/1_NPFBN_primary_logo-1024x315.jpg\",\"datePublished\":\"2023-02-28T21:55:32+00:00\",\"dateModified\":\"2025-01-22T18:06:53+00:00\",\"breadcrumb\":{\"@id\":\"https:\\\/\\\/npf-fpn.com\\\/fr\\\/fondation-de-bienfaisance\\\/#breadcrumb\"},\"inLanguage\":\"fr-FR\",\"potentialAction\":[{\"@type\":\"ReadAction\",\"target\":[\"https:\\\/\\\/npf-fpn.com\\\/fr\\\/fondation-de-bienfaisance\\\/\"]}]},{\"@type\":\"ImageObject\",\"inLanguage\":\"fr-FR\",\"@id\":\"https:\\\/\\\/npf-fpn.com\\\/fr\\\/fondation-de-bienfaisance\\\/#primaryimage\",\"url\":\"https:\\\/\\\/npf-fpn.com\\\/app\\\/uploads\\\/2024\\\/09\\\/1_NPFBN_primary_logo-1024x315.jpg\",\"contentUrl\":\"https:\\\/\\\/npf-fpn.com\\\/app\\\/uploads\\\/2024\\\/09\\\/1_NPFBN_primary_logo-1024x315.jpg\"},{\"@type\":\"BreadcrumbList\",\"@id\":\"https:\\\/\\\/npf-fpn.com\\\/fr\\\/fondation-de-bienfaisance\\\/#breadcrumb\",\"itemListElement\":[{\"@type\":\"ListItem\",\"position\":1,\"name\":\"Accueil\",\"item\":\"https:\\\/\\\/npf-fpn.com\\\/fr\\\/\"},{\"@type\":\"ListItem\",\"position\":2,\"name\":\"\u00c0 propos de la FBFPN\"}]},{\"@type\":\"WebSite\",\"@id\":\"https:\\\/\\\/npf-fpn.com\\\/#website\",\"url\":\"https:\\\/\\\/npf-fpn.com\\\/\",\"name\":\"NPF-FPN\",\"description\":\"Providing strong, fair and progressive representation to almost 20,000 RCMP members across Canada.\",\"publisher\":{\"@id\":\"https:\\\/\\\/npf-fpn.com\\\/#organization\"},\"potentialAction\":[{\"@type\":\"SearchAction\",\"target\":{\"@type\":\"EntryPoint\",\"urlTemplate\":\"https:\\\/\\\/npf-fpn.com\\\/?s={search_term_string}\"},\"query-input\":{\"@type\":\"PropertyValueSpecification\",\"valueRequired\":true,\"valueName\":\"search_term_string\"}}],\"inLanguage\":\"fr-FR\"},{\"@type\":\"Organization\",\"@id\":\"https:\\\/\\\/npf-fpn.com\\\/#organization\",\"name\":\"NPF-FPN\",\"url\":\"https:\\\/\\\/npf-fpn.com\\\/\",\"logo\":{\"@type\":\"ImageObject\",\"inLanguage\":\"fr-FR\",\"@id\":\"https:\\\/\\\/npf-fpn.com\\\/#\\\/schema\\\/logo\\\/image\\\/\",\"url\":\"https:\\\/\\\/npf-fpn.com\\\/app\\\/uploads\\\/2022\\\/01\\\/NPF.jpg\",\"contentUrl\":\"https:\\\/\\\/npf-fpn.com\\\/app\\\/uploads\\\/2022\\\/01\\\/NPF.jpg\",\"width\":200,\"height\":200,\"caption\":\"NPF-FPN\"},\"image\":{\"@id\":\"https:\\\/\\\/npf-fpn.com\\\/#\\\/schema\\\/logo\\\/image\\\/\"}}]}<\/script>\n<!-- \/ Yoast SEO plugin. -->","yoast_head_json":{"title":"\u00c0 propos de la FBFPN - NPF-FPN","robots":{"index":"index","follow":"follow","max-snippet":"max-snippet:-1","max-image-preview":"max-image-preview:large","max-video-preview":"max-video-preview:-1"},"canonical":"https:\/\/npf-fpn.com\/fr\/fondation-de-bienfaisance\/","og_locale":"fr_FR","og_type":"article","og_title":"\u00c0 propos de la FBFPN - NPF-FPN","og_description":"Constitu\u00e9e en vertu de la Loi canadienne sur les organisations \u00e0 but non lucratif, la Fondation de bienfaisance de la F\u00e9d\u00e9ration de la police nationale a \u00e9t\u00e9 mise sur pied en 2020 et a re\u00e7u le statut d\u2019organisme de bienfaisance [&hellip;]","og_url":"https:\/\/npf-fpn.com\/fr\/fondation-de-bienfaisance\/","og_site_name":"NPF-FPN","article_modified_time":"2025-01-22T18:06:53+00:00","og_image":[{"width":2355,"height":724,"url":"https:\/\/npf-fpn.com\/app\/uploads\/2024\/09\/1_NPFBN_primary_logo.jpg","type":"image\/jpeg"}],"twitter_card":"summary_large_image","twitter_misc":{"Est. reading time":"5 minutes"},"schema":{"@context":"https:\/\/schema.org","@graph":[{"@type":"WebPage","@id":"https:\/\/npf-fpn.com\/fr\/fondation-de-bienfaisance\/","url":"https:\/\/npf-fpn.com\/fr\/fondation-de-bienfaisance\/","name":"\u00c0 propos de la FBFPN - NPF-FPN","isPartOf":{"@id":"https:\/\/npf-fpn.com\/#website"},"primaryImageOfPage":{"@id":"https:\/\/npf-fpn.com\/fr\/fondation-de-bienfaisance\/#primaryimage"},"image":{"@id":"https:\/\/npf-fpn.com\/fr\/fondation-de-bienfaisance\/#primaryimage"},"thumbnailUrl":"https:\/\/npf-fpn.com\/app\/uploads\/2024\/09\/1_NPFBN_primary_logo-1024x315.jpg","datePublished":"2023-02-28T21:55:32+00:00","dateModified":"2025-01-22T18:06:53+00:00","breadcrumb":{"@id":"https:\/\/npf-fpn.com\/fr\/fondation-de-bienfaisance\/#breadcrumb"},"inLanguage":"fr-FR","potentialAction":[{"@type":"ReadAction","target":["https:\/\/npf-fpn.com\/fr\/fondation-de-bienfaisance\/"]}]},{"@type":"ImageObject","inLanguage":"fr-FR","@id":"https:\/\/npf-fpn.com\/fr\/fondation-de-bienfaisance\/#primaryimage","url":"https:\/\/npf-fpn.com\/app\/uploads\/2024\/09\/1_NPFBN_primary_logo-1024x315.jpg","contentUrl":"https:\/\/npf-fpn.com\/app\/uploads\/2024\/09\/1_NPFBN_primary_logo-1024x315.jpg"},{"@type":"BreadcrumbList","@id":"https:\/\/npf-fpn.com\/fr\/fondation-de-bienfaisance\/#breadcrumb","itemListElement":[{"@type":"ListItem","position":1,"name":"Accueil","item":"https:\/\/npf-fpn.com\/fr\/"},{"@type":"ListItem","position":2,"name":"\u00c0 propos de la FBFPN"}]},{"@type":"WebSite","@id":"https:\/\/npf-fpn.com\/#website","url":"https:\/\/npf-fpn.com\/","name":"NPF-FPN","description":"Providing strong, fair and progressive representation to almost 20,000 RCMP members across Canada.","publisher":{"@id":"https:\/\/npf-fpn.com\/#organization"},"potentialAction":[{"@type":"SearchAction","target":{"@type":"EntryPoint","urlTemplate":"https:\/\/npf-fpn.com\/?s={search_term_string}"},"query-input":{"@type":"PropertyValueSpecification","valueRequired":true,"valueName":"search_term_string"}}],"inLanguage":"fr-FR"},{"@type":"Organization","@id":"https:\/\/npf-fpn.com\/#organization","name":"NPF-FPN","url":"https:\/\/npf-fpn.com\/","logo":{"@type":"ImageObject","inLanguage":"fr-FR","@id":"https:\/\/npf-fpn.com\/#\/schema\/logo\/image\/","url":"https:\/\/npf-fpn.com\/app\/uploads\/2022\/01\/NPF.jpg","contentUrl":"https:\/\/npf-fpn.com\/app\/uploads\/2022\/01\/NPF.jpg","width":200,"height":200,"caption":"NPF-FPN"},"image":{"@id":"https:\/\/npf-fpn.com\/#\/schema\/logo\/image\/"}}]}},"_links":{"self":[{"href":"https:\/\/npf-fpn.com\/fr\/wp-json\/wp\/v2\/pages\/40010","targetHints":{"allow":["GET"]}}],"collection":[{"href":"https:\/\/npf-fpn.com\/fr\/wp-json\/wp\/v2\/pages"}],"about":[{"href":"https:\/\/npf-fpn.com\/fr\/wp-json\/wp\/v2\/types\/page"}],"author":[{"embeddable":true,"href":"https:\/\/npf-fpn.com\/fr\/wp-json\/wp\/v2\/users\/326"}],"replies":[{"embeddable":true,"href":"https:\/\/npf-fpn.com\/fr\/wp-json\/wp\/v2\/comments?post=40010"}],"version-history":[{"count":37,"href":"https:\/\/npf-fpn.com\/fr\/wp-json\/wp\/v2\/pages\/40010\/revisions"}],"predecessor-version":[{"id":57352,"href":"https:\/\/npf-fpn.com\/fr\/wp-json\/wp\/v2\/pages\/40010\/revisions\/57352"}],"wp:attachment":[{"href":"https:\/\/npf-fpn.com\/fr\/wp-json\/wp\/v2\/media?parent=40010"}],"curies":[{"name":"wp","href":"https:\/\/api.w.org\/{rel}","templated":true}]}}