{"id":2814,"date":"2021-05-28T21:15:12","date_gmt":"2021-05-28T21:15:12","guid":{"rendered":"https:\/\/npf-fpn.com\/2020-annual-general-meeting\/"},"modified":"2021-06-08T15:10:30","modified_gmt":"2021-06-08T15:10:30","slug":"2020-annual-general-meeting","status":"publish","type":"page","link":"https:\/\/npf-fpn.com\/fr\/2020-annual-general-meeting\/","title":{"rendered":"Assembl\u00e9e g\u00e9n\u00e9rale annuelle 2020"},"content":{"rendered":"\n<div class=\"wp-block-columns is-layout-flex wp-container-core-columns-is-layout-9d6595d7 wp-block-columns-is-layout-flex\">\n<div class=\"wp-block-column is-layout-flow wp-block-column-is-layout-flow\">\n<div class=\"wp-block-file\"><a href=\"http:\/\/npf-fpn.com\/app\/uploads\/2021\/05\/NPF-AGM-Agenda-2020-ENG-FR.pdf\">Ordre du jour de l&#8217;AGA 2020<br><br><br><\/a><a href=\"http:\/\/npf-fpn.com\/app\/uploads\/2021\/05\/NPF-AGM-Agenda-2020-ENG-FR.pdf\" class=\"wp-block-file__button\" download>T\u00e9l\u00e9charger<\/a><\/div>\n<\/div>\n\n\n\n<div class=\"wp-block-column is-layout-flow wp-block-column-is-layout-flow\">\n<div class=\"wp-block-file\"><a href=\"http:\/\/npf-fpn.com\/app\/uploads\/2021\/05\/NPF-AGM-Rules-of-Procedure-ENG-FR.pdf\">R\u00e8gles de proc\u00e9dure de la FPN<br><br><br><\/a><a href=\"http:\/\/npf-fpn.com\/app\/uploads\/2021\/05\/NPF-AGM-Rules-of-Procedure-ENG-FR.pdf\" class=\"wp-block-file__button\" download>T\u00e9l\u00e9charger<\/a><\/div>\n<\/div>\n\n\n\n<div class=\"wp-block-column is-layout-flow wp-block-column-is-layout-flow\">\n<div class=\"wp-block-file\"><a href=\"http:\/\/npf-fpn.com\/app\/uploads\/2021\/05\/2020-NPF-Proposed-Bylaw-Amendments.pdf\">Modifications propos\u00e9es aux statuts de la FPN pour 2020<br><br><\/a><a href=\"http:\/\/npf-fpn.com\/app\/uploads\/2021\/05\/2020-NPF-Proposed-Bylaw-Amendments.pdf\" class=\"wp-block-file__button\" download>T\u00e9l\u00e9charger<\/a><\/div>\n<\/div>\n<\/div>\n\n\n\n<div class=\"wp-block-columns is-layout-flex wp-container-core-columns-is-layout-9d6595d7 wp-block-columns-is-layout-flex\">\n<div class=\"wp-block-column is-layout-flow wp-block-column-is-layout-flow\">\n<div class=\"wp-block-file alignleft\"><a href=\"http:\/\/npf-fpn.com\/app\/uploads\/2021\/05\/2019-Financial-Statements-Final.pdf\">\u00c9tats financiers 2019<br><br><br><\/a><a href=\"http:\/\/npf-fpn.com\/app\/uploads\/2021\/05\/2019-Financial-Statements-Final.pdf\" class=\"wp-block-file__button\" download>T\u00e9l\u00e9charger<\/a><\/div>\n\n\n\n<p><\/p>\n<\/div>\n\n\n\n<div class=\"wp-block-column is-layout-flow wp-block-column-is-layout-flow\">\n<div class=\"wp-block-file\"><a href=\"http:\/\/npf-fpn.com\/app\/uploads\/2021\/05\/NPF-March-2019-AGM-Minutes.pdf\">Minutes de l&#8217;AGA de la FPN de mars 2019<br><br><\/a><a href=\"http:\/\/npf-fpn.com\/app\/uploads\/2021\/05\/NPF-March-2019-AGM-Minutes.pdf\" class=\"wp-block-file__button\" download>T\u00e9l\u00e9charger<\/a><\/div>\n<\/div>\n\n\n\n<div class=\"wp-block-column is-layout-flow wp-block-column-is-layout-flow\">\n<div class=\"wp-block-file\"><a href=\"http:\/\/npf-fpn.com\/app\/uploads\/2021\/05\/NPF-2020-AGM-Minutes_EN.pdf\">Minutes de l&#8217;AGA de la FPN de 2020<br><br><\/a><a href=\"http:\/\/npf-fpn.com\/app\/uploads\/2021\/05\/NPF-2020-AGM-Minutes_EN.pdf\" class=\"wp-block-file__button\" download>T\u00e9l\u00e9charger<\/a><\/div>\n<\/div>\n<\/div>\n","protected":false},"excerpt":{"rendered":"","protected":false},"author":1,"featured_media":0,"parent":0,"menu_order":0,"comment_status":"closed","ping_status":"closed","template":"","meta":{"_acf_changed":false,"inline_featured_image":false,"footnotes":""},"class_list":["post-2814","page","type-page","status-publish","hentry"],"acf":[],"yoast_head":"<!-- This site is optimized with the Yoast SEO plugin v27.3 - https:\/\/yoast.com\/product\/yoast-seo-wordpress\/ -->\n<title>Assembl\u00e9e g\u00e9n\u00e9rale annuelle 2020 - NPF-FPN<\/title>\n<meta name=\"robots\" content=\"index, follow, max-snippet:-1, max-image-preview:large, max-video-preview:-1\" \/>\n<link rel=\"canonical\" href=\"https:\/\/npf-fpn.com\/fr\/2020-annual-general-meeting\/\" \/>\n<meta property=\"og:locale\" content=\"fr_FR\" \/>\n<meta property=\"og:type\" content=\"article\" \/>\n<meta property=\"og:title\" content=\"Assembl\u00e9e g\u00e9n\u00e9rale annuelle 2020 - NPF-FPN\" \/>\n<meta property=\"og:url\" content=\"https:\/\/npf-fpn.com\/fr\/2020-annual-general-meeting\/\" \/>\n<meta property=\"og:site_name\" content=\"NPF-FPN\" \/>\n<meta property=\"article:modified_time\" content=\"2021-06-08T15:10:30+00:00\" \/>\n<meta name=\"twitter:card\" content=\"summary_large_image\" \/>\n<meta name=\"twitter:label1\" content=\"Est. reading time\" \/>\n\t<meta name=\"twitter:data1\" content=\"1 minute\" \/>\n<script type=\"application\/ld+json\" class=\"yoast-schema-graph\">{\"@context\":\"https:\\\/\\\/schema.org\",\"@graph\":[{\"@type\":\"WebPage\",\"@id\":\"https:\\\/\\\/npf-fpn.com\\\/fr\\\/2020-annual-general-meeting\\\/\",\"url\":\"https:\\\/\\\/npf-fpn.com\\\/fr\\\/2020-annual-general-meeting\\\/\",\"name\":\"Assembl\u00e9e g\u00e9n\u00e9rale annuelle 2020 - NPF-FPN\",\"isPartOf\":{\"@id\":\"https:\\\/\\\/npf-fpn.com\\\/#website\"},\"datePublished\":\"2021-05-28T21:15:12+00:00\",\"dateModified\":\"2021-06-08T15:10:30+00:00\",\"breadcrumb\":{\"@id\":\"https:\\\/\\\/npf-fpn.com\\\/fr\\\/2020-annual-general-meeting\\\/#breadcrumb\"},\"inLanguage\":\"fr-FR\",\"potentialAction\":[{\"@type\":\"ReadAction\",\"target\":[\"https:\\\/\\\/npf-fpn.com\\\/fr\\\/2020-annual-general-meeting\\\/\"]}]},{\"@type\":\"BreadcrumbList\",\"@id\":\"https:\\\/\\\/npf-fpn.com\\\/fr\\\/2020-annual-general-meeting\\\/#breadcrumb\",\"itemListElement\":[{\"@type\":\"ListItem\",\"position\":1,\"name\":\"Accueil\",\"item\":\"https:\\\/\\\/npf-fpn.com\\\/fr\\\/\"},{\"@type\":\"ListItem\",\"position\":2,\"name\":\"Assembl\u00e9e g\u00e9n\u00e9rale annuelle 2020\"}]},{\"@type\":\"WebSite\",\"@id\":\"https:\\\/\\\/npf-fpn.com\\\/#website\",\"url\":\"https:\\\/\\\/npf-fpn.com\\\/\",\"name\":\"NPF-FPN\",\"description\":\"Providing strong, fair and progressive representation to almost 20,000 RCMP members across Canada.\",\"publisher\":{\"@id\":\"https:\\\/\\\/npf-fpn.com\\\/#organization\"},\"potentialAction\":[{\"@type\":\"SearchAction\",\"target\":{\"@type\":\"EntryPoint\",\"urlTemplate\":\"https:\\\/\\\/npf-fpn.com\\\/?s={search_term_string}\"},\"query-input\":{\"@type\":\"PropertyValueSpecification\",\"valueRequired\":true,\"valueName\":\"search_term_string\"}}],\"inLanguage\":\"fr-FR\"},{\"@type\":\"Organization\",\"@id\":\"https:\\\/\\\/npf-fpn.com\\\/#organization\",\"name\":\"NPF-FPN\",\"url\":\"https:\\\/\\\/npf-fpn.com\\\/\",\"logo\":{\"@type\":\"ImageObject\",\"inLanguage\":\"fr-FR\",\"@id\":\"https:\\\/\\\/npf-fpn.com\\\/#\\\/schema\\\/logo\\\/image\\\/\",\"url\":\"https:\\\/\\\/npf-fpn.com\\\/app\\\/uploads\\\/2022\\\/01\\\/NPF.jpg\",\"contentUrl\":\"https:\\\/\\\/npf-fpn.com\\\/app\\\/uploads\\\/2022\\\/01\\\/NPF.jpg\",\"width\":200,\"height\":200,\"caption\":\"NPF-FPN\"},\"image\":{\"@id\":\"https:\\\/\\\/npf-fpn.com\\\/#\\\/schema\\\/logo\\\/image\\\/\"}}]}<\/script>\n<!-- \/ Yoast SEO plugin. -->","yoast_head_json":{"title":"Assembl\u00e9e g\u00e9n\u00e9rale annuelle 2020 - NPF-FPN","robots":{"index":"index","follow":"follow","max-snippet":"max-snippet:-1","max-image-preview":"max-image-preview:large","max-video-preview":"max-video-preview:-1"},"canonical":"https:\/\/npf-fpn.com\/fr\/2020-annual-general-meeting\/","og_locale":"fr_FR","og_type":"article","og_title":"Assembl\u00e9e g\u00e9n\u00e9rale annuelle 2020 - NPF-FPN","og_url":"https:\/\/npf-fpn.com\/fr\/2020-annual-general-meeting\/","og_site_name":"NPF-FPN","article_modified_time":"2021-06-08T15:10:30+00:00","twitter_card":"summary_large_image","twitter_misc":{"Est. reading time":"1 minute"},"schema":{"@context":"https:\/\/schema.org","@graph":[{"@type":"WebPage","@id":"https:\/\/npf-fpn.com\/fr\/2020-annual-general-meeting\/","url":"https:\/\/npf-fpn.com\/fr\/2020-annual-general-meeting\/","name":"Assembl\u00e9e g\u00e9n\u00e9rale annuelle 2020 - NPF-FPN","isPartOf":{"@id":"https:\/\/npf-fpn.com\/#website"},"datePublished":"2021-05-28T21:15:12+00:00","dateModified":"2021-06-08T15:10:30+00:00","breadcrumb":{"@id":"https:\/\/npf-fpn.com\/fr\/2020-annual-general-meeting\/#breadcrumb"},"inLanguage":"fr-FR","potentialAction":[{"@type":"ReadAction","target":["https:\/\/npf-fpn.com\/fr\/2020-annual-general-meeting\/"]}]},{"@type":"BreadcrumbList","@id":"https:\/\/npf-fpn.com\/fr\/2020-annual-general-meeting\/#breadcrumb","itemListElement":[{"@type":"ListItem","position":1,"name":"Accueil","item":"https:\/\/npf-fpn.com\/fr\/"},{"@type":"ListItem","position":2,"name":"Assembl\u00e9e g\u00e9n\u00e9rale annuelle 2020"}]},{"@type":"WebSite","@id":"https:\/\/npf-fpn.com\/#website","url":"https:\/\/npf-fpn.com\/","name":"NPF-FPN","description":"Providing strong, fair and progressive representation to almost 20,000 RCMP members across Canada.","publisher":{"@id":"https:\/\/npf-fpn.com\/#organization"},"potentialAction":[{"@type":"SearchAction","target":{"@type":"EntryPoint","urlTemplate":"https:\/\/npf-fpn.com\/?s={search_term_string}"},"query-input":{"@type":"PropertyValueSpecification","valueRequired":true,"valueName":"search_term_string"}}],"inLanguage":"fr-FR"},{"@type":"Organization","@id":"https:\/\/npf-fpn.com\/#organization","name":"NPF-FPN","url":"https:\/\/npf-fpn.com\/","logo":{"@type":"ImageObject","inLanguage":"fr-FR","@id":"https:\/\/npf-fpn.com\/#\/schema\/logo\/image\/","url":"https:\/\/npf-fpn.com\/app\/uploads\/2022\/01\/NPF.jpg","contentUrl":"https:\/\/npf-fpn.com\/app\/uploads\/2022\/01\/NPF.jpg","width":200,"height":200,"caption":"NPF-FPN"},"image":{"@id":"https:\/\/npf-fpn.com\/#\/schema\/logo\/image\/"}}]}},"_links":{"self":[{"href":"https:\/\/npf-fpn.com\/fr\/wp-json\/wp\/v2\/pages\/2814","targetHints":{"allow":["GET"]}}],"collection":[{"href":"https:\/\/npf-fpn.com\/fr\/wp-json\/wp\/v2\/pages"}],"about":[{"href":"https:\/\/npf-fpn.com\/fr\/wp-json\/wp\/v2\/types\/page"}],"author":[{"embeddable":true,"href":"https:\/\/npf-fpn.com\/fr\/wp-json\/wp\/v2\/users\/1"}],"replies":[{"embeddable":true,"href":"https:\/\/npf-fpn.com\/fr\/wp-json\/wp\/v2\/comments?post=2814"}],"version-history":[{"count":3,"href":"https:\/\/npf-fpn.com\/fr\/wp-json\/wp\/v2\/pages\/2814\/revisions"}],"predecessor-version":[{"id":2819,"href":"https:\/\/npf-fpn.com\/fr\/wp-json\/wp\/v2\/pages\/2814\/revisions\/2819"}],"wp:attachment":[{"href":"https:\/\/npf-fpn.com\/fr\/wp-json\/wp\/v2\/media?parent=2814"}],"curies":[{"name":"wp","href":"https:\/\/api.w.org\/{rel}","templated":true}]}}