{"id":27486,"date":"2022-10-05T15:24:00","date_gmt":"2022-10-05T15:24:00","guid":{"rendered":"https:\/\/npf-fpn.com\/?page_id=27486"},"modified":"2025-08-12T19:32:15","modified_gmt":"2025-08-12T19:32:15","slug":"board-of-directors-chris-voller-director-pacific-north-region","status":"publish","type":"page","link":"https:\/\/npf-fpn.com\/fr\/board-of-directors-chris-voller-director-pacific-north-region\/","title":{"rendered":"Conseil d\u2019administration- Chris Voller, Administrateur, R\u00e9gion Pacifique\/Nord"},"content":{"rendered":"\n<div class=\"wp-block-columns is-layout-flex wp-container-core-columns-is-layout-9d6595d7 wp-block-columns-is-layout-flex\">\n<div class=\"wp-block-column is-layout-flow wp-block-column-is-layout-flow\" style=\"flex-basis:33.33%\"><div class=\"wp-block-image\">\n<figure class=\"alignleft size-full\"><img decoding=\"async\" width=\"500\" height=\"710\" src=\"https:\/\/npf-fpn.com\/app\/uploads\/2025\/08\/Chris.png\" alt=\"\" class=\"wp-image-62308\" srcset=\"https:\/\/npf-fpn.com\/app\/uploads\/2025\/08\/Chris.png 500w, https:\/\/npf-fpn.com\/app\/uploads\/2025\/08\/Chris-211x300.png 211w, https:\/\/npf-fpn.com\/app\/uploads\/2025\/08\/Chris-141x200.png 141w\" sizes=\"(max-width: 500px) 100vw, 500px\" \/><\/figure>\n<\/div><\/div>\n\n\n\n<div class=\"wp-block-column is-layout-flow wp-block-column-is-layout-flow\" style=\"flex-basis:66.66%\">\n<p><strong>\u00c0 propos de Chris Voller<\/strong><\/p>\n\n\n\n<p>Chris a grandi dans les divisions K et E et a fi\u00e8rement suivi les traces de son p\u00e8re pour devenir membre de la GRC en 2007. Initialement affect\u00e9 \u00e0 Vernon, en Colombie-Britannique, il a pass\u00e9 la majeure partie de sa carri\u00e8re sur l&#8217;\u00eele de Vancouver o\u00f9 il a servi dans une vari\u00e9t\u00e9 de communaut\u00e9s, r\u00f4les et responsabilit\u00e9s.&nbsp;<\/p>\n\n\n\n<p>Au cours de ses 15 ann\u00e9es dans la force, Chris a travaill\u00e9 dans de nombreux d\u00e9tachements, y compris dans des postes \u00e0 dur\u00e9e limit\u00e9e et isol\u00e9s, et dans de multiples postes de premi\u00e8re ligne et de supervision, ce qui lui a fourni une gamme de perspectives et d&#8217;exp\u00e9riences. Tr\u00e8s pr\u00e9occup\u00e9 par le manque chronique de ressources \u00e0 la GRC et les conditions de travail dangereuses qui en r\u00e9sultent pour ses coll\u00e8gues, Chris esp\u00e8re soutenir les membres et leurs familles en faisant de la GRC un lieu de travail plus sain et plus s\u00fbr pour tous. En tant que repr\u00e9sentant local de la FPN au cours des deux derni\u00e8res ann\u00e9es, il a pu soutenir ses pairs lors de multiples fusillades polici\u00e8res et enqu\u00eates de l&#8217;IIO et il poursuivra ce pr\u00e9cieux travail en tant que membre du conseil d&#8217;administration de la FPN.&nbsp;<\/p>\n<\/div>\n<\/div>\n\n\n\n<p><strong>Key Accomplishments:<\/strong><\/p>\n\n\n\n<ul class=\"wp-block-list\">\n<li>Il&nbsp;a servi comme gendarme de premi\u00e8re ligne \u00e0 Vernon, Port McNeil et Courtenay, en Colombie-Britannique.&nbsp;<\/li>\n\n\n\n<li>Il&nbsp;a \u00e9t\u00e9 caporal-chef de quart \u00e0 Port Hardy, en Colombie-Britannique, superviseur du d\u00e9tachement de Port Alice et superviseur des services de police autochtones. Chris a ensuite \u00e9t\u00e9 mut\u00e9 comme&nbsp;chef du d\u00e9tachement sur l\u2019\u00eele de Quadra en Colombie-Britannique puis comme commandant de division \u00e0 Campbell River, en Colombie-Britannique.&nbsp;<\/li>\n\n\n\n<li>Il&nbsp;a re\u00e7u plusieurs distinctions distingu\u00e9es au cours des derni\u00e8res ann\u00e9es. Plus r\u00e9cemment, en 2021, Chris a \u00e9t\u00e9 r\u00e9cipiendaire de l&#8217;Ordre du m\u00e9rite des forces polici\u00e8res, de l&#8217;Association internationale des chefs de police \u00ab <em>40 under 40<\/em> \u00bb et le <em>British Columbia Reconciliation Award<\/em>.&nbsp;<\/li>\n\n\n\n<li>A \u00e9t\u00e9 instructeur pendant pr\u00e8s de 10 ans dans plusieurs domaines tels qu&#8217;instructeur de police et de s\u00e9curit\u00e9 publique, arme \u00e9lectrique conductrice, DRAI int\u00e9rieur et ext\u00e9rieur, r\u00e9ponse initiale aux incidents critiques, et plus encore.&nbsp;<\/li>\n<\/ul>\n","protected":false},"excerpt":{"rendered":"<p>\u00c0 propos de Chris Voller Chris a grandi dans les divisions K et E et a fi\u00e8rement suivi les traces de son p\u00e8re pour devenir membre de la GRC en 2007. Initialement affect\u00e9 \u00e0 Vernon, en Colombie-Britannique, il a pass\u00e9 [&hellip;]<\/p>\n","protected":false},"author":4,"featured_media":0,"parent":0,"menu_order":0,"comment_status":"closed","ping_status":"closed","template":"","meta":{"_acf_changed":false,"inline_featured_image":false,"footnotes":""},"class_list":["post-27486","page","type-page","status-publish","hentry"],"acf":[],"yoast_head":"<!-- This site is optimized with the Yoast SEO plugin v27.5 - https:\/\/yoast.com\/product\/yoast-seo-wordpress\/ -->\n<title>Conseil d\u2019administration- Chris Voller, Administrateur, R\u00e9gion Pacifique\/Nord - NPF-FPN<\/title>\n<meta name=\"robots\" content=\"index, follow, max-snippet:-1, max-image-preview:large, max-video-preview:-1\" \/>\n<link rel=\"canonical\" href=\"https:\/\/npf-fpn.com\/fr\/board-of-directors-chris-voller-director-pacific-north-region\/\" \/>\n<meta property=\"og:locale\" content=\"fr_FR\" \/>\n<meta property=\"og:type\" content=\"article\" \/>\n<meta property=\"og:title\" content=\"Conseil d\u2019administration- Chris Voller, Administrateur, R\u00e9gion Pacifique\/Nord - NPF-FPN\" \/>\n<meta property=\"og:description\" content=\"\u00c0 propos de Chris Voller Chris a grandi dans les divisions K et E et a fi\u00e8rement suivi les traces de son p\u00e8re pour devenir membre de la GRC en 2007. Initialement affect\u00e9 \u00e0 Vernon, en Colombie-Britannique, il a pass\u00e9 [&hellip;]\" \/>\n<meta property=\"og:url\" content=\"https:\/\/npf-fpn.com\/fr\/board-of-directors-chris-voller-director-pacific-north-region\/\" \/>\n<meta property=\"og:site_name\" content=\"NPF-FPN\" \/>\n<meta property=\"article:modified_time\" content=\"2025-08-12T19:32:15+00:00\" \/>\n<meta property=\"og:image\" content=\"https:\/\/npf-fpn.com\/app\/uploads\/2025\/08\/Chris.png\" \/>\n\t<meta property=\"og:image:width\" content=\"500\" \/>\n\t<meta property=\"og:image:height\" content=\"710\" \/>\n\t<meta property=\"og:image:type\" content=\"image\/png\" \/>\n<meta name=\"twitter:card\" content=\"summary_large_image\" \/>\n<meta name=\"twitter:label1\" content=\"Est. reading time\" \/>\n\t<meta name=\"twitter:data1\" content=\"2 minutes\" \/>\n<script type=\"application\/ld+json\" class=\"yoast-schema-graph\">{\"@context\":\"https:\\\/\\\/schema.org\",\"@graph\":[{\"@type\":\"WebPage\",\"@id\":\"https:\\\/\\\/npf-fpn.com\\\/fr\\\/board-of-directors-chris-voller-director-pacific-north-region\\\/\",\"url\":\"https:\\\/\\\/npf-fpn.com\\\/fr\\\/board-of-directors-chris-voller-director-pacific-north-region\\\/\",\"name\":\"Conseil d\u2019administration- Chris Voller, Administrateur, R\u00e9gion Pacifique\\\/Nord - NPF-FPN\",\"isPartOf\":{\"@id\":\"https:\\\/\\\/npf-fpn.com\\\/#website\"},\"primaryImageOfPage\":{\"@id\":\"https:\\\/\\\/npf-fpn.com\\\/fr\\\/board-of-directors-chris-voller-director-pacific-north-region\\\/#primaryimage\"},\"image\":{\"@id\":\"https:\\\/\\\/npf-fpn.com\\\/fr\\\/board-of-directors-chris-voller-director-pacific-north-region\\\/#primaryimage\"},\"thumbnailUrl\":\"https:\\\/\\\/npf-fpn.com\\\/app\\\/uploads\\\/2025\\\/08\\\/Chris.png\",\"datePublished\":\"2022-10-05T15:24:00+00:00\",\"dateModified\":\"2025-08-12T19:32:15+00:00\",\"breadcrumb\":{\"@id\":\"https:\\\/\\\/npf-fpn.com\\\/fr\\\/board-of-directors-chris-voller-director-pacific-north-region\\\/#breadcrumb\"},\"inLanguage\":\"fr-FR\",\"potentialAction\":[{\"@type\":\"ReadAction\",\"target\":[\"https:\\\/\\\/npf-fpn.com\\\/fr\\\/board-of-directors-chris-voller-director-pacific-north-region\\\/\"]}]},{\"@type\":\"ImageObject\",\"inLanguage\":\"fr-FR\",\"@id\":\"https:\\\/\\\/npf-fpn.com\\\/fr\\\/board-of-directors-chris-voller-director-pacific-north-region\\\/#primaryimage\",\"url\":\"https:\\\/\\\/npf-fpn.com\\\/app\\\/uploads\\\/2025\\\/08\\\/Chris.png\",\"contentUrl\":\"https:\\\/\\\/npf-fpn.com\\\/app\\\/uploads\\\/2025\\\/08\\\/Chris.png\"},{\"@type\":\"BreadcrumbList\",\"@id\":\"https:\\\/\\\/npf-fpn.com\\\/fr\\\/board-of-directors-chris-voller-director-pacific-north-region\\\/#breadcrumb\",\"itemListElement\":[{\"@type\":\"ListItem\",\"position\":1,\"name\":\"Accueil\",\"item\":\"https:\\\/\\\/npf-fpn.com\\\/fr\\\/\"},{\"@type\":\"ListItem\",\"position\":2,\"name\":\"Conseil d\u2019administration- Chris Voller, Administrateur, R\u00e9gion Pacifique\\\/Nord\"}]},{\"@type\":\"WebSite\",\"@id\":\"https:\\\/\\\/npf-fpn.com\\\/#website\",\"url\":\"https:\\\/\\\/npf-fpn.com\\\/\",\"name\":\"NPF-FPN\",\"description\":\"Providing strong, fair and progressive representation to almost 20,000 RCMP members across Canada.\",\"publisher\":{\"@id\":\"https:\\\/\\\/npf-fpn.com\\\/#organization\"},\"potentialAction\":[{\"@type\":\"SearchAction\",\"target\":{\"@type\":\"EntryPoint\",\"urlTemplate\":\"https:\\\/\\\/npf-fpn.com\\\/?s={search_term_string}\"},\"query-input\":{\"@type\":\"PropertyValueSpecification\",\"valueRequired\":true,\"valueName\":\"search_term_string\"}}],\"inLanguage\":\"fr-FR\"},{\"@type\":\"Organization\",\"@id\":\"https:\\\/\\\/npf-fpn.com\\\/#organization\",\"name\":\"NPF-FPN\",\"url\":\"https:\\\/\\\/npf-fpn.com\\\/\",\"logo\":{\"@type\":\"ImageObject\",\"inLanguage\":\"fr-FR\",\"@id\":\"https:\\\/\\\/npf-fpn.com\\\/#\\\/schema\\\/logo\\\/image\\\/\",\"url\":\"https:\\\/\\\/npf-fpn.com\\\/app\\\/uploads\\\/2022\\\/01\\\/NPF.jpg\",\"contentUrl\":\"https:\\\/\\\/npf-fpn.com\\\/app\\\/uploads\\\/2022\\\/01\\\/NPF.jpg\",\"width\":200,\"height\":200,\"caption\":\"NPF-FPN\"},\"image\":{\"@id\":\"https:\\\/\\\/npf-fpn.com\\\/#\\\/schema\\\/logo\\\/image\\\/\"}}]}<\/script>\n<!-- \/ Yoast SEO plugin. -->","yoast_head_json":{"title":"Conseil d\u2019administration- Chris Voller, Administrateur, R\u00e9gion Pacifique\/Nord - NPF-FPN","robots":{"index":"index","follow":"follow","max-snippet":"max-snippet:-1","max-image-preview":"max-image-preview:large","max-video-preview":"max-video-preview:-1"},"canonical":"https:\/\/npf-fpn.com\/fr\/board-of-directors-chris-voller-director-pacific-north-region\/","og_locale":"fr_FR","og_type":"article","og_title":"Conseil d\u2019administration- Chris Voller, Administrateur, R\u00e9gion Pacifique\/Nord - NPF-FPN","og_description":"\u00c0 propos de Chris Voller Chris a grandi dans les divisions K et E et a fi\u00e8rement suivi les traces de son p\u00e8re pour devenir membre de la GRC en 2007. Initialement affect\u00e9 \u00e0 Vernon, en Colombie-Britannique, il a pass\u00e9 [&hellip;]","og_url":"https:\/\/npf-fpn.com\/fr\/board-of-directors-chris-voller-director-pacific-north-region\/","og_site_name":"NPF-FPN","article_modified_time":"2025-08-12T19:32:15+00:00","og_image":[{"width":500,"height":710,"url":"https:\/\/npf-fpn.com\/app\/uploads\/2025\/08\/Chris.png","type":"image\/png"}],"twitter_card":"summary_large_image","twitter_misc":{"Est. reading time":"2 minutes"},"schema":{"@context":"https:\/\/schema.org","@graph":[{"@type":"WebPage","@id":"https:\/\/npf-fpn.com\/fr\/board-of-directors-chris-voller-director-pacific-north-region\/","url":"https:\/\/npf-fpn.com\/fr\/board-of-directors-chris-voller-director-pacific-north-region\/","name":"Conseil d\u2019administration- Chris Voller, Administrateur, R\u00e9gion Pacifique\/Nord - NPF-FPN","isPartOf":{"@id":"https:\/\/npf-fpn.com\/#website"},"primaryImageOfPage":{"@id":"https:\/\/npf-fpn.com\/fr\/board-of-directors-chris-voller-director-pacific-north-region\/#primaryimage"},"image":{"@id":"https:\/\/npf-fpn.com\/fr\/board-of-directors-chris-voller-director-pacific-north-region\/#primaryimage"},"thumbnailUrl":"https:\/\/npf-fpn.com\/app\/uploads\/2025\/08\/Chris.png","datePublished":"2022-10-05T15:24:00+00:00","dateModified":"2025-08-12T19:32:15+00:00","breadcrumb":{"@id":"https:\/\/npf-fpn.com\/fr\/board-of-directors-chris-voller-director-pacific-north-region\/#breadcrumb"},"inLanguage":"fr-FR","potentialAction":[{"@type":"ReadAction","target":["https:\/\/npf-fpn.com\/fr\/board-of-directors-chris-voller-director-pacific-north-region\/"]}]},{"@type":"ImageObject","inLanguage":"fr-FR","@id":"https:\/\/npf-fpn.com\/fr\/board-of-directors-chris-voller-director-pacific-north-region\/#primaryimage","url":"https:\/\/npf-fpn.com\/app\/uploads\/2025\/08\/Chris.png","contentUrl":"https:\/\/npf-fpn.com\/app\/uploads\/2025\/08\/Chris.png"},{"@type":"BreadcrumbList","@id":"https:\/\/npf-fpn.com\/fr\/board-of-directors-chris-voller-director-pacific-north-region\/#breadcrumb","itemListElement":[{"@type":"ListItem","position":1,"name":"Accueil","item":"https:\/\/npf-fpn.com\/fr\/"},{"@type":"ListItem","position":2,"name":"Conseil d\u2019administration- Chris Voller, Administrateur, R\u00e9gion Pacifique\/Nord"}]},{"@type":"WebSite","@id":"https:\/\/npf-fpn.com\/#website","url":"https:\/\/npf-fpn.com\/","name":"NPF-FPN","description":"Providing strong, fair and progressive representation to almost 20,000 RCMP members across Canada.","publisher":{"@id":"https:\/\/npf-fpn.com\/#organization"},"potentialAction":[{"@type":"SearchAction","target":{"@type":"EntryPoint","urlTemplate":"https:\/\/npf-fpn.com\/?s={search_term_string}"},"query-input":{"@type":"PropertyValueSpecification","valueRequired":true,"valueName":"search_term_string"}}],"inLanguage":"fr-FR"},{"@type":"Organization","@id":"https:\/\/npf-fpn.com\/#organization","name":"NPF-FPN","url":"https:\/\/npf-fpn.com\/","logo":{"@type":"ImageObject","inLanguage":"fr-FR","@id":"https:\/\/npf-fpn.com\/#\/schema\/logo\/image\/","url":"https:\/\/npf-fpn.com\/app\/uploads\/2022\/01\/NPF.jpg","contentUrl":"https:\/\/npf-fpn.com\/app\/uploads\/2022\/01\/NPF.jpg","width":200,"height":200,"caption":"NPF-FPN"},"image":{"@id":"https:\/\/npf-fpn.com\/#\/schema\/logo\/image\/"}}]}},"_links":{"self":[{"href":"https:\/\/npf-fpn.com\/fr\/wp-json\/wp\/v2\/pages\/27486","targetHints":{"allow":["GET"]}}],"collection":[{"href":"https:\/\/npf-fpn.com\/fr\/wp-json\/wp\/v2\/pages"}],"about":[{"href":"https:\/\/npf-fpn.com\/fr\/wp-json\/wp\/v2\/types\/page"}],"author":[{"embeddable":true,"href":"https:\/\/npf-fpn.com\/fr\/wp-json\/wp\/v2\/users\/4"}],"replies":[{"embeddable":true,"href":"https:\/\/npf-fpn.com\/fr\/wp-json\/wp\/v2\/comments?post=27486"}],"version-history":[{"count":3,"href":"https:\/\/npf-fpn.com\/fr\/wp-json\/wp\/v2\/pages\/27486\/revisions"}],"predecessor-version":[{"id":62311,"href":"https:\/\/npf-fpn.com\/fr\/wp-json\/wp\/v2\/pages\/27486\/revisions\/62311"}],"wp:attachment":[{"href":"https:\/\/npf-fpn.com\/fr\/wp-json\/wp\/v2\/media?parent=27486"}],"curies":[{"name":"wp","href":"https:\/\/api.w.org\/{rel}","templated":true}]}}