{"id":27455,"date":"2022-10-22T18:40:00","date_gmt":"2022-10-22T18:40:00","guid":{"rendered":"https:\/\/npf-fpn.com\/?page_id=27455"},"modified":"2023-02-01T19:15:07","modified_gmt":"2023-02-01T19:15:07","slug":"board-of-directors-patrick-flannery-director-atlantic-central-region","status":"publish","type":"page","link":"https:\/\/npf-fpn.com\/fr\/board-of-directors-patrick-flannery-director-atlantic-central-region\/","title":{"rendered":"Conseil d\u2019administration \u2013 Patrick Flannery, Administrateur, R\u00e9gion Atlantique\/Centre"},"content":{"rendered":"\n<div class=\"wp-block-columns is-layout-flex wp-container-core-columns-is-layout-9d6595d7 wp-block-columns-is-layout-flex\">\n<div class=\"wp-block-column is-layout-flow wp-block-column-is-layout-flow\" style=\"flex-basis:33.33%\">\n<div class=\"wp-block-image\"><figure class=\"alignleft size-large\"><img decoding=\"async\" src=\"https:\/\/npf-fpn.com\/app\/uploads\/2022\/10\/Edit-2-V3-685x1024.png\" alt=\"\" class=\"wp-image-30313\"\/><\/figure><\/div>\n<\/div>\n\n\n\n<div class=\"wp-block-column is-layout-flow wp-block-column-is-layout-flow\" style=\"flex-basis:66.66%\">\n<p><strong><strong>\u00c0 propos de<\/strong><\/strong> <strong>Patrick Flannery<\/strong><\/p>\n\n\n\n<p>Patrick apporte \u00e0 la FPNplus de douze ans d\u2019exp\u00e9rience et des connaissances approfondies des relations de travail au sein de la Gendarmerie royale du Canada (GRC). En ao\u00fbt\u202f1994, il a abandonn\u00e9 sa carri\u00e8re d\u2019enseignant pour entreprendre une nouvelle aventure dans le monde de la police. Apr\u00e8s une formation linguistique \u00e0 Montr\u00e9al et six mois de formation \u00e0 la Division\u202fD\u00e9p\u00f4t, Patrick a \u00e9t\u00e9 affect\u00e9 au d\u00e9tachement de Nanaimo, en Colombie-Britannique, o\u00f9 il est demeur\u00e9 pendant 12\u202fans, travaillant au sein du service g\u00e9n\u00e9ral, de la section du maintien de l\u2019ordre ax\u00e9 sur la r\u00e9solution de probl\u00e8mes, de l\u2019unit\u00e9 des crimes contre les biens, du service de liaison avec les \u00e9coles et de la section des drogues f\u00e9d\u00e9rales pendant 12\u202fans au total.&nbsp;&nbsp;<\/p>\n\n\n\n<p>En 2007, Patrick a \u00e9t\u00e9 mut\u00e9 \u00e0 la police f\u00e9d\u00e9rale de la Division\u202fO \u00e0 l\u2019a\u00e9roport de Toronto. En 2016, il a \u00e9t\u00e9 mut\u00e9 au service des op\u00e9rations criminelles \u00e0 London et promu au service de dotation en 2018.&nbsp;&nbsp;<\/p>\n<\/div>\n<\/div>\n\n\n\n<p>Tout au long de sa carri\u00e8re, Patrick a aid\u00e9 des membres \u00e0 r\u00e9gler des probl\u00e8mes en milieu de travail et a r\u00e9dig\u00e9 des griefs, r\u00f4le qui a \u00e9t\u00e9 officialis\u00e9 lorsqu\u2019il a \u00e9t\u00e9 \u00e9lu au poste de sous-repr\u00e9sentant des relations fonctionnelles \u00e0 l\u2019a\u00e9roport de Toronto. \u00c0 ce titre, Patrick a aid\u00e9 les membres dans le cadre de la proc\u00e9dure de r\u00e8glement des griefs et d\u2019enjeux li\u00e9s au Code de conduite. En 2014, il a occup\u00e9 un poste \u00e0 temps plein \u00e0 titre de repr\u00e9sentant des relations fonctionnelles jusqu\u2019\u00e0 la dissolution du programme en 2016. Tout au long de son exp\u00e9rience au sein du Programme de repr\u00e9sentants des relations fonctionnelles et \u00e0 titre de repr\u00e9sentant local de la FPN pour le district sud-ouest de la Division\u202fO, Patrick a aid\u00e9 les membres aux prises avec divers enjeux sur le plan local, des divisions et du si\u00e8ge national, y compris l\u2019unit\u00e9 des promotions nationales et d\u2019autres centres de politiques.&nbsp;&nbsp;<\/p>\n\n\n\n<p>La vaste exp\u00e9rience de Patrick en mati\u00e8re de relations de travail lui a appris l\u2019importance d\u2019une repr\u00e9sentation ad\u00e9quate et la n\u00e9cessit\u00e9 de pouvoir compter sur une personne ayant toujours \u00e0 c\u0153ur le meilleur int\u00e9r\u00eat des membres.\u00a0\u00a0Depuis qu&#8217;il s&#8217;est joint \u00e0 la FPN, Patrick s&#8217;est joint au groupe de travail sur les promotions des sous-officiers, au comit\u00e9 des services aux membres et, au besoin, il si\u00e8ge \u00e0 titre d&#8217;observateur au groupe de travail national sur la dotation. Il est \u00e9galement le directeur du programme des repr\u00e9sentants locaux. Il continue \u00e0 s&#8217;immerger dans la FPN et \u00e0 aider les membres.<\/p>\n\n\n\n<p>En 2023, Patrick c\u00e9l\u00e9brera avec son \u00e9pouse Laura leur 35<sup>e<\/sup>\u202fanniversaire de mariage. Ensemble, ils ont eu deux enfants, Ryan, qui fait carri\u00e8re dans le domaine du cin\u00e9ma et de la t\u00e9l\u00e9vision, et Caitlin, qui est conseill\u00e8re dans un centre de traitement r\u00e9sidentiel pour les jeunes.&nbsp;&nbsp;<\/p>\n\n\n\n<p><strong>Principales r\u00e9alisations:<\/strong><\/p>\n\n\n\n<ul class=\"wp-block-list\"><li>Il a aid\u00e9 les membres \u00e0 temps plein ou \u00e0 temps partiel pendant 12\u202fans.&nbsp;&nbsp;<\/li><li>Il poss\u00e8de 12\u202fann\u00e9es d\u2019exp\u00e9rience \u00e0 contrat et 16\u202fann\u00e9es d\u2019exp\u00e9rience au sein du gouvernement f\u00e9d\u00e9ral.&nbsp;<\/li><li>Il a \u00e9t\u00e9 \u00e9lu au poste de sous-repr\u00e9sentant des relations fonctionnelles \u00e0 l\u2019a\u00e9roport de Toronto en 2010 et est devenu par la suite un repr\u00e9sentant \u00e0 temps plein dans ce domaine jusqu\u2019\u00e0 la dissolution du programme en 2016.&nbsp;<\/li><li>Il est un ancien membre du Conseil du Fonds juridique de la Division\u202fO, et dans le cadre de cette affectation, il a aid\u00e9 les membres \u00e0 r\u00e9diger et \u00e0 soumettre des demandes au Fonds juridique. Toutes les demandes d\u2019aide ont \u00e9t\u00e9 approuv\u00e9es, sauf une, qui avait \u00e9t\u00e9 retir\u00e9e par le membre.&nbsp;<\/li><\/ul>\n","protected":false},"excerpt":{"rendered":"<p>\u00c0 propos de Patrick Flannery Patrick apporte \u00e0 la FPNplus de douze ans d\u2019exp\u00e9rience et des connaissances approfondies des relations de travail au sein de la Gendarmerie royale du Canada (GRC). En ao\u00fbt\u202f1994, il a abandonn\u00e9 sa carri\u00e8re d\u2019enseignant pour [&hellip;]<\/p>\n","protected":false},"author":4,"featured_media":0,"parent":0,"menu_order":0,"comment_status":"closed","ping_status":"closed","template":"","meta":{"_acf_changed":false,"inline_featured_image":false,"footnotes":""},"class_list":["post-27455","page","type-page","status-publish","hentry"],"acf":[],"yoast_head":"<!-- This site is optimized with the Yoast SEO plugin v27.3 - https:\/\/yoast.com\/product\/yoast-seo-wordpress\/ -->\n<title>Conseil d\u2019administration \u2013 Patrick Flannery, Administrateur, R\u00e9gion Atlantique\/Centre - NPF-FPN<\/title>\n<meta name=\"robots\" content=\"index, follow, max-snippet:-1, max-image-preview:large, max-video-preview:-1\" \/>\n<link rel=\"canonical\" href=\"https:\/\/npf-fpn.com\/fr\/board-of-directors-patrick-flannery-director-atlantic-central-region\/\" \/>\n<meta property=\"og:locale\" content=\"fr_FR\" \/>\n<meta property=\"og:type\" content=\"article\" \/>\n<meta property=\"og:title\" content=\"Conseil d\u2019administration \u2013 Patrick Flannery, Administrateur, R\u00e9gion Atlantique\/Centre - NPF-FPN\" \/>\n<meta property=\"og:description\" content=\"\u00c0 propos de Patrick Flannery Patrick apporte \u00e0 la FPNplus de douze ans d\u2019exp\u00e9rience et des connaissances approfondies des relations de travail au sein de la Gendarmerie royale du Canada (GRC). En ao\u00fbt\u202f1994, il a abandonn\u00e9 sa carri\u00e8re d\u2019enseignant pour [&hellip;]\" \/>\n<meta property=\"og:url\" content=\"https:\/\/npf-fpn.com\/fr\/board-of-directors-patrick-flannery-director-atlantic-central-region\/\" \/>\n<meta property=\"og:site_name\" content=\"NPF-FPN\" \/>\n<meta property=\"article:modified_time\" content=\"2023-02-01T19:15:07+00:00\" \/>\n<meta property=\"og:image\" content=\"https:\/\/npf-fpn.com\/app\/uploads\/2022\/10\/Edit-2-V3-685x1024.png\" \/>\n<meta name=\"twitter:card\" content=\"summary_large_image\" \/>\n<meta name=\"twitter:label1\" content=\"Est. reading time\" \/>\n\t<meta name=\"twitter:data1\" content=\"3 minutes\" \/>\n<script type=\"application\/ld+json\" class=\"yoast-schema-graph\">{\"@context\":\"https:\\\/\\\/schema.org\",\"@graph\":[{\"@type\":\"WebPage\",\"@id\":\"https:\\\/\\\/npf-fpn.com\\\/fr\\\/board-of-directors-patrick-flannery-director-atlantic-central-region\\\/\",\"url\":\"https:\\\/\\\/npf-fpn.com\\\/fr\\\/board-of-directors-patrick-flannery-director-atlantic-central-region\\\/\",\"name\":\"Conseil d\u2019administration \u2013 Patrick Flannery, Administrateur, R\u00e9gion Atlantique\\\/Centre - NPF-FPN\",\"isPartOf\":{\"@id\":\"https:\\\/\\\/npf-fpn.com\\\/#website\"},\"primaryImageOfPage\":{\"@id\":\"https:\\\/\\\/npf-fpn.com\\\/fr\\\/board-of-directors-patrick-flannery-director-atlantic-central-region\\\/#primaryimage\"},\"image\":{\"@id\":\"https:\\\/\\\/npf-fpn.com\\\/fr\\\/board-of-directors-patrick-flannery-director-atlantic-central-region\\\/#primaryimage\"},\"thumbnailUrl\":\"https:\\\/\\\/npf-fpn.com\\\/app\\\/uploads\\\/2022\\\/10\\\/Edit-2-V3-685x1024.png\",\"datePublished\":\"2022-10-22T18:40:00+00:00\",\"dateModified\":\"2023-02-01T19:15:07+00:00\",\"breadcrumb\":{\"@id\":\"https:\\\/\\\/npf-fpn.com\\\/fr\\\/board-of-directors-patrick-flannery-director-atlantic-central-region\\\/#breadcrumb\"},\"inLanguage\":\"fr-FR\",\"potentialAction\":[{\"@type\":\"ReadAction\",\"target\":[\"https:\\\/\\\/npf-fpn.com\\\/fr\\\/board-of-directors-patrick-flannery-director-atlantic-central-region\\\/\"]}]},{\"@type\":\"ImageObject\",\"inLanguage\":\"fr-FR\",\"@id\":\"https:\\\/\\\/npf-fpn.com\\\/fr\\\/board-of-directors-patrick-flannery-director-atlantic-central-region\\\/#primaryimage\",\"url\":\"https:\\\/\\\/npf-fpn.com\\\/app\\\/uploads\\\/2022\\\/10\\\/Edit-2-V3-685x1024.png\",\"contentUrl\":\"https:\\\/\\\/npf-fpn.com\\\/app\\\/uploads\\\/2022\\\/10\\\/Edit-2-V3-685x1024.png\"},{\"@type\":\"BreadcrumbList\",\"@id\":\"https:\\\/\\\/npf-fpn.com\\\/fr\\\/board-of-directors-patrick-flannery-director-atlantic-central-region\\\/#breadcrumb\",\"itemListElement\":[{\"@type\":\"ListItem\",\"position\":1,\"name\":\"Accueil\",\"item\":\"https:\\\/\\\/npf-fpn.com\\\/fr\\\/\"},{\"@type\":\"ListItem\",\"position\":2,\"name\":\"Conseil d\u2019administration \u2013 Patrick Flannery, Administrateur, R\u00e9gion Atlantique\\\/Centre\"}]},{\"@type\":\"WebSite\",\"@id\":\"https:\\\/\\\/npf-fpn.com\\\/#website\",\"url\":\"https:\\\/\\\/npf-fpn.com\\\/\",\"name\":\"NPF-FPN\",\"description\":\"Providing strong, fair and progressive representation to almost 20,000 RCMP members across Canada.\",\"publisher\":{\"@id\":\"https:\\\/\\\/npf-fpn.com\\\/#organization\"},\"potentialAction\":[{\"@type\":\"SearchAction\",\"target\":{\"@type\":\"EntryPoint\",\"urlTemplate\":\"https:\\\/\\\/npf-fpn.com\\\/?s={search_term_string}\"},\"query-input\":{\"@type\":\"PropertyValueSpecification\",\"valueRequired\":true,\"valueName\":\"search_term_string\"}}],\"inLanguage\":\"fr-FR\"},{\"@type\":\"Organization\",\"@id\":\"https:\\\/\\\/npf-fpn.com\\\/#organization\",\"name\":\"NPF-FPN\",\"url\":\"https:\\\/\\\/npf-fpn.com\\\/\",\"logo\":{\"@type\":\"ImageObject\",\"inLanguage\":\"fr-FR\",\"@id\":\"https:\\\/\\\/npf-fpn.com\\\/#\\\/schema\\\/logo\\\/image\\\/\",\"url\":\"https:\\\/\\\/npf-fpn.com\\\/app\\\/uploads\\\/2022\\\/01\\\/NPF.jpg\",\"contentUrl\":\"https:\\\/\\\/npf-fpn.com\\\/app\\\/uploads\\\/2022\\\/01\\\/NPF.jpg\",\"width\":200,\"height\":200,\"caption\":\"NPF-FPN\"},\"image\":{\"@id\":\"https:\\\/\\\/npf-fpn.com\\\/#\\\/schema\\\/logo\\\/image\\\/\"}}]}<\/script>\n<!-- \/ Yoast SEO plugin. -->","yoast_head_json":{"title":"Conseil d\u2019administration \u2013 Patrick Flannery, Administrateur, R\u00e9gion Atlantique\/Centre - NPF-FPN","robots":{"index":"index","follow":"follow","max-snippet":"max-snippet:-1","max-image-preview":"max-image-preview:large","max-video-preview":"max-video-preview:-1"},"canonical":"https:\/\/npf-fpn.com\/fr\/board-of-directors-patrick-flannery-director-atlantic-central-region\/","og_locale":"fr_FR","og_type":"article","og_title":"Conseil d\u2019administration \u2013 Patrick Flannery, Administrateur, R\u00e9gion Atlantique\/Centre - NPF-FPN","og_description":"\u00c0 propos de Patrick Flannery Patrick apporte \u00e0 la FPNplus de douze ans d\u2019exp\u00e9rience et des connaissances approfondies des relations de travail au sein de la Gendarmerie royale du Canada (GRC). En ao\u00fbt\u202f1994, il a abandonn\u00e9 sa carri\u00e8re d\u2019enseignant pour [&hellip;]","og_url":"https:\/\/npf-fpn.com\/fr\/board-of-directors-patrick-flannery-director-atlantic-central-region\/","og_site_name":"NPF-FPN","article_modified_time":"2023-02-01T19:15:07+00:00","og_image":[{"url":"https:\/\/npf-fpn.com\/app\/uploads\/2022\/10\/Edit-2-V3-685x1024.png","type":"","width":"","height":""}],"twitter_card":"summary_large_image","twitter_misc":{"Est. reading time":"3 minutes"},"schema":{"@context":"https:\/\/schema.org","@graph":[{"@type":"WebPage","@id":"https:\/\/npf-fpn.com\/fr\/board-of-directors-patrick-flannery-director-atlantic-central-region\/","url":"https:\/\/npf-fpn.com\/fr\/board-of-directors-patrick-flannery-director-atlantic-central-region\/","name":"Conseil d\u2019administration \u2013 Patrick Flannery, Administrateur, R\u00e9gion Atlantique\/Centre - NPF-FPN","isPartOf":{"@id":"https:\/\/npf-fpn.com\/#website"},"primaryImageOfPage":{"@id":"https:\/\/npf-fpn.com\/fr\/board-of-directors-patrick-flannery-director-atlantic-central-region\/#primaryimage"},"image":{"@id":"https:\/\/npf-fpn.com\/fr\/board-of-directors-patrick-flannery-director-atlantic-central-region\/#primaryimage"},"thumbnailUrl":"https:\/\/npf-fpn.com\/app\/uploads\/2022\/10\/Edit-2-V3-685x1024.png","datePublished":"2022-10-22T18:40:00+00:00","dateModified":"2023-02-01T19:15:07+00:00","breadcrumb":{"@id":"https:\/\/npf-fpn.com\/fr\/board-of-directors-patrick-flannery-director-atlantic-central-region\/#breadcrumb"},"inLanguage":"fr-FR","potentialAction":[{"@type":"ReadAction","target":["https:\/\/npf-fpn.com\/fr\/board-of-directors-patrick-flannery-director-atlantic-central-region\/"]}]},{"@type":"ImageObject","inLanguage":"fr-FR","@id":"https:\/\/npf-fpn.com\/fr\/board-of-directors-patrick-flannery-director-atlantic-central-region\/#primaryimage","url":"https:\/\/npf-fpn.com\/app\/uploads\/2022\/10\/Edit-2-V3-685x1024.png","contentUrl":"https:\/\/npf-fpn.com\/app\/uploads\/2022\/10\/Edit-2-V3-685x1024.png"},{"@type":"BreadcrumbList","@id":"https:\/\/npf-fpn.com\/fr\/board-of-directors-patrick-flannery-director-atlantic-central-region\/#breadcrumb","itemListElement":[{"@type":"ListItem","position":1,"name":"Accueil","item":"https:\/\/npf-fpn.com\/fr\/"},{"@type":"ListItem","position":2,"name":"Conseil d\u2019administration \u2013 Patrick Flannery, Administrateur, R\u00e9gion Atlantique\/Centre"}]},{"@type":"WebSite","@id":"https:\/\/npf-fpn.com\/#website","url":"https:\/\/npf-fpn.com\/","name":"NPF-FPN","description":"Providing strong, fair and progressive representation to almost 20,000 RCMP members across Canada.","publisher":{"@id":"https:\/\/npf-fpn.com\/#organization"},"potentialAction":[{"@type":"SearchAction","target":{"@type":"EntryPoint","urlTemplate":"https:\/\/npf-fpn.com\/?s={search_term_string}"},"query-input":{"@type":"PropertyValueSpecification","valueRequired":true,"valueName":"search_term_string"}}],"inLanguage":"fr-FR"},{"@type":"Organization","@id":"https:\/\/npf-fpn.com\/#organization","name":"NPF-FPN","url":"https:\/\/npf-fpn.com\/","logo":{"@type":"ImageObject","inLanguage":"fr-FR","@id":"https:\/\/npf-fpn.com\/#\/schema\/logo\/image\/","url":"https:\/\/npf-fpn.com\/app\/uploads\/2022\/01\/NPF.jpg","contentUrl":"https:\/\/npf-fpn.com\/app\/uploads\/2022\/01\/NPF.jpg","width":200,"height":200,"caption":"NPF-FPN"},"image":{"@id":"https:\/\/npf-fpn.com\/#\/schema\/logo\/image\/"}}]}},"_links":{"self":[{"href":"https:\/\/npf-fpn.com\/fr\/wp-json\/wp\/v2\/pages\/27455","targetHints":{"allow":["GET"]}}],"collection":[{"href":"https:\/\/npf-fpn.com\/fr\/wp-json\/wp\/v2\/pages"}],"about":[{"href":"https:\/\/npf-fpn.com\/fr\/wp-json\/wp\/v2\/types\/page"}],"author":[{"embeddable":true,"href":"https:\/\/npf-fpn.com\/fr\/wp-json\/wp\/v2\/users\/4"}],"replies":[{"embeddable":true,"href":"https:\/\/npf-fpn.com\/fr\/wp-json\/wp\/v2\/comments?post=27455"}],"version-history":[{"count":2,"href":"https:\/\/npf-fpn.com\/fr\/wp-json\/wp\/v2\/pages\/27455\/revisions"}],"predecessor-version":[{"id":39570,"href":"https:\/\/npf-fpn.com\/fr\/wp-json\/wp\/v2\/pages\/27455\/revisions\/39570"}],"wp:attachment":[{"href":"https:\/\/npf-fpn.com\/fr\/wp-json\/wp\/v2\/media?parent=27455"}],"curies":[{"name":"wp","href":"https:\/\/api.w.org\/{rel}","templated":true}]}}