{"id":24467,"date":"2022-03-04T19:51:34","date_gmt":"2022-03-04T19:51:34","guid":{"rendered":"https:\/\/npf-fpn.com\/?page_id=24467"},"modified":"2024-04-09T19:33:20","modified_gmt":"2024-04-09T19:33:20","slug":"opportunite-de-carriere-a-la-fpn-conseiller-politique","status":"publish","type":"page","link":"https:\/\/npf-fpn.com\/fr\/opportunite-de-carriere-a-la-fpn-conseiller-politique\/","title":{"rendered":"Opportunit\u00e9 de carri\u00e8re \u00e0 la FPN \u2013 Conseiller en relations gouvernementales"},"content":{"rendered":"\n<h4 class=\"wp-block-heading\">Conseiller en relations gouvernementales<br>R\u00e9gion de la capitale nationale\/Hybride (Canada)<br>Temps plein<\/h4>\n\n\n\n<div class=\"wp-block-columns is-layout-flex wp-container-core-columns-is-layout-9d6595d7 wp-block-columns-is-layout-flex\">\n<div class=\"wp-block-column is-layout-flow wp-block-column-is-layout-flow\">\n<p>Date d\u2019affichage : 10 Avril 2024<\/p>\n<\/div>\n<\/div>\n\n\n\n<p>La F\u00e9d\u00e9ration de la police nationale recrute actuellement un <strong>conseiller en relations gouvernementales <\/strong>pour se joindre \u00e0 son \u00e9quipe.\u00a0\u00a0\u00a0\u00a0<br><br><strong>Aper\u00e7u du r\u00f4le\u00a0:<\/strong><br>Le conseiller en relations gouvernementales est principalement charg\u00e9 de diriger les dossiers et les domaines de travail de l&#8217;\u00e9quipe des relations gouvernementales et de g\u00e9rer le travail li\u00e9 \u00e0 une zone g\u00e9ographique particuli\u00e8re dans laquelle la F\u00e9d\u00e9ration de la police nationale travaille.\u00a0\u00a0<br><br><strong>Qui nous sommes\u00a0:<\/strong><br>La F\u00e9d\u00e9ration de la police nationale (FPN) repr\u00e9sente environ 20 000 membres de la GRC en poste au Canada et \u00e0 l&#8217;\u00e9tranger. Nous sommes le plus grand syndicat de police au Canada. La FPN se concentre sur l&#8217;am\u00e9lioration de la s\u00e9curit\u00e9 publique pour tous les Canadiens, y compris nos membres, en pr\u00e9conisant des investissements indispensables dans le continuum de la s\u00e9curit\u00e9 publique. Cela comprend des investissements dans les ressources polici\u00e8res et l&#8217;\u00e9quipement moderne, ainsi que dans les programmes sociaux, y compris la sant\u00e9, la toxicomanie et l&#8217;aide au logement, afin d&#8217;am\u00e9liorer la s\u00e9curit\u00e9 et la viabilit\u00e9 dans les nombreuses communaut\u00e9s que nous servons, grandes et petites, \u00e0 travers le Canada.\u202f\u00a0\u00a0<\/p>\n\n\n\n<p>Notre si\u00e8ge social est situ\u00e9 \u00e0 Ottawa, mais nos plus de 70 employ\u00e9s travaillent \u00e0 distance \u00e0 travers le Canada.&nbsp; Nous restons en contact \u00e9troit gr\u00e2ce \u00e0 nos outils informatiques modernes et \u00e0 nos valeurs internes : Inclusion, Innovation, Productivit\u00e9, Collaboration et Loyaut\u00e9.&nbsp;&nbsp;<\/p>\n\n\n\n<p><strong>Pourquoi travailler avec la FPN?<\/strong><\/p>\n\n\n\n<ul class=\"wp-block-list\">\n<li>R\u00e9mun\u00e9ration concurrentielle.&nbsp;<\/li>\n\n\n\n<li>Un ensemble g\u00e9n\u00e9reux d&#8217;avantages sociaux, y compris des comptes de d\u00e9penses de soins de sant\u00e9 et des comptes de d\u00e9penses imposables.&nbsp;<\/li>\n\n\n\n<li>R\u00e9gime enregistr\u00e9 d&#8217;\u00e9pargne collectif (REEC).&nbsp;<\/li>\n\n\n\n<li>Possibilit\u00e9s de d\u00e9veloppement professionnel.&nbsp;<\/li>\n\n\n\n<li>Un environnement d&#8217;\u00e9quipe inclusif, passionn\u00e9 et amusant.&nbsp;&nbsp;<\/li>\n<\/ul>\n\n\n\n<p><strong>Principales responsabilit\u00e9s&nbsp;:<\/strong><\/p>\n\n\n\n<ul class=\"wp-block-list\">\n<li>G\u00e9rer des projets ou des t\u00e2ches en suivant les \u00e9ch\u00e9ances, les \u00e9tapes suivantes et d&#8217;autres d\u00e9tails importants.&nbsp;<\/li>\n\n\n\n<li>Identifier les informations importantes telles que les dates cl\u00e9s ou les obstacles potentiels \u00e0 notre travail et fournir des solutions ou des conseils \u00e0 la direction pour r\u00e9soudre ces probl\u00e8mes.&nbsp;<\/li>\n\n\n\n<li>R\u00e9diger des propositions adress\u00e9es \u00e0 tous les niveaux gouvernementaux en rapport avec nos campagnes et les cycles budg\u00e9taires du gouvernement.&nbsp;<\/li>\n\n\n\n<li>Pr\u00e9parer les ordres du jour des r\u00e9unions, orienter les discussions, r\u00e9diger les proc\u00e8s-verbaux des r\u00e9unions et assurer le suivi des mesures \u00e0 prendre.&nbsp;<\/li>\n\n\n\n<li>Assister \u00e0 des r\u00e9unions en personne au si\u00e8ge social de la FPN et dans la r\u00e9gion de la capitale nationale, au besoin.&nbsp;<\/li>\n\n\n\n<li>Suivre les d\u00e9veloppements pertinents dans nos domaines de responsabilit\u00e9 en surveillant les nouvelles, les d\u00e9bats l\u00e9gislatifs, les annonces du gouvernement, les r\u00e9unions des comit\u00e9s, etc.\u202f\u202f&nbsp;<\/li>\n\n\n\n<li>Informer la direction et les membres du conseil d&#8217;administration, le cas \u00e9ch\u00e9ant, tout en fournissant une analyse et un r\u00e9sum\u00e9 des prochaines \u00e9tapes sugg\u00e9r\u00e9es.&nbsp;<\/li>\n\n\n\n<li>Pr\u00e9parer et mettre en \u0153uvre un plan de travail et une strat\u00e9gie pour les campagnes cl\u00e9s.&nbsp;<\/li>\n\n\n\n<li>Pr\u00e9parer et envoyer des invitations \u00e0 des r\u00e9unions pour les repr\u00e9sentants du gouvernement.&nbsp;<\/li>\n\n\n\n<li>Pr\u00e9parer des comptes rendus et des informations pertinentes \u00e0 partager avec les membres du conseil d&#8217;administration pour les aider \u00e0 se pr\u00e9parer \u00e0 ces r\u00e9unions.&nbsp;<\/li>\n\n\n\n<li>Assister aux r\u00e9unions avec les membres du conseil d&#8217;administration et leur apporter une assistance telle que la prise de notes, la gestion du temps et la fourniture d&#8217;informations techniques suppl\u00e9mentaires, le cas \u00e9ch\u00e9ant.\u00a0<\/li>\n<\/ul>\n\n\n\n<p><strong>Comp\u00e9tences\/aptitudes cl\u00e9s\u00a0:<\/strong><\/p>\n\n\n\n<ul class=\"wp-block-list\">\n<li>Formation en sciences politiques, en politique publique ou \u00e9quivalent et\/ou combinaison d&#8217;exp\u00e9rience professionnelle.\u00a0<\/li>\n\n\n\n<li>5 ans d&#8217;exp\u00e9rience en relations gouvernementales, soit dans le domaine de la politique provinciale\/f\u00e9d\u00e9rale, soit dans le cadre d&#8217;une association ou d&#8217;un syndicat, avec une progression constante des responsabilit\u00e9s.&nbsp;<\/li>\n\n\n\n<li>Le bilinguisme (anglais\/fran\u00e7ais) est un atout.&nbsp;&nbsp;<\/li>\n\n\n\n<li>Le candidat doit \u00eatre disponible pour voyager de nuit de 4 \u00e0 6 fois par an.&nbsp;<\/li>\n\n\n\n<li>Connaissance approfondie du processus d\u00e9cisionnel et l\u00e9gislatif du gouvernement au Canada \u00e0 l&#8217;\u00e9chelon f\u00e9d\u00e9ral, provincial et municipal.&nbsp;<\/li>\n\n\n\n<li>Le candidat doit comprendre le fonctionnement de base des relations avec le gouvernement, comme l&#8217;\u00e9laboration de listes de parties prenantes, la pr\u00e9paration de m\u00e9moires ou la r\u00e9daction de rapports, et la r\u00e9daction de communications officielles \u00e0 l&#8217;intention du gouvernement.&nbsp;<\/li>\n\n\n\n<li>Excellente ma\u00eetrise des outils de productivit\u00e9 de Microsoft Office.&nbsp;<\/li>\n\n\n\n<li>Solides comp\u00e9tences organisationnelles.&nbsp;<\/li>\n\n\n\n<li>Solides comp\u00e9tences r\u00e9dactionnelles.&nbsp;<\/li>\n\n\n\n<li>Capacit\u00e9 \u00e0 s&#8217;adapter \u00e0 des situations changeantes, \u00e0 de nouvelles id\u00e9es et \u00e0 de nouveaux concepts.&nbsp;<\/li>\n\n\n\n<li>Bon jugement et tact&nbsp;<\/li>\n\n\n\n<li>Grand souci du d\u00e9tail.&nbsp;<\/li>\n\n\n\n<li>Grande capacit\u00e9 \u00e0 r\u00e9soudre les probl\u00e8mes.&nbsp;<\/li>\n\n\n\n<li>Capacit\u00e9 \u00e0 effectuer plusieurs t\u00e2ches \u00e0 la fois, \u00e0 prendre des initiatives, \u00e0 \u00eatre proactif et \u00e0 faire preuve de flexibilit\u00e9.&nbsp;<\/li>\n\n\n\n<li>Excellente aptitude \u00e0 communiquer, \u00e0 l&#8217;oral comme \u00e0 l&#8217;\u00e9crit, avec un personnel diversifi\u00e9 et \u00e0 faciliter la r\u00e9ussite dans un environnement bas\u00e9 sur le travail d&#8217;\u00e9quipe.&nbsp;<\/li>\n\n\n\n<li>Capacit\u00e9 \u00e0 obtenir une attestation de s\u00e9curit\u00e9 de niveau secret.<\/li>\n<\/ul>\n\n\n\n<p><strong>R\u00e9mun\u00e9ration :\u00a0<\/strong>\u00a0<br>Le salaire de base initial pour ce poste, en fonction des comp\u00e9tences et de l&#8217;exp\u00e9rience, se situe entre 69 888,00 et 81 536,00 dollars.\u00a0<\/p>\n\n\n\n<p>La F\u00e9d\u00e9ration de la police nationale recrute sur la base du m\u00e9rite et s&#8217;engage \u00e0 respecter l&#8217;\u00e9quit\u00e9 en mati\u00e8re d&#8217;emploi. Nous encourageons toutes les personnes qualifi\u00e9es \u00e0 soumettre leur candidature.&nbsp;<\/p>\n\n\n\n<p>Bien que nous acceptions les candidatures de toute personne int\u00e9ress\u00e9e, nous ne communiquerons qu&#8217;avec les candidats retenus pour une entrevue.&nbsp;<\/p>\n\n\n\n<div class=\"wp-block-columns is-layout-flex wp-container-core-columns-is-layout-9d6595d7 wp-block-columns-is-layout-flex\">\n<div class=\"wp-block-column is-layout-flow wp-block-column-is-layout-flow\">\n<div class=\"wp-block-buttons is-layout-flex wp-block-buttons-is-layout-flex\">\n<div class=\"wp-block-button has-custom-width wp-block-button__width-100\"><a class=\"wp-block-button__link has-vivid-red-background-color has-background wp-element-button\" href=\"https:\/\/npffpn.bamboohr.com\/careers\/72\" style=\"border-radius:7px\" target=\"_blank\" rel=\"noreferrer noopener\">Postuler maintenant<\/a><\/div>\n<\/div>\n<\/div>\n\n\n\n<div class=\"wp-block-column is-layout-flow wp-block-column-is-layout-flow\">\n<div class=\"wp-block-buttons is-layout-flex wp-block-buttons-is-layout-flex\">\n<div class=\"wp-block-button has-custom-width wp-block-button__width-100\"><a class=\"wp-block-button__link has-vivid-red-background-color has-background wp-element-button\" href=\"mailto:\" style=\"border-radius:7px\">Partager cette opportunit\u00e9 avec un ami<\/a><\/div>\n<\/div>\n<\/div>\n<\/div>\n","protected":false},"excerpt":{"rendered":"<p>Conseiller en relations gouvernementalesR\u00e9gion de la capitale nationale\/Hybride (Canada)Temps plein Date d\u2019affichage : 10 Avril 2024 La F\u00e9d\u00e9ration de la police nationale recrute actuellement un conseiller en relations gouvernementales pour se joindre \u00e0 son \u00e9quipe.\u00a0\u00a0\u00a0\u00a0 Aper\u00e7u du r\u00f4le\u00a0:Le conseiller en [&hellip;]<\/p>\n","protected":false},"author":326,"featured_media":0,"parent":0,"menu_order":0,"comment_status":"closed","ping_status":"closed","template":"","meta":{"_acf_changed":false,"inline_featured_image":false,"footnotes":""},"class_list":["post-24467","page","type-page","status-publish","hentry"],"acf":[],"yoast_head":"<!-- This site is optimized with the Yoast SEO plugin v27.4 - https:\/\/yoast.com\/product\/yoast-seo-wordpress\/ -->\n<title>Opportunit\u00e9 de carri\u00e8re \u00e0 la FPN \u2013 Conseiller en relations gouvernementales - NPF-FPN<\/title>\n<meta name=\"robots\" content=\"index, follow, max-snippet:-1, max-image-preview:large, max-video-preview:-1\" \/>\n<link rel=\"canonical\" href=\"https:\/\/npf-fpn.com\/fr\/opportunite-de-carriere-a-la-fpn-conseiller-politique\/\" \/>\n<meta property=\"og:locale\" content=\"fr_FR\" \/>\n<meta property=\"og:type\" content=\"article\" \/>\n<meta property=\"og:title\" content=\"Opportunit\u00e9 de carri\u00e8re \u00e0 la FPN \u2013 Conseiller en relations gouvernementales - NPF-FPN\" \/>\n<meta property=\"og:description\" content=\"Conseiller en relations gouvernementalesR\u00e9gion de la capitale nationale\/Hybride (Canada)Temps plein Date d\u2019affichage : 10 Avril 2024 La F\u00e9d\u00e9ration de la police nationale recrute actuellement un conseiller en relations gouvernementales pour se joindre \u00e0 son \u00e9quipe.\u00a0\u00a0\u00a0\u00a0 Aper\u00e7u du r\u00f4le\u00a0:Le conseiller en [&hellip;]\" \/>\n<meta property=\"og:url\" content=\"https:\/\/npf-fpn.com\/fr\/opportunite-de-carriere-a-la-fpn-conseiller-politique\/\" \/>\n<meta property=\"og:site_name\" content=\"NPF-FPN\" \/>\n<meta property=\"article:modified_time\" content=\"2024-04-09T19:33:20+00:00\" \/>\n<meta name=\"twitter:card\" content=\"summary_large_image\" \/>\n<meta name=\"twitter:label1\" content=\"Est. reading time\" \/>\n\t<meta name=\"twitter:data1\" content=\"4 minutes\" \/>\n<script type=\"application\/ld+json\" class=\"yoast-schema-graph\">{\"@context\":\"https:\\\/\\\/schema.org\",\"@graph\":[{\"@type\":\"WebPage\",\"@id\":\"https:\\\/\\\/npf-fpn.com\\\/fr\\\/opportunite-de-carriere-a-la-fpn-conseiller-politique\\\/\",\"url\":\"https:\\\/\\\/npf-fpn.com\\\/fr\\\/opportunite-de-carriere-a-la-fpn-conseiller-politique\\\/\",\"name\":\"Opportunit\u00e9 de carri\u00e8re \u00e0 la FPN \u2013 Conseiller en relations gouvernementales - NPF-FPN\",\"isPartOf\":{\"@id\":\"https:\\\/\\\/npf-fpn.com\\\/#website\"},\"datePublished\":\"2022-03-04T19:51:34+00:00\",\"dateModified\":\"2024-04-09T19:33:20+00:00\",\"breadcrumb\":{\"@id\":\"https:\\\/\\\/npf-fpn.com\\\/fr\\\/opportunite-de-carriere-a-la-fpn-conseiller-politique\\\/#breadcrumb\"},\"inLanguage\":\"fr-FR\",\"potentialAction\":[{\"@type\":\"ReadAction\",\"target\":[\"https:\\\/\\\/npf-fpn.com\\\/fr\\\/opportunite-de-carriere-a-la-fpn-conseiller-politique\\\/\"]}]},{\"@type\":\"BreadcrumbList\",\"@id\":\"https:\\\/\\\/npf-fpn.com\\\/fr\\\/opportunite-de-carriere-a-la-fpn-conseiller-politique\\\/#breadcrumb\",\"itemListElement\":[{\"@type\":\"ListItem\",\"position\":1,\"name\":\"Accueil\",\"item\":\"https:\\\/\\\/npf-fpn.com\\\/fr\\\/\"},{\"@type\":\"ListItem\",\"position\":2,\"name\":\"Opportunit\u00e9 de carri\u00e8re \u00e0 la FPN \u2013 Conseiller en relations gouvernementales\"}]},{\"@type\":\"WebSite\",\"@id\":\"https:\\\/\\\/npf-fpn.com\\\/#website\",\"url\":\"https:\\\/\\\/npf-fpn.com\\\/\",\"name\":\"NPF-FPN\",\"description\":\"Providing strong, fair and progressive representation to almost 20,000 RCMP members across Canada.\",\"publisher\":{\"@id\":\"https:\\\/\\\/npf-fpn.com\\\/#organization\"},\"potentialAction\":[{\"@type\":\"SearchAction\",\"target\":{\"@type\":\"EntryPoint\",\"urlTemplate\":\"https:\\\/\\\/npf-fpn.com\\\/?s={search_term_string}\"},\"query-input\":{\"@type\":\"PropertyValueSpecification\",\"valueRequired\":true,\"valueName\":\"search_term_string\"}}],\"inLanguage\":\"fr-FR\"},{\"@type\":\"Organization\",\"@id\":\"https:\\\/\\\/npf-fpn.com\\\/#organization\",\"name\":\"NPF-FPN\",\"url\":\"https:\\\/\\\/npf-fpn.com\\\/\",\"logo\":{\"@type\":\"ImageObject\",\"inLanguage\":\"fr-FR\",\"@id\":\"https:\\\/\\\/npf-fpn.com\\\/#\\\/schema\\\/logo\\\/image\\\/\",\"url\":\"https:\\\/\\\/npf-fpn.com\\\/app\\\/uploads\\\/2022\\\/01\\\/NPF.jpg\",\"contentUrl\":\"https:\\\/\\\/npf-fpn.com\\\/app\\\/uploads\\\/2022\\\/01\\\/NPF.jpg\",\"width\":200,\"height\":200,\"caption\":\"NPF-FPN\"},\"image\":{\"@id\":\"https:\\\/\\\/npf-fpn.com\\\/#\\\/schema\\\/logo\\\/image\\\/\"}}]}<\/script>\n<!-- \/ Yoast SEO plugin. -->","yoast_head_json":{"title":"Opportunit\u00e9 de carri\u00e8re \u00e0 la FPN \u2013 Conseiller en relations gouvernementales - NPF-FPN","robots":{"index":"index","follow":"follow","max-snippet":"max-snippet:-1","max-image-preview":"max-image-preview:large","max-video-preview":"max-video-preview:-1"},"canonical":"https:\/\/npf-fpn.com\/fr\/opportunite-de-carriere-a-la-fpn-conseiller-politique\/","og_locale":"fr_FR","og_type":"article","og_title":"Opportunit\u00e9 de carri\u00e8re \u00e0 la FPN \u2013 Conseiller en relations gouvernementales - NPF-FPN","og_description":"Conseiller en relations gouvernementalesR\u00e9gion de la capitale nationale\/Hybride (Canada)Temps plein Date d\u2019affichage : 10 Avril 2024 La F\u00e9d\u00e9ration de la police nationale recrute actuellement un conseiller en relations gouvernementales pour se joindre \u00e0 son \u00e9quipe.\u00a0\u00a0\u00a0\u00a0 Aper\u00e7u du r\u00f4le\u00a0:Le conseiller en [&hellip;]","og_url":"https:\/\/npf-fpn.com\/fr\/opportunite-de-carriere-a-la-fpn-conseiller-politique\/","og_site_name":"NPF-FPN","article_modified_time":"2024-04-09T19:33:20+00:00","twitter_card":"summary_large_image","twitter_misc":{"Est. reading time":"4 minutes"},"schema":{"@context":"https:\/\/schema.org","@graph":[{"@type":"WebPage","@id":"https:\/\/npf-fpn.com\/fr\/opportunite-de-carriere-a-la-fpn-conseiller-politique\/","url":"https:\/\/npf-fpn.com\/fr\/opportunite-de-carriere-a-la-fpn-conseiller-politique\/","name":"Opportunit\u00e9 de carri\u00e8re \u00e0 la FPN \u2013 Conseiller en relations gouvernementales - NPF-FPN","isPartOf":{"@id":"https:\/\/npf-fpn.com\/#website"},"datePublished":"2022-03-04T19:51:34+00:00","dateModified":"2024-04-09T19:33:20+00:00","breadcrumb":{"@id":"https:\/\/npf-fpn.com\/fr\/opportunite-de-carriere-a-la-fpn-conseiller-politique\/#breadcrumb"},"inLanguage":"fr-FR","potentialAction":[{"@type":"ReadAction","target":["https:\/\/npf-fpn.com\/fr\/opportunite-de-carriere-a-la-fpn-conseiller-politique\/"]}]},{"@type":"BreadcrumbList","@id":"https:\/\/npf-fpn.com\/fr\/opportunite-de-carriere-a-la-fpn-conseiller-politique\/#breadcrumb","itemListElement":[{"@type":"ListItem","position":1,"name":"Accueil","item":"https:\/\/npf-fpn.com\/fr\/"},{"@type":"ListItem","position":2,"name":"Opportunit\u00e9 de carri\u00e8re \u00e0 la FPN \u2013 Conseiller en relations gouvernementales"}]},{"@type":"WebSite","@id":"https:\/\/npf-fpn.com\/#website","url":"https:\/\/npf-fpn.com\/","name":"NPF-FPN","description":"Providing strong, fair and progressive representation to almost 20,000 RCMP members across Canada.","publisher":{"@id":"https:\/\/npf-fpn.com\/#organization"},"potentialAction":[{"@type":"SearchAction","target":{"@type":"EntryPoint","urlTemplate":"https:\/\/npf-fpn.com\/?s={search_term_string}"},"query-input":{"@type":"PropertyValueSpecification","valueRequired":true,"valueName":"search_term_string"}}],"inLanguage":"fr-FR"},{"@type":"Organization","@id":"https:\/\/npf-fpn.com\/#organization","name":"NPF-FPN","url":"https:\/\/npf-fpn.com\/","logo":{"@type":"ImageObject","inLanguage":"fr-FR","@id":"https:\/\/npf-fpn.com\/#\/schema\/logo\/image\/","url":"https:\/\/npf-fpn.com\/app\/uploads\/2022\/01\/NPF.jpg","contentUrl":"https:\/\/npf-fpn.com\/app\/uploads\/2022\/01\/NPF.jpg","width":200,"height":200,"caption":"NPF-FPN"},"image":{"@id":"https:\/\/npf-fpn.com\/#\/schema\/logo\/image\/"}}]}},"_links":{"self":[{"href":"https:\/\/npf-fpn.com\/fr\/wp-json\/wp\/v2\/pages\/24467","targetHints":{"allow":["GET"]}}],"collection":[{"href":"https:\/\/npf-fpn.com\/fr\/wp-json\/wp\/v2\/pages"}],"about":[{"href":"https:\/\/npf-fpn.com\/fr\/wp-json\/wp\/v2\/types\/page"}],"author":[{"embeddable":true,"href":"https:\/\/npf-fpn.com\/fr\/wp-json\/wp\/v2\/users\/326"}],"replies":[{"embeddable":true,"href":"https:\/\/npf-fpn.com\/fr\/wp-json\/wp\/v2\/comments?post=24467"}],"version-history":[{"count":5,"href":"https:\/\/npf-fpn.com\/fr\/wp-json\/wp\/v2\/pages\/24467\/revisions"}],"predecessor-version":[{"id":50290,"href":"https:\/\/npf-fpn.com\/fr\/wp-json\/wp\/v2\/pages\/24467\/revisions\/50290"}],"wp:attachment":[{"href":"https:\/\/npf-fpn.com\/fr\/wp-json\/wp\/v2\/media?parent=24467"}],"curies":[{"name":"wp","href":"https:\/\/api.w.org\/{rel}","templated":true}]}}