{"id":23974,"date":"2022-02-18T15:45:00","date_gmt":"2022-02-18T15:45:00","guid":{"rendered":"https:\/\/npf-fpn.com\/?page_id=23974"},"modified":"2023-06-28T13:03:25","modified_gmt":"2023-06-28T13:03:25","slug":"opportunite-de-carriere-a-la-fpn-adjoint-administratif-services-juridiques","status":"publish","type":"page","link":"https:\/\/npf-fpn.com\/fr\/opportunite-de-carriere-a-la-fpn-adjoint-administratif-services-juridiques\/","title":{"rendered":"Opportunit\u00e9 de carri\u00e8re \u00e0 la FPN \u2013 Adjoint administratif juridique"},"content":{"rendered":"\n<h4 class=\"wp-block-heading\"><strong>Adjoint administratif juridique<br>Travail \u00e0 distance (Canada)<br>Temps plein<\/strong><\/h4>\n\n\n\n<div class=\"wp-block-columns is-layout-flex wp-container-core-columns-is-layout-9d6595d7 wp-block-columns-is-layout-flex\">\n<div class=\"wp-block-column is-layout-flow wp-block-column-is-layout-flow\">\n<p>Date d\u2019affichage: 28 juin 2023<\/p>\n<\/div>\n<\/div>\n\n\n\n<p>La F\u00e9d\u00e9ration de la police nationale (FPN) est actuellement \u00e0 la recherche d\u2019un&nbsp;<strong>adjoint administratif juridique<\/strong>&nbsp;\u00e0 temps plein pour son \u00e9quipe en pleine croissance.<br><br><strong>Aper\u00e7u du r\u00f4le<\/strong>: L&#8217;adjoint administratif apporte un soutien administratif \u00e0 l&#8217;\u00e9quipe des services juridiques afin de maximiser l&#8217;efficacit\u00e9 et la qualit\u00e9 des services fournis par le d\u00e9partement.<br><\/p>\n\n\n\n<p><strong>Sous la direction du:<\/strong>&nbsp;Directeur, Services juridiques<\/p>\n\n\n\n<p><strong>Lieu\u202f:&nbsp;<\/strong>T\u00e9l\u00e9travail&nbsp;<\/p>\n\n\n\n<p><strong>Qui nous sommes\u202f:<\/strong>&nbsp;<br>La F\u00e9d\u00e9ration de la police nationale\u202f(FPN) est l\u2019agent n\u00e9gociateur accr\u00e9dit\u00e9 repr\u00e9sentant ses membres r\u00e9guliers et les r\u00e9servistes de la Gendarmerie royale du Canada\u202f(GRC) qui ont un grade inf\u00e9rieur \u00e0 celui d\u2019inspecteur. La FPN a \u00e9t\u00e9 accr\u00e9dit\u00e9e \u00e0 l\u2019\u00e9t\u00e9\u202f2019 pour repr\u00e9senter environ 20\u202f000\u202fmembres de la GRC en service au Canada et \u00e0 l\u2019\u00e9tranger. Nous sommes \u00e9galement le plus important organisme canadien de relations de travail dans la police et le deuxi\u00e8me en importance en Am\u00e9rique du Nord. La\u202fFPN constitue la premi\u00e8re association nationale ind\u00e9pendante \u00e0 repr\u00e9senter les membres de la GRC.\u202f&nbsp;<\/p>\n\n\n\n<p>Notre mission est de repr\u00e9senter nos membres de fa\u00e7on comp\u00e9tente, \u00e9quitable et progressiste pour promouvoir et consolider leurs droits \u00e0 l\u2019\u00e9chelle du pays.&nbsp;<\/p>\n\n\n\n<p>Notre si\u00e8ge social est situ\u00e9 \u00e0 Ottawa, mais plus de la moiti\u00e9 de notre personnel travaille&nbsp;\u00e0 distance partout au Canada. Nous restons en contact \u00e9troit gr\u00e2ce \u00e0 notre programme actif de communications internes et \u00e0 nos outils de technologie de l\u2019information \u00e0 jour.&nbsp;&nbsp;<\/p>\n\n\n\n<p>&nbsp;<br><strong>Pourquoi travailler \u00e0 la FPN?<\/strong>&nbsp;<\/p>\n\n\n\n<ul class=\"wp-block-list\">\n<li>R\u00e9gime de r\u00e9mun\u00e9ration concurrentiel.<\/li>\n\n\n\n<li>R\u00e9gime d\u2019avantages sociaux g\u00e9n\u00e9reux comprenant un compte de d\u00e9penses de soins de sant\u00e9.<\/li>\n\n\n\n<li>R\u00e9gime d\u2019\u00e9pargne-retraite collectif.<\/li>\n\n\n\n<li>Occasions de perfectionnement professionnel.<\/li>\n\n\n\n<li>\u00c9quipe inclusive, passionn\u00e9e et amusante<\/li>\n<\/ul>\n\n\n\n<p><strong>Principales responsabilit\u00e9s :<\/strong><\/p>\n\n\n\n<p><strong><em>Affaires juridiques et demandes de renseignements&nbsp;<\/em><\/strong><\/p>\n\n\n\n<ul class=\"wp-block-list\">\n<li>Effectuer des t\u00e2ches de bureau juridique telles que la tenue des dossiers, des comptes, le triage et la gestion des dossiers.<\/li>\n\n\n\n<li>Apporter un soutien proactif aux conseillers juridiques internes, communiquer avec les principales parties prenantes conform\u00e9ment aux proc\u00e9dures op\u00e9rationnelles normalis\u00e9es.<\/li>\n\n\n\n<li>Assurer la liaison avec le service des finances de la FPN pour garantir l&#8217;int\u00e9grit\u00e9 financi\u00e8re des dossiers.<\/li>\n\n\n\n<li>Identifier et surveiller de mani\u00e8re proactive les \u00e9ch\u00e9ances applicables. R\u00e9diger des lettres d&#8217;engagement et des communiqu\u00e9s juridiques.<\/li>\n\n\n\n<li>D\u00e9velopper, maintenir et optimiser les syst\u00e8mes de gestion des dossiers de la FPN.<\/li>\n\n\n\n<li>Participer \u00e0 l&#8217;\u00e9laboration et \u00e0 la mise \u00e0 jour des outils de suivi et des bases de donn\u00e9es des services juridiques.<\/li>\n\n\n\n<li>Participer \u00e0 l&#8217;analyse des donn\u00e9es juridiques.<\/li>\n<\/ul>\n\n\n\n<p><strong><em>Administration des services juridiques<\/em><\/strong><\/p>\n\n\n\n<ul class=\"wp-block-list\">\n<li>Planifier les r\u00e9unions, pr\u00e9parer les ordres du jour et rassembler les documents relatifs aux r\u00e9unions.<\/li>\n\n\n\n<li>Coordonner les pr\u00e9paratifs de voyage et remplir les demandes de remboursement de frais conform\u00e9ment aux politiques de la FPN.<\/li>\n\n\n\n<li>R\u00e9diger des notes d&#8217;information, des lettres, des rapports, des pr\u00e9sentations, des proc\u00e8s-verbaux et d&#8217;autres documents.<\/li>\n\n\n\n<li>Participer \u00e0 l&#8217;\u00e9laboration des proc\u00e9dures op\u00e9rationnelles normalis\u00e9es des services juridiques et d&#8217;autres documents de r\u00e9f\u00e9rence.<\/li>\n\n\n\n<li>Participer \u00e0 l&#8217;int\u00e9gration des nouveaux employ\u00e9s des services juridiques.<\/li>\n\n\n\n<li>Faire office d&#8217;administrateur de logiciels et de bases de donn\u00e9es, lorsque n\u00e9cessaire.<\/li>\n<\/ul>\n\n\n\n<p><strong>Qualifications :&nbsp;<\/strong>&nbsp;<\/p>\n\n\n\n<ul class=\"wp-block-list\">\n<li>Dipl\u00f4me&nbsp;ou certificat d&#8217;\u00e9tudes sup\u00e9rieures en administration de bureau, en administration des affaires ou dans un domaine connexe et quelques ann\u00e9es d&#8217;exp\u00e9rience en administration de bureau ou dans un domaine connexe OU un dipl\u00f4me d&#8217;\u00e9tudes secondaires et plusieurs ann\u00e9es (3 \u00e0 5) d&#8217;exp\u00e9rience en administration de bureau ou dans un domaine connexe.&nbsp;<\/li>\n\n\n\n<li>Au moins un an d&#8217;exp\u00e9rience dans un environnement juridique tr\u00e8s occup\u00e9.&nbsp;<\/li>\n\n\n\n<li>Doit \u00eatre disponible pour des voyages avec&nbsp;nuit\u00e9es 4 fois par an.\u202f&nbsp;<\/li>\n\n\n\n<li>Doit \u00eatre en mesure d&#8217;obtenir une cote de s\u00e9curit\u00e9 de niveau Secr\u00e8te.\u202f&nbsp;<\/li>\n\n\n\n<li>Excellente&nbsp;ma\u00eetrise des outils de productivit\u00e9 de Microsoft Office.&nbsp;<\/li>\n\n\n\n<li>Bilinguisme (atout).<\/li>\n\n\n\n<li>Tr\u00e8s \u00e0&nbsp;l&#8217;aise avec les principes de confidentialit\u00e9.&nbsp;<\/li>\n\n\n\n<li>Capacit\u00e9&nbsp;\u00e0 s&#8217;adapter \u00e0 des situations changeantes, \u00e0 de nouvelles id\u00e9es et \u00e0 de nouveaux concepts.&nbsp;<\/li>\n\n\n\n<li>Comp\u00e9tences&nbsp;en mati\u00e8re de gestion de projet.&nbsp;<\/li>\n<\/ul>\n\n\n\n<p><strong>Comp\u00e9tences :<\/strong><\/p>\n\n\n\n<ul class=\"wp-block-list\">\n<li>Bon jugement et tact.&nbsp;&nbsp;<\/li>\n\n\n\n<li>Grand souci du d\u00e9tail.&nbsp;&nbsp;<\/li>\n\n\n\n<li>Capacit\u00e9s de base en mati\u00e8re de r\u00e9solution de probl\u00e8mes.&nbsp;<\/li>\n\n\n\n<li>Capacit\u00e9 \u00e0 effectuer plusieurs t\u00e2ches \u00e0 la fois, \u00e0 prendre des initiatives, \u00e0 \u00eatre proactif et flexible.&nbsp;<\/li>\n\n\n\n<li>Aptitude \u00e0 communiquer avec une main-d&#8217;\u0153uvre diversifi\u00e9e et \u00e0 faciliter la r\u00e9ussite dans un environnement bas\u00e9 sur le travail d&#8217;\u00e9quipe.<br><\/li>\n<\/ul>\n\n\n\n<p>La FPN embauche en fonction du m\u00e9rite et s\u2019engage \u00e0 assurer l\u2019\u00e9quit\u00e9 en mati\u00e8re d\u2019emploi. Nous encourageons toutes les personnes qualifi\u00e9es \u00e0 soumettre leur candidature.&nbsp;<\/p>\n\n\n\n<p>Bien que nous acceptions les candidatures de toutes les personnes int\u00e9ress\u00e9es, nous communiquerons uniquement avec les candidats retenus pour une entrevue.<\/p>\n\n\n\n<div class=\"wp-block-columns is-layout-flex wp-container-core-columns-is-layout-9d6595d7 wp-block-columns-is-layout-flex\">\n<div class=\"wp-block-column is-layout-flow wp-block-column-is-layout-flow\">\n<div class=\"wp-block-buttons is-layout-flex wp-block-buttons-is-layout-flex\">\n<div class=\"wp-block-button has-custom-width wp-block-button__width-100\"><a class=\"wp-block-button__link has-vivid-red-background-color has-background wp-element-button\" href=\"https:\/\/npffpn.bamboohr.com\/careers\/60\" style=\"border-radius:7px\" target=\"_blank\" rel=\"noreferrer noopener\">Postuler maintenant<\/a><\/div>\n<\/div>\n<\/div>\n\n\n\n<div class=\"wp-block-column is-layout-flow wp-block-column-is-layout-flow\">\n<div class=\"wp-block-buttons is-layout-flex wp-block-buttons-is-layout-flex\">\n<div class=\"wp-block-button has-custom-width wp-block-button__width-100\"><a class=\"wp-block-button__link has-vivid-red-background-color has-background wp-element-button\" href=\"mailto:\" style=\"border-radius:7px\">Partager cette opportunit\u00e9 avec un ami<\/a><\/div>\n<\/div>\n<\/div>\n<\/div>\n","protected":false},"excerpt":{"rendered":"<p>Adjoint administratif juridiqueTravail \u00e0 distance (Canada)Temps plein Date d\u2019affichage: 28 juin 2023 La F\u00e9d\u00e9ration de la police nationale (FPN) est actuellement \u00e0 la recherche d\u2019un&nbsp;adjoint administratif juridique&nbsp;\u00e0 temps plein pour son \u00e9quipe en pleine croissance. Aper\u00e7u du r\u00f4le: L&#8217;adjoint administratif [&hellip;]<\/p>\n","protected":false},"author":326,"featured_media":0,"parent":0,"menu_order":0,"comment_status":"closed","ping_status":"closed","template":"","meta":{"_acf_changed":false,"inline_featured_image":false,"footnotes":""},"class_list":["post-23974","page","type-page","status-publish","hentry"],"acf":[],"yoast_head":"<!-- This site is optimized with the Yoast SEO plugin v27.4 - https:\/\/yoast.com\/product\/yoast-seo-wordpress\/ -->\n<title>Opportunit\u00e9 de carri\u00e8re \u00e0 la FPN \u2013 Adjoint administratif juridique - NPF-FPN<\/title>\n<meta name=\"robots\" content=\"index, follow, max-snippet:-1, max-image-preview:large, max-video-preview:-1\" \/>\n<link rel=\"canonical\" href=\"https:\/\/npf-fpn.com\/fr\/opportunite-de-carriere-a-la-fpn-adjoint-administratif-services-juridiques\/\" \/>\n<meta property=\"og:locale\" content=\"fr_FR\" \/>\n<meta property=\"og:type\" content=\"article\" \/>\n<meta property=\"og:title\" content=\"Opportunit\u00e9 de carri\u00e8re \u00e0 la FPN \u2013 Adjoint administratif juridique - NPF-FPN\" \/>\n<meta property=\"og:description\" content=\"Adjoint administratif juridiqueTravail \u00e0 distance (Canada)Temps plein Date d\u2019affichage: 28 juin 2023 La F\u00e9d\u00e9ration de la police nationale (FPN) est actuellement \u00e0 la recherche d\u2019un&nbsp;adjoint administratif juridique&nbsp;\u00e0 temps plein pour son \u00e9quipe en pleine croissance. Aper\u00e7u du r\u00f4le: L&#8217;adjoint administratif [&hellip;]\" \/>\n<meta property=\"og:url\" content=\"https:\/\/npf-fpn.com\/fr\/opportunite-de-carriere-a-la-fpn-adjoint-administratif-services-juridiques\/\" \/>\n<meta property=\"og:site_name\" content=\"NPF-FPN\" \/>\n<meta property=\"article:modified_time\" content=\"2023-06-28T13:03:25+00:00\" \/>\n<meta name=\"twitter:card\" content=\"summary_large_image\" \/>\n<meta name=\"twitter:label1\" content=\"Est. reading time\" \/>\n\t<meta name=\"twitter:data1\" content=\"4 minutes\" \/>\n<script type=\"application\/ld+json\" class=\"yoast-schema-graph\">{\"@context\":\"https:\\\/\\\/schema.org\",\"@graph\":[{\"@type\":\"WebPage\",\"@id\":\"https:\\\/\\\/npf-fpn.com\\\/fr\\\/opportunite-de-carriere-a-la-fpn-adjoint-administratif-services-juridiques\\\/\",\"url\":\"https:\\\/\\\/npf-fpn.com\\\/fr\\\/opportunite-de-carriere-a-la-fpn-adjoint-administratif-services-juridiques\\\/\",\"name\":\"Opportunit\u00e9 de carri\u00e8re \u00e0 la FPN \u2013 Adjoint administratif juridique - NPF-FPN\",\"isPartOf\":{\"@id\":\"https:\\\/\\\/npf-fpn.com\\\/#website\"},\"datePublished\":\"2022-02-18T15:45:00+00:00\",\"dateModified\":\"2023-06-28T13:03:25+00:00\",\"breadcrumb\":{\"@id\":\"https:\\\/\\\/npf-fpn.com\\\/fr\\\/opportunite-de-carriere-a-la-fpn-adjoint-administratif-services-juridiques\\\/#breadcrumb\"},\"inLanguage\":\"fr-FR\",\"potentialAction\":[{\"@type\":\"ReadAction\",\"target\":[\"https:\\\/\\\/npf-fpn.com\\\/fr\\\/opportunite-de-carriere-a-la-fpn-adjoint-administratif-services-juridiques\\\/\"]}]},{\"@type\":\"BreadcrumbList\",\"@id\":\"https:\\\/\\\/npf-fpn.com\\\/fr\\\/opportunite-de-carriere-a-la-fpn-adjoint-administratif-services-juridiques\\\/#breadcrumb\",\"itemListElement\":[{\"@type\":\"ListItem\",\"position\":1,\"name\":\"Accueil\",\"item\":\"https:\\\/\\\/npf-fpn.com\\\/fr\\\/\"},{\"@type\":\"ListItem\",\"position\":2,\"name\":\"Opportunit\u00e9 de carri\u00e8re \u00e0 la FPN \u2013 Adjoint administratif juridique\"}]},{\"@type\":\"WebSite\",\"@id\":\"https:\\\/\\\/npf-fpn.com\\\/#website\",\"url\":\"https:\\\/\\\/npf-fpn.com\\\/\",\"name\":\"NPF-FPN\",\"description\":\"Providing strong, fair and progressive representation to almost 20,000 RCMP members across Canada.\",\"publisher\":{\"@id\":\"https:\\\/\\\/npf-fpn.com\\\/#organization\"},\"potentialAction\":[{\"@type\":\"SearchAction\",\"target\":{\"@type\":\"EntryPoint\",\"urlTemplate\":\"https:\\\/\\\/npf-fpn.com\\\/?s={search_term_string}\"},\"query-input\":{\"@type\":\"PropertyValueSpecification\",\"valueRequired\":true,\"valueName\":\"search_term_string\"}}],\"inLanguage\":\"fr-FR\"},{\"@type\":\"Organization\",\"@id\":\"https:\\\/\\\/npf-fpn.com\\\/#organization\",\"name\":\"NPF-FPN\",\"url\":\"https:\\\/\\\/npf-fpn.com\\\/\",\"logo\":{\"@type\":\"ImageObject\",\"inLanguage\":\"fr-FR\",\"@id\":\"https:\\\/\\\/npf-fpn.com\\\/#\\\/schema\\\/logo\\\/image\\\/\",\"url\":\"https:\\\/\\\/npf-fpn.com\\\/app\\\/uploads\\\/2022\\\/01\\\/NPF.jpg\",\"contentUrl\":\"https:\\\/\\\/npf-fpn.com\\\/app\\\/uploads\\\/2022\\\/01\\\/NPF.jpg\",\"width\":200,\"height\":200,\"caption\":\"NPF-FPN\"},\"image\":{\"@id\":\"https:\\\/\\\/npf-fpn.com\\\/#\\\/schema\\\/logo\\\/image\\\/\"}}]}<\/script>\n<!-- \/ Yoast SEO plugin. -->","yoast_head_json":{"title":"Opportunit\u00e9 de carri\u00e8re \u00e0 la FPN \u2013 Adjoint administratif juridique - NPF-FPN","robots":{"index":"index","follow":"follow","max-snippet":"max-snippet:-1","max-image-preview":"max-image-preview:large","max-video-preview":"max-video-preview:-1"},"canonical":"https:\/\/npf-fpn.com\/fr\/opportunite-de-carriere-a-la-fpn-adjoint-administratif-services-juridiques\/","og_locale":"fr_FR","og_type":"article","og_title":"Opportunit\u00e9 de carri\u00e8re \u00e0 la FPN \u2013 Adjoint administratif juridique - NPF-FPN","og_description":"Adjoint administratif juridiqueTravail \u00e0 distance (Canada)Temps plein Date d\u2019affichage: 28 juin 2023 La F\u00e9d\u00e9ration de la police nationale (FPN) est actuellement \u00e0 la recherche d\u2019un&nbsp;adjoint administratif juridique&nbsp;\u00e0 temps plein pour son \u00e9quipe en pleine croissance. Aper\u00e7u du r\u00f4le: L&#8217;adjoint administratif [&hellip;]","og_url":"https:\/\/npf-fpn.com\/fr\/opportunite-de-carriere-a-la-fpn-adjoint-administratif-services-juridiques\/","og_site_name":"NPF-FPN","article_modified_time":"2023-06-28T13:03:25+00:00","twitter_card":"summary_large_image","twitter_misc":{"Est. reading time":"4 minutes"},"schema":{"@context":"https:\/\/schema.org","@graph":[{"@type":"WebPage","@id":"https:\/\/npf-fpn.com\/fr\/opportunite-de-carriere-a-la-fpn-adjoint-administratif-services-juridiques\/","url":"https:\/\/npf-fpn.com\/fr\/opportunite-de-carriere-a-la-fpn-adjoint-administratif-services-juridiques\/","name":"Opportunit\u00e9 de carri\u00e8re \u00e0 la FPN \u2013 Adjoint administratif juridique - NPF-FPN","isPartOf":{"@id":"https:\/\/npf-fpn.com\/#website"},"datePublished":"2022-02-18T15:45:00+00:00","dateModified":"2023-06-28T13:03:25+00:00","breadcrumb":{"@id":"https:\/\/npf-fpn.com\/fr\/opportunite-de-carriere-a-la-fpn-adjoint-administratif-services-juridiques\/#breadcrumb"},"inLanguage":"fr-FR","potentialAction":[{"@type":"ReadAction","target":["https:\/\/npf-fpn.com\/fr\/opportunite-de-carriere-a-la-fpn-adjoint-administratif-services-juridiques\/"]}]},{"@type":"BreadcrumbList","@id":"https:\/\/npf-fpn.com\/fr\/opportunite-de-carriere-a-la-fpn-adjoint-administratif-services-juridiques\/#breadcrumb","itemListElement":[{"@type":"ListItem","position":1,"name":"Accueil","item":"https:\/\/npf-fpn.com\/fr\/"},{"@type":"ListItem","position":2,"name":"Opportunit\u00e9 de carri\u00e8re \u00e0 la FPN \u2013 Adjoint administratif juridique"}]},{"@type":"WebSite","@id":"https:\/\/npf-fpn.com\/#website","url":"https:\/\/npf-fpn.com\/","name":"NPF-FPN","description":"Providing strong, fair and progressive representation to almost 20,000 RCMP members across Canada.","publisher":{"@id":"https:\/\/npf-fpn.com\/#organization"},"potentialAction":[{"@type":"SearchAction","target":{"@type":"EntryPoint","urlTemplate":"https:\/\/npf-fpn.com\/?s={search_term_string}"},"query-input":{"@type":"PropertyValueSpecification","valueRequired":true,"valueName":"search_term_string"}}],"inLanguage":"fr-FR"},{"@type":"Organization","@id":"https:\/\/npf-fpn.com\/#organization","name":"NPF-FPN","url":"https:\/\/npf-fpn.com\/","logo":{"@type":"ImageObject","inLanguage":"fr-FR","@id":"https:\/\/npf-fpn.com\/#\/schema\/logo\/image\/","url":"https:\/\/npf-fpn.com\/app\/uploads\/2022\/01\/NPF.jpg","contentUrl":"https:\/\/npf-fpn.com\/app\/uploads\/2022\/01\/NPF.jpg","width":200,"height":200,"caption":"NPF-FPN"},"image":{"@id":"https:\/\/npf-fpn.com\/#\/schema\/logo\/image\/"}}]}},"_links":{"self":[{"href":"https:\/\/npf-fpn.com\/fr\/wp-json\/wp\/v2\/pages\/23974","targetHints":{"allow":["GET"]}}],"collection":[{"href":"https:\/\/npf-fpn.com\/fr\/wp-json\/wp\/v2\/pages"}],"about":[{"href":"https:\/\/npf-fpn.com\/fr\/wp-json\/wp\/v2\/types\/page"}],"author":[{"embeddable":true,"href":"https:\/\/npf-fpn.com\/fr\/wp-json\/wp\/v2\/users\/326"}],"replies":[{"embeddable":true,"href":"https:\/\/npf-fpn.com\/fr\/wp-json\/wp\/v2\/comments?post=23974"}],"version-history":[{"count":3,"href":"https:\/\/npf-fpn.com\/fr\/wp-json\/wp\/v2\/pages\/23974\/revisions"}],"predecessor-version":[{"id":42815,"href":"https:\/\/npf-fpn.com\/fr\/wp-json\/wp\/v2\/pages\/23974\/revisions\/42815"}],"wp:attachment":[{"href":"https:\/\/npf-fpn.com\/fr\/wp-json\/wp\/v2\/media?parent=23974"}],"curies":[{"name":"wp","href":"https:\/\/api.w.org\/{rel}","templated":true}]}}