{"id":22330,"date":"2021-12-22T18:17:39","date_gmt":"2021-12-22T18:17:39","guid":{"rendered":"https:\/\/npf-fpn.com\/?page_id=22330"},"modified":"2025-08-12T19:17:14","modified_gmt":"2025-08-12T19:17:14","slug":"board-of-directors-bobby-baker-director-prairies-north-region","status":"publish","type":"page","link":"https:\/\/npf-fpn.com\/fr\/board-of-directors-bobby-baker-director-prairies-north-region\/","title":{"rendered":"Conseil d&#8217;administration &#8211; Bobby Baker, Administrateur, R\u00e9gion des Prairies"},"content":{"rendered":"\n<div class=\"wp-block-columns is-layout-flex wp-container-core-columns-is-layout-9d6595d7 wp-block-columns-is-layout-flex\">\n<div class=\"wp-block-column is-layout-flow wp-block-column-is-layout-flow\" style=\"flex-basis:33.33%\"><div class=\"wp-block-image\">\n<figure class=\"alignleft size-full is-resized\"><img decoding=\"async\" width=\"500\" height=\"710\" src=\"https:\/\/npf-fpn.com\/app\/uploads\/2025\/08\/Bobby.png\" alt=\"\" class=\"wp-image-62298\" style=\"width:266px;height:371px\" srcset=\"https:\/\/npf-fpn.com\/app\/uploads\/2025\/08\/Bobby.png 500w, https:\/\/npf-fpn.com\/app\/uploads\/2025\/08\/Bobby-211x300.png 211w, https:\/\/npf-fpn.com\/app\/uploads\/2025\/08\/Bobby-141x200.png 141w\" sizes=\"(max-width: 500px) 100vw, 500px\" \/><\/figure>\n<\/div><\/div>\n\n\n\n<div class=\"wp-block-column is-layout-flow wp-block-column-is-layout-flow\" style=\"flex-basis:66.66%\">\n<p><strong>\u00c0 propos de Bobby&nbsp;Baker<\/strong><\/p>\n\n\n\n<p>Ayant grandi dans une famille de la GRC au Manitoba et au Yukon et inspir\u00e9 par cette exp\u00e9rience de vie, Bobby a d\u00e9cid\u00e9 \u00e0 son tour de se joindre \u00e0 la GRC. Il a fr\u00e9quent\u00e9 l\u2019Universit\u00e9 de Winnipeg et la Division D\u00e9p\u00f4t, l\u2019\u00c9cole de la GRC, avant d\u2019entamer sa carri\u00e8re au sein de la GRC dans les services de police de premi\u00e8re ligne et, plus tard, avant d\u2019int\u00e9grer le Groupe des crimes majeurs. Sa carri\u00e8re lui a donn\u00e9 l\u2019occasion de travailler partout au Canada, ouvrant ainsi la voie \u00e0 une formation sp\u00e9cialis\u00e9e tr\u00e8s pouss\u00e9e et \u00e0 de multitudes d\u2019exp\u00e9riences. Sa passion pour les droits des Autochtones et des personnes vuln\u00e9rables est n\u00e9e de son enfance ainsi que de ses nombreuses exp\u00e9riences de travail en milieu rural, ainsi que dans les communaut\u00e9s nordiques et autochtones. C\u2019est au cours de ce m\u00eame parcours qu\u2019un sentiment de frustration a commenc\u00e9 \u00e0 na\u00eetre chez lui, Bobby \u00e9tait d\u00e9pass\u00e9 par l\u2019absence de changement organisationnel. La GRC devait s\u2019adapter imp\u00e9rativement aux d\u00e9fis et aux mandats uniques et multidimensionnels associ\u00e9s \u00e0 cette r\u00e9alit\u00e9, \u00e0 la hauteur de son envergure \u00e0 titre d\u2019organisation embl\u00e9matique. Anim\u00e9 d\u2019un vif d\u00e9sir d\u2019am\u00e9liorer les conditions de travail uniques des membres de la GRC et de moderniser cette organisation afin d\u2019offrir un service \u00e0 la fois meilleur et plus s\u00fbr \u00e0 la population canadienne, Bobby a ainsi \u00e9t\u00e9 \u00e9lu \u00e0 titre de repr\u00e9sentant des relations fonctionnelles en 2014. Dans la foul\u00e9e de la cr\u00e9ation de la FPN, il a \u00e9t\u00e9 \u00e9lu \u00e0 titre de membre du premier conseil d\u2019administration de l\u2019organisation en 2019. En tant que membre de l\u2019\u00e9quipe de n\u00e9gociation collective, son travail se concentre sur les n\u00e9gociations de la premi\u00e8re convention collective historique de la GRC en vue d\u2019atteindre ces objectifs. Son \u00e9pouse, Jana, membre signataire d\u2019un trait\u00e9 de la Premi\u00e8re Nation Peguis, a partag\u00e9 avec lui de nombreuses exp\u00e9riences de travail \u00e0 titre d\u2019infirmi\u00e8re pour le gouvernement f\u00e9d\u00e9ral. Bobby, Jana et leurs deux filles aiment voyager, camper et p\u00eacher partout au Canada (particuli\u00e8rement dans les territoires) lorsque le temps le permet.<\/p>\n<\/div>\n<\/div>\n\n\n\n<p><strong>Principales r\u00e9alisations&nbsp;:<\/strong><\/p>\n\n\n\n<ul class=\"wp-block-list\">\n<li>Sergent d\u2019\u00e9tat-major au sein de la Gendarmerie royale du Canada (GRC), Bobby\u00a0Baker compte plus de 24\u00a0ann\u00e9es de service, tant dans la police civile que dans les services de police de premi\u00e8re ligne.<\/li>\n\n\n\n<li>Il a notamment assum\u00e9 les fonctions d\u2019enqu\u00eateur de premi\u00e8re ligne, de superviseur et de chef de secteur de la GRC dans le Nord et le Sud du Manitoba, dans des r\u00e9gions rurales et des municipalit\u00e9s en passant par les collectivit\u00e9s isol\u00e9es accessibles uniquement par avion.<\/li>\n\n\n\n<li>Il a ainsi \u00e9t\u00e9 enqu\u00eateur des crimes majeurs, de m\u00eame que superviseur et chef d\u2019unit\u00e9 au sein des unit\u00e9s des homicides et des affaires non r\u00e9solues.<\/li>\n\n\n\n<li>Il a \u00e9t\u00e9 aussi chef d\u2019\u00e9quipe pour plus de deux douzaines d\u2019enqu\u00eates sur des homicides et des dossiers non r\u00e9solus de 2004 \u00e0 2014. Sans oublier son r\u00f4le d\u2019enqu\u00eateur principal dans de nombreux cas complexes et tr\u00e8s m\u00e9diatis\u00e9s, y compris la disparition et le meurtre d\u2019une jeune fille autochtone (Phoenix\u00a0Sinclair) qui a fait l\u2019objet d\u2019une vaste couverture m\u00e9diatique \u00e0 l\u2019\u00e9chelle nationale.<\/li>\n\n\n\n<li>Il a repr\u00e9sent\u00e9 la GRC en t\u00e9moignant devant la <em>Commission d\u2019enqu\u00eate sur la mort de Phoenix\u00a0Sinclair<\/em> en 2009.<\/li>\n\n\n\n<li>Par ailleurs, il a fond\u00e9 et dirig\u00e9 l\u2019Unit\u00e9 des personnes disparues et victimes d\u2019exploitation de la GRC du Manitoba pour les personnes disparues et les personnes \u00e0 haut risque et vuln\u00e9rables en 2016, avec une attention particuli\u00e8re port\u00e9e aux Autochtones.<\/li>\n\n\n\n<li>Il a en outre t\u00e9moign\u00e9 en personne au nom de la GRC devant le Comit\u00e9 des Nations Unies sur l\u2019\u00e9limination de la discrimination \u00e0 l\u2019\u00e9gard des femmes (ONU-CEDAW) dans le cadre de l\u2019enqu\u00eate de 2014.<\/li>\n\n\n\n<li>Bobby est un ardent d\u00e9fenseur de la modernisation des mod\u00e8les de dotation de la GRC pour les services de police en milieu rural et autochtones, comme \u00e9tant l\u2019un des facteurs porteurs de changements dans la foul\u00e9e du processus de transformation de la prestation des services de police au Manitoba depuis 2016.<\/li>\n\n\n\n<li>Il a aussi particip\u00e9 \u00e0 la fusion de plusieurs d\u00e9tachements de la GRC associ\u00e9s \u00e0 divers niveaux de contrats gouvernementaux pour mettre en place le secteur organisationnel de la GRC dans la r\u00e9gion de Pembina\u00a0Valley en 2019, en vue de moderniser et d\u2019am\u00e9liorer la prestation de services pour la population manitobaine.<\/li>\n\n\n\n<li>Par ailleurs, Bobby a \u00e9t\u00e9 \u00e9lu repr\u00e9sentant des relations fonctionnelles \u00e0 la GRC en 2014, soit le mod\u00e8le de travail de la GRC utilis\u00e9 avant la cr\u00e9ation de l\u2019association.<\/li>\n\n\n\n<li>Il a aussi \u00e9t\u00e9 \u00e9lu \u00e0 titre de membre du premier conseil d\u2019administration de la F\u00e9d\u00e9ration de la police nationale (FPN) en 2019.<\/li>\n\n\n\n<li>Dans la foul\u00e9e de la mise sur pied de la FPN, qui a \u00e9t\u00e9 accr\u00e9dit\u00e9e en juillet\u00a02019, Bobby a \u00e9t\u00e9 \u00e9lu par ses coll\u00e8gues au premier conseil d\u2019administration \u00e0 titre d\u2019administrateur de la r\u00e9gion des Prairies et du Nord.<\/li>\n<\/ul>\n","protected":false},"excerpt":{"rendered":"<p>\u00c0 propos de Bobby&nbsp;Baker Ayant grandi dans une famille de la GRC au Manitoba et au Yukon et inspir\u00e9 par cette exp\u00e9rience de vie, Bobby a d\u00e9cid\u00e9 \u00e0 son tour de se joindre \u00e0 la GRC. Il a fr\u00e9quent\u00e9 l\u2019Universit\u00e9 [&hellip;]<\/p>\n","protected":false},"author":326,"featured_media":0,"parent":0,"menu_order":0,"comment_status":"closed","ping_status":"closed","template":"","meta":{"_acf_changed":false,"inline_featured_image":false,"footnotes":""},"class_list":["post-22330","page","type-page","status-publish","hentry"],"acf":[],"yoast_head":"<!-- This site is optimized with the Yoast SEO plugin v27.5 - https:\/\/yoast.com\/product\/yoast-seo-wordpress\/ -->\n<title>Conseil d&#039;administration - Bobby Baker, Administrateur, R\u00e9gion des Prairies - NPF-FPN<\/title>\n<meta name=\"robots\" content=\"index, follow, max-snippet:-1, max-image-preview:large, max-video-preview:-1\" \/>\n<link rel=\"canonical\" href=\"https:\/\/npf-fpn.com\/fr\/board-of-directors-bobby-baker-director-prairies-north-region\/\" \/>\n<meta property=\"og:locale\" content=\"fr_FR\" \/>\n<meta property=\"og:type\" content=\"article\" \/>\n<meta property=\"og:title\" content=\"Conseil d&#039;administration - Bobby Baker, Administrateur, R\u00e9gion des Prairies - NPF-FPN\" \/>\n<meta property=\"og:description\" content=\"\u00c0 propos de Bobby&nbsp;Baker Ayant grandi dans une famille de la GRC au Manitoba et au Yukon et inspir\u00e9 par cette exp\u00e9rience de vie, Bobby a d\u00e9cid\u00e9 \u00e0 son tour de se joindre \u00e0 la GRC. Il a fr\u00e9quent\u00e9 l\u2019Universit\u00e9 [&hellip;]\" \/>\n<meta property=\"og:url\" content=\"https:\/\/npf-fpn.com\/fr\/board-of-directors-bobby-baker-director-prairies-north-region\/\" \/>\n<meta property=\"og:site_name\" content=\"NPF-FPN\" \/>\n<meta property=\"article:modified_time\" content=\"2025-08-12T19:17:14+00:00\" \/>\n<meta property=\"og:image\" content=\"https:\/\/npf-fpn.com\/app\/uploads\/2025\/08\/Bobby.png\" \/>\n\t<meta property=\"og:image:width\" content=\"500\" \/>\n\t<meta property=\"og:image:height\" content=\"710\" \/>\n\t<meta property=\"og:image:type\" content=\"image\/png\" \/>\n<meta name=\"twitter:card\" content=\"summary_large_image\" \/>\n<meta name=\"twitter:label1\" content=\"Est. reading time\" \/>\n\t<meta name=\"twitter:data1\" content=\"4 minutes\" \/>\n<script type=\"application\/ld+json\" class=\"yoast-schema-graph\">{\"@context\":\"https:\\\/\\\/schema.org\",\"@graph\":[{\"@type\":\"WebPage\",\"@id\":\"https:\\\/\\\/npf-fpn.com\\\/fr\\\/board-of-directors-bobby-baker-director-prairies-north-region\\\/\",\"url\":\"https:\\\/\\\/npf-fpn.com\\\/fr\\\/board-of-directors-bobby-baker-director-prairies-north-region\\\/\",\"name\":\"Conseil d'administration - Bobby Baker, Administrateur, R\u00e9gion des Prairies - NPF-FPN\",\"isPartOf\":{\"@id\":\"https:\\\/\\\/npf-fpn.com\\\/#website\"},\"primaryImageOfPage\":{\"@id\":\"https:\\\/\\\/npf-fpn.com\\\/fr\\\/board-of-directors-bobby-baker-director-prairies-north-region\\\/#primaryimage\"},\"image\":{\"@id\":\"https:\\\/\\\/npf-fpn.com\\\/fr\\\/board-of-directors-bobby-baker-director-prairies-north-region\\\/#primaryimage\"},\"thumbnailUrl\":\"https:\\\/\\\/npf-fpn.com\\\/app\\\/uploads\\\/2025\\\/08\\\/Bobby.png\",\"datePublished\":\"2021-12-22T18:17:39+00:00\",\"dateModified\":\"2025-08-12T19:17:14+00:00\",\"breadcrumb\":{\"@id\":\"https:\\\/\\\/npf-fpn.com\\\/fr\\\/board-of-directors-bobby-baker-director-prairies-north-region\\\/#breadcrumb\"},\"inLanguage\":\"fr-FR\",\"potentialAction\":[{\"@type\":\"ReadAction\",\"target\":[\"https:\\\/\\\/npf-fpn.com\\\/fr\\\/board-of-directors-bobby-baker-director-prairies-north-region\\\/\"]}]},{\"@type\":\"ImageObject\",\"inLanguage\":\"fr-FR\",\"@id\":\"https:\\\/\\\/npf-fpn.com\\\/fr\\\/board-of-directors-bobby-baker-director-prairies-north-region\\\/#primaryimage\",\"url\":\"https:\\\/\\\/npf-fpn.com\\\/app\\\/uploads\\\/2025\\\/08\\\/Bobby.png\",\"contentUrl\":\"https:\\\/\\\/npf-fpn.com\\\/app\\\/uploads\\\/2025\\\/08\\\/Bobby.png\"},{\"@type\":\"BreadcrumbList\",\"@id\":\"https:\\\/\\\/npf-fpn.com\\\/fr\\\/board-of-directors-bobby-baker-director-prairies-north-region\\\/#breadcrumb\",\"itemListElement\":[{\"@type\":\"ListItem\",\"position\":1,\"name\":\"Accueil\",\"item\":\"https:\\\/\\\/npf-fpn.com\\\/fr\\\/\"},{\"@type\":\"ListItem\",\"position\":2,\"name\":\"Conseil d&#8217;administration &#8211; Bobby Baker, Administrateur, R\u00e9gion des Prairies\"}]},{\"@type\":\"WebSite\",\"@id\":\"https:\\\/\\\/npf-fpn.com\\\/#website\",\"url\":\"https:\\\/\\\/npf-fpn.com\\\/\",\"name\":\"NPF-FPN\",\"description\":\"Providing strong, fair and progressive representation to almost 20,000 RCMP members across Canada.\",\"publisher\":{\"@id\":\"https:\\\/\\\/npf-fpn.com\\\/#organization\"},\"potentialAction\":[{\"@type\":\"SearchAction\",\"target\":{\"@type\":\"EntryPoint\",\"urlTemplate\":\"https:\\\/\\\/npf-fpn.com\\\/?s={search_term_string}\"},\"query-input\":{\"@type\":\"PropertyValueSpecification\",\"valueRequired\":true,\"valueName\":\"search_term_string\"}}],\"inLanguage\":\"fr-FR\"},{\"@type\":\"Organization\",\"@id\":\"https:\\\/\\\/npf-fpn.com\\\/#organization\",\"name\":\"NPF-FPN\",\"url\":\"https:\\\/\\\/npf-fpn.com\\\/\",\"logo\":{\"@type\":\"ImageObject\",\"inLanguage\":\"fr-FR\",\"@id\":\"https:\\\/\\\/npf-fpn.com\\\/#\\\/schema\\\/logo\\\/image\\\/\",\"url\":\"https:\\\/\\\/npf-fpn.com\\\/app\\\/uploads\\\/2022\\\/01\\\/NPF.jpg\",\"contentUrl\":\"https:\\\/\\\/npf-fpn.com\\\/app\\\/uploads\\\/2022\\\/01\\\/NPF.jpg\",\"width\":200,\"height\":200,\"caption\":\"NPF-FPN\"},\"image\":{\"@id\":\"https:\\\/\\\/npf-fpn.com\\\/#\\\/schema\\\/logo\\\/image\\\/\"}}]}<\/script>\n<!-- \/ Yoast SEO plugin. -->","yoast_head_json":{"title":"Conseil d'administration - Bobby Baker, Administrateur, R\u00e9gion des Prairies - NPF-FPN","robots":{"index":"index","follow":"follow","max-snippet":"max-snippet:-1","max-image-preview":"max-image-preview:large","max-video-preview":"max-video-preview:-1"},"canonical":"https:\/\/npf-fpn.com\/fr\/board-of-directors-bobby-baker-director-prairies-north-region\/","og_locale":"fr_FR","og_type":"article","og_title":"Conseil d'administration - Bobby Baker, Administrateur, R\u00e9gion des Prairies - NPF-FPN","og_description":"\u00c0 propos de Bobby&nbsp;Baker Ayant grandi dans une famille de la GRC au Manitoba et au Yukon et inspir\u00e9 par cette exp\u00e9rience de vie, Bobby a d\u00e9cid\u00e9 \u00e0 son tour de se joindre \u00e0 la GRC. Il a fr\u00e9quent\u00e9 l\u2019Universit\u00e9 [&hellip;]","og_url":"https:\/\/npf-fpn.com\/fr\/board-of-directors-bobby-baker-director-prairies-north-region\/","og_site_name":"NPF-FPN","article_modified_time":"2025-08-12T19:17:14+00:00","og_image":[{"width":500,"height":710,"url":"https:\/\/npf-fpn.com\/app\/uploads\/2025\/08\/Bobby.png","type":"image\/png"}],"twitter_card":"summary_large_image","twitter_misc":{"Est. reading time":"4 minutes"},"schema":{"@context":"https:\/\/schema.org","@graph":[{"@type":"WebPage","@id":"https:\/\/npf-fpn.com\/fr\/board-of-directors-bobby-baker-director-prairies-north-region\/","url":"https:\/\/npf-fpn.com\/fr\/board-of-directors-bobby-baker-director-prairies-north-region\/","name":"Conseil d'administration - Bobby Baker, Administrateur, R\u00e9gion des Prairies - NPF-FPN","isPartOf":{"@id":"https:\/\/npf-fpn.com\/#website"},"primaryImageOfPage":{"@id":"https:\/\/npf-fpn.com\/fr\/board-of-directors-bobby-baker-director-prairies-north-region\/#primaryimage"},"image":{"@id":"https:\/\/npf-fpn.com\/fr\/board-of-directors-bobby-baker-director-prairies-north-region\/#primaryimage"},"thumbnailUrl":"https:\/\/npf-fpn.com\/app\/uploads\/2025\/08\/Bobby.png","datePublished":"2021-12-22T18:17:39+00:00","dateModified":"2025-08-12T19:17:14+00:00","breadcrumb":{"@id":"https:\/\/npf-fpn.com\/fr\/board-of-directors-bobby-baker-director-prairies-north-region\/#breadcrumb"},"inLanguage":"fr-FR","potentialAction":[{"@type":"ReadAction","target":["https:\/\/npf-fpn.com\/fr\/board-of-directors-bobby-baker-director-prairies-north-region\/"]}]},{"@type":"ImageObject","inLanguage":"fr-FR","@id":"https:\/\/npf-fpn.com\/fr\/board-of-directors-bobby-baker-director-prairies-north-region\/#primaryimage","url":"https:\/\/npf-fpn.com\/app\/uploads\/2025\/08\/Bobby.png","contentUrl":"https:\/\/npf-fpn.com\/app\/uploads\/2025\/08\/Bobby.png"},{"@type":"BreadcrumbList","@id":"https:\/\/npf-fpn.com\/fr\/board-of-directors-bobby-baker-director-prairies-north-region\/#breadcrumb","itemListElement":[{"@type":"ListItem","position":1,"name":"Accueil","item":"https:\/\/npf-fpn.com\/fr\/"},{"@type":"ListItem","position":2,"name":"Conseil d&#8217;administration &#8211; Bobby Baker, Administrateur, R\u00e9gion des Prairies"}]},{"@type":"WebSite","@id":"https:\/\/npf-fpn.com\/#website","url":"https:\/\/npf-fpn.com\/","name":"NPF-FPN","description":"Providing strong, fair and progressive representation to almost 20,000 RCMP members across Canada.","publisher":{"@id":"https:\/\/npf-fpn.com\/#organization"},"potentialAction":[{"@type":"SearchAction","target":{"@type":"EntryPoint","urlTemplate":"https:\/\/npf-fpn.com\/?s={search_term_string}"},"query-input":{"@type":"PropertyValueSpecification","valueRequired":true,"valueName":"search_term_string"}}],"inLanguage":"fr-FR"},{"@type":"Organization","@id":"https:\/\/npf-fpn.com\/#organization","name":"NPF-FPN","url":"https:\/\/npf-fpn.com\/","logo":{"@type":"ImageObject","inLanguage":"fr-FR","@id":"https:\/\/npf-fpn.com\/#\/schema\/logo\/image\/","url":"https:\/\/npf-fpn.com\/app\/uploads\/2022\/01\/NPF.jpg","contentUrl":"https:\/\/npf-fpn.com\/app\/uploads\/2022\/01\/NPF.jpg","width":200,"height":200,"caption":"NPF-FPN"},"image":{"@id":"https:\/\/npf-fpn.com\/#\/schema\/logo\/image\/"}}]}},"_links":{"self":[{"href":"https:\/\/npf-fpn.com\/fr\/wp-json\/wp\/v2\/pages\/22330","targetHints":{"allow":["GET"]}}],"collection":[{"href":"https:\/\/npf-fpn.com\/fr\/wp-json\/wp\/v2\/pages"}],"about":[{"href":"https:\/\/npf-fpn.com\/fr\/wp-json\/wp\/v2\/types\/page"}],"author":[{"embeddable":true,"href":"https:\/\/npf-fpn.com\/fr\/wp-json\/wp\/v2\/users\/326"}],"replies":[{"embeddable":true,"href":"https:\/\/npf-fpn.com\/fr\/wp-json\/wp\/v2\/comments?post=22330"}],"version-history":[{"count":7,"href":"https:\/\/npf-fpn.com\/fr\/wp-json\/wp\/v2\/pages\/22330\/revisions"}],"predecessor-version":[{"id":62300,"href":"https:\/\/npf-fpn.com\/fr\/wp-json\/wp\/v2\/pages\/22330\/revisions\/62300"}],"wp:attachment":[{"href":"https:\/\/npf-fpn.com\/fr\/wp-json\/wp\/v2\/media?parent=22330"}],"curies":[{"name":"wp","href":"https:\/\/api.w.org\/{rel}","templated":true}]}}