{"id":22319,"date":"2021-12-22T18:21:45","date_gmt":"2021-12-22T18:21:45","guid":{"rendered":"https:\/\/npf-fpn.com\/?page_id=22319"},"modified":"2026-05-11T19:46:40","modified_gmt":"2026-05-11T19:46:40","slug":"conseil-dadministration-kevin-halwa-administrateur-region-des-prairies-et-du-nord","status":"publish","type":"page","link":"https:\/\/npf-fpn.com\/fr\/conseil-dadministration-kevin-halwa-administrateur-region-des-prairies-et-du-nord\/","title":{"rendered":"Conseil d&#8217;administration &#8211; Kevin Halwa, Administrateur, R\u00e9gion des Prairies"},"content":{"rendered":"\n<div class=\"wp-block-columns is-layout-flex wp-container-core-columns-is-layout-9d6595d7 wp-block-columns-is-layout-flex\">\n<div class=\"wp-block-column is-layout-flow wp-block-column-is-layout-flow\" style=\"flex-basis:33.33%\"><div class=\"wp-block-image\">\n<figure class=\"alignleft size-full\"><img decoding=\"async\" width=\"258\" height=\"360\" src=\"https:\/\/npf-fpn.com\/app\/uploads\/2023\/01\/Kevin-Halwa-Bio-Page.png\" alt=\"\" class=\"wp-image-39409\" srcset=\"https:\/\/npf-fpn.com\/app\/uploads\/2023\/01\/Kevin-Halwa-Bio-Page.png 258w, https:\/\/npf-fpn.com\/app\/uploads\/2023\/01\/Kevin-Halwa-Bio-Page-215x300.png 215w, https:\/\/npf-fpn.com\/app\/uploads\/2023\/01\/Kevin-Halwa-Bio-Page-143x200.png 143w\" sizes=\"(max-width: 258px) 100vw, 258px\" \/><\/figure>\n<\/div><\/div>\n\n\n\n<div class=\"wp-block-column is-layout-flow wp-block-column-is-layout-flow\" style=\"flex-basis:66.66%\">\n<p><strong>\u00c0 propos de Kevin&nbsp;Halwa<\/strong><\/p>\n\n\n\n<p>Sachant qu\u2019il voulait \u00eatre membre de la GRC d\u00e8s son plus jeune \u00e2ge, Kevin a fait du b\u00e9n\u00e9volat au sein de la section d\u2019identit\u00e9 judiciaire du d\u00e9tachement local de son \u00e9cole secondaire et de son coll\u00e8ge. Il s\u2019est \u00e9galement donn\u00e9 pour objectif d\u2019obtenir un dipl\u00f4me pour renforcer ses comp\u00e9tences lorsqu\u2019il est devenu plus tard membre de la GRC. Kevin s\u2019est joint \u00e0 la GRC en 1997 pour servir en Alberta, la province o\u00f9 il a grandi. Conscient de la n\u00e9cessit\u00e9 de donner la priorit\u00e9 aux membres, Kevin s\u2019est int\u00e9gr\u00e9 au Programme de repr\u00e9sentants des relations fonctionnelles (PRRF) pour aider \u00e0 promouvoir leurs int\u00e9r\u00eats. Kevin a continu\u00e9 de faire partie du programme jusqu\u2019\u00e0 sa dissolution et a poursuivi sa mission de \u00ab&nbsp;donner la priorit\u00e9 aux membres&nbsp;\u00bb en acceptant un poste de conseiller dans le milieu de travail \u00e0 la GRC.<\/p>\n<\/div>\n<\/div>\n\n\n\n<p>Toujours \u00e0 la disposition des membres dans le besoin, Kevin est fier de comprendre leur point de vue. Gr\u00e2ce \u00e0 sa formation officielle en relations de travail, Kevin se sert de son exp\u00e9rience pour faire avancer des dossiers importants pour les membres, comme le salaire et les avantages sociaux, le renouvellement de l\u2019\u00e9quipement et des uniformes, l\u2019entra\u00eenement, la formation sur le harc\u00e8lement, les pertes immobili\u00e8res, et bien d\u2019autres. Il est heureux de voir que l&#8217;\u00e9quipement de la GRC, y compris les pistolets \u00e0 impulsion \u00e9lectrique et les gilets pare-balles l\u00e9gers, est maintenant distribu\u00e9 aux membres dans tout le pays. Kevin pr\u00e9voit une progression harmonieuse de la mise en \u0153uvre de divers autres \u00e9l\u00e9ments dans un avenir proche.&nbsp;<\/p>\n\n\n\n<p>Depuis qu&#8217;il a \u00e9t\u00e9 \u00e9lu directeur de la FPN, il a rencontr\u00e9 des repr\u00e9sentants du gouvernement, le public et des membres de la GRC en Alberta, travaillant avec ardeur pour promouvoir leur bien-\u00eatre collectif et mettre en \u00e9vidence les nombreux avantages que les membres apportent \u00e0 leurs communaut\u00e9s en tant que lobbyiste enregistr\u00e9. Kevin est connu pour son engagement in\u00e9branlable \u00e0 r\u00e9tablir la v\u00e9rit\u00e9 dans les m\u00e9dias et \u00e0 veiller \u00e0 ce que la justice pr\u00e9vale lorsque des membres sont attaqu\u00e9s ou accus\u00e9s injustement.<\/p>\n\n\n\n<figure class=\"wp-block-embed aligncenter is-type-video is-provider-youtube wp-block-embed-youtube wp-embed-aspect-16-9 wp-has-aspect-ratio\"><div class=\"wp-block-embed__wrapper\">\n<iframe title=\"Kevin Halwa - Administrateur de la FPN de la r\u00e9gion des Prairies et du Nord\" width=\"500\" height=\"281\" src=\"https:\/\/www.youtube.com\/embed\/eceK0Yzg8ZM?feature=oembed\" frameborder=\"0\" allow=\"accelerometer; autoplay; clipboard-write; encrypted-media; gyroscope; picture-in-picture; web-share\" referrerpolicy=\"strict-origin-when-cross-origin\" allowfullscreen><\/iframe>\n<\/div><\/figure>\n\n\n\n<p><strong>Principales r\u00e9alisations:<\/strong><\/p>\n\n\n\n<ul class=\"wp-block-list\">\n<li>Baccalaur\u00e9at en commerce de l\u2019Universit\u00e9 de l\u2019Alberta, avec majeure en gestion des ressources humaines.<\/li>\n\n\n\n<li>A \u00e9t\u00e9 affect\u00e9 \u00e0 Grande Prairie \u00e0 titre de gendarme sp\u00e9cial responsable de la section Provost de 1997 \u00e0 2001.<\/li>\n\n\n\n<li>A travaill\u00e9 au poste isol\u00e9 de Fort Vermilion (Alberta) de 2001 \u00e0 2004, avant d\u2019\u00eatre mut\u00e9 \u00e0 Sylvain&nbsp;Lake.<\/li>\n\n\n\n<li>Promu au grade de caporal en 2008 alors qu\u2019il \u00e9tait en poste \u00e0 Sylvan\u00a0Lake (Alberta).<\/li>\n\n\n\n<li>A occup\u00e9 plusieurs mandats \u00e0 titre de sous-repr\u00e9sentant du Programme des repr\u00e9sentants des relations fonctionnelles de la GRC.<\/li>\n\n\n\n<li>Promu au grade de sergent en 2017 \u00e0 Red Deer (Alberta).<\/li>\n\n\n\n<li>A \u00e9t\u00e9 l\u2019un des instructeurs principaux de la Division K en tir \u00e0 la carabine et au pistolet.<\/li>\n\n\n\n<li>Est devenu conseiller \u00e0 temps plein aux membres dans le milieu de travail en 2018, son r\u00f4le consistant \u00e0 aider les membres \u00e0 r\u00e9gler divers probl\u00e8mes.<\/li>\n\n\n\n<li>A suivi de nombreux cours en relations de travail ax\u00e9s sur les n\u00e9gociations contractuelles et collectives.<\/li>\n\n\n\n<li>Si\u00e8ge au Comit\u00e9 de l\u2019uniforme et de l\u2019\u00e9quipement, ainsi qu\u2019au Comit\u00e9 national d\u2019orientation en mati\u00e8re de sant\u00e9 et de s\u00e9curit\u00e9 de la FPN.<\/li>\n\n\n\n<li>N\u00e9gociation d\u2019une entente pour des bottes et des pantalons standards comme \u00e9l\u00e9ments de l\u2019uniforme de la GRC<\/li>\n<\/ul>\n","protected":false},"excerpt":{"rendered":"<p>\u00c0 propos de Kevin&nbsp;Halwa Sachant qu\u2019il voulait \u00eatre membre de la GRC d\u00e8s son plus jeune \u00e2ge, Kevin a fait du b\u00e9n\u00e9volat au sein de la section d\u2019identit\u00e9 judiciaire du d\u00e9tachement local de son \u00e9cole secondaire et de son coll\u00e8ge. [&hellip;]<\/p>\n","protected":false},"author":326,"featured_media":0,"parent":0,"menu_order":0,"comment_status":"closed","ping_status":"closed","template":"","meta":{"_acf_changed":false,"inline_featured_image":false,"footnotes":""},"class_list":["post-22319","page","type-page","status-publish","hentry"],"acf":[],"yoast_head":"<!-- This site is optimized with the Yoast SEO plugin v27.5 - https:\/\/yoast.com\/product\/yoast-seo-wordpress\/ -->\n<title>Conseil d&#039;administration - Kevin Halwa, Administrateur, R\u00e9gion des Prairies - NPF-FPN<\/title>\n<meta name=\"robots\" content=\"index, follow, max-snippet:-1, max-image-preview:large, max-video-preview:-1\" \/>\n<link rel=\"canonical\" href=\"https:\/\/npf-fpn.com\/fr\/conseil-dadministration-kevin-halwa-administrateur-region-des-prairies-et-du-nord\/\" \/>\n<meta property=\"og:locale\" content=\"fr_FR\" \/>\n<meta property=\"og:type\" content=\"article\" \/>\n<meta property=\"og:title\" content=\"Conseil d&#039;administration - Kevin Halwa, Administrateur, R\u00e9gion des Prairies - NPF-FPN\" \/>\n<meta property=\"og:description\" content=\"\u00c0 propos de Kevin&nbsp;Halwa Sachant qu\u2019il voulait \u00eatre membre de la GRC d\u00e8s son plus jeune \u00e2ge, Kevin a fait du b\u00e9n\u00e9volat au sein de la section d\u2019identit\u00e9 judiciaire du d\u00e9tachement local de son \u00e9cole secondaire et de son coll\u00e8ge. [&hellip;]\" \/>\n<meta property=\"og:url\" content=\"https:\/\/npf-fpn.com\/fr\/conseil-dadministration-kevin-halwa-administrateur-region-des-prairies-et-du-nord\/\" \/>\n<meta property=\"og:site_name\" content=\"NPF-FPN\" \/>\n<meta property=\"article:modified_time\" content=\"2026-05-11T19:46:40+00:00\" \/>\n<meta property=\"og:image\" content=\"https:\/\/npf-fpn.com\/app\/uploads\/2023\/01\/Kevin-Halwa-Bio-Page.png\" \/>\n\t<meta property=\"og:image:width\" content=\"258\" \/>\n\t<meta property=\"og:image:height\" content=\"360\" \/>\n\t<meta property=\"og:image:type\" content=\"image\/png\" \/>\n<meta name=\"twitter:card\" content=\"summary_large_image\" \/>\n<meta name=\"twitter:label1\" content=\"Est. reading time\" \/>\n\t<meta name=\"twitter:data1\" content=\"3 minutes\" \/>\n<script type=\"application\/ld+json\" class=\"yoast-schema-graph\">{\"@context\":\"https:\\\/\\\/schema.org\",\"@graph\":[{\"@type\":\"WebPage\",\"@id\":\"https:\\\/\\\/npf-fpn.com\\\/fr\\\/conseil-dadministration-kevin-halwa-administrateur-region-des-prairies-et-du-nord\\\/\",\"url\":\"https:\\\/\\\/npf-fpn.com\\\/fr\\\/conseil-dadministration-kevin-halwa-administrateur-region-des-prairies-et-du-nord\\\/\",\"name\":\"Conseil d'administration - Kevin Halwa, Administrateur, R\u00e9gion des Prairies - NPF-FPN\",\"isPartOf\":{\"@id\":\"https:\\\/\\\/npf-fpn.com\\\/#website\"},\"primaryImageOfPage\":{\"@id\":\"https:\\\/\\\/npf-fpn.com\\\/fr\\\/conseil-dadministration-kevin-halwa-administrateur-region-des-prairies-et-du-nord\\\/#primaryimage\"},\"image\":{\"@id\":\"https:\\\/\\\/npf-fpn.com\\\/fr\\\/conseil-dadministration-kevin-halwa-administrateur-region-des-prairies-et-du-nord\\\/#primaryimage\"},\"thumbnailUrl\":\"https:\\\/\\\/npf-fpn.com\\\/app\\\/uploads\\\/2023\\\/01\\\/Kevin-Halwa-Bio-Page.png\",\"datePublished\":\"2021-12-22T18:21:45+00:00\",\"dateModified\":\"2026-05-11T19:46:40+00:00\",\"breadcrumb\":{\"@id\":\"https:\\\/\\\/npf-fpn.com\\\/fr\\\/conseil-dadministration-kevin-halwa-administrateur-region-des-prairies-et-du-nord\\\/#breadcrumb\"},\"inLanguage\":\"fr-FR\",\"potentialAction\":[{\"@type\":\"ReadAction\",\"target\":[\"https:\\\/\\\/npf-fpn.com\\\/fr\\\/conseil-dadministration-kevin-halwa-administrateur-region-des-prairies-et-du-nord\\\/\"]}]},{\"@type\":\"ImageObject\",\"inLanguage\":\"fr-FR\",\"@id\":\"https:\\\/\\\/npf-fpn.com\\\/fr\\\/conseil-dadministration-kevin-halwa-administrateur-region-des-prairies-et-du-nord\\\/#primaryimage\",\"url\":\"https:\\\/\\\/npf-fpn.com\\\/app\\\/uploads\\\/2023\\\/01\\\/Kevin-Halwa-Bio-Page.png\",\"contentUrl\":\"https:\\\/\\\/npf-fpn.com\\\/app\\\/uploads\\\/2023\\\/01\\\/Kevin-Halwa-Bio-Page.png\"},{\"@type\":\"BreadcrumbList\",\"@id\":\"https:\\\/\\\/npf-fpn.com\\\/fr\\\/conseil-dadministration-kevin-halwa-administrateur-region-des-prairies-et-du-nord\\\/#breadcrumb\",\"itemListElement\":[{\"@type\":\"ListItem\",\"position\":1,\"name\":\"Accueil\",\"item\":\"https:\\\/\\\/npf-fpn.com\\\/fr\\\/\"},{\"@type\":\"ListItem\",\"position\":2,\"name\":\"Conseil d&#8217;administration &#8211; Kevin Halwa, Administrateur, R\u00e9gion des Prairies\"}]},{\"@type\":\"WebSite\",\"@id\":\"https:\\\/\\\/npf-fpn.com\\\/#website\",\"url\":\"https:\\\/\\\/npf-fpn.com\\\/\",\"name\":\"NPF-FPN\",\"description\":\"Providing strong, fair and progressive representation to almost 20,000 RCMP members across Canada.\",\"publisher\":{\"@id\":\"https:\\\/\\\/npf-fpn.com\\\/#organization\"},\"potentialAction\":[{\"@type\":\"SearchAction\",\"target\":{\"@type\":\"EntryPoint\",\"urlTemplate\":\"https:\\\/\\\/npf-fpn.com\\\/?s={search_term_string}\"},\"query-input\":{\"@type\":\"PropertyValueSpecification\",\"valueRequired\":true,\"valueName\":\"search_term_string\"}}],\"inLanguage\":\"fr-FR\"},{\"@type\":\"Organization\",\"@id\":\"https:\\\/\\\/npf-fpn.com\\\/#organization\",\"name\":\"NPF-FPN\",\"url\":\"https:\\\/\\\/npf-fpn.com\\\/\",\"logo\":{\"@type\":\"ImageObject\",\"inLanguage\":\"fr-FR\",\"@id\":\"https:\\\/\\\/npf-fpn.com\\\/#\\\/schema\\\/logo\\\/image\\\/\",\"url\":\"https:\\\/\\\/npf-fpn.com\\\/app\\\/uploads\\\/2022\\\/01\\\/NPF.jpg\",\"contentUrl\":\"https:\\\/\\\/npf-fpn.com\\\/app\\\/uploads\\\/2022\\\/01\\\/NPF.jpg\",\"width\":200,\"height\":200,\"caption\":\"NPF-FPN\"},\"image\":{\"@id\":\"https:\\\/\\\/npf-fpn.com\\\/#\\\/schema\\\/logo\\\/image\\\/\"}}]}<\/script>\n<!-- \/ Yoast SEO plugin. -->","yoast_head_json":{"title":"Conseil d'administration - Kevin Halwa, Administrateur, R\u00e9gion des Prairies - NPF-FPN","robots":{"index":"index","follow":"follow","max-snippet":"max-snippet:-1","max-image-preview":"max-image-preview:large","max-video-preview":"max-video-preview:-1"},"canonical":"https:\/\/npf-fpn.com\/fr\/conseil-dadministration-kevin-halwa-administrateur-region-des-prairies-et-du-nord\/","og_locale":"fr_FR","og_type":"article","og_title":"Conseil d'administration - Kevin Halwa, Administrateur, R\u00e9gion des Prairies - NPF-FPN","og_description":"\u00c0 propos de Kevin&nbsp;Halwa Sachant qu\u2019il voulait \u00eatre membre de la GRC d\u00e8s son plus jeune \u00e2ge, Kevin a fait du b\u00e9n\u00e9volat au sein de la section d\u2019identit\u00e9 judiciaire du d\u00e9tachement local de son \u00e9cole secondaire et de son coll\u00e8ge. [&hellip;]","og_url":"https:\/\/npf-fpn.com\/fr\/conseil-dadministration-kevin-halwa-administrateur-region-des-prairies-et-du-nord\/","og_site_name":"NPF-FPN","article_modified_time":"2026-05-11T19:46:40+00:00","og_image":[{"width":258,"height":360,"url":"https:\/\/npf-fpn.com\/app\/uploads\/2023\/01\/Kevin-Halwa-Bio-Page.png","type":"image\/png"}],"twitter_card":"summary_large_image","twitter_misc":{"Est. reading time":"3 minutes"},"schema":{"@context":"https:\/\/schema.org","@graph":[{"@type":"WebPage","@id":"https:\/\/npf-fpn.com\/fr\/conseil-dadministration-kevin-halwa-administrateur-region-des-prairies-et-du-nord\/","url":"https:\/\/npf-fpn.com\/fr\/conseil-dadministration-kevin-halwa-administrateur-region-des-prairies-et-du-nord\/","name":"Conseil d'administration - Kevin Halwa, Administrateur, R\u00e9gion des Prairies - NPF-FPN","isPartOf":{"@id":"https:\/\/npf-fpn.com\/#website"},"primaryImageOfPage":{"@id":"https:\/\/npf-fpn.com\/fr\/conseil-dadministration-kevin-halwa-administrateur-region-des-prairies-et-du-nord\/#primaryimage"},"image":{"@id":"https:\/\/npf-fpn.com\/fr\/conseil-dadministration-kevin-halwa-administrateur-region-des-prairies-et-du-nord\/#primaryimage"},"thumbnailUrl":"https:\/\/npf-fpn.com\/app\/uploads\/2023\/01\/Kevin-Halwa-Bio-Page.png","datePublished":"2021-12-22T18:21:45+00:00","dateModified":"2026-05-11T19:46:40+00:00","breadcrumb":{"@id":"https:\/\/npf-fpn.com\/fr\/conseil-dadministration-kevin-halwa-administrateur-region-des-prairies-et-du-nord\/#breadcrumb"},"inLanguage":"fr-FR","potentialAction":[{"@type":"ReadAction","target":["https:\/\/npf-fpn.com\/fr\/conseil-dadministration-kevin-halwa-administrateur-region-des-prairies-et-du-nord\/"]}]},{"@type":"ImageObject","inLanguage":"fr-FR","@id":"https:\/\/npf-fpn.com\/fr\/conseil-dadministration-kevin-halwa-administrateur-region-des-prairies-et-du-nord\/#primaryimage","url":"https:\/\/npf-fpn.com\/app\/uploads\/2023\/01\/Kevin-Halwa-Bio-Page.png","contentUrl":"https:\/\/npf-fpn.com\/app\/uploads\/2023\/01\/Kevin-Halwa-Bio-Page.png"},{"@type":"BreadcrumbList","@id":"https:\/\/npf-fpn.com\/fr\/conseil-dadministration-kevin-halwa-administrateur-region-des-prairies-et-du-nord\/#breadcrumb","itemListElement":[{"@type":"ListItem","position":1,"name":"Accueil","item":"https:\/\/npf-fpn.com\/fr\/"},{"@type":"ListItem","position":2,"name":"Conseil d&#8217;administration &#8211; Kevin Halwa, Administrateur, R\u00e9gion des Prairies"}]},{"@type":"WebSite","@id":"https:\/\/npf-fpn.com\/#website","url":"https:\/\/npf-fpn.com\/","name":"NPF-FPN","description":"Providing strong, fair and progressive representation to almost 20,000 RCMP members across Canada.","publisher":{"@id":"https:\/\/npf-fpn.com\/#organization"},"potentialAction":[{"@type":"SearchAction","target":{"@type":"EntryPoint","urlTemplate":"https:\/\/npf-fpn.com\/?s={search_term_string}"},"query-input":{"@type":"PropertyValueSpecification","valueRequired":true,"valueName":"search_term_string"}}],"inLanguage":"fr-FR"},{"@type":"Organization","@id":"https:\/\/npf-fpn.com\/#organization","name":"NPF-FPN","url":"https:\/\/npf-fpn.com\/","logo":{"@type":"ImageObject","inLanguage":"fr-FR","@id":"https:\/\/npf-fpn.com\/#\/schema\/logo\/image\/","url":"https:\/\/npf-fpn.com\/app\/uploads\/2022\/01\/NPF.jpg","contentUrl":"https:\/\/npf-fpn.com\/app\/uploads\/2022\/01\/NPF.jpg","width":200,"height":200,"caption":"NPF-FPN"},"image":{"@id":"https:\/\/npf-fpn.com\/#\/schema\/logo\/image\/"}}]}},"_links":{"self":[{"href":"https:\/\/npf-fpn.com\/fr\/wp-json\/wp\/v2\/pages\/22319","targetHints":{"allow":["GET"]}}],"collection":[{"href":"https:\/\/npf-fpn.com\/fr\/wp-json\/wp\/v2\/pages"}],"about":[{"href":"https:\/\/npf-fpn.com\/fr\/wp-json\/wp\/v2\/types\/page"}],"author":[{"embeddable":true,"href":"https:\/\/npf-fpn.com\/fr\/wp-json\/wp\/v2\/users\/326"}],"replies":[{"embeddable":true,"href":"https:\/\/npf-fpn.com\/fr\/wp-json\/wp\/v2\/comments?post=22319"}],"version-history":[{"count":12,"href":"https:\/\/npf-fpn.com\/fr\/wp-json\/wp\/v2\/pages\/22319\/revisions"}],"predecessor-version":[{"id":68155,"href":"https:\/\/npf-fpn.com\/fr\/wp-json\/wp\/v2\/pages\/22319\/revisions\/68155"}],"wp:attachment":[{"href":"https:\/\/npf-fpn.com\/fr\/wp-json\/wp\/v2\/media?parent=22319"}],"curies":[{"name":"wp","href":"https:\/\/api.w.org\/{rel}","templated":true}]}}