{"id":22309,"date":"2021-12-22T18:20:54","date_gmt":"2021-12-22T18:20:54","guid":{"rendered":"https:\/\/npf-fpn.com\/?page_id=22309"},"modified":"2022-11-22T16:50:32","modified_gmt":"2022-11-22T16:50:32","slug":"conseil-dadministration-jim-clifford-administrateur-region-de-latlantique","status":"publish","type":"page","link":"https:\/\/npf-fpn.com\/fr\/conseil-dadministration-jim-clifford-administrateur-region-de-latlantique\/","title":{"rendered":"Conseil d&#8217;administration &#8211; Jim Clifford, Administrateur, R\u00e9gion de Atlantique\/Centre"},"content":{"rendered":"\n<div class=\"wp-block-columns is-layout-flex wp-container-core-columns-is-layout-9d6595d7 wp-block-columns-is-layout-flex\">\n<div class=\"wp-block-column is-layout-flow wp-block-column-is-layout-flow\" style=\"flex-basis:33.33%\">\n<div class=\"wp-block-image\"><figure class=\"alignleft size-large\"><img decoding=\"async\" src=\"https:\/\/npf-fpn.com\/app\/uploads\/2022\/05\/Jim-Clifford-Website.png\" alt=\"\" class=\"wp-image-26128\"\/><\/figure><\/div>\n<\/div>\n\n\n\n<div class=\"wp-block-column is-layout-flow wp-block-column-is-layout-flow\" style=\"flex-basis:66.66%\">\n<p><strong>\u00c0 propos de Jim&nbsp;Clifford<\/strong><\/p>\n\n\n\n<p>Originaire de Glace&nbsp;Bay, en Nouvelle\u2011\u00c9cosse, Jim poss\u00e8de&nbsp;31&nbsp;ann\u00e9es de service \u00e0 titre de membre de la&nbsp;GRC. Il a toujours travaill\u00e9 dans la r\u00e9gion de l\u2019Atlantique dans divers r\u00f4les op\u00e9rationnels et, plus r\u00e9cemment, administratifs. \u00c0 partir de&nbsp;2008, Jim s\u2019est int\u00e9ress\u00e9 aux questions de travail et rejoint la direction de la&nbsp;GRC dans la r\u00e9gion de l\u2019Atlantique o\u00f9 il a occup\u00e9 un poste pendant plusieurs ann\u00e9es. Puis, Jim a mis \u00e0 profit sa formation et son exp\u00e9rience pour servir les membres en tant que repr\u00e9sentant des relations fonctionnelles jusqu\u2019en 2016, lorsque le programme a pris fin. Il est ensuite devenu superviseur des services en milieu de travail pour les membres de la r\u00e9gion de l\u2019Atlantique, un programme provisoire qui vise \u00e0 r\u00e9pondre aux enjeux de droits individuels des membres. Son dernier poste \u00e0 la&nbsp;GRC a \u00e9t\u00e9 celui d\u2019officier int\u00e9rimaire responsable des services en milieu de travail, avant d\u2019int\u00e9grer le premier conseil d\u2019administration de la F\u00e9d\u00e9ration de la police nationale. Jim souhaite que, dans la mesure du possible, tous les districts, les d\u00e9tachements et les unit\u00e9s disposent des ressources ad\u00e9quates en mati\u00e8re de personnel et d\u2019actifs. Il consid\u00e8re d\u2019ailleurs que la r\u00e9gion Atlantique du Canada pourrait faire mieux \u00e0 cet \u00e9gard.<\/p>\n<\/div>\n<\/div>\n\n\n\n<p><strong>Principales r\u00e9alisations&nbsp;:<\/strong><\/p>\n\n\n\n<ul class=\"wp-block-list\"><li>Jim est membre de la&nbsp;Gendarmerie royale du Canada (GRC) depuis 31&nbsp;ans.<\/li><li>Avant de se joindre \u00e0 la&nbsp;F\u00e9d\u00e9ration de la police nationale (FPN), il a \u0153uvr\u00e9 pendant huit&nbsp;ans dans le domaine des relations de travail, notamment \u00e0 titre de repr\u00e9sentant des relations fonctionnelles.<\/li><li>Il a \u00e9t\u00e9 superviseur des services en milieu de travail pour les membres de la r\u00e9gion de l\u2019Atlantique, un programme provisoire qui vise \u00e0 r\u00e9pondre aux enjeux de droits individuels des membres.<\/li><li>Il a \u00e9t\u00e9 officier int\u00e9rimaire responsable des services en milieu de travail pour les membres au Canada atlantique avant d\u2019int\u00e9grer la&nbsp;FPN.<\/li><li>Jim a \u00e0 c\u0153ur de voir \u00e0 ce que tous les districts, les d\u00e9tachements et les unit\u00e9s aient les ressources ad\u00e9quates en mati\u00e8re de personnel et d\u2019actifs.<\/li><li>En plus de son r\u00f4le d\u2019administrateur de la r\u00e9gion de l\u2019Atlantique de la&nbsp;FPN, Jim est membre du conseil d\u2019administration de la Fondation de bienfaisance de la F\u00e9d\u00e9ration de la police nationale, lanc\u00e9e en&nbsp;2020 pour soutenir les familles des membres de la&nbsp;FPN qui nous ont quitt\u00e9s, parfois dans l\u2019exercice de leurs fonctions.<\/li><\/ul>\n","protected":false},"excerpt":{"rendered":"<p>\u00c0 propos de Jim&nbsp;Clifford Originaire de Glace&nbsp;Bay, en Nouvelle\u2011\u00c9cosse, Jim poss\u00e8de&nbsp;31&nbsp;ann\u00e9es de service \u00e0 titre de membre de la&nbsp;GRC. Il a toujours travaill\u00e9 dans la r\u00e9gion de l\u2019Atlantique dans divers r\u00f4les op\u00e9rationnels et, plus r\u00e9cemment, administratifs. \u00c0 partir de&nbsp;2008, Jim [&hellip;]<\/p>\n","protected":false},"author":326,"featured_media":0,"parent":0,"menu_order":0,"comment_status":"closed","ping_status":"closed","template":"","meta":{"_acf_changed":false,"inline_featured_image":false,"footnotes":""},"class_list":["post-22309","page","type-page","status-publish","hentry"],"acf":[],"yoast_head":"<!-- This site is optimized with the Yoast SEO plugin v27.4 - https:\/\/yoast.com\/product\/yoast-seo-wordpress\/ -->\n<title>Conseil d&#039;administration - Jim Clifford, Administrateur, R\u00e9gion de Atlantique\/Centre - NPF-FPN<\/title>\n<meta name=\"robots\" content=\"index, follow, max-snippet:-1, max-image-preview:large, max-video-preview:-1\" \/>\n<link rel=\"canonical\" href=\"https:\/\/npf-fpn.com\/fr\/conseil-dadministration-jim-clifford-administrateur-region-de-latlantique\/\" \/>\n<meta property=\"og:locale\" content=\"fr_FR\" \/>\n<meta property=\"og:type\" content=\"article\" \/>\n<meta property=\"og:title\" content=\"Conseil d&#039;administration - Jim Clifford, Administrateur, R\u00e9gion de Atlantique\/Centre - NPF-FPN\" \/>\n<meta property=\"og:description\" content=\"\u00c0 propos de Jim&nbsp;Clifford Originaire de Glace&nbsp;Bay, en Nouvelle\u2011\u00c9cosse, Jim poss\u00e8de&nbsp;31&nbsp;ann\u00e9es de service \u00e0 titre de membre de la&nbsp;GRC. Il a toujours travaill\u00e9 dans la r\u00e9gion de l\u2019Atlantique dans divers r\u00f4les op\u00e9rationnels et, plus r\u00e9cemment, administratifs. \u00c0 partir de&nbsp;2008, Jim [&hellip;]\" \/>\n<meta property=\"og:url\" content=\"https:\/\/npf-fpn.com\/fr\/conseil-dadministration-jim-clifford-administrateur-region-de-latlantique\/\" \/>\n<meta property=\"og:site_name\" content=\"NPF-FPN\" \/>\n<meta property=\"article:modified_time\" content=\"2022-11-22T16:50:32+00:00\" \/>\n<meta property=\"og:image\" content=\"https:\/\/npf-fpn.com\/app\/uploads\/2022\/05\/Jim-Clifford-Website.png\" \/>\n<meta name=\"twitter:card\" content=\"summary_large_image\" \/>\n<meta name=\"twitter:label1\" content=\"Est. reading time\" \/>\n\t<meta name=\"twitter:data1\" content=\"2 minutes\" \/>\n<script type=\"application\/ld+json\" class=\"yoast-schema-graph\">{\"@context\":\"https:\\\/\\\/schema.org\",\"@graph\":[{\"@type\":\"WebPage\",\"@id\":\"https:\\\/\\\/npf-fpn.com\\\/fr\\\/conseil-dadministration-jim-clifford-administrateur-region-de-latlantique\\\/\",\"url\":\"https:\\\/\\\/npf-fpn.com\\\/fr\\\/conseil-dadministration-jim-clifford-administrateur-region-de-latlantique\\\/\",\"name\":\"Conseil d'administration - Jim Clifford, Administrateur, R\u00e9gion de Atlantique\\\/Centre - NPF-FPN\",\"isPartOf\":{\"@id\":\"https:\\\/\\\/npf-fpn.com\\\/#website\"},\"primaryImageOfPage\":{\"@id\":\"https:\\\/\\\/npf-fpn.com\\\/fr\\\/conseil-dadministration-jim-clifford-administrateur-region-de-latlantique\\\/#primaryimage\"},\"image\":{\"@id\":\"https:\\\/\\\/npf-fpn.com\\\/fr\\\/conseil-dadministration-jim-clifford-administrateur-region-de-latlantique\\\/#primaryimage\"},\"thumbnailUrl\":\"https:\\\/\\\/npf-fpn.com\\\/app\\\/uploads\\\/2022\\\/05\\\/Jim-Clifford-Website.png\",\"datePublished\":\"2021-12-22T18:20:54+00:00\",\"dateModified\":\"2022-11-22T16:50:32+00:00\",\"breadcrumb\":{\"@id\":\"https:\\\/\\\/npf-fpn.com\\\/fr\\\/conseil-dadministration-jim-clifford-administrateur-region-de-latlantique\\\/#breadcrumb\"},\"inLanguage\":\"fr-FR\",\"potentialAction\":[{\"@type\":\"ReadAction\",\"target\":[\"https:\\\/\\\/npf-fpn.com\\\/fr\\\/conseil-dadministration-jim-clifford-administrateur-region-de-latlantique\\\/\"]}]},{\"@type\":\"ImageObject\",\"inLanguage\":\"fr-FR\",\"@id\":\"https:\\\/\\\/npf-fpn.com\\\/fr\\\/conseil-dadministration-jim-clifford-administrateur-region-de-latlantique\\\/#primaryimage\",\"url\":\"https:\\\/\\\/npf-fpn.com\\\/app\\\/uploads\\\/2022\\\/05\\\/Jim-Clifford-Website.png\",\"contentUrl\":\"https:\\\/\\\/npf-fpn.com\\\/app\\\/uploads\\\/2022\\\/05\\\/Jim-Clifford-Website.png\"},{\"@type\":\"BreadcrumbList\",\"@id\":\"https:\\\/\\\/npf-fpn.com\\\/fr\\\/conseil-dadministration-jim-clifford-administrateur-region-de-latlantique\\\/#breadcrumb\",\"itemListElement\":[{\"@type\":\"ListItem\",\"position\":1,\"name\":\"Accueil\",\"item\":\"https:\\\/\\\/npf-fpn.com\\\/fr\\\/\"},{\"@type\":\"ListItem\",\"position\":2,\"name\":\"Conseil d&#8217;administration &#8211; Jim Clifford, Administrateur, R\u00e9gion de Atlantique\\\/Centre\"}]},{\"@type\":\"WebSite\",\"@id\":\"https:\\\/\\\/npf-fpn.com\\\/#website\",\"url\":\"https:\\\/\\\/npf-fpn.com\\\/\",\"name\":\"NPF-FPN\",\"description\":\"Providing strong, fair and progressive representation to almost 20,000 RCMP members across Canada.\",\"publisher\":{\"@id\":\"https:\\\/\\\/npf-fpn.com\\\/#organization\"},\"potentialAction\":[{\"@type\":\"SearchAction\",\"target\":{\"@type\":\"EntryPoint\",\"urlTemplate\":\"https:\\\/\\\/npf-fpn.com\\\/?s={search_term_string}\"},\"query-input\":{\"@type\":\"PropertyValueSpecification\",\"valueRequired\":true,\"valueName\":\"search_term_string\"}}],\"inLanguage\":\"fr-FR\"},{\"@type\":\"Organization\",\"@id\":\"https:\\\/\\\/npf-fpn.com\\\/#organization\",\"name\":\"NPF-FPN\",\"url\":\"https:\\\/\\\/npf-fpn.com\\\/\",\"logo\":{\"@type\":\"ImageObject\",\"inLanguage\":\"fr-FR\",\"@id\":\"https:\\\/\\\/npf-fpn.com\\\/#\\\/schema\\\/logo\\\/image\\\/\",\"url\":\"https:\\\/\\\/npf-fpn.com\\\/app\\\/uploads\\\/2022\\\/01\\\/NPF.jpg\",\"contentUrl\":\"https:\\\/\\\/npf-fpn.com\\\/app\\\/uploads\\\/2022\\\/01\\\/NPF.jpg\",\"width\":200,\"height\":200,\"caption\":\"NPF-FPN\"},\"image\":{\"@id\":\"https:\\\/\\\/npf-fpn.com\\\/#\\\/schema\\\/logo\\\/image\\\/\"}}]}<\/script>\n<!-- \/ Yoast SEO plugin. -->","yoast_head_json":{"title":"Conseil d'administration - Jim Clifford, Administrateur, R\u00e9gion de Atlantique\/Centre - NPF-FPN","robots":{"index":"index","follow":"follow","max-snippet":"max-snippet:-1","max-image-preview":"max-image-preview:large","max-video-preview":"max-video-preview:-1"},"canonical":"https:\/\/npf-fpn.com\/fr\/conseil-dadministration-jim-clifford-administrateur-region-de-latlantique\/","og_locale":"fr_FR","og_type":"article","og_title":"Conseil d'administration - Jim Clifford, Administrateur, R\u00e9gion de Atlantique\/Centre - NPF-FPN","og_description":"\u00c0 propos de Jim&nbsp;Clifford Originaire de Glace&nbsp;Bay, en Nouvelle\u2011\u00c9cosse, Jim poss\u00e8de&nbsp;31&nbsp;ann\u00e9es de service \u00e0 titre de membre de la&nbsp;GRC. Il a toujours travaill\u00e9 dans la r\u00e9gion de l\u2019Atlantique dans divers r\u00f4les op\u00e9rationnels et, plus r\u00e9cemment, administratifs. \u00c0 partir de&nbsp;2008, Jim [&hellip;]","og_url":"https:\/\/npf-fpn.com\/fr\/conseil-dadministration-jim-clifford-administrateur-region-de-latlantique\/","og_site_name":"NPF-FPN","article_modified_time":"2022-11-22T16:50:32+00:00","og_image":[{"url":"https:\/\/npf-fpn.com\/app\/uploads\/2022\/05\/Jim-Clifford-Website.png","type":"","width":"","height":""}],"twitter_card":"summary_large_image","twitter_misc":{"Est. reading time":"2 minutes"},"schema":{"@context":"https:\/\/schema.org","@graph":[{"@type":"WebPage","@id":"https:\/\/npf-fpn.com\/fr\/conseil-dadministration-jim-clifford-administrateur-region-de-latlantique\/","url":"https:\/\/npf-fpn.com\/fr\/conseil-dadministration-jim-clifford-administrateur-region-de-latlantique\/","name":"Conseil d'administration - Jim Clifford, Administrateur, R\u00e9gion de Atlantique\/Centre - NPF-FPN","isPartOf":{"@id":"https:\/\/npf-fpn.com\/#website"},"primaryImageOfPage":{"@id":"https:\/\/npf-fpn.com\/fr\/conseil-dadministration-jim-clifford-administrateur-region-de-latlantique\/#primaryimage"},"image":{"@id":"https:\/\/npf-fpn.com\/fr\/conseil-dadministration-jim-clifford-administrateur-region-de-latlantique\/#primaryimage"},"thumbnailUrl":"https:\/\/npf-fpn.com\/app\/uploads\/2022\/05\/Jim-Clifford-Website.png","datePublished":"2021-12-22T18:20:54+00:00","dateModified":"2022-11-22T16:50:32+00:00","breadcrumb":{"@id":"https:\/\/npf-fpn.com\/fr\/conseil-dadministration-jim-clifford-administrateur-region-de-latlantique\/#breadcrumb"},"inLanguage":"fr-FR","potentialAction":[{"@type":"ReadAction","target":["https:\/\/npf-fpn.com\/fr\/conseil-dadministration-jim-clifford-administrateur-region-de-latlantique\/"]}]},{"@type":"ImageObject","inLanguage":"fr-FR","@id":"https:\/\/npf-fpn.com\/fr\/conseil-dadministration-jim-clifford-administrateur-region-de-latlantique\/#primaryimage","url":"https:\/\/npf-fpn.com\/app\/uploads\/2022\/05\/Jim-Clifford-Website.png","contentUrl":"https:\/\/npf-fpn.com\/app\/uploads\/2022\/05\/Jim-Clifford-Website.png"},{"@type":"BreadcrumbList","@id":"https:\/\/npf-fpn.com\/fr\/conseil-dadministration-jim-clifford-administrateur-region-de-latlantique\/#breadcrumb","itemListElement":[{"@type":"ListItem","position":1,"name":"Accueil","item":"https:\/\/npf-fpn.com\/fr\/"},{"@type":"ListItem","position":2,"name":"Conseil d&#8217;administration &#8211; Jim Clifford, Administrateur, R\u00e9gion de Atlantique\/Centre"}]},{"@type":"WebSite","@id":"https:\/\/npf-fpn.com\/#website","url":"https:\/\/npf-fpn.com\/","name":"NPF-FPN","description":"Providing strong, fair and progressive representation to almost 20,000 RCMP members across Canada.","publisher":{"@id":"https:\/\/npf-fpn.com\/#organization"},"potentialAction":[{"@type":"SearchAction","target":{"@type":"EntryPoint","urlTemplate":"https:\/\/npf-fpn.com\/?s={search_term_string}"},"query-input":{"@type":"PropertyValueSpecification","valueRequired":true,"valueName":"search_term_string"}}],"inLanguage":"fr-FR"},{"@type":"Organization","@id":"https:\/\/npf-fpn.com\/#organization","name":"NPF-FPN","url":"https:\/\/npf-fpn.com\/","logo":{"@type":"ImageObject","inLanguage":"fr-FR","@id":"https:\/\/npf-fpn.com\/#\/schema\/logo\/image\/","url":"https:\/\/npf-fpn.com\/app\/uploads\/2022\/01\/NPF.jpg","contentUrl":"https:\/\/npf-fpn.com\/app\/uploads\/2022\/01\/NPF.jpg","width":200,"height":200,"caption":"NPF-FPN"},"image":{"@id":"https:\/\/npf-fpn.com\/#\/schema\/logo\/image\/"}}]}},"_links":{"self":[{"href":"https:\/\/npf-fpn.com\/fr\/wp-json\/wp\/v2\/pages\/22309","targetHints":{"allow":["GET"]}}],"collection":[{"href":"https:\/\/npf-fpn.com\/fr\/wp-json\/wp\/v2\/pages"}],"about":[{"href":"https:\/\/npf-fpn.com\/fr\/wp-json\/wp\/v2\/types\/page"}],"author":[{"embeddable":true,"href":"https:\/\/npf-fpn.com\/fr\/wp-json\/wp\/v2\/users\/326"}],"replies":[{"embeddable":true,"href":"https:\/\/npf-fpn.com\/fr\/wp-json\/wp\/v2\/comments?post=22309"}],"version-history":[{"count":3,"href":"https:\/\/npf-fpn.com\/fr\/wp-json\/wp\/v2\/pages\/22309\/revisions"}],"predecessor-version":[{"id":27475,"href":"https:\/\/npf-fpn.com\/fr\/wp-json\/wp\/v2\/pages\/22309\/revisions\/27475"}],"wp:attachment":[{"href":"https:\/\/npf-fpn.com\/fr\/wp-json\/wp\/v2\/media?parent=22309"}],"curies":[{"name":"wp","href":"https:\/\/api.w.org\/{rel}","templated":true}]}}