{"id":22307,"date":"2021-12-22T18:20:08","date_gmt":"2021-12-22T18:20:08","guid":{"rendered":"https:\/\/npf-fpn.com\/?page_id=22307"},"modified":"2025-08-12T19:13:10","modified_gmt":"2025-08-12T19:13:10","slug":"board-of-directors-dennis-miller-vice-president","status":"publish","type":"page","link":"https:\/\/npf-fpn.com\/fr\/board-of-directors-dennis-miller-vice-president\/","title":{"rendered":"Conseil d&#8217;administration &#8211; Dennis Miller, Vice-pr\u00e9sident"},"content":{"rendered":"\n<div class=\"wp-block-columns is-layout-flex wp-container-core-columns-is-layout-9d6595d7 wp-block-columns-is-layout-flex\">\n<div class=\"wp-block-column is-layout-flow wp-block-column-is-layout-flow\" style=\"flex-basis:33.33%\">\n<figure class=\"wp-block-image size-full\"><img decoding=\"async\" width=\"500\" height=\"710\" src=\"https:\/\/npf-fpn.com\/app\/uploads\/2025\/08\/Dennis-1.png\" alt=\"\" class=\"wp-image-62294\" srcset=\"https:\/\/npf-fpn.com\/app\/uploads\/2025\/08\/Dennis-1.png 500w, https:\/\/npf-fpn.com\/app\/uploads\/2025\/08\/Dennis-1-211x300.png 211w, https:\/\/npf-fpn.com\/app\/uploads\/2025\/08\/Dennis-1-141x200.png 141w\" sizes=\"(max-width: 500px) 100vw, 500px\" \/><\/figure>\n<\/div>\n\n\n\n<div class=\"wp-block-column is-layout-flow wp-block-column-is-layout-flow\" style=\"flex-basis:66.66%\">\n<p><strong>\u00c0 propos de Dennis&nbsp;Miller<\/strong><\/p>\n\n\n\n<p>Dennis s\u2019est joint \u00e0 la GRC en 1993 apr\u00e8s une br\u00e8ve carri\u00e8re \u00e0 la R\u00e9gie des alcools de l\u2019Ontario. Apr\u00e8s avoir obtenu son dipl\u00f4me de la Division D\u00e9p\u00f4t en 1994, il a \u00e9t\u00e9 affect\u00e9 \u00e0 Tracadie, au Nouveau\u2011Brunswick, avant d\u2019occuper diverses autres fonctions, assumant notamment des t\u00e2ches au sein des services g\u00e9n\u00e9raux, de protection et de la police f\u00e9d\u00e9rale, tout au long de sa carri\u00e8re.<\/p>\n\n\n\n<p>En tant que membre de la GRC, Dennis a \u00e9t\u00e9 d\u00e9pass\u00e9 et contrari\u00e9 par l\u2019absence de politiques et de proc\u00e9dures claires et uniformes, et par les injustices que ses coll\u00e8gues ont subies \u00e0 cause de l\u2019interpr\u00e9tation et de l\u2019application s\u00e9lectives par les cadres sup\u00e9rieurs de la GRC. Ses pr\u00e9occupations s\u2019\u00e9tendent aux ressources et \u00e0 l\u2019\u00e9quipement d\u00e9ficients ainsi qu\u2019\u00e0 l\u2019incapacit\u00e9 syst\u00e9matique pour les membres d\u2019avoir acc\u00e8s \u00e0 de la formation. Boulevers\u00e9 de voir ainsi ses coll\u00e8gues, sans personne pour les \u00e9couter et d\u00e9fendre leurs int\u00e9r\u00eats, a pouss\u00e9 ce dernier \u00e0 se joindre \u00e0 d\u2019autres pour fonder la FPN. Dans le cadre de son r\u00f4le actuel de vice-pr\u00e9sident, Dennis s\u2019est efforc\u00e9 de tirer profit de son r\u00f4le de copr\u00e9sident du Comit\u00e9 de n\u00e9gociation pour faire valoir les pr\u00e9occupations des membres dans les n\u00e9gociations avec le Conseil du Tr\u00e9sor, pour finalement parvenir \u00e0 conclure leur toute premi\u00e8re convention collective.<\/p>\n<\/div>\n<\/div>\n\n\n\n<figure class=\"wp-block-embed aligncenter is-type-video is-provider-youtube wp-block-embed-youtube wp-embed-aspect-16-9 wp-has-aspect-ratio\"><div class=\"wp-block-embed__wrapper\">\n<iframe title=\"Dennis Miller - Vice-pr\u00e9sident de la FPN\" width=\"500\" height=\"281\" src=\"https:\/\/www.youtube.com\/embed\/H8SQpQw0M0M?feature=oembed\" frameborder=\"0\" allow=\"accelerometer; autoplay; clipboard-write; encrypted-media; gyroscope; picture-in-picture; web-share\" referrerpolicy=\"strict-origin-when-cross-origin\" allowfullscreen><\/iframe>\n<\/div><\/figure>\n\n\n\n<p><strong>Principales r\u00e9alisations&nbsp;:<\/strong><\/p>\n\n\n\n<ul class=\"wp-block-list\">\n<li>De 1994 \u00e0 2004, il a \u00e9t\u00e9 agent des services g\u00e9n\u00e9raux de premi\u00e8re ligne \u00e0 Tracadie et \u00e0 Petitcodiac, au Nouveau\u2011Brunswick.<\/li>\n\n\n\n<li>Il a ensuite d\u00e9m\u00e9nag\u00e9 \u00e0 Ottawa, en Ontario, o\u00f9 il a assum\u00e9 des fonctions de 2004 \u00e0 2007 dans les services de protection de la Gendarmerie royale du Canada (GRC).<\/li>\n\n\n\n<li>De 2007 \u00e0 2012, il a travaill\u00e9 au sein du service Int\u00e9grit\u00e9 financi\u00e8re, puis, de 2012 \u00e0 2014, aux Enqu\u00eates internationales et de nature d\u00e9licate. Il a occup\u00e9 de 2014 \u00e0 2016 les fonctions de repr\u00e9sentant des relations fonctionnelles et, de 2016 \u00e0 2019, celles de coordinateur de formation pour les nouveaux membres, avant d\u2019int\u00e9grer son poste actuel, soit celui de vice-pr\u00e9sident de la F\u00e9d\u00e9ration de la police nationale (FPN) en 2020.<\/li>\n\n\n\n<li>Il a \u00e9t\u00e9 l\u2019un des premiers membres fondateurs de la FPN en 2016, qui a \u00e9t\u00e9 accr\u00e9dit\u00e9e en juillet\u00a02019, et en novembre\u00a02019, Dennis a \u00e9t\u00e9 \u00e9lu vice-pr\u00e9sident de cette derni\u00e8re.<\/li>\n\n\n\n<li>Il a ainsi su cerner et \u00e9tablir des relations strat\u00e9giques qui ont permis \u00e0 la FPN de remanier une importante mesure l\u00e9gislative, qui aurait nui au processus de syndicalisation et \u00e0 l\u2019avenir des membres de la GRC.<\/li>\n\n\n\n<li>Par ailleurs, il a assur\u00e9 la coordination et la gouvernance de l\u2019ancien mod\u00e8le de repr\u00e9sentation de la GRC pour les Divisions de l\u2019Ontario, du Qu\u00e9bec et d\u2019Ottawa.<\/li>\n\n\n\n<li>Enfin, il a formul\u00e9 des recommandations afin d\u2019am\u00e9liorer le processus d\u2019approvisionnement, la formation, l\u2019\u00e9quipement et les tactiques de la GRC apr\u00e8s analyse et examen des fusillades sur la Colline du Parlement en octobre\u00a02014.<\/li>\n<\/ul>\n","protected":false},"excerpt":{"rendered":"<p>\u00c0 propos de Dennis&nbsp;Miller Dennis s\u2019est joint \u00e0 la GRC en 1993 apr\u00e8s une br\u00e8ve carri\u00e8re \u00e0 la R\u00e9gie des alcools de l\u2019Ontario. Apr\u00e8s avoir obtenu son dipl\u00f4me de la Division D\u00e9p\u00f4t en 1994, il a \u00e9t\u00e9 affect\u00e9 \u00e0 Tracadie, [&hellip;]<\/p>\n","protected":false},"author":326,"featured_media":0,"parent":0,"menu_order":0,"comment_status":"closed","ping_status":"closed","template":"","meta":{"_acf_changed":false,"inline_featured_image":false,"footnotes":""},"class_list":["post-22307","page","type-page","status-publish","hentry"],"acf":[],"yoast_head":"<!-- This site is optimized with the Yoast SEO plugin v27.4 - https:\/\/yoast.com\/product\/yoast-seo-wordpress\/ -->\n<title>Conseil d&#039;administration - Dennis Miller, Vice-pr\u00e9sident - NPF-FPN<\/title>\n<meta name=\"robots\" content=\"index, follow, max-snippet:-1, max-image-preview:large, max-video-preview:-1\" \/>\n<link rel=\"canonical\" href=\"https:\/\/npf-fpn.com\/fr\/board-of-directors-dennis-miller-vice-president\/\" \/>\n<meta property=\"og:locale\" content=\"fr_FR\" \/>\n<meta property=\"og:type\" content=\"article\" \/>\n<meta property=\"og:title\" content=\"Conseil d&#039;administration - Dennis Miller, Vice-pr\u00e9sident - NPF-FPN\" \/>\n<meta property=\"og:description\" content=\"\u00c0 propos de Dennis&nbsp;Miller Dennis s\u2019est joint \u00e0 la GRC en 1993 apr\u00e8s une br\u00e8ve carri\u00e8re \u00e0 la R\u00e9gie des alcools de l\u2019Ontario. Apr\u00e8s avoir obtenu son dipl\u00f4me de la Division D\u00e9p\u00f4t en 1994, il a \u00e9t\u00e9 affect\u00e9 \u00e0 Tracadie, [&hellip;]\" \/>\n<meta property=\"og:url\" content=\"https:\/\/npf-fpn.com\/fr\/board-of-directors-dennis-miller-vice-president\/\" \/>\n<meta property=\"og:site_name\" content=\"NPF-FPN\" \/>\n<meta property=\"article:modified_time\" content=\"2025-08-12T19:13:10+00:00\" \/>\n<meta property=\"og:image\" content=\"https:\/\/npf-fpn.com\/app\/uploads\/2025\/08\/Dennis-1.png\" \/>\n\t<meta property=\"og:image:width\" content=\"500\" \/>\n\t<meta property=\"og:image:height\" content=\"710\" \/>\n\t<meta property=\"og:image:type\" content=\"image\/png\" \/>\n<meta name=\"twitter:card\" content=\"summary_large_image\" \/>\n<meta name=\"twitter:label1\" content=\"Est. reading time\" \/>\n\t<meta name=\"twitter:data1\" content=\"3 minutes\" \/>\n<script type=\"application\/ld+json\" class=\"yoast-schema-graph\">{\"@context\":\"https:\\\/\\\/schema.org\",\"@graph\":[{\"@type\":\"WebPage\",\"@id\":\"https:\\\/\\\/npf-fpn.com\\\/fr\\\/board-of-directors-dennis-miller-vice-president\\\/\",\"url\":\"https:\\\/\\\/npf-fpn.com\\\/fr\\\/board-of-directors-dennis-miller-vice-president\\\/\",\"name\":\"Conseil d'administration - Dennis Miller, Vice-pr\u00e9sident - NPF-FPN\",\"isPartOf\":{\"@id\":\"https:\\\/\\\/npf-fpn.com\\\/#website\"},\"primaryImageOfPage\":{\"@id\":\"https:\\\/\\\/npf-fpn.com\\\/fr\\\/board-of-directors-dennis-miller-vice-president\\\/#primaryimage\"},\"image\":{\"@id\":\"https:\\\/\\\/npf-fpn.com\\\/fr\\\/board-of-directors-dennis-miller-vice-president\\\/#primaryimage\"},\"thumbnailUrl\":\"https:\\\/\\\/npf-fpn.com\\\/app\\\/uploads\\\/2025\\\/08\\\/Dennis-1.png\",\"datePublished\":\"2021-12-22T18:20:08+00:00\",\"dateModified\":\"2025-08-12T19:13:10+00:00\",\"breadcrumb\":{\"@id\":\"https:\\\/\\\/npf-fpn.com\\\/fr\\\/board-of-directors-dennis-miller-vice-president\\\/#breadcrumb\"},\"inLanguage\":\"fr-FR\",\"potentialAction\":[{\"@type\":\"ReadAction\",\"target\":[\"https:\\\/\\\/npf-fpn.com\\\/fr\\\/board-of-directors-dennis-miller-vice-president\\\/\"]}]},{\"@type\":\"ImageObject\",\"inLanguage\":\"fr-FR\",\"@id\":\"https:\\\/\\\/npf-fpn.com\\\/fr\\\/board-of-directors-dennis-miller-vice-president\\\/#primaryimage\",\"url\":\"https:\\\/\\\/npf-fpn.com\\\/app\\\/uploads\\\/2025\\\/08\\\/Dennis-1.png\",\"contentUrl\":\"https:\\\/\\\/npf-fpn.com\\\/app\\\/uploads\\\/2025\\\/08\\\/Dennis-1.png\"},{\"@type\":\"BreadcrumbList\",\"@id\":\"https:\\\/\\\/npf-fpn.com\\\/fr\\\/board-of-directors-dennis-miller-vice-president\\\/#breadcrumb\",\"itemListElement\":[{\"@type\":\"ListItem\",\"position\":1,\"name\":\"Accueil\",\"item\":\"https:\\\/\\\/npf-fpn.com\\\/fr\\\/\"},{\"@type\":\"ListItem\",\"position\":2,\"name\":\"Conseil d&#8217;administration &#8211; Dennis Miller, Vice-pr\u00e9sident\"}]},{\"@type\":\"WebSite\",\"@id\":\"https:\\\/\\\/npf-fpn.com\\\/#website\",\"url\":\"https:\\\/\\\/npf-fpn.com\\\/\",\"name\":\"NPF-FPN\",\"description\":\"Providing strong, fair and progressive representation to almost 20,000 RCMP members across Canada.\",\"publisher\":{\"@id\":\"https:\\\/\\\/npf-fpn.com\\\/#organization\"},\"potentialAction\":[{\"@type\":\"SearchAction\",\"target\":{\"@type\":\"EntryPoint\",\"urlTemplate\":\"https:\\\/\\\/npf-fpn.com\\\/?s={search_term_string}\"},\"query-input\":{\"@type\":\"PropertyValueSpecification\",\"valueRequired\":true,\"valueName\":\"search_term_string\"}}],\"inLanguage\":\"fr-FR\"},{\"@type\":\"Organization\",\"@id\":\"https:\\\/\\\/npf-fpn.com\\\/#organization\",\"name\":\"NPF-FPN\",\"url\":\"https:\\\/\\\/npf-fpn.com\\\/\",\"logo\":{\"@type\":\"ImageObject\",\"inLanguage\":\"fr-FR\",\"@id\":\"https:\\\/\\\/npf-fpn.com\\\/#\\\/schema\\\/logo\\\/image\\\/\",\"url\":\"https:\\\/\\\/npf-fpn.com\\\/app\\\/uploads\\\/2022\\\/01\\\/NPF.jpg\",\"contentUrl\":\"https:\\\/\\\/npf-fpn.com\\\/app\\\/uploads\\\/2022\\\/01\\\/NPF.jpg\",\"width\":200,\"height\":200,\"caption\":\"NPF-FPN\"},\"image\":{\"@id\":\"https:\\\/\\\/npf-fpn.com\\\/#\\\/schema\\\/logo\\\/image\\\/\"}}]}<\/script>\n<!-- \/ Yoast SEO plugin. -->","yoast_head_json":{"title":"Conseil d'administration - Dennis Miller, Vice-pr\u00e9sident - NPF-FPN","robots":{"index":"index","follow":"follow","max-snippet":"max-snippet:-1","max-image-preview":"max-image-preview:large","max-video-preview":"max-video-preview:-1"},"canonical":"https:\/\/npf-fpn.com\/fr\/board-of-directors-dennis-miller-vice-president\/","og_locale":"fr_FR","og_type":"article","og_title":"Conseil d'administration - Dennis Miller, Vice-pr\u00e9sident - NPF-FPN","og_description":"\u00c0 propos de Dennis&nbsp;Miller Dennis s\u2019est joint \u00e0 la GRC en 1993 apr\u00e8s une br\u00e8ve carri\u00e8re \u00e0 la R\u00e9gie des alcools de l\u2019Ontario. Apr\u00e8s avoir obtenu son dipl\u00f4me de la Division D\u00e9p\u00f4t en 1994, il a \u00e9t\u00e9 affect\u00e9 \u00e0 Tracadie, [&hellip;]","og_url":"https:\/\/npf-fpn.com\/fr\/board-of-directors-dennis-miller-vice-president\/","og_site_name":"NPF-FPN","article_modified_time":"2025-08-12T19:13:10+00:00","og_image":[{"width":500,"height":710,"url":"https:\/\/npf-fpn.com\/app\/uploads\/2025\/08\/Dennis-1.png","type":"image\/png"}],"twitter_card":"summary_large_image","twitter_misc":{"Est. reading time":"3 minutes"},"schema":{"@context":"https:\/\/schema.org","@graph":[{"@type":"WebPage","@id":"https:\/\/npf-fpn.com\/fr\/board-of-directors-dennis-miller-vice-president\/","url":"https:\/\/npf-fpn.com\/fr\/board-of-directors-dennis-miller-vice-president\/","name":"Conseil d'administration - Dennis Miller, Vice-pr\u00e9sident - NPF-FPN","isPartOf":{"@id":"https:\/\/npf-fpn.com\/#website"},"primaryImageOfPage":{"@id":"https:\/\/npf-fpn.com\/fr\/board-of-directors-dennis-miller-vice-president\/#primaryimage"},"image":{"@id":"https:\/\/npf-fpn.com\/fr\/board-of-directors-dennis-miller-vice-president\/#primaryimage"},"thumbnailUrl":"https:\/\/npf-fpn.com\/app\/uploads\/2025\/08\/Dennis-1.png","datePublished":"2021-12-22T18:20:08+00:00","dateModified":"2025-08-12T19:13:10+00:00","breadcrumb":{"@id":"https:\/\/npf-fpn.com\/fr\/board-of-directors-dennis-miller-vice-president\/#breadcrumb"},"inLanguage":"fr-FR","potentialAction":[{"@type":"ReadAction","target":["https:\/\/npf-fpn.com\/fr\/board-of-directors-dennis-miller-vice-president\/"]}]},{"@type":"ImageObject","inLanguage":"fr-FR","@id":"https:\/\/npf-fpn.com\/fr\/board-of-directors-dennis-miller-vice-president\/#primaryimage","url":"https:\/\/npf-fpn.com\/app\/uploads\/2025\/08\/Dennis-1.png","contentUrl":"https:\/\/npf-fpn.com\/app\/uploads\/2025\/08\/Dennis-1.png"},{"@type":"BreadcrumbList","@id":"https:\/\/npf-fpn.com\/fr\/board-of-directors-dennis-miller-vice-president\/#breadcrumb","itemListElement":[{"@type":"ListItem","position":1,"name":"Accueil","item":"https:\/\/npf-fpn.com\/fr\/"},{"@type":"ListItem","position":2,"name":"Conseil d&#8217;administration &#8211; Dennis Miller, Vice-pr\u00e9sident"}]},{"@type":"WebSite","@id":"https:\/\/npf-fpn.com\/#website","url":"https:\/\/npf-fpn.com\/","name":"NPF-FPN","description":"Providing strong, fair and progressive representation to almost 20,000 RCMP members across Canada.","publisher":{"@id":"https:\/\/npf-fpn.com\/#organization"},"potentialAction":[{"@type":"SearchAction","target":{"@type":"EntryPoint","urlTemplate":"https:\/\/npf-fpn.com\/?s={search_term_string}"},"query-input":{"@type":"PropertyValueSpecification","valueRequired":true,"valueName":"search_term_string"}}],"inLanguage":"fr-FR"},{"@type":"Organization","@id":"https:\/\/npf-fpn.com\/#organization","name":"NPF-FPN","url":"https:\/\/npf-fpn.com\/","logo":{"@type":"ImageObject","inLanguage":"fr-FR","@id":"https:\/\/npf-fpn.com\/#\/schema\/logo\/image\/","url":"https:\/\/npf-fpn.com\/app\/uploads\/2022\/01\/NPF.jpg","contentUrl":"https:\/\/npf-fpn.com\/app\/uploads\/2022\/01\/NPF.jpg","width":200,"height":200,"caption":"NPF-FPN"},"image":{"@id":"https:\/\/npf-fpn.com\/#\/schema\/logo\/image\/"}}]}},"_links":{"self":[{"href":"https:\/\/npf-fpn.com\/fr\/wp-json\/wp\/v2\/pages\/22307","targetHints":{"allow":["GET"]}}],"collection":[{"href":"https:\/\/npf-fpn.com\/fr\/wp-json\/wp\/v2\/pages"}],"about":[{"href":"https:\/\/npf-fpn.com\/fr\/wp-json\/wp\/v2\/types\/page"}],"author":[{"embeddable":true,"href":"https:\/\/npf-fpn.com\/fr\/wp-json\/wp\/v2\/users\/326"}],"replies":[{"embeddable":true,"href":"https:\/\/npf-fpn.com\/fr\/wp-json\/wp\/v2\/comments?post=22307"}],"version-history":[{"count":3,"href":"https:\/\/npf-fpn.com\/fr\/wp-json\/wp\/v2\/pages\/22307\/revisions"}],"predecessor-version":[{"id":62296,"href":"https:\/\/npf-fpn.com\/fr\/wp-json\/wp\/v2\/pages\/22307\/revisions\/62296"}],"wp:attachment":[{"href":"https:\/\/npf-fpn.com\/fr\/wp-json\/wp\/v2\/media?parent=22307"}],"curies":[{"name":"wp","href":"https:\/\/api.w.org\/{rel}","templated":true}]}}