{"id":22304,"date":"2021-12-22T18:19:33","date_gmt":"2021-12-22T18:19:33","guid":{"rendered":"https:\/\/npf-fpn.com\/?page_id=22304"},"modified":"2025-08-12T19:07:04","modified_gmt":"2025-08-12T19:07:04","slug":"conseil-dadministration-brian-sauve-president","status":"publish","type":"page","link":"https:\/\/npf-fpn.com\/fr\/conseil-dadministration-brian-sauve-president\/","title":{"rendered":"Conseil d&#8217;administration &#8211; Brian Sauv\u00e9, Pr\u00e9sident"},"content":{"rendered":"\n<div class=\"wp-block-columns is-layout-flex wp-container-core-columns-is-layout-9d6595d7 wp-block-columns-is-layout-flex\">\n<div class=\"wp-block-column is-layout-flow wp-block-column-is-layout-flow\" style=\"flex-basis:33.33%\"><div class=\"wp-block-image\">\n<figure class=\"alignleft size-full is-resized\"><img decoding=\"async\" width=\"500\" height=\"710\" src=\"https:\/\/npf-fpn.com\/app\/uploads\/2025\/08\/BoD-Headshots.png\" alt=\"\" class=\"wp-image-62289\" style=\"width:244px;height:341px\" srcset=\"https:\/\/npf-fpn.com\/app\/uploads\/2025\/08\/BoD-Headshots.png 500w, https:\/\/npf-fpn.com\/app\/uploads\/2025\/08\/BoD-Headshots-211x300.png 211w, https:\/\/npf-fpn.com\/app\/uploads\/2025\/08\/BoD-Headshots-141x200.png 141w\" sizes=\"(max-width: 500px) 100vw, 500px\" \/><\/figure>\n<\/div><\/div>\n\n\n\n<div class=\"wp-block-column is-layout-flow wp-block-column-is-layout-flow\" style=\"flex-basis:66.66%\">\n<p><strong>\u00c0 propos de Brian&nbsp;Sauv\u00e9<\/strong><\/p>\n\n\n\n<p>Brian a commenc\u00e9 sa carri\u00e8re dans le secteur bancaire dans l\u2019une des plus grandes entreprises au monde dans ce domaine. Il y a travaill\u00e9 en Alberta et au Qu\u00e9bec. \u00c0 la fin de son contrat, Brian s\u2019est joint \u00e0 la GRC. Apr\u00e8s avoir obtenu son dipl\u00f4me de la Division D\u00e9p\u00f4t en 2004, il a \u00e9t\u00e9 affect\u00e9 \u00e0 North&nbsp;Vancouver, en Colombie-Britannique. \u00c0 ce poste, il a travaill\u00e9 dans le domaine des fonctions g\u00e9n\u00e9rales et des crimes graves, ainsi qu\u2019en tant que repr\u00e9sentant \u00e9lu des relations fonctionnelles.<\/p>\n\n\n\n<p>En tant que membre de la GRC, Brian s\u2019est senti frustr\u00e9 par l\u2019absence de politiques et de proc\u00e9dures claires et coh\u00e9rentes et par les injustices caus\u00e9es par cette absence que subissaient ses coll\u00e8gues. C\u2019est \u00e0 cause des constantes coupes dans les ressources, l\u2019\u00e9quipement et la formation, qui sont dangereuses et irrespectueuses, qu\u2019il s\u2019est senti dans l\u2019obligation de cr\u00e9er la FPN, \u00e0 laquelle il consacre tout son temps. \u00c0 titre de pr\u00e9sident, Brian t\u00e2che maintenant de rem\u00e9dier \u00e0 ces iniquit\u00e9s en offrant aux membres des services de soutien juridique et de d\u00e9fense des droits. De plus, il a r\u00e9alis\u00e9 la n\u00e9gociation de la premi\u00e8re convention collective de la GRC.<\/p>\n<\/div>\n<\/div>\n\n\n\n<p><strong>Principales r\u00e9alisations&nbsp;:<\/strong><\/p>\n\n\n\n<ul class=\"wp-block-list\">\n<li>Brian\u00a0Sauv\u00e9 a \u00e9t\u00e9 membre des services de premi\u00e8re ligne de la Gendarmerie royale du Canada (GRC), enqu\u00eateur \u00e0 la Section des crimes graves et caporal de la GRC au sein des services de premi\u00e8re ligne \u00e0 North\u00a0Vancouver, en Colombie-Britannique.<\/li>\n\n\n\n<li>Il a fond\u00e9 la F\u00e9d\u00e9ration de la police nationale (FPN) au printemps\u00a02016, qui a \u00e9t\u00e9 accr\u00e9dit\u00e9e en juillet\u00a02019, avant d\u2019\u00eatre \u00e9lu pr\u00e9sident de la FPN en novembre\u00a02019. Brian parle couramment l\u2019anglais et le fran\u00e7ais.<\/li>\n\n\n\n<li>Il a ainsi men\u00e9 les n\u00e9gociations pour les membres aupr\u00e8s de la direction de la GRC pour la \u00ab\u00a0modernisation des soins de sant\u00e9\u00a0\u00bb, ayant donn\u00e9 lieu au remaniement des avantages sociaux offerts, y compris l\u2019\u00e9largissement de la couverture pour les soins de la vue et les traitements de massoth\u00e9rapie et de chiropractie, ainsi que d\u2019autres soins de sant\u00e9 dispens\u00e9s par des professionnels de la sant\u00e9.<\/li>\n\n\n\n<li>Il a pr\u00e9sent\u00e9 le point de vue des membres dans l\u2019\u00e9laboration de la Strat\u00e9gie en mati\u00e8re de sant\u00e9 mentale de la GRC et a \u00e9t\u00e9 l\u2019un des principaux ambassadeurs de la formation sur la r\u00e9silience \u00ab\u00a0En route vers la pr\u00e9paration mentale\u00a0\u00bb pour tous les membres.<\/li>\n\n\n\n<li>Brian a su aussi \u00e9tablir des relations cl\u00e9s avec le Tribunal des anciens combattants (r\u00e9vision et appel) et les Anciens Combattants Canada.<\/li>\n\n\n\n<li>Il a \u00e9galement milit\u00e9 en faveur de l\u2019am\u00e9lioration des ressources en sant\u00e9 mentale (ainsi que d\u2019autres services de soutien) pour les membres de la GRC dans le cadre de multiples pr\u00e9sentations aupr\u00e8s du Comit\u00e9 s\u00e9natorial permanent de la s\u00e9curit\u00e9 et de la d\u00e9fense nationale.<\/li>\n\n\n\n<li>Il est membre du Comit\u00e9 national d\u2019orientation en mati\u00e8re de sant\u00e9 et de s\u00e9curit\u00e9 en tant que repr\u00e9sentant \u00e9lu par les employ\u00e9s, son r\u00f4le consistant \u00e0 faire valoir les pr\u00e9occupations des membres au sujet des infractions au Code canadien du travail et de la s\u00e9curit\u00e9 en milieu de travail en g\u00e9n\u00e9ral.<\/li>\n<\/ul>\n","protected":false},"excerpt":{"rendered":"<p>\u00c0 propos de Brian&nbsp;Sauv\u00e9 Brian a commenc\u00e9 sa carri\u00e8re dans le secteur bancaire dans l\u2019une des plus grandes entreprises au monde dans ce domaine. Il y a travaill\u00e9 en Alberta et au Qu\u00e9bec. \u00c0 la fin de son contrat, Brian [&hellip;]<\/p>\n","protected":false},"author":326,"featured_media":0,"parent":0,"menu_order":0,"comment_status":"closed","ping_status":"closed","template":"","meta":{"_acf_changed":false,"inline_featured_image":false,"footnotes":""},"class_list":["post-22304","page","type-page","status-publish","hentry"],"acf":[],"yoast_head":"<!-- This site is optimized with the Yoast SEO plugin v27.5 - https:\/\/yoast.com\/product\/yoast-seo-wordpress\/ -->\n<title>Conseil d&#039;administration - Brian Sauv\u00e9, Pr\u00e9sident - NPF-FPN<\/title>\n<meta name=\"robots\" content=\"index, follow, max-snippet:-1, max-image-preview:large, max-video-preview:-1\" \/>\n<link rel=\"canonical\" href=\"https:\/\/npf-fpn.com\/fr\/conseil-dadministration-brian-sauve-president\/\" \/>\n<meta property=\"og:locale\" content=\"fr_FR\" \/>\n<meta property=\"og:type\" content=\"article\" \/>\n<meta property=\"og:title\" content=\"Conseil d&#039;administration - Brian Sauv\u00e9, Pr\u00e9sident - NPF-FPN\" \/>\n<meta property=\"og:description\" content=\"\u00c0 propos de Brian&nbsp;Sauv\u00e9 Brian a commenc\u00e9 sa carri\u00e8re dans le secteur bancaire dans l\u2019une des plus grandes entreprises au monde dans ce domaine. Il y a travaill\u00e9 en Alberta et au Qu\u00e9bec. \u00c0 la fin de son contrat, Brian [&hellip;]\" \/>\n<meta property=\"og:url\" content=\"https:\/\/npf-fpn.com\/fr\/conseil-dadministration-brian-sauve-president\/\" \/>\n<meta property=\"og:site_name\" content=\"NPF-FPN\" \/>\n<meta property=\"article:modified_time\" content=\"2025-08-12T19:07:04+00:00\" \/>\n<meta property=\"og:image\" content=\"https:\/\/npf-fpn.com\/app\/uploads\/2025\/08\/BoD-Headshots.png\" \/>\n\t<meta property=\"og:image:width\" content=\"500\" \/>\n\t<meta property=\"og:image:height\" content=\"710\" \/>\n\t<meta property=\"og:image:type\" content=\"image\/png\" \/>\n<meta name=\"twitter:card\" content=\"summary_large_image\" \/>\n<meta name=\"twitter:label1\" content=\"Est. reading time\" \/>\n\t<meta name=\"twitter:data1\" content=\"3 minutes\" \/>\n<script type=\"application\/ld+json\" class=\"yoast-schema-graph\">{\"@context\":\"https:\\\/\\\/schema.org\",\"@graph\":[{\"@type\":\"WebPage\",\"@id\":\"https:\\\/\\\/npf-fpn.com\\\/fr\\\/conseil-dadministration-brian-sauve-president\\\/\",\"url\":\"https:\\\/\\\/npf-fpn.com\\\/fr\\\/conseil-dadministration-brian-sauve-president\\\/\",\"name\":\"Conseil d'administration - Brian Sauv\u00e9, Pr\u00e9sident - NPF-FPN\",\"isPartOf\":{\"@id\":\"https:\\\/\\\/npf-fpn.com\\\/#website\"},\"primaryImageOfPage\":{\"@id\":\"https:\\\/\\\/npf-fpn.com\\\/fr\\\/conseil-dadministration-brian-sauve-president\\\/#primaryimage\"},\"image\":{\"@id\":\"https:\\\/\\\/npf-fpn.com\\\/fr\\\/conseil-dadministration-brian-sauve-president\\\/#primaryimage\"},\"thumbnailUrl\":\"https:\\\/\\\/npf-fpn.com\\\/app\\\/uploads\\\/2025\\\/08\\\/BoD-Headshots.png\",\"datePublished\":\"2021-12-22T18:19:33+00:00\",\"dateModified\":\"2025-08-12T19:07:04+00:00\",\"breadcrumb\":{\"@id\":\"https:\\\/\\\/npf-fpn.com\\\/fr\\\/conseil-dadministration-brian-sauve-president\\\/#breadcrumb\"},\"inLanguage\":\"fr-FR\",\"potentialAction\":[{\"@type\":\"ReadAction\",\"target\":[\"https:\\\/\\\/npf-fpn.com\\\/fr\\\/conseil-dadministration-brian-sauve-president\\\/\"]}]},{\"@type\":\"ImageObject\",\"inLanguage\":\"fr-FR\",\"@id\":\"https:\\\/\\\/npf-fpn.com\\\/fr\\\/conseil-dadministration-brian-sauve-president\\\/#primaryimage\",\"url\":\"https:\\\/\\\/npf-fpn.com\\\/app\\\/uploads\\\/2025\\\/08\\\/BoD-Headshots.png\",\"contentUrl\":\"https:\\\/\\\/npf-fpn.com\\\/app\\\/uploads\\\/2025\\\/08\\\/BoD-Headshots.png\"},{\"@type\":\"BreadcrumbList\",\"@id\":\"https:\\\/\\\/npf-fpn.com\\\/fr\\\/conseil-dadministration-brian-sauve-president\\\/#breadcrumb\",\"itemListElement\":[{\"@type\":\"ListItem\",\"position\":1,\"name\":\"Accueil\",\"item\":\"https:\\\/\\\/npf-fpn.com\\\/fr\\\/\"},{\"@type\":\"ListItem\",\"position\":2,\"name\":\"Conseil d&#8217;administration &#8211; Brian Sauv\u00e9, Pr\u00e9sident\"}]},{\"@type\":\"WebSite\",\"@id\":\"https:\\\/\\\/npf-fpn.com\\\/#website\",\"url\":\"https:\\\/\\\/npf-fpn.com\\\/\",\"name\":\"NPF-FPN\",\"description\":\"Providing strong, fair and progressive representation to almost 20,000 RCMP members across Canada.\",\"publisher\":{\"@id\":\"https:\\\/\\\/npf-fpn.com\\\/#organization\"},\"potentialAction\":[{\"@type\":\"SearchAction\",\"target\":{\"@type\":\"EntryPoint\",\"urlTemplate\":\"https:\\\/\\\/npf-fpn.com\\\/?s={search_term_string}\"},\"query-input\":{\"@type\":\"PropertyValueSpecification\",\"valueRequired\":true,\"valueName\":\"search_term_string\"}}],\"inLanguage\":\"fr-FR\"},{\"@type\":\"Organization\",\"@id\":\"https:\\\/\\\/npf-fpn.com\\\/#organization\",\"name\":\"NPF-FPN\",\"url\":\"https:\\\/\\\/npf-fpn.com\\\/\",\"logo\":{\"@type\":\"ImageObject\",\"inLanguage\":\"fr-FR\",\"@id\":\"https:\\\/\\\/npf-fpn.com\\\/#\\\/schema\\\/logo\\\/image\\\/\",\"url\":\"https:\\\/\\\/npf-fpn.com\\\/app\\\/uploads\\\/2022\\\/01\\\/NPF.jpg\",\"contentUrl\":\"https:\\\/\\\/npf-fpn.com\\\/app\\\/uploads\\\/2022\\\/01\\\/NPF.jpg\",\"width\":200,\"height\":200,\"caption\":\"NPF-FPN\"},\"image\":{\"@id\":\"https:\\\/\\\/npf-fpn.com\\\/#\\\/schema\\\/logo\\\/image\\\/\"}}]}<\/script>\n<!-- \/ Yoast SEO plugin. -->","yoast_head_json":{"title":"Conseil d'administration - Brian Sauv\u00e9, Pr\u00e9sident - NPF-FPN","robots":{"index":"index","follow":"follow","max-snippet":"max-snippet:-1","max-image-preview":"max-image-preview:large","max-video-preview":"max-video-preview:-1"},"canonical":"https:\/\/npf-fpn.com\/fr\/conseil-dadministration-brian-sauve-president\/","og_locale":"fr_FR","og_type":"article","og_title":"Conseil d'administration - Brian Sauv\u00e9, Pr\u00e9sident - NPF-FPN","og_description":"\u00c0 propos de Brian&nbsp;Sauv\u00e9 Brian a commenc\u00e9 sa carri\u00e8re dans le secteur bancaire dans l\u2019une des plus grandes entreprises au monde dans ce domaine. Il y a travaill\u00e9 en Alberta et au Qu\u00e9bec. \u00c0 la fin de son contrat, Brian [&hellip;]","og_url":"https:\/\/npf-fpn.com\/fr\/conseil-dadministration-brian-sauve-president\/","og_site_name":"NPF-FPN","article_modified_time":"2025-08-12T19:07:04+00:00","og_image":[{"width":500,"height":710,"url":"https:\/\/npf-fpn.com\/app\/uploads\/2025\/08\/BoD-Headshots.png","type":"image\/png"}],"twitter_card":"summary_large_image","twitter_misc":{"Est. reading time":"3 minutes"},"schema":{"@context":"https:\/\/schema.org","@graph":[{"@type":"WebPage","@id":"https:\/\/npf-fpn.com\/fr\/conseil-dadministration-brian-sauve-president\/","url":"https:\/\/npf-fpn.com\/fr\/conseil-dadministration-brian-sauve-president\/","name":"Conseil d'administration - Brian Sauv\u00e9, Pr\u00e9sident - NPF-FPN","isPartOf":{"@id":"https:\/\/npf-fpn.com\/#website"},"primaryImageOfPage":{"@id":"https:\/\/npf-fpn.com\/fr\/conseil-dadministration-brian-sauve-president\/#primaryimage"},"image":{"@id":"https:\/\/npf-fpn.com\/fr\/conseil-dadministration-brian-sauve-president\/#primaryimage"},"thumbnailUrl":"https:\/\/npf-fpn.com\/app\/uploads\/2025\/08\/BoD-Headshots.png","datePublished":"2021-12-22T18:19:33+00:00","dateModified":"2025-08-12T19:07:04+00:00","breadcrumb":{"@id":"https:\/\/npf-fpn.com\/fr\/conseil-dadministration-brian-sauve-president\/#breadcrumb"},"inLanguage":"fr-FR","potentialAction":[{"@type":"ReadAction","target":["https:\/\/npf-fpn.com\/fr\/conseil-dadministration-brian-sauve-president\/"]}]},{"@type":"ImageObject","inLanguage":"fr-FR","@id":"https:\/\/npf-fpn.com\/fr\/conseil-dadministration-brian-sauve-president\/#primaryimage","url":"https:\/\/npf-fpn.com\/app\/uploads\/2025\/08\/BoD-Headshots.png","contentUrl":"https:\/\/npf-fpn.com\/app\/uploads\/2025\/08\/BoD-Headshots.png"},{"@type":"BreadcrumbList","@id":"https:\/\/npf-fpn.com\/fr\/conseil-dadministration-brian-sauve-president\/#breadcrumb","itemListElement":[{"@type":"ListItem","position":1,"name":"Accueil","item":"https:\/\/npf-fpn.com\/fr\/"},{"@type":"ListItem","position":2,"name":"Conseil d&#8217;administration &#8211; Brian Sauv\u00e9, Pr\u00e9sident"}]},{"@type":"WebSite","@id":"https:\/\/npf-fpn.com\/#website","url":"https:\/\/npf-fpn.com\/","name":"NPF-FPN","description":"Providing strong, fair and progressive representation to almost 20,000 RCMP members across Canada.","publisher":{"@id":"https:\/\/npf-fpn.com\/#organization"},"potentialAction":[{"@type":"SearchAction","target":{"@type":"EntryPoint","urlTemplate":"https:\/\/npf-fpn.com\/?s={search_term_string}"},"query-input":{"@type":"PropertyValueSpecification","valueRequired":true,"valueName":"search_term_string"}}],"inLanguage":"fr-FR"},{"@type":"Organization","@id":"https:\/\/npf-fpn.com\/#organization","name":"NPF-FPN","url":"https:\/\/npf-fpn.com\/","logo":{"@type":"ImageObject","inLanguage":"fr-FR","@id":"https:\/\/npf-fpn.com\/#\/schema\/logo\/image\/","url":"https:\/\/npf-fpn.com\/app\/uploads\/2022\/01\/NPF.jpg","contentUrl":"https:\/\/npf-fpn.com\/app\/uploads\/2022\/01\/NPF.jpg","width":200,"height":200,"caption":"NPF-FPN"},"image":{"@id":"https:\/\/npf-fpn.com\/#\/schema\/logo\/image\/"}}]}},"_links":{"self":[{"href":"https:\/\/npf-fpn.com\/fr\/wp-json\/wp\/v2\/pages\/22304","targetHints":{"allow":["GET"]}}],"collection":[{"href":"https:\/\/npf-fpn.com\/fr\/wp-json\/wp\/v2\/pages"}],"about":[{"href":"https:\/\/npf-fpn.com\/fr\/wp-json\/wp\/v2\/types\/page"}],"author":[{"embeddable":true,"href":"https:\/\/npf-fpn.com\/fr\/wp-json\/wp\/v2\/users\/326"}],"replies":[{"embeddable":true,"href":"https:\/\/npf-fpn.com\/fr\/wp-json\/wp\/v2\/comments?post=22304"}],"version-history":[{"count":3,"href":"https:\/\/npf-fpn.com\/fr\/wp-json\/wp\/v2\/pages\/22304\/revisions"}],"predecessor-version":[{"id":62292,"href":"https:\/\/npf-fpn.com\/fr\/wp-json\/wp\/v2\/pages\/22304\/revisions\/62292"}],"wp:attachment":[{"href":"https:\/\/npf-fpn.com\/fr\/wp-json\/wp\/v2\/media?parent=22304"}],"curies":[{"name":"wp","href":"https:\/\/api.w.org\/{rel}","templated":true}]}}