{"id":22301,"date":"2021-12-22T18:23:35","date_gmt":"2021-12-22T18:23:35","guid":{"rendered":"https:\/\/npf-fpn.com\/?page_id=22301"},"modified":"2025-08-12T19:39:13","modified_gmt":"2025-08-12T19:39:13","slug":"conseil-dadministration-trevor-dinwoodie-administrateur-region-du-pacifique","status":"publish","type":"page","link":"https:\/\/npf-fpn.com\/fr\/conseil-dadministration-trevor-dinwoodie-administrateur-region-du-pacifique\/","title":{"rendered":"Conseil d&#8217;administration &#8211; Trevor Dinwoodie, Administrateur, R\u00e9gion Pacifique\/Nord"},"content":{"rendered":"\n<div class=\"wp-block-columns is-layout-flex wp-container-core-columns-is-layout-9d6595d7 wp-block-columns-is-layout-flex\">\n<div class=\"wp-block-column is-layout-flow wp-block-column-is-layout-flow\" style=\"flex-basis:33.33%\"><div class=\"wp-block-image\">\n<figure class=\"alignleft size-full\"><img decoding=\"async\" width=\"500\" height=\"710\" src=\"https:\/\/npf-fpn.com\/app\/uploads\/2025\/08\/Trevor.png\" alt=\"\" class=\"wp-image-62317\" srcset=\"https:\/\/npf-fpn.com\/app\/uploads\/2025\/08\/Trevor.png 500w, https:\/\/npf-fpn.com\/app\/uploads\/2025\/08\/Trevor-211x300.png 211w, https:\/\/npf-fpn.com\/app\/uploads\/2025\/08\/Trevor-141x200.png 141w\" sizes=\"(max-width: 500px) 100vw, 500px\" \/><\/figure>\n<\/div><\/div>\n\n\n\n<div class=\"wp-block-column is-layout-flow wp-block-column-is-layout-flow\" style=\"flex-basis:66.66%\">\n<p><strong>\u00c0 propos de Trevor&nbsp;Dinwoodie<\/strong><\/p>\n\n\n\n<p>Trevor est n\u00e9 \u00e0 Victoria, a grandi dans une famille de la GRC fi\u00e8re et tr\u00e8s engag\u00e9e \u00e0 North&nbsp;Delta; il vit maintenant avec sa famille \u00e0 Surrey. Il est un membre actif et passionn\u00e9 de la collectivit\u00e9 de Surrey, qui entretient des liens \u00e9troits avec divers organismes de services et de soutien communautaire.<\/p>\n\n\n\n<p>D\u00e9termin\u00e9 \u00e0 am\u00e9liorer concr\u00e8tement les choses pour les membres de la GRC et la s\u00e9curit\u00e9 publique en g\u00e9n\u00e9ral, Trevor a pris part \u00e0 diverses initiatives de relations de travail et a \u00e9t\u00e9 \u00e9lu au conseil d\u2019administration de la F\u00e9d\u00e9ration de la police nationale \u00e0 l\u2019automne&nbsp;2019.<\/p>\n<\/div>\n<\/div>\n\n\n\n<figure class=\"wp-block-embed aligncenter is-type-video is-provider-youtube wp-block-embed-youtube wp-embed-aspect-16-9 wp-has-aspect-ratio\"><div class=\"wp-block-embed__wrapper\">\n<iframe title=\"Trevor Dinwoodie - Administrateur de la FPN de la r\u00e9gion Pacifique\" width=\"500\" height=\"281\" src=\"https:\/\/www.youtube.com\/embed\/9pT1FuikTgs?feature=oembed\" frameborder=\"0\" allow=\"accelerometer; autoplay; clipboard-write; encrypted-media; gyroscope; picture-in-picture; web-share\" referrerpolicy=\"strict-origin-when-cross-origin\" allowfullscreen><\/iframe>\n<\/div><\/figure>\n\n\n\n<p><strong>Principales r\u00e9alisations&nbsp;:<\/strong><\/p>\n\n\n\n<ul class=\"wp-block-list\">\n<li>Trevor\u00a0Dinwoodie a \u00e9t\u00e9 membre des services de premi\u00e8re ligne de la Gendarmerie royale du Canada (GRC) pendant 17\u00a0ans \u00e0 Surrey, en Colombie-Britannique.<\/li>\n\n\n\n<li>Trevor a fond\u00e9 et dirig\u00e9 l\u2019\u00e9quipe d\u2019intervention polici\u00e8re en sant\u00e9 mentale afin d\u2019offrir une approche proactive aux personnes vuln\u00e9rables ainsi que d\u2019\u00e9tablir des liens avec ces derni\u00e8res. Au d\u00e9part, cette initiative a permis d\u2019aider de nombreuses personnes de Surrey qui \u00e9taient auparavant sans abri \u00e0 trouver un logement et \u00e0 communiquer efficacement avec les services sociaux, entra\u00eenant ainsi une baisse de la criminalit\u00e9 et des probl\u00e8mes de maintien de l\u2019ordre.<\/li>\n\n\n\n<li>Fier de cette initiative, il n\u2019a pas h\u00e9sit\u00e9 \u00e0 faire part des r\u00e9ussites et des le\u00e7ons tir\u00e9es du travail r\u00e9alis\u00e9 par l\u2019\u00e9quipe d\u2019intervention polici\u00e8re en sant\u00e9 mentale \u00e0 d\u2019autres corps policiers et organismes de services sociaux, et ce, \u00e0 l\u2019\u00e9chelle internationale.<\/li>\n\n\n\n<li>Par ailleurs, Trevor a occup\u00e9 le r\u00f4le d\u2019agent op\u00e9rationnel de premi\u00e8re ligne de la GRC, r\u00e9pondant ainsi aux appels quotidiens et offrant des services ainsi que du soutien en mati\u00e8re d\u2019\u00e9ducation et de pr\u00e9vention du crime.<\/li>\n\n\n\n<li>Il a assum\u00e9 aussi les fonctions d\u2019administrateur et de pr\u00e9sident du Fonds de recours juridique des membres de la Gendarmerie et a si\u00e9g\u00e9 \u00e0 des comit\u00e9s pr\u00e9conisant une r\u00e9forme l\u00e9gislative des services policiers.<\/li>\n<\/ul>\n","protected":false},"excerpt":{"rendered":"<p>\u00c0 propos de Trevor&nbsp;Dinwoodie Trevor est n\u00e9 \u00e0 Victoria, a grandi dans une famille de la GRC fi\u00e8re et tr\u00e8s engag\u00e9e \u00e0 North&nbsp;Delta; il vit maintenant avec sa famille \u00e0 Surrey. Il est un membre actif et passionn\u00e9 de la [&hellip;]<\/p>\n","protected":false},"author":326,"featured_media":0,"parent":0,"menu_order":0,"comment_status":"closed","ping_status":"closed","template":"","meta":{"_acf_changed":false,"inline_featured_image":false,"footnotes":""},"class_list":["post-22301","page","type-page","status-publish","hentry"],"acf":[],"yoast_head":"<!-- This site is optimized with the Yoast SEO plugin v27.3 - https:\/\/yoast.com\/product\/yoast-seo-wordpress\/ -->\n<title>Conseil d&#039;administration - Trevor Dinwoodie, Administrateur, R\u00e9gion Pacifique\/Nord - NPF-FPN<\/title>\n<meta name=\"robots\" content=\"index, follow, max-snippet:-1, max-image-preview:large, max-video-preview:-1\" \/>\n<link rel=\"canonical\" href=\"https:\/\/npf-fpn.com\/fr\/conseil-dadministration-trevor-dinwoodie-administrateur-region-du-pacifique\/\" \/>\n<meta property=\"og:locale\" content=\"fr_FR\" \/>\n<meta property=\"og:type\" content=\"article\" \/>\n<meta property=\"og:title\" content=\"Conseil d&#039;administration - Trevor Dinwoodie, Administrateur, R\u00e9gion Pacifique\/Nord - NPF-FPN\" \/>\n<meta property=\"og:description\" content=\"\u00c0 propos de Trevor&nbsp;Dinwoodie Trevor est n\u00e9 \u00e0 Victoria, a grandi dans une famille de la GRC fi\u00e8re et tr\u00e8s engag\u00e9e \u00e0 North&nbsp;Delta; il vit maintenant avec sa famille \u00e0 Surrey. Il est un membre actif et passionn\u00e9 de la [&hellip;]\" \/>\n<meta property=\"og:url\" content=\"https:\/\/npf-fpn.com\/fr\/conseil-dadministration-trevor-dinwoodie-administrateur-region-du-pacifique\/\" \/>\n<meta property=\"og:site_name\" content=\"NPF-FPN\" \/>\n<meta property=\"article:modified_time\" content=\"2025-08-12T19:39:13+00:00\" \/>\n<meta property=\"og:image\" content=\"https:\/\/npf-fpn.com\/app\/uploads\/2025\/08\/Trevor.png\" \/>\n\t<meta property=\"og:image:width\" content=\"500\" \/>\n\t<meta property=\"og:image:height\" content=\"710\" \/>\n\t<meta property=\"og:image:type\" content=\"image\/png\" \/>\n<meta name=\"twitter:card\" content=\"summary_large_image\" \/>\n<meta name=\"twitter:label1\" content=\"Est. reading time\" \/>\n\t<meta name=\"twitter:data1\" content=\"2 minutes\" \/>\n<script type=\"application\/ld+json\" class=\"yoast-schema-graph\">{\"@context\":\"https:\\\/\\\/schema.org\",\"@graph\":[{\"@type\":\"WebPage\",\"@id\":\"https:\\\/\\\/npf-fpn.com\\\/fr\\\/conseil-dadministration-trevor-dinwoodie-administrateur-region-du-pacifique\\\/\",\"url\":\"https:\\\/\\\/npf-fpn.com\\\/fr\\\/conseil-dadministration-trevor-dinwoodie-administrateur-region-du-pacifique\\\/\",\"name\":\"Conseil d'administration - Trevor Dinwoodie, Administrateur, R\u00e9gion Pacifique\\\/Nord - NPF-FPN\",\"isPartOf\":{\"@id\":\"https:\\\/\\\/npf-fpn.com\\\/#website\"},\"primaryImageOfPage\":{\"@id\":\"https:\\\/\\\/npf-fpn.com\\\/fr\\\/conseil-dadministration-trevor-dinwoodie-administrateur-region-du-pacifique\\\/#primaryimage\"},\"image\":{\"@id\":\"https:\\\/\\\/npf-fpn.com\\\/fr\\\/conseil-dadministration-trevor-dinwoodie-administrateur-region-du-pacifique\\\/#primaryimage\"},\"thumbnailUrl\":\"https:\\\/\\\/npf-fpn.com\\\/app\\\/uploads\\\/2025\\\/08\\\/Trevor.png\",\"datePublished\":\"2021-12-22T18:23:35+00:00\",\"dateModified\":\"2025-08-12T19:39:13+00:00\",\"breadcrumb\":{\"@id\":\"https:\\\/\\\/npf-fpn.com\\\/fr\\\/conseil-dadministration-trevor-dinwoodie-administrateur-region-du-pacifique\\\/#breadcrumb\"},\"inLanguage\":\"fr-FR\",\"potentialAction\":[{\"@type\":\"ReadAction\",\"target\":[\"https:\\\/\\\/npf-fpn.com\\\/fr\\\/conseil-dadministration-trevor-dinwoodie-administrateur-region-du-pacifique\\\/\"]}]},{\"@type\":\"ImageObject\",\"inLanguage\":\"fr-FR\",\"@id\":\"https:\\\/\\\/npf-fpn.com\\\/fr\\\/conseil-dadministration-trevor-dinwoodie-administrateur-region-du-pacifique\\\/#primaryimage\",\"url\":\"https:\\\/\\\/npf-fpn.com\\\/app\\\/uploads\\\/2025\\\/08\\\/Trevor.png\",\"contentUrl\":\"https:\\\/\\\/npf-fpn.com\\\/app\\\/uploads\\\/2025\\\/08\\\/Trevor.png\"},{\"@type\":\"BreadcrumbList\",\"@id\":\"https:\\\/\\\/npf-fpn.com\\\/fr\\\/conseil-dadministration-trevor-dinwoodie-administrateur-region-du-pacifique\\\/#breadcrumb\",\"itemListElement\":[{\"@type\":\"ListItem\",\"position\":1,\"name\":\"Accueil\",\"item\":\"https:\\\/\\\/npf-fpn.com\\\/fr\\\/\"},{\"@type\":\"ListItem\",\"position\":2,\"name\":\"Conseil d&#8217;administration &#8211; Trevor Dinwoodie, Administrateur, R\u00e9gion Pacifique\\\/Nord\"}]},{\"@type\":\"WebSite\",\"@id\":\"https:\\\/\\\/npf-fpn.com\\\/#website\",\"url\":\"https:\\\/\\\/npf-fpn.com\\\/\",\"name\":\"NPF-FPN\",\"description\":\"Providing strong, fair and progressive representation to almost 20,000 RCMP members across Canada.\",\"publisher\":{\"@id\":\"https:\\\/\\\/npf-fpn.com\\\/#organization\"},\"potentialAction\":[{\"@type\":\"SearchAction\",\"target\":{\"@type\":\"EntryPoint\",\"urlTemplate\":\"https:\\\/\\\/npf-fpn.com\\\/?s={search_term_string}\"},\"query-input\":{\"@type\":\"PropertyValueSpecification\",\"valueRequired\":true,\"valueName\":\"search_term_string\"}}],\"inLanguage\":\"fr-FR\"},{\"@type\":\"Organization\",\"@id\":\"https:\\\/\\\/npf-fpn.com\\\/#organization\",\"name\":\"NPF-FPN\",\"url\":\"https:\\\/\\\/npf-fpn.com\\\/\",\"logo\":{\"@type\":\"ImageObject\",\"inLanguage\":\"fr-FR\",\"@id\":\"https:\\\/\\\/npf-fpn.com\\\/#\\\/schema\\\/logo\\\/image\\\/\",\"url\":\"https:\\\/\\\/npf-fpn.com\\\/app\\\/uploads\\\/2022\\\/01\\\/NPF.jpg\",\"contentUrl\":\"https:\\\/\\\/npf-fpn.com\\\/app\\\/uploads\\\/2022\\\/01\\\/NPF.jpg\",\"width\":200,\"height\":200,\"caption\":\"NPF-FPN\"},\"image\":{\"@id\":\"https:\\\/\\\/npf-fpn.com\\\/#\\\/schema\\\/logo\\\/image\\\/\"}}]}<\/script>\n<!-- \/ Yoast SEO plugin. -->","yoast_head_json":{"title":"Conseil d'administration - Trevor Dinwoodie, Administrateur, R\u00e9gion Pacifique\/Nord - NPF-FPN","robots":{"index":"index","follow":"follow","max-snippet":"max-snippet:-1","max-image-preview":"max-image-preview:large","max-video-preview":"max-video-preview:-1"},"canonical":"https:\/\/npf-fpn.com\/fr\/conseil-dadministration-trevor-dinwoodie-administrateur-region-du-pacifique\/","og_locale":"fr_FR","og_type":"article","og_title":"Conseil d'administration - Trevor Dinwoodie, Administrateur, R\u00e9gion Pacifique\/Nord - NPF-FPN","og_description":"\u00c0 propos de Trevor&nbsp;Dinwoodie Trevor est n\u00e9 \u00e0 Victoria, a grandi dans une famille de la GRC fi\u00e8re et tr\u00e8s engag\u00e9e \u00e0 North&nbsp;Delta; il vit maintenant avec sa famille \u00e0 Surrey. Il est un membre actif et passionn\u00e9 de la [&hellip;]","og_url":"https:\/\/npf-fpn.com\/fr\/conseil-dadministration-trevor-dinwoodie-administrateur-region-du-pacifique\/","og_site_name":"NPF-FPN","article_modified_time":"2025-08-12T19:39:13+00:00","og_image":[{"width":500,"height":710,"url":"https:\/\/npf-fpn.com\/app\/uploads\/2025\/08\/Trevor.png","type":"image\/png"}],"twitter_card":"summary_large_image","twitter_misc":{"Est. reading time":"2 minutes"},"schema":{"@context":"https:\/\/schema.org","@graph":[{"@type":"WebPage","@id":"https:\/\/npf-fpn.com\/fr\/conseil-dadministration-trevor-dinwoodie-administrateur-region-du-pacifique\/","url":"https:\/\/npf-fpn.com\/fr\/conseil-dadministration-trevor-dinwoodie-administrateur-region-du-pacifique\/","name":"Conseil d'administration - Trevor Dinwoodie, Administrateur, R\u00e9gion Pacifique\/Nord - NPF-FPN","isPartOf":{"@id":"https:\/\/npf-fpn.com\/#website"},"primaryImageOfPage":{"@id":"https:\/\/npf-fpn.com\/fr\/conseil-dadministration-trevor-dinwoodie-administrateur-region-du-pacifique\/#primaryimage"},"image":{"@id":"https:\/\/npf-fpn.com\/fr\/conseil-dadministration-trevor-dinwoodie-administrateur-region-du-pacifique\/#primaryimage"},"thumbnailUrl":"https:\/\/npf-fpn.com\/app\/uploads\/2025\/08\/Trevor.png","datePublished":"2021-12-22T18:23:35+00:00","dateModified":"2025-08-12T19:39:13+00:00","breadcrumb":{"@id":"https:\/\/npf-fpn.com\/fr\/conseil-dadministration-trevor-dinwoodie-administrateur-region-du-pacifique\/#breadcrumb"},"inLanguage":"fr-FR","potentialAction":[{"@type":"ReadAction","target":["https:\/\/npf-fpn.com\/fr\/conseil-dadministration-trevor-dinwoodie-administrateur-region-du-pacifique\/"]}]},{"@type":"ImageObject","inLanguage":"fr-FR","@id":"https:\/\/npf-fpn.com\/fr\/conseil-dadministration-trevor-dinwoodie-administrateur-region-du-pacifique\/#primaryimage","url":"https:\/\/npf-fpn.com\/app\/uploads\/2025\/08\/Trevor.png","contentUrl":"https:\/\/npf-fpn.com\/app\/uploads\/2025\/08\/Trevor.png"},{"@type":"BreadcrumbList","@id":"https:\/\/npf-fpn.com\/fr\/conseil-dadministration-trevor-dinwoodie-administrateur-region-du-pacifique\/#breadcrumb","itemListElement":[{"@type":"ListItem","position":1,"name":"Accueil","item":"https:\/\/npf-fpn.com\/fr\/"},{"@type":"ListItem","position":2,"name":"Conseil d&#8217;administration &#8211; Trevor Dinwoodie, Administrateur, R\u00e9gion Pacifique\/Nord"}]},{"@type":"WebSite","@id":"https:\/\/npf-fpn.com\/#website","url":"https:\/\/npf-fpn.com\/","name":"NPF-FPN","description":"Providing strong, fair and progressive representation to almost 20,000 RCMP members across Canada.","publisher":{"@id":"https:\/\/npf-fpn.com\/#organization"},"potentialAction":[{"@type":"SearchAction","target":{"@type":"EntryPoint","urlTemplate":"https:\/\/npf-fpn.com\/?s={search_term_string}"},"query-input":{"@type":"PropertyValueSpecification","valueRequired":true,"valueName":"search_term_string"}}],"inLanguage":"fr-FR"},{"@type":"Organization","@id":"https:\/\/npf-fpn.com\/#organization","name":"NPF-FPN","url":"https:\/\/npf-fpn.com\/","logo":{"@type":"ImageObject","inLanguage":"fr-FR","@id":"https:\/\/npf-fpn.com\/#\/schema\/logo\/image\/","url":"https:\/\/npf-fpn.com\/app\/uploads\/2022\/01\/NPF.jpg","contentUrl":"https:\/\/npf-fpn.com\/app\/uploads\/2022\/01\/NPF.jpg","width":200,"height":200,"caption":"NPF-FPN"},"image":{"@id":"https:\/\/npf-fpn.com\/#\/schema\/logo\/image\/"}}]}},"_links":{"self":[{"href":"https:\/\/npf-fpn.com\/fr\/wp-json\/wp\/v2\/pages\/22301","targetHints":{"allow":["GET"]}}],"collection":[{"href":"https:\/\/npf-fpn.com\/fr\/wp-json\/wp\/v2\/pages"}],"about":[{"href":"https:\/\/npf-fpn.com\/fr\/wp-json\/wp\/v2\/types\/page"}],"author":[{"embeddable":true,"href":"https:\/\/npf-fpn.com\/fr\/wp-json\/wp\/v2\/users\/326"}],"replies":[{"embeddable":true,"href":"https:\/\/npf-fpn.com\/fr\/wp-json\/wp\/v2\/comments?post=22301"}],"version-history":[{"count":3,"href":"https:\/\/npf-fpn.com\/fr\/wp-json\/wp\/v2\/pages\/22301\/revisions"}],"predecessor-version":[{"id":62325,"href":"https:\/\/npf-fpn.com\/fr\/wp-json\/wp\/v2\/pages\/22301\/revisions\/62325"}],"wp:attachment":[{"href":"https:\/\/npf-fpn.com\/fr\/wp-json\/wp\/v2\/media?parent=22301"}],"curies":[{"name":"wp","href":"https:\/\/api.w.org\/{rel}","templated":true}]}}