{"id":22293,"date":"2021-12-22T18:24:01","date_gmt":"2021-12-22T18:24:01","guid":{"rendered":"https:\/\/npf-fpn.com\/?page_id=22293"},"modified":"2025-08-12T19:37:27","modified_gmt":"2025-08-12T19:37:27","slug":"conseil-dadministration-jeff-swann-administrateur-region-du-pacifique","status":"publish","type":"page","link":"https:\/\/npf-fpn.com\/fr\/conseil-dadministration-jeff-swann-administrateur-region-du-pacifique\/","title":{"rendered":"Conseil d&#8217;administration- Jeff Swann, Administrateur, R\u00e9gion Pacifique\/Nord"},"content":{"rendered":"\n<div class=\"wp-block-columns is-layout-flex wp-container-core-columns-is-layout-9d6595d7 wp-block-columns-is-layout-flex\">\n<div class=\"wp-block-column is-layout-flow wp-block-column-is-layout-flow\" style=\"flex-basis:33.33%\"><div class=\"wp-block-image\">\n<figure class=\"alignleft size-full\"><img decoding=\"async\" width=\"500\" height=\"710\" src=\"https:\/\/npf-fpn.com\/app\/uploads\/2025\/08\/Jeff-S.png\" alt=\"\" class=\"wp-image-62313\" srcset=\"https:\/\/npf-fpn.com\/app\/uploads\/2025\/08\/Jeff-S.png 500w, https:\/\/npf-fpn.com\/app\/uploads\/2025\/08\/Jeff-S-211x300.png 211w, https:\/\/npf-fpn.com\/app\/uploads\/2025\/08\/Jeff-S-141x200.png 141w\" sizes=\"(max-width: 500px) 100vw, 500px\" \/><\/figure>\n<\/div><\/div>\n\n\n\n<div class=\"wp-block-column is-layout-flow wp-block-column-is-layout-flow\" style=\"flex-basis:66.66%\">\n<p><strong>\u00c0 propos de Jeff&nbsp;Swann<\/strong><\/p>\n\n\n\n<p>Jeff s\u2019est toujours int\u00e9ress\u00e9 au m\u00e9tier de policier. En fait, on pourrait dire que la police fait partie de son ADN. Il a int\u00e9gr\u00e9 la GRC en 1996 et a occup\u00e9 divers postes, r\u00f4les et responsabilit\u00e9s.<\/p>\n\n\n\n<p>En tant que membre de la GRC et chef de d\u00e9tachement, Jeff d\u00e9fend toujours les int\u00e9r\u00eats de ses membres et essaie d\u2019apporter des changements positifs au sein de la GRC. Comme la plupart des membres, il s\u2019est senti frustr\u00e9 par l\u2019absence de politiques et de proc\u00e9dures claires et coh\u00e9rentes et par les injustices caus\u00e9es par cette absence que subissaient ses coll\u00e8gues. \u00c0 titre d\u2019administrateur de la FPN, Jeff s\u2019efforce maintenant de rem\u00e9dier \u00e0 ces iniquit\u00e9s en offrant des services de soutien juridique et de d\u00e9fense des droits aux membres dans le cadre de son r\u00f4le au sein du Comit\u00e9 des services aux membres, ainsi que de ses responsabilit\u00e9s en mati\u00e8re d\u2019appels et de v\u00e9rification.<\/p>\n<\/div>\n<\/div>\n\n\n\n<figure class=\"wp-block-embed aligncenter is-type-video is-provider-youtube wp-block-embed-youtube wp-embed-aspect-16-9 wp-has-aspect-ratio\"><div class=\"wp-block-embed__wrapper\">\n<iframe title=\"Jeff Swann - Administrateur de la FPN de la r\u00e9gion Pacifique\" width=\"500\" height=\"281\" src=\"https:\/\/www.youtube.com\/embed\/JJrO1bJELys?feature=oembed\" frameborder=\"0\" allow=\"accelerometer; autoplay; clipboard-write; encrypted-media; gyroscope; picture-in-picture; web-share\" referrerpolicy=\"strict-origin-when-cross-origin\" allowfullscreen><\/iframe>\n<\/div><\/figure>\n\n\n\n<p><strong>Principales r\u00e9alisations&nbsp;:<\/strong><\/p>\n\n\n\n<ul class=\"wp-block-list\">\n<li>Jeff a \u00e9t\u00e9 gendarme de la Gendarmerie royale du Canada (GRC) de premi\u00e8re ligne \u00e0 Barriere et \u00e0 Salt\u00a0Spring\u00a0Island, en Colombie\u2011Britannique.<\/li>\n\n\n\n<li>Il a en outre \u00e9t\u00e9 caporal-chef de veille \u00e0 Fort\u00a0St.\u00a0John, en Colombie\u2011Britannique, et caporal-superviseur \u00e0 la Section des crimes graves. Il a ensuite \u00e9t\u00e9 promu \u00e0 un poste de sergent-chef de d\u00e9tachement \u00e0 Ucluelet, en Colombie\u2011Britannique, puis \u00e0 celui de conseiller aux membres dans le milieu de travail \u00e0 titre de sergent d\u2019\u00e9tat-major.<\/li>\n\n\n\n<li>Jeff est issu d\u2019une famille d\u2019agents de la paix\u00a0: ses deux s\u0153urs sont des polici\u00e8res en service actives en Colombie\u2011Britannique, tout comme son p\u00e8re, son oncle, son grand-p\u00e8re et son arri\u00e8re-grand-p\u00e8re qui ont tous choisi de faire carri\u00e8re dans la police.<\/li>\n\n\n\n<li>Il a re\u00e7u en outre plusieurs prix prestigieux tout au long de sa carri\u00e8re. Plus r\u00e9cemment, en 2012, Jeff s\u2019est vu d\u00e9cerner la M\u00e9daille du jubil\u00e9 de la reine pour service exemplaire. En 2015, il a remport\u00e9 le titre de policier de l\u2019ann\u00e9e de l\u2019IODE de la Colombie\u2011Britannique. Plus tard au cours de la m\u00eame ann\u00e9e, Jeff est devenu membre de l\u2019Ordre du m\u00e9rite \u00e0 l\u2019occasion d\u2019une c\u00e9r\u00e9monie qui s\u2019est tenue \u00e0 Ottawa, pr\u00e9sid\u00e9e par le gouverneur g\u00e9n\u00e9ral du Canada. En 2018, Jeff s\u2019est vu d\u00e9cerner le prix d\u2019excellence pour le travail communautaire de la Colombie-Britannique, par le lieutenant-gouverneur de la province, en raison de son succ\u00e8s continu et de ses initiatives quant \u00e0 la police communautaire.<\/li>\n\n\n\n<li>Tout derni\u00e8rement, en novembre\u00a02019, Jeff a connu sa plus grande r\u00e9ussite en \u00e9tant \u00e9lu par ses pairs \u00e0 titre d\u2019administrateur de la F\u00e9d\u00e9ration de la police nationale (FPN). Il s\u2019agit d\u2019un r\u00f4le qui lui tient r\u00e9ellement \u00e0 c\u0153ur, il s\u2019efforce ainsi continuellement d\u2019am\u00e9liorer et de prot\u00e9ger la vie de ses coll\u00e8gues membres de la GRC.<\/li>\n<\/ul>\n","protected":false},"excerpt":{"rendered":"<p>\u00c0 propos de Jeff&nbsp;Swann Jeff s\u2019est toujours int\u00e9ress\u00e9 au m\u00e9tier de policier. En fait, on pourrait dire que la police fait partie de son ADN. Il a int\u00e9gr\u00e9 la GRC en 1996 et a occup\u00e9 divers postes, r\u00f4les et responsabilit\u00e9s. [&hellip;]<\/p>\n","protected":false},"author":326,"featured_media":0,"parent":0,"menu_order":0,"comment_status":"closed","ping_status":"closed","template":"","meta":{"_acf_changed":false,"inline_featured_image":false,"footnotes":""},"class_list":["post-22293","page","type-page","status-publish","hentry"],"acf":[],"yoast_head":"<!-- This site is optimized with the Yoast SEO plugin v27.5 - https:\/\/yoast.com\/product\/yoast-seo-wordpress\/ -->\n<title>Conseil d&#039;administration- Jeff Swann, Administrateur, R\u00e9gion Pacifique\/Nord - NPF-FPN<\/title>\n<meta name=\"robots\" content=\"index, follow, max-snippet:-1, max-image-preview:large, max-video-preview:-1\" \/>\n<link rel=\"canonical\" href=\"https:\/\/npf-fpn.com\/fr\/conseil-dadministration-jeff-swann-administrateur-region-du-pacifique\/\" \/>\n<meta property=\"og:locale\" content=\"fr_FR\" \/>\n<meta property=\"og:type\" content=\"article\" \/>\n<meta property=\"og:title\" content=\"Conseil d&#039;administration- Jeff Swann, Administrateur, R\u00e9gion Pacifique\/Nord - NPF-FPN\" \/>\n<meta property=\"og:description\" content=\"\u00c0 propos de Jeff&nbsp;Swann Jeff s\u2019est toujours int\u00e9ress\u00e9 au m\u00e9tier de policier. En fait, on pourrait dire que la police fait partie de son ADN. Il a int\u00e9gr\u00e9 la GRC en 1996 et a occup\u00e9 divers postes, r\u00f4les et responsabilit\u00e9s. [&hellip;]\" \/>\n<meta property=\"og:url\" content=\"https:\/\/npf-fpn.com\/fr\/conseil-dadministration-jeff-swann-administrateur-region-du-pacifique\/\" \/>\n<meta property=\"og:site_name\" content=\"NPF-FPN\" \/>\n<meta property=\"article:modified_time\" content=\"2025-08-12T19:37:27+00:00\" \/>\n<meta property=\"og:image\" content=\"https:\/\/npf-fpn.com\/app\/uploads\/2025\/08\/Jeff-S.png\" \/>\n\t<meta property=\"og:image:width\" content=\"500\" \/>\n\t<meta property=\"og:image:height\" content=\"710\" \/>\n\t<meta property=\"og:image:type\" content=\"image\/png\" \/>\n<meta name=\"twitter:card\" content=\"summary_large_image\" \/>\n<meta name=\"twitter:label1\" content=\"Est. reading time\" \/>\n\t<meta name=\"twitter:data1\" content=\"3 minutes\" \/>\n<script type=\"application\/ld+json\" class=\"yoast-schema-graph\">{\"@context\":\"https:\\\/\\\/schema.org\",\"@graph\":[{\"@type\":\"WebPage\",\"@id\":\"https:\\\/\\\/npf-fpn.com\\\/fr\\\/conseil-dadministration-jeff-swann-administrateur-region-du-pacifique\\\/\",\"url\":\"https:\\\/\\\/npf-fpn.com\\\/fr\\\/conseil-dadministration-jeff-swann-administrateur-region-du-pacifique\\\/\",\"name\":\"Conseil d'administration- Jeff Swann, Administrateur, R\u00e9gion Pacifique\\\/Nord - NPF-FPN\",\"isPartOf\":{\"@id\":\"https:\\\/\\\/npf-fpn.com\\\/#website\"},\"primaryImageOfPage\":{\"@id\":\"https:\\\/\\\/npf-fpn.com\\\/fr\\\/conseil-dadministration-jeff-swann-administrateur-region-du-pacifique\\\/#primaryimage\"},\"image\":{\"@id\":\"https:\\\/\\\/npf-fpn.com\\\/fr\\\/conseil-dadministration-jeff-swann-administrateur-region-du-pacifique\\\/#primaryimage\"},\"thumbnailUrl\":\"https:\\\/\\\/npf-fpn.com\\\/app\\\/uploads\\\/2025\\\/08\\\/Jeff-S.png\",\"datePublished\":\"2021-12-22T18:24:01+00:00\",\"dateModified\":\"2025-08-12T19:37:27+00:00\",\"breadcrumb\":{\"@id\":\"https:\\\/\\\/npf-fpn.com\\\/fr\\\/conseil-dadministration-jeff-swann-administrateur-region-du-pacifique\\\/#breadcrumb\"},\"inLanguage\":\"fr-FR\",\"potentialAction\":[{\"@type\":\"ReadAction\",\"target\":[\"https:\\\/\\\/npf-fpn.com\\\/fr\\\/conseil-dadministration-jeff-swann-administrateur-region-du-pacifique\\\/\"]}]},{\"@type\":\"ImageObject\",\"inLanguage\":\"fr-FR\",\"@id\":\"https:\\\/\\\/npf-fpn.com\\\/fr\\\/conseil-dadministration-jeff-swann-administrateur-region-du-pacifique\\\/#primaryimage\",\"url\":\"https:\\\/\\\/npf-fpn.com\\\/app\\\/uploads\\\/2025\\\/08\\\/Jeff-S.png\",\"contentUrl\":\"https:\\\/\\\/npf-fpn.com\\\/app\\\/uploads\\\/2025\\\/08\\\/Jeff-S.png\"},{\"@type\":\"BreadcrumbList\",\"@id\":\"https:\\\/\\\/npf-fpn.com\\\/fr\\\/conseil-dadministration-jeff-swann-administrateur-region-du-pacifique\\\/#breadcrumb\",\"itemListElement\":[{\"@type\":\"ListItem\",\"position\":1,\"name\":\"Accueil\",\"item\":\"https:\\\/\\\/npf-fpn.com\\\/fr\\\/\"},{\"@type\":\"ListItem\",\"position\":2,\"name\":\"Conseil d&#8217;administration- Jeff Swann, Administrateur, R\u00e9gion Pacifique\\\/Nord\"}]},{\"@type\":\"WebSite\",\"@id\":\"https:\\\/\\\/npf-fpn.com\\\/#website\",\"url\":\"https:\\\/\\\/npf-fpn.com\\\/\",\"name\":\"NPF-FPN\",\"description\":\"Providing strong, fair and progressive representation to almost 20,000 RCMP members across Canada.\",\"publisher\":{\"@id\":\"https:\\\/\\\/npf-fpn.com\\\/#organization\"},\"potentialAction\":[{\"@type\":\"SearchAction\",\"target\":{\"@type\":\"EntryPoint\",\"urlTemplate\":\"https:\\\/\\\/npf-fpn.com\\\/?s={search_term_string}\"},\"query-input\":{\"@type\":\"PropertyValueSpecification\",\"valueRequired\":true,\"valueName\":\"search_term_string\"}}],\"inLanguage\":\"fr-FR\"},{\"@type\":\"Organization\",\"@id\":\"https:\\\/\\\/npf-fpn.com\\\/#organization\",\"name\":\"NPF-FPN\",\"url\":\"https:\\\/\\\/npf-fpn.com\\\/\",\"logo\":{\"@type\":\"ImageObject\",\"inLanguage\":\"fr-FR\",\"@id\":\"https:\\\/\\\/npf-fpn.com\\\/#\\\/schema\\\/logo\\\/image\\\/\",\"url\":\"https:\\\/\\\/npf-fpn.com\\\/app\\\/uploads\\\/2022\\\/01\\\/NPF.jpg\",\"contentUrl\":\"https:\\\/\\\/npf-fpn.com\\\/app\\\/uploads\\\/2022\\\/01\\\/NPF.jpg\",\"width\":200,\"height\":200,\"caption\":\"NPF-FPN\"},\"image\":{\"@id\":\"https:\\\/\\\/npf-fpn.com\\\/#\\\/schema\\\/logo\\\/image\\\/\"}}]}<\/script>\n<!-- \/ Yoast SEO plugin. -->","yoast_head_json":{"title":"Conseil d'administration- Jeff Swann, Administrateur, R\u00e9gion Pacifique\/Nord - NPF-FPN","robots":{"index":"index","follow":"follow","max-snippet":"max-snippet:-1","max-image-preview":"max-image-preview:large","max-video-preview":"max-video-preview:-1"},"canonical":"https:\/\/npf-fpn.com\/fr\/conseil-dadministration-jeff-swann-administrateur-region-du-pacifique\/","og_locale":"fr_FR","og_type":"article","og_title":"Conseil d'administration- Jeff Swann, Administrateur, R\u00e9gion Pacifique\/Nord - NPF-FPN","og_description":"\u00c0 propos de Jeff&nbsp;Swann Jeff s\u2019est toujours int\u00e9ress\u00e9 au m\u00e9tier de policier. En fait, on pourrait dire que la police fait partie de son ADN. Il a int\u00e9gr\u00e9 la GRC en 1996 et a occup\u00e9 divers postes, r\u00f4les et responsabilit\u00e9s. [&hellip;]","og_url":"https:\/\/npf-fpn.com\/fr\/conseil-dadministration-jeff-swann-administrateur-region-du-pacifique\/","og_site_name":"NPF-FPN","article_modified_time":"2025-08-12T19:37:27+00:00","og_image":[{"width":500,"height":710,"url":"https:\/\/npf-fpn.com\/app\/uploads\/2025\/08\/Jeff-S.png","type":"image\/png"}],"twitter_card":"summary_large_image","twitter_misc":{"Est. reading time":"3 minutes"},"schema":{"@context":"https:\/\/schema.org","@graph":[{"@type":"WebPage","@id":"https:\/\/npf-fpn.com\/fr\/conseil-dadministration-jeff-swann-administrateur-region-du-pacifique\/","url":"https:\/\/npf-fpn.com\/fr\/conseil-dadministration-jeff-swann-administrateur-region-du-pacifique\/","name":"Conseil d'administration- Jeff Swann, Administrateur, R\u00e9gion Pacifique\/Nord - NPF-FPN","isPartOf":{"@id":"https:\/\/npf-fpn.com\/#website"},"primaryImageOfPage":{"@id":"https:\/\/npf-fpn.com\/fr\/conseil-dadministration-jeff-swann-administrateur-region-du-pacifique\/#primaryimage"},"image":{"@id":"https:\/\/npf-fpn.com\/fr\/conseil-dadministration-jeff-swann-administrateur-region-du-pacifique\/#primaryimage"},"thumbnailUrl":"https:\/\/npf-fpn.com\/app\/uploads\/2025\/08\/Jeff-S.png","datePublished":"2021-12-22T18:24:01+00:00","dateModified":"2025-08-12T19:37:27+00:00","breadcrumb":{"@id":"https:\/\/npf-fpn.com\/fr\/conseil-dadministration-jeff-swann-administrateur-region-du-pacifique\/#breadcrumb"},"inLanguage":"fr-FR","potentialAction":[{"@type":"ReadAction","target":["https:\/\/npf-fpn.com\/fr\/conseil-dadministration-jeff-swann-administrateur-region-du-pacifique\/"]}]},{"@type":"ImageObject","inLanguage":"fr-FR","@id":"https:\/\/npf-fpn.com\/fr\/conseil-dadministration-jeff-swann-administrateur-region-du-pacifique\/#primaryimage","url":"https:\/\/npf-fpn.com\/app\/uploads\/2025\/08\/Jeff-S.png","contentUrl":"https:\/\/npf-fpn.com\/app\/uploads\/2025\/08\/Jeff-S.png"},{"@type":"BreadcrumbList","@id":"https:\/\/npf-fpn.com\/fr\/conseil-dadministration-jeff-swann-administrateur-region-du-pacifique\/#breadcrumb","itemListElement":[{"@type":"ListItem","position":1,"name":"Accueil","item":"https:\/\/npf-fpn.com\/fr\/"},{"@type":"ListItem","position":2,"name":"Conseil d&#8217;administration- Jeff Swann, Administrateur, R\u00e9gion Pacifique\/Nord"}]},{"@type":"WebSite","@id":"https:\/\/npf-fpn.com\/#website","url":"https:\/\/npf-fpn.com\/","name":"NPF-FPN","description":"Providing strong, fair and progressive representation to almost 20,000 RCMP members across Canada.","publisher":{"@id":"https:\/\/npf-fpn.com\/#organization"},"potentialAction":[{"@type":"SearchAction","target":{"@type":"EntryPoint","urlTemplate":"https:\/\/npf-fpn.com\/?s={search_term_string}"},"query-input":{"@type":"PropertyValueSpecification","valueRequired":true,"valueName":"search_term_string"}}],"inLanguage":"fr-FR"},{"@type":"Organization","@id":"https:\/\/npf-fpn.com\/#organization","name":"NPF-FPN","url":"https:\/\/npf-fpn.com\/","logo":{"@type":"ImageObject","inLanguage":"fr-FR","@id":"https:\/\/npf-fpn.com\/#\/schema\/logo\/image\/","url":"https:\/\/npf-fpn.com\/app\/uploads\/2022\/01\/NPF.jpg","contentUrl":"https:\/\/npf-fpn.com\/app\/uploads\/2022\/01\/NPF.jpg","width":200,"height":200,"caption":"NPF-FPN"},"image":{"@id":"https:\/\/npf-fpn.com\/#\/schema\/logo\/image\/"}}]}},"_links":{"self":[{"href":"https:\/\/npf-fpn.com\/fr\/wp-json\/wp\/v2\/pages\/22293","targetHints":{"allow":["GET"]}}],"collection":[{"href":"https:\/\/npf-fpn.com\/fr\/wp-json\/wp\/v2\/pages"}],"about":[{"href":"https:\/\/npf-fpn.com\/fr\/wp-json\/wp\/v2\/types\/page"}],"author":[{"embeddable":true,"href":"https:\/\/npf-fpn.com\/fr\/wp-json\/wp\/v2\/users\/326"}],"replies":[{"embeddable":true,"href":"https:\/\/npf-fpn.com\/fr\/wp-json\/wp\/v2\/comments?post=22293"}],"version-history":[{"count":3,"href":"https:\/\/npf-fpn.com\/fr\/wp-json\/wp\/v2\/pages\/22293\/revisions"}],"predecessor-version":[{"id":62315,"href":"https:\/\/npf-fpn.com\/fr\/wp-json\/wp\/v2\/pages\/22293\/revisions\/62315"}],"wp:attachment":[{"href":"https:\/\/npf-fpn.com\/fr\/wp-json\/wp\/v2\/media?parent=22293"}],"curies":[{"name":"wp","href":"https:\/\/api.w.org\/{rel}","templated":true}]}}