{"id":18599,"date":"2021-09-01T13:54:38","date_gmt":"2021-09-01T13:54:38","guid":{"rendered":"https:\/\/npf-fpn.com\/careers-at-the-npf\/"},"modified":"2025-01-29T16:05:32","modified_gmt":"2025-01-29T16:05:32","slug":"careers-at-the-npf","status":"publish","type":"page","link":"https:\/\/npf-fpn.com\/fr\/careers-at-the-npf\/","title":{"rendered":"Carri\u00e8res avec la FPN"},"content":{"rendered":"\n<h2 class=\"wp-block-heading\">Qui nous sommes<\/h2>\n\n\n\n<p>La F\u00e9d\u00e9ration de la police nationale est le seul agent n\u00e9gociateur accr\u00e9dit\u00e9 pour les membres r\u00e9guliers et les r\u00e9servistes de la Gendarmerie royale du Canada, sous le grade d&#8217;inspecteur. Nous sommes la plus grande organisation syndicale polici\u00e8re au Canada, repr\u00e9sentant pr\u00e8s de 20 000 membres servant partout au Canada et \u00e0 l&#8217;\u00e9tranger.<\/p>\n\n\n\n<h2 class=\"wp-block-heading\">Pourquoi se joindre \u00e0 nous?<\/h2>\n\n\n\n<p>Travailler avec nous \u00e0 la FPN est votre opportunit\u00e9 de soutenir les membres qui se mettent en danger pour les Canadiens jour apr\u00e8s jour. Nous fournissons une gamme de services pour remplir notre mission de fournir une repr\u00e9sentation forte, juste et progressive pour promouvoir et am\u00e9liorer les droits et le bien-\u00eatre de nos membres.<\/p>\n\n\n\n<p>Nous recherchons des membres d&#8217;\u00e9quipe d\u00e9vou\u00e9s et travaillants qui appr\u00e9cient l&#8217;opportunit\u00e9 de cr\u00e9er des am\u00e9liorations durables et significatives dans l&#8217;environnement de travail de nos membres, et qui aiment faire partie de quelque chose de nouveau. La FPN est une jeune organisation; rejoindre notre \u00e9quipe vous donne la chance de faire partie des avanc\u00e9es historiques en mati\u00e8re de maintien de l&#8217;ordre et de droits du travail au Canada.<\/p>\n\n\n\n<h2 class=\"wp-block-heading\">Nos valeurs et notre culture organisationnelle<\/h2>\n\n\n<div class=\"wp-block-image\">\n<figure class=\"aligncenter size-large is-resized\"><img decoding=\"async\" width=\"1024\" height=\"791\" src=\"https:\/\/npf-fpn.com\/app\/uploads\/2024\/01\/Staff-Values_FR-1024x791.jpg\" alt=\"\" class=\"wp-image-47597\" style=\"width:635px;height:auto\" srcset=\"https:\/\/npf-fpn.com\/app\/uploads\/2024\/01\/Staff-Values_FR-1024x791.jpg 1024w, https:\/\/npf-fpn.com\/app\/uploads\/2024\/01\/Staff-Values_FR-300x232.jpg 300w, https:\/\/npf-fpn.com\/app\/uploads\/2024\/01\/Staff-Values_FR-768x594.jpg 768w, https:\/\/npf-fpn.com\/app\/uploads\/2024\/01\/Staff-Values_FR-1536x1187.jpg 1536w, https:\/\/npf-fpn.com\/app\/uploads\/2024\/01\/Staff-Values_FR-259x200.jpg 259w, https:\/\/npf-fpn.com\/app\/uploads\/2024\/01\/Staff-Values_FR-600x464.jpg 600w, https:\/\/npf-fpn.com\/app\/uploads\/2024\/01\/Staff-Values_FR.jpg 1585w\" sizes=\"(max-width: 1024px) 100vw, 1024px\" \/><\/figure>\n<\/div>\n\n\n<p>La FPN s&#8217;engage \u00e0 respecter les principes fondamentaux de l&#8217;\u00e9galit\u00e9 des chances en mati\u00e8re d&#8217;emploi. Nous nous engageons \u00e0 traiter les gens \u00e9quitablement, avec respect et dignit\u00e9, et \u00e0 offrir des opportunit\u00e9s d&#8217;emploi \u00e9gales en fonction des qualifications et des performances d&#8217;un individu, sans discrimination ni harc\u00e8lement, conform\u00e9ment \u00e0 la l\u00e9gislation provinciale et territoriale sur les droits de la personne.<\/p>\n\n\n\n<p>Pendant toutes les phases du processus de recrutement, la FPN d\u00e9montrera son engagement envers les principes de la l\u00e9gislation provinciale\/territoriale sur les droits de la personne, les normes d&#8217;emploi et la l\u00e9gislation sur l&#8217;\u00e9galit\u00e9 des chances en mati\u00e8re d&#8217;emploi.<\/p>\n\n\n\n<h2 class=\"wp-block-heading\">Nos \u00e9quipes<\/h2>\n\n\n\n<div class=\"wp-block-columns is-layout-flex wp-container-core-columns-is-layout-9d6595d7 wp-block-columns-is-layout-flex\">\n<div class=\"wp-block-column is-layout-flow wp-block-column-is-layout-flow\">\n<div class=\"wp-block-pb-accordion-item c-accordion__item js-accordion-item no-js\" data-initially-open=\"false\" data-click-to-close=\"true\" data-auto-close=\"true\" data-scroll=\"false\" data-scroll-offset=\"0\"><h3 id=\"at-185990\" class=\"c-accordion__title js-accordion-controller\" role=\"button\">Repr\u00e9sentation des membres<\/h3><div id=\"ac-185990\" class=\"c-accordion__content\">\n<p>Le service de repr\u00e9sentation des membres comprend plusieurs programmes con\u00e7us pour assurer la repr\u00e9sentation des membres de la FPN \u00e0 tous les niveaux, conform\u00e9ment au mandat de la FPN qui est d&#8217;assurer une repr\u00e9sentation solide, \u00e9quitable et progressiste \u00e0 ses membres. Les r\u00e9partiteurs des services aux membres, les coordonnateurs des repr\u00e9sentants locaux, les agents des relations de travail et l&#8217;\u00e9quipe juridique interne de la FPN travaillent tous en collaboration pour s&#8217;assurer que les membres re\u00e7oivent des informations exactes et mettent en \u0153uvre la strat\u00e9gie de repr\u00e9sentation appropri\u00e9e lorsque les membres sont confront\u00e9s \u00e0 des probl\u00e8mes de travail.<\/p>\n<\/div><\/div>\n<\/div>\n\n\n\n<div class=\"wp-block-column is-layout-flow wp-block-column-is-layout-flow\">\n<div class=\"wp-block-pb-accordion-item c-accordion__item js-accordion-item no-js\" data-initially-open=\"false\" data-click-to-close=\"true\" data-auto-close=\"true\" data-scroll=\"false\" data-scroll-offset=\"0\"><h3 id=\"at-185991\" class=\"c-accordion__title js-accordion-controller\" role=\"button\">Relations gouvernementales et politiques<\/h3><div id=\"ac-185991\" class=\"c-accordion__content\">\n<p>L&#8217;\u00e9quipe des relations gouvernementales et des politiques de la FPN s&#8217;efforce d&#8217;\u00eatre un chef de file en mati\u00e8re de s\u00e9curit\u00e9 publique et de services de police afin d&#8217;am\u00e9liorer la vie de nos membres et des communaut\u00e9s qu&#8217;ils servent. Nous entreprenons des recherches approfondies, surveillons les probl\u00e8mes et d\u00e9veloppons des strat\u00e9gies int\u00e9gr\u00e9es pour collaborer avec tous les niveaux de gouvernement et les parties prenantes afin de fa\u00e7onner les politiques publiques et d&#8217;influencer la prise de d\u00e9cision du gouvernement afin d&#8217;obtenir des r\u00e9sultats efficaces.<\/p>\n<\/div><\/div>\n<\/div>\n<\/div>\n\n\n\n<div class=\"wp-block-columns is-layout-flex wp-container-core-columns-is-layout-9d6595d7 wp-block-columns-is-layout-flex\">\n<div class=\"wp-block-column is-layout-flow wp-block-column-is-layout-flow\">\n<div class=\"wp-block-pb-accordion-item c-accordion__item js-accordion-item no-js\" data-initially-open=\"false\" data-click-to-close=\"true\" data-auto-close=\"true\" data-scroll=\"false\" data-scroll-offset=\"0\"><h3 id=\"at-185992\" class=\"c-accordion__title js-accordion-controller\" role=\"button\">Communications<\/h3><div id=\"ac-185992\" class=\"c-accordion__content\">\n<p>L&#8217;\u00e9quipe de communication de la FPN est passionn\u00e9e, strat\u00e9gique, ponctuelle et \u00e0 l&#8217;\u00e9coute des besoins de nos membres. Nous travaillons \u00e0 travers le Canada afin de soutenir les membres et leur travail, et de d\u00e9fendre leurs int\u00e9r\u00eats. Pour ce faire, nous utilisons les m\u00e9dias sociaux, les vid\u00e9os, les relations avec les m\u00e9dias, nos sites Web <a href=\"https:\/\/pourquoinousservons.ca\/\">Pourquoinousservons<\/a> et ceux de la FPN, ainsi que d&#8217;autres moyens de sensibilisation. Nous veillons \u00e0 ce que le travail soit agr\u00e9able, \u00e0 ce que chacun ait l&#8217;occasion d&#8217;apprendre de nouvelles choses et \u00e0 ce que nous nous soutenions mutuellement. Nous esp\u00e9rons que vous suivrez notre travail sur nos r\u00e9seaux sociaux.<\/p>\n<\/div><\/div>\n<\/div>\n\n\n\n<div class=\"wp-block-column is-layout-flow wp-block-column-is-layout-flow\">\n<div class=\"wp-block-pb-accordion-item c-accordion__item js-accordion-item no-js\" data-initially-open=\"false\" data-click-to-close=\"true\" data-auto-close=\"true\" data-scroll=\"false\" data-scroll-offset=\"0\"><h3 id=\"at-185993\" class=\"c-accordion__title js-accordion-controller\" role=\"button\">Gestion de l&#8217;information<\/h3><div id=\"ac-185993\" class=\"c-accordion__content\">\n<p>La gestion de l&#8217;information au sein de la FPN fournit l&#8217;expertise en mati\u00e8re de technologie et de donn\u00e9es qui nous permet de mener \u00e0 bien notre mission de repr\u00e9sentation forte de nos membres. Nous g\u00e9rons les donn\u00e9es, maintenons les syst\u00e8mes essentiels et assurons la cybers\u00e9curit\u00e9, ce qui permet aux membres d&#8217;exceller dans leur service et de r\u00e9aliser la mission de la FPN qui est de fournir une repr\u00e9sentation forte, juste et progressiste aux membres.<\/p>\n<\/div><\/div>\n<\/div>\n<\/div>\n\n\n\n<div class=\"wp-block-columns is-layout-flex wp-container-core-columns-is-layout-9d6595d7 wp-block-columns-is-layout-flex\">\n<div class=\"wp-block-column is-layout-flow wp-block-column-is-layout-flow\">\n<div class=\"wp-block-pb-accordion-item c-accordion__item js-accordion-item no-js\" data-initially-open=\"false\" data-click-to-close=\"true\" data-auto-close=\"true\" data-scroll=\"false\" data-scroll-offset=\"0\"><h3 id=\"at-185994\" class=\"c-accordion__title js-accordion-controller\" role=\"button\">Finance et administration<\/h3><div id=\"ac-185994\" class=\"c-accordion__content\">\n<p>Le d\u00e9partement des finances et de l&#8217;administration de la FPN a pour mission principale de soutenir les priorit\u00e9s strat\u00e9giques et la mission globale de la FPN, d&#8217;un point de vue administratif et financier. Gr\u00e2ce \u00e0 l&#8217;application de contr\u00f4les internes, d&#8217;une gestion budg\u00e9taire, de politiques comptables et de rapports financiers, nous nous effor\u00e7ons d&#8217;\u00eatre de bons gestionnaires de toutes les ressources afin de soutenir la prise de d\u00e9cisions strat\u00e9giques ax\u00e9es sur la mission et de maximiser la valeur pour nos membres.<\/p>\n<\/div><\/div>\n<\/div>\n\n\n\n<div class=\"wp-block-column is-layout-flow wp-block-column-is-layout-flow\"><\/div>\n<\/div>\n\n\n\n<div class=\"wp-block-buttons is-layout-flex wp-block-buttons-is-layout-flex\">\n<div class=\"wp-block-button has-custom-width wp-block-button__width-100\"><a class=\"wp-block-button__link has-vivid-red-background-color has-background wp-element-button\" href=\"https:\/\/npf-fpn.com\/fr\/current-opportunities\/\" style=\"border-radius:7px\">Opportunit\u00e9s actuelles<\/a><\/div>\n\n\n\n<div class=\"wp-block-button has-custom-width wp-block-button__width-100\"><a class=\"wp-block-button__link has-vivid-red-background-color has-background wp-element-button\" href=\"https:\/\/npf-fpn.com\/fr\/opportunites-pour-les-membres\/\" style=\"border-radius:7px\">Opportunit\u00e9s pour les membres<\/a><\/div>\n<\/div>\n","protected":false},"excerpt":{"rendered":"<p>Qui nous sommes La F\u00e9d\u00e9ration de la police nationale est le seul agent n\u00e9gociateur accr\u00e9dit\u00e9 pour les membres r\u00e9guliers et les r\u00e9servistes de la Gendarmerie royale du Canada, sous le grade d&#8217;inspecteur. Nous sommes la plus grande organisation syndicale polici\u00e8re [&hellip;]<\/p>\n","protected":false},"author":326,"featured_media":0,"parent":0,"menu_order":0,"comment_status":"closed","ping_status":"closed","template":"","meta":{"_acf_changed":false,"inline_featured_image":false,"footnotes":""},"class_list":["post-18599","page","type-page","status-publish","hentry"],"acf":[],"yoast_head":"<!-- This site is optimized with the Yoast SEO plugin v27.4 - https:\/\/yoast.com\/product\/yoast-seo-wordpress\/ -->\n<title>Carri\u00e8res avec la FPN - NPF-FPN<\/title>\n<meta name=\"robots\" content=\"index, follow, max-snippet:-1, max-image-preview:large, max-video-preview:-1\" \/>\n<link rel=\"canonical\" href=\"https:\/\/npf-fpn.com\/fr\/careers-at-the-npf\/\" \/>\n<meta property=\"og:locale\" content=\"fr_FR\" \/>\n<meta property=\"og:type\" content=\"article\" \/>\n<meta property=\"og:title\" content=\"Carri\u00e8res avec la FPN - NPF-FPN\" \/>\n<meta property=\"og:description\" content=\"Qui nous sommes La F\u00e9d\u00e9ration de la police nationale est le seul agent n\u00e9gociateur accr\u00e9dit\u00e9 pour les membres r\u00e9guliers et les r\u00e9servistes de la Gendarmerie royale du Canada, sous le grade d&#8217;inspecteur. Nous sommes la plus grande organisation syndicale polici\u00e8re [&hellip;]\" \/>\n<meta property=\"og:url\" content=\"https:\/\/npf-fpn.com\/fr\/careers-at-the-npf\/\" \/>\n<meta property=\"og:site_name\" content=\"NPF-FPN\" \/>\n<meta property=\"article:modified_time\" content=\"2025-01-29T16:05:32+00:00\" \/>\n<meta property=\"og:image\" content=\"https:\/\/npf-fpn.com\/app\/uploads\/2024\/01\/Staff-Values_FR.jpg\" \/>\n\t<meta property=\"og:image:width\" content=\"1585\" \/>\n\t<meta property=\"og:image:height\" content=\"1225\" \/>\n\t<meta property=\"og:image:type\" content=\"image\/jpeg\" \/>\n<meta name=\"twitter:card\" content=\"summary_large_image\" \/>\n<meta name=\"twitter:label1\" content=\"Est. reading time\" \/>\n\t<meta name=\"twitter:data1\" content=\"4 minutes\" \/>\n<script type=\"application\/ld+json\" class=\"yoast-schema-graph\">{\"@context\":\"https:\\\/\\\/schema.org\",\"@graph\":[{\"@type\":\"WebPage\",\"@id\":\"https:\\\/\\\/npf-fpn.com\\\/fr\\\/careers-at-the-npf\\\/\",\"url\":\"https:\\\/\\\/npf-fpn.com\\\/fr\\\/careers-at-the-npf\\\/\",\"name\":\"Carri\u00e8res avec la FPN - NPF-FPN\",\"isPartOf\":{\"@id\":\"https:\\\/\\\/npf-fpn.com\\\/#website\"},\"primaryImageOfPage\":{\"@id\":\"https:\\\/\\\/npf-fpn.com\\\/fr\\\/careers-at-the-npf\\\/#primaryimage\"},\"image\":{\"@id\":\"https:\\\/\\\/npf-fpn.com\\\/fr\\\/careers-at-the-npf\\\/#primaryimage\"},\"thumbnailUrl\":\"https:\\\/\\\/npf-fpn.com\\\/app\\\/uploads\\\/2024\\\/01\\\/Staff-Values_FR-1024x791.jpg\",\"datePublished\":\"2021-09-01T13:54:38+00:00\",\"dateModified\":\"2025-01-29T16:05:32+00:00\",\"breadcrumb\":{\"@id\":\"https:\\\/\\\/npf-fpn.com\\\/fr\\\/careers-at-the-npf\\\/#breadcrumb\"},\"inLanguage\":\"fr-FR\",\"potentialAction\":[{\"@type\":\"ReadAction\",\"target\":[\"https:\\\/\\\/npf-fpn.com\\\/fr\\\/careers-at-the-npf\\\/\"]}]},{\"@type\":\"ImageObject\",\"inLanguage\":\"fr-FR\",\"@id\":\"https:\\\/\\\/npf-fpn.com\\\/fr\\\/careers-at-the-npf\\\/#primaryimage\",\"url\":\"https:\\\/\\\/npf-fpn.com\\\/app\\\/uploads\\\/2024\\\/01\\\/Staff-Values_FR-1024x791.jpg\",\"contentUrl\":\"https:\\\/\\\/npf-fpn.com\\\/app\\\/uploads\\\/2024\\\/01\\\/Staff-Values_FR-1024x791.jpg\"},{\"@type\":\"BreadcrumbList\",\"@id\":\"https:\\\/\\\/npf-fpn.com\\\/fr\\\/careers-at-the-npf\\\/#breadcrumb\",\"itemListElement\":[{\"@type\":\"ListItem\",\"position\":1,\"name\":\"Accueil\",\"item\":\"https:\\\/\\\/npf-fpn.com\\\/fr\\\/\"},{\"@type\":\"ListItem\",\"position\":2,\"name\":\"Carri\u00e8res avec la FPN\"}]},{\"@type\":\"WebSite\",\"@id\":\"https:\\\/\\\/npf-fpn.com\\\/#website\",\"url\":\"https:\\\/\\\/npf-fpn.com\\\/\",\"name\":\"NPF-FPN\",\"description\":\"Providing strong, fair and progressive representation to almost 20,000 RCMP members across Canada.\",\"publisher\":{\"@id\":\"https:\\\/\\\/npf-fpn.com\\\/#organization\"},\"potentialAction\":[{\"@type\":\"SearchAction\",\"target\":{\"@type\":\"EntryPoint\",\"urlTemplate\":\"https:\\\/\\\/npf-fpn.com\\\/?s={search_term_string}\"},\"query-input\":{\"@type\":\"PropertyValueSpecification\",\"valueRequired\":true,\"valueName\":\"search_term_string\"}}],\"inLanguage\":\"fr-FR\"},{\"@type\":\"Organization\",\"@id\":\"https:\\\/\\\/npf-fpn.com\\\/#organization\",\"name\":\"NPF-FPN\",\"url\":\"https:\\\/\\\/npf-fpn.com\\\/\",\"logo\":{\"@type\":\"ImageObject\",\"inLanguage\":\"fr-FR\",\"@id\":\"https:\\\/\\\/npf-fpn.com\\\/#\\\/schema\\\/logo\\\/image\\\/\",\"url\":\"https:\\\/\\\/npf-fpn.com\\\/app\\\/uploads\\\/2022\\\/01\\\/NPF.jpg\",\"contentUrl\":\"https:\\\/\\\/npf-fpn.com\\\/app\\\/uploads\\\/2022\\\/01\\\/NPF.jpg\",\"width\":200,\"height\":200,\"caption\":\"NPF-FPN\"},\"image\":{\"@id\":\"https:\\\/\\\/npf-fpn.com\\\/#\\\/schema\\\/logo\\\/image\\\/\"}}]}<\/script>\n<!-- \/ Yoast SEO plugin. -->","yoast_head_json":{"title":"Carri\u00e8res avec la FPN - NPF-FPN","robots":{"index":"index","follow":"follow","max-snippet":"max-snippet:-1","max-image-preview":"max-image-preview:large","max-video-preview":"max-video-preview:-1"},"canonical":"https:\/\/npf-fpn.com\/fr\/careers-at-the-npf\/","og_locale":"fr_FR","og_type":"article","og_title":"Carri\u00e8res avec la FPN - NPF-FPN","og_description":"Qui nous sommes La F\u00e9d\u00e9ration de la police nationale est le seul agent n\u00e9gociateur accr\u00e9dit\u00e9 pour les membres r\u00e9guliers et les r\u00e9servistes de la Gendarmerie royale du Canada, sous le grade d&#8217;inspecteur. Nous sommes la plus grande organisation syndicale polici\u00e8re [&hellip;]","og_url":"https:\/\/npf-fpn.com\/fr\/careers-at-the-npf\/","og_site_name":"NPF-FPN","article_modified_time":"2025-01-29T16:05:32+00:00","og_image":[{"width":1585,"height":1225,"url":"https:\/\/npf-fpn.com\/app\/uploads\/2024\/01\/Staff-Values_FR.jpg","type":"image\/jpeg"}],"twitter_card":"summary_large_image","twitter_misc":{"Est. reading time":"4 minutes"},"schema":{"@context":"https:\/\/schema.org","@graph":[{"@type":"WebPage","@id":"https:\/\/npf-fpn.com\/fr\/careers-at-the-npf\/","url":"https:\/\/npf-fpn.com\/fr\/careers-at-the-npf\/","name":"Carri\u00e8res avec la FPN - NPF-FPN","isPartOf":{"@id":"https:\/\/npf-fpn.com\/#website"},"primaryImageOfPage":{"@id":"https:\/\/npf-fpn.com\/fr\/careers-at-the-npf\/#primaryimage"},"image":{"@id":"https:\/\/npf-fpn.com\/fr\/careers-at-the-npf\/#primaryimage"},"thumbnailUrl":"https:\/\/npf-fpn.com\/app\/uploads\/2024\/01\/Staff-Values_FR-1024x791.jpg","datePublished":"2021-09-01T13:54:38+00:00","dateModified":"2025-01-29T16:05:32+00:00","breadcrumb":{"@id":"https:\/\/npf-fpn.com\/fr\/careers-at-the-npf\/#breadcrumb"},"inLanguage":"fr-FR","potentialAction":[{"@type":"ReadAction","target":["https:\/\/npf-fpn.com\/fr\/careers-at-the-npf\/"]}]},{"@type":"ImageObject","inLanguage":"fr-FR","@id":"https:\/\/npf-fpn.com\/fr\/careers-at-the-npf\/#primaryimage","url":"https:\/\/npf-fpn.com\/app\/uploads\/2024\/01\/Staff-Values_FR-1024x791.jpg","contentUrl":"https:\/\/npf-fpn.com\/app\/uploads\/2024\/01\/Staff-Values_FR-1024x791.jpg"},{"@type":"BreadcrumbList","@id":"https:\/\/npf-fpn.com\/fr\/careers-at-the-npf\/#breadcrumb","itemListElement":[{"@type":"ListItem","position":1,"name":"Accueil","item":"https:\/\/npf-fpn.com\/fr\/"},{"@type":"ListItem","position":2,"name":"Carri\u00e8res avec la FPN"}]},{"@type":"WebSite","@id":"https:\/\/npf-fpn.com\/#website","url":"https:\/\/npf-fpn.com\/","name":"NPF-FPN","description":"Providing strong, fair and progressive representation to almost 20,000 RCMP members across Canada.","publisher":{"@id":"https:\/\/npf-fpn.com\/#organization"},"potentialAction":[{"@type":"SearchAction","target":{"@type":"EntryPoint","urlTemplate":"https:\/\/npf-fpn.com\/?s={search_term_string}"},"query-input":{"@type":"PropertyValueSpecification","valueRequired":true,"valueName":"search_term_string"}}],"inLanguage":"fr-FR"},{"@type":"Organization","@id":"https:\/\/npf-fpn.com\/#organization","name":"NPF-FPN","url":"https:\/\/npf-fpn.com\/","logo":{"@type":"ImageObject","inLanguage":"fr-FR","@id":"https:\/\/npf-fpn.com\/#\/schema\/logo\/image\/","url":"https:\/\/npf-fpn.com\/app\/uploads\/2022\/01\/NPF.jpg","contentUrl":"https:\/\/npf-fpn.com\/app\/uploads\/2022\/01\/NPF.jpg","width":200,"height":200,"caption":"NPF-FPN"},"image":{"@id":"https:\/\/npf-fpn.com\/#\/schema\/logo\/image\/"}}]}},"_links":{"self":[{"href":"https:\/\/npf-fpn.com\/fr\/wp-json\/wp\/v2\/pages\/18599","targetHints":{"allow":["GET"]}}],"collection":[{"href":"https:\/\/npf-fpn.com\/fr\/wp-json\/wp\/v2\/pages"}],"about":[{"href":"https:\/\/npf-fpn.com\/fr\/wp-json\/wp\/v2\/types\/page"}],"author":[{"embeddable":true,"href":"https:\/\/npf-fpn.com\/fr\/wp-json\/wp\/v2\/users\/326"}],"replies":[{"embeddable":true,"href":"https:\/\/npf-fpn.com\/fr\/wp-json\/wp\/v2\/comments?post=18599"}],"version-history":[{"count":17,"href":"https:\/\/npf-fpn.com\/fr\/wp-json\/wp\/v2\/pages\/18599\/revisions"}],"predecessor-version":[{"id":57538,"href":"https:\/\/npf-fpn.com\/fr\/wp-json\/wp\/v2\/pages\/18599\/revisions\/57538"}],"wp:attachment":[{"href":"https:\/\/npf-fpn.com\/fr\/wp-json\/wp\/v2\/media?parent=18599"}],"curies":[{"name":"wp","href":"https:\/\/api.w.org\/{rel}","templated":true}]}}