{"id":1625,"date":"2021-05-28T19:10:52","date_gmt":"2021-05-28T19:10:52","guid":{"rendered":"http:\/\/npf-fpn.com\/?page_id=1625"},"modified":"2022-11-22T15:14:07","modified_gmt":"2022-11-22T15:14:07","slug":"manuel-de-la-fpn","status":"publish","type":"page","link":"https:\/\/npf-fpn.com\/fr\/manuel-de-la-fpn\/","title":{"rendered":"Manuel de la FPN"},"content":{"rendered":"\n<h3 class=\"wp-block-heading\"><a href=\"https:\/\/npf-fpn.com\/app\/uploads\/2021\/06\/Chapter-1-Right-to-Representation-or-Assistance-FR-V2.pdf\" target=\"_blank\" rel=\"noreferrer noopener\">Chapitre 1: Droits \u00e0 la repr\u00e9sentation ou l&#8217;assistance<\/a><\/h3>\n\n\n\n<p><\/p>\n\n\n\n<h3 class=\"wp-block-heading\"><a href=\"https:\/\/npf-fpn.com\/app\/uploads\/2021\/06\/Chapter-2-Interim-Administrative-Measures-FR.pdf\" target=\"_blank\" rel=\"noreferrer noopener\">Chapitre 2: Mesures administratives provisoires<\/a><\/h3>\n\n\n\n<p><\/p>\n\n\n\n<h3 class=\"wp-block-heading\"><a href=\"https:\/\/npf-fpn.com\/app\/uploads\/2021\/06\/Chapter-3-Investigations-FR.pdf\" target=\"_blank\" rel=\"noreferrer noopener\">Chapitre 3: Enqu\u00eates<\/a><\/h3>\n\n\n\n<p><\/p>\n\n\n\n<h3 class=\"wp-block-heading\"><a href=\"https:\/\/npf-fpn.com\/app\/uploads\/2021\/06\/Chapter-4-Conduct-Meetings-FR.pdf\" target=\"_blank\" rel=\"noreferrer noopener\">Chapitre 4: Rencontre disciplinaire<\/a><\/h3>\n\n\n\n<p><\/p>\n\n\n\n<h3 class=\"wp-block-heading\"><a href=\"https:\/\/npf-fpn.com\/app\/uploads\/2021\/06\/Chapter-5-Review-Authority-Proceedings-FR.pdf\" target=\"_blank\" rel=\"noreferrer noopener\">Chapitre 5: Proc\u00e9dures de l&#8217;autorit\u00e9 de r\u00e9vision<\/a><\/h3>\n\n\n\n<p><\/p>\n\n\n\n<h3 class=\"wp-block-heading\"><a href=\"https:\/\/npf-fpn.com\/app\/uploads\/2021\/06\/Chapter-6-Conduct-Hearings-FR.pdf\" target=\"_blank\" rel=\"noreferrer noopener\">Chapitre 6: Audience disciplinaire<\/a><\/h3>\n\n\n\n<p><\/p>\n\n\n\n<h3 class=\"wp-block-heading\"><a href=\"https:\/\/npf-fpn.com\/app\/uploads\/2021\/06\/Chapter-7-Appeals-of-Conduct-Authority-or-Board-Decisions-FR.pdf\" target=\"_blank\" rel=\"noreferrer noopener\">Chapitre 7: Appels des d\u00e9cisions de l&#8217;autorit\u00e9 disciplinaire du comit\u00e9 de d\u00e9ontologie<\/a><\/h3>\n\n\n\n<p><\/p>\n","protected":false},"excerpt":{"rendered":"<p>Chapitre 1: Droits \u00e0 la repr\u00e9sentation ou l&#8217;assistance Chapitre 2: Mesures administratives provisoires Chapitre 3: Enqu\u00eates Chapitre 4: Rencontre disciplinaire Chapitre 5: Proc\u00e9dures de l&#8217;autorit\u00e9 de r\u00e9vision Chapitre 6: Audience disciplinaire Chapitre 7: Appels des d\u00e9cisions de l&#8217;autorit\u00e9 disciplinaire du [&hellip;]<\/p>\n","protected":false},"author":1,"featured_media":0,"parent":0,"menu_order":0,"comment_status":"closed","ping_status":"closed","template":"","meta":{"_acf_changed":false,"inline_featured_image":false,"footnotes":""},"class_list":["post-1625","page","type-page","status-publish","hentry"],"acf":[],"yoast_head":"<!-- This site is optimized with the Yoast SEO plugin v27.4 - https:\/\/yoast.com\/product\/yoast-seo-wordpress\/ -->\n<title>Manuel de la FPN - NPF-FPN<\/title>\n<meta name=\"robots\" content=\"index, follow, max-snippet:-1, max-image-preview:large, max-video-preview:-1\" \/>\n<link rel=\"canonical\" href=\"https:\/\/npf-fpn.com\/fr\/manuel-de-la-fpn\/\" \/>\n<meta property=\"og:locale\" content=\"fr_FR\" \/>\n<meta property=\"og:type\" content=\"article\" \/>\n<meta property=\"og:title\" content=\"Manuel de la FPN - NPF-FPN\" \/>\n<meta property=\"og:description\" content=\"Chapitre 1: Droits \u00e0 la repr\u00e9sentation ou l&#8217;assistance Chapitre 2: Mesures administratives provisoires Chapitre 3: Enqu\u00eates Chapitre 4: Rencontre disciplinaire Chapitre 5: Proc\u00e9dures de l&#8217;autorit\u00e9 de r\u00e9vision Chapitre 6: Audience disciplinaire Chapitre 7: Appels des d\u00e9cisions de l&#8217;autorit\u00e9 disciplinaire du [&hellip;]\" \/>\n<meta property=\"og:url\" content=\"https:\/\/npf-fpn.com\/fr\/manuel-de-la-fpn\/\" \/>\n<meta property=\"og:site_name\" content=\"NPF-FPN\" \/>\n<meta property=\"article:modified_time\" content=\"2022-11-22T15:14:07+00:00\" \/>\n<meta name=\"twitter:card\" content=\"summary_large_image\" \/>\n<meta name=\"twitter:label1\" content=\"Est. reading time\" \/>\n\t<meta name=\"twitter:data1\" content=\"1 minute\" \/>\n<script type=\"application\/ld+json\" class=\"yoast-schema-graph\">{\"@context\":\"https:\\\/\\\/schema.org\",\"@graph\":[{\"@type\":\"WebPage\",\"@id\":\"https:\\\/\\\/npf-fpn.com\\\/fr\\\/manuel-de-la-fpn\\\/\",\"url\":\"https:\\\/\\\/npf-fpn.com\\\/fr\\\/manuel-de-la-fpn\\\/\",\"name\":\"Manuel de la FPN - NPF-FPN\",\"isPartOf\":{\"@id\":\"https:\\\/\\\/npf-fpn.com\\\/#website\"},\"datePublished\":\"2021-05-28T19:10:52+00:00\",\"dateModified\":\"2022-11-22T15:14:07+00:00\",\"breadcrumb\":{\"@id\":\"https:\\\/\\\/npf-fpn.com\\\/fr\\\/manuel-de-la-fpn\\\/#breadcrumb\"},\"inLanguage\":\"fr-FR\",\"potentialAction\":[{\"@type\":\"ReadAction\",\"target\":[\"https:\\\/\\\/npf-fpn.com\\\/fr\\\/manuel-de-la-fpn\\\/\"]}]},{\"@type\":\"BreadcrumbList\",\"@id\":\"https:\\\/\\\/npf-fpn.com\\\/fr\\\/manuel-de-la-fpn\\\/#breadcrumb\",\"itemListElement\":[{\"@type\":\"ListItem\",\"position\":1,\"name\":\"Accueil\",\"item\":\"https:\\\/\\\/npf-fpn.com\\\/fr\\\/\"},{\"@type\":\"ListItem\",\"position\":2,\"name\":\"Manuel de la FPN\"}]},{\"@type\":\"WebSite\",\"@id\":\"https:\\\/\\\/npf-fpn.com\\\/#website\",\"url\":\"https:\\\/\\\/npf-fpn.com\\\/\",\"name\":\"NPF-FPN\",\"description\":\"Providing strong, fair and progressive representation to almost 20,000 RCMP members across Canada.\",\"publisher\":{\"@id\":\"https:\\\/\\\/npf-fpn.com\\\/#organization\"},\"potentialAction\":[{\"@type\":\"SearchAction\",\"target\":{\"@type\":\"EntryPoint\",\"urlTemplate\":\"https:\\\/\\\/npf-fpn.com\\\/?s={search_term_string}\"},\"query-input\":{\"@type\":\"PropertyValueSpecification\",\"valueRequired\":true,\"valueName\":\"search_term_string\"}}],\"inLanguage\":\"fr-FR\"},{\"@type\":\"Organization\",\"@id\":\"https:\\\/\\\/npf-fpn.com\\\/#organization\",\"name\":\"NPF-FPN\",\"url\":\"https:\\\/\\\/npf-fpn.com\\\/\",\"logo\":{\"@type\":\"ImageObject\",\"inLanguage\":\"fr-FR\",\"@id\":\"https:\\\/\\\/npf-fpn.com\\\/#\\\/schema\\\/logo\\\/image\\\/\",\"url\":\"https:\\\/\\\/npf-fpn.com\\\/app\\\/uploads\\\/2022\\\/01\\\/NPF.jpg\",\"contentUrl\":\"https:\\\/\\\/npf-fpn.com\\\/app\\\/uploads\\\/2022\\\/01\\\/NPF.jpg\",\"width\":200,\"height\":200,\"caption\":\"NPF-FPN\"},\"image\":{\"@id\":\"https:\\\/\\\/npf-fpn.com\\\/#\\\/schema\\\/logo\\\/image\\\/\"}}]}<\/script>\n<!-- \/ Yoast SEO plugin. -->","yoast_head_json":{"title":"Manuel de la FPN - NPF-FPN","robots":{"index":"index","follow":"follow","max-snippet":"max-snippet:-1","max-image-preview":"max-image-preview:large","max-video-preview":"max-video-preview:-1"},"canonical":"https:\/\/npf-fpn.com\/fr\/manuel-de-la-fpn\/","og_locale":"fr_FR","og_type":"article","og_title":"Manuel de la FPN - NPF-FPN","og_description":"Chapitre 1: Droits \u00e0 la repr\u00e9sentation ou l&#8217;assistance Chapitre 2: Mesures administratives provisoires Chapitre 3: Enqu\u00eates Chapitre 4: Rencontre disciplinaire Chapitre 5: Proc\u00e9dures de l&#8217;autorit\u00e9 de r\u00e9vision Chapitre 6: Audience disciplinaire Chapitre 7: Appels des d\u00e9cisions de l&#8217;autorit\u00e9 disciplinaire du [&hellip;]","og_url":"https:\/\/npf-fpn.com\/fr\/manuel-de-la-fpn\/","og_site_name":"NPF-FPN","article_modified_time":"2022-11-22T15:14:07+00:00","twitter_card":"summary_large_image","twitter_misc":{"Est. reading time":"1 minute"},"schema":{"@context":"https:\/\/schema.org","@graph":[{"@type":"WebPage","@id":"https:\/\/npf-fpn.com\/fr\/manuel-de-la-fpn\/","url":"https:\/\/npf-fpn.com\/fr\/manuel-de-la-fpn\/","name":"Manuel de la FPN - NPF-FPN","isPartOf":{"@id":"https:\/\/npf-fpn.com\/#website"},"datePublished":"2021-05-28T19:10:52+00:00","dateModified":"2022-11-22T15:14:07+00:00","breadcrumb":{"@id":"https:\/\/npf-fpn.com\/fr\/manuel-de-la-fpn\/#breadcrumb"},"inLanguage":"fr-FR","potentialAction":[{"@type":"ReadAction","target":["https:\/\/npf-fpn.com\/fr\/manuel-de-la-fpn\/"]}]},{"@type":"BreadcrumbList","@id":"https:\/\/npf-fpn.com\/fr\/manuel-de-la-fpn\/#breadcrumb","itemListElement":[{"@type":"ListItem","position":1,"name":"Accueil","item":"https:\/\/npf-fpn.com\/fr\/"},{"@type":"ListItem","position":2,"name":"Manuel de la FPN"}]},{"@type":"WebSite","@id":"https:\/\/npf-fpn.com\/#website","url":"https:\/\/npf-fpn.com\/","name":"NPF-FPN","description":"Providing strong, fair and progressive representation to almost 20,000 RCMP members across Canada.","publisher":{"@id":"https:\/\/npf-fpn.com\/#organization"},"potentialAction":[{"@type":"SearchAction","target":{"@type":"EntryPoint","urlTemplate":"https:\/\/npf-fpn.com\/?s={search_term_string}"},"query-input":{"@type":"PropertyValueSpecification","valueRequired":true,"valueName":"search_term_string"}}],"inLanguage":"fr-FR"},{"@type":"Organization","@id":"https:\/\/npf-fpn.com\/#organization","name":"NPF-FPN","url":"https:\/\/npf-fpn.com\/","logo":{"@type":"ImageObject","inLanguage":"fr-FR","@id":"https:\/\/npf-fpn.com\/#\/schema\/logo\/image\/","url":"https:\/\/npf-fpn.com\/app\/uploads\/2022\/01\/NPF.jpg","contentUrl":"https:\/\/npf-fpn.com\/app\/uploads\/2022\/01\/NPF.jpg","width":200,"height":200,"caption":"NPF-FPN"},"image":{"@id":"https:\/\/npf-fpn.com\/#\/schema\/logo\/image\/"}}]}},"_links":{"self":[{"href":"https:\/\/npf-fpn.com\/fr\/wp-json\/wp\/v2\/pages\/1625","targetHints":{"allow":["GET"]}}],"collection":[{"href":"https:\/\/npf-fpn.com\/fr\/wp-json\/wp\/v2\/pages"}],"about":[{"href":"https:\/\/npf-fpn.com\/fr\/wp-json\/wp\/v2\/types\/page"}],"author":[{"embeddable":true,"href":"https:\/\/npf-fpn.com\/fr\/wp-json\/wp\/v2\/users\/1"}],"replies":[{"embeddable":true,"href":"https:\/\/npf-fpn.com\/fr\/wp-json\/wp\/v2\/comments?post=1625"}],"version-history":[{"count":6,"href":"https:\/\/npf-fpn.com\/fr\/wp-json\/wp\/v2\/pages\/1625\/revisions"}],"predecessor-version":[{"id":27405,"href":"https:\/\/npf-fpn.com\/fr\/wp-json\/wp\/v2\/pages\/1625\/revisions\/27405"}],"wp:attachment":[{"href":"https:\/\/npf-fpn.com\/fr\/wp-json\/wp\/v2\/media?parent=1625"}],"curies":[{"name":"wp","href":"https:\/\/api.w.org\/{rel}","templated":true}]}}