{"id":1555,"date":"2021-05-28T18:28:58","date_gmt":"2021-05-28T18:28:58","guid":{"rendered":"http:\/\/npf-fpn.com\/?page_id=1555"},"modified":"2023-03-15T13:24:38","modified_gmt":"2023-03-15T13:24:38","slug":"about-us","status":"publish","type":"page","link":"https:\/\/npf-fpn.com\/fr\/about-us\/","title":{"rendered":"Qui nous sommes"},"content":{"rendered":"\n<p>La F\u00e9d\u00e9ration de la police nationale est le seul agent n\u00e9gociateur accr\u00e9dit\u00e9 des membres r\u00e9guliers et des r\u00e9servistes de la Gendarmerie royale du Canada dont le grade est inf\u00e9rieur \u00e0 celui d&#8217;inspecteur. La F\u00e9d\u00e9ration de la police nationale (FPN) a \u00e9t\u00e9 accr\u00e9dit\u00e9e pour repr\u00e9senter ~20 000 membres de la GRC en poste au Canada et \u00e0 l&#8217;\u00e9tranger \u00e0 l&#8217;\u00e9t\u00e9 2019. Nous sommes la plus grande organisation de relations de travail de la police au Canada, la deuxi\u00e8me en Am\u00e9rique du Nord et la premi\u00e8re association nationale ind\u00e9pendante \u00e0 repr\u00e9senter les membres de la GRC.<\/p>\n\n\n\n<h4 class=\"wp-block-heading\"><strong>Mission:<\/strong><\/h4>\n\n\n\n<p>La mission de la F\u00e9d\u00e9ration de la police nationale est d\u2019assurer une repr\u00e9sentation forte, \u00e9quitable et progressive pour promouvoir et renforcer les droits des membres de la GRC.<\/p>\n\n\n\n<h4 class=\"wp-block-heading\"><strong>Vision:<\/strong><\/h4>\n\n\n\n<p>Les membres de la GRC sont reconnus comme \u00e9tant parmi les meilleurs policiers au monde et sont r\u00e9mun\u00e9r\u00e9s en cons\u00e9quence.<\/p>\n\n\n\n<h4 class=\"wp-block-heading\"><strong>Valeurs:<\/strong><\/h4>\n\n\n\n<div class=\"wp-block-columns is-layout-flex wp-container-core-columns-is-layout-9d6595d7 wp-block-columns-is-layout-flex\">\n<div class=\"wp-block-column is-layout-flow wp-block-column-is-layout-flow\">\n<p class=\"has-text-align-center has-medium-font-size\"><strong>Loyaut\u00e9<\/strong><\/p>\n\n\n\n<p class=\"has-text-align-center\">Les int\u00e9r\u00eats sup\u00e9rieurs des membres r\u00e9giront toujours nos d\u00e9cisions et nos actions.<\/p>\n<\/div>\n\n\n\n<div class=\"wp-block-column is-layout-flow wp-block-column-is-layout-flow\">\n<p class=\"has-text-align-center has-medium-font-size\"><strong>Productivit\u00e9<\/strong><\/p>\n\n\n\n<p class=\"has-text-align-center\">Nous mettons l\u2019accent sur les solutions pour les membres, tout en appliquant des donn\u00e9es probantes et des pratiques exemplaires au moyen d\u2019un cadre \u00e9thique.<\/p>\n<\/div>\n\n\n\n<div class=\"wp-block-column is-layout-flow wp-block-column-is-layout-flow\">\n<p class=\"has-text-align-center has-medium-font-size\"><strong>Innovation<\/strong><\/p>\n\n\n\n<p class=\"has-text-align-center\">Nous sommes ouverts \u00e0 de nouvelles opinions, de nouvelles id\u00e9es et de nouvelles fa\u00e7ons de faire les choses.<\/p>\n<\/div>\n\n\n\n<div class=\"wp-block-column is-layout-flow wp-block-column-is-layout-flow\">\n<p class=\"has-text-align-center has-medium-font-size\"><strong>Inclusion<\/strong><\/p>\n\n\n\n<p class=\"has-text-align-center\">Nous souhaitons la bienvenue aux membres de toutes les communaut\u00e9s. Nous faisons preuve de transparence et de collaboration pour atteindre nos objectifs.<\/p>\n<\/div>\n\n\n\n<div class=\"wp-block-column is-layout-flow wp-block-column-is-layout-flow\">\n<p class=\"has-text-align-center has-medium-font-size\"><strong>Collaboration<\/strong><\/p>\n\n\n\n<p class=\"has-text-align-center\">La FPN et ses membres sont d\u00e9termin\u00e9s \u00e0 fournir des services de police qui soutiennent des collectivit\u00e9s plus s\u00fbres et plus vivables, grandes et petites.<\/p>\n<\/div>\n<\/div>\n\n\n\n<p><\/p>\n","protected":false},"excerpt":{"rendered":"<p>La F\u00e9d\u00e9ration de la police nationale est le seul agent n\u00e9gociateur accr\u00e9dit\u00e9 des membres r\u00e9guliers et des r\u00e9servistes de la Gendarmerie royale du Canada dont le grade est inf\u00e9rieur \u00e0 celui d&#8217;inspecteur. La F\u00e9d\u00e9ration de la police nationale (FPN) a [&hellip;]<\/p>\n","protected":false},"author":1,"featured_media":0,"parent":0,"menu_order":0,"comment_status":"closed","ping_status":"closed","template":"","meta":{"_acf_changed":false,"inline_featured_image":false,"footnotes":""},"class_list":["post-1555","page","type-page","status-publish","hentry"],"acf":[],"yoast_head":"<!-- This site is optimized with the Yoast SEO plugin v27.4 - https:\/\/yoast.com\/product\/yoast-seo-wordpress\/ -->\n<title>Qui nous sommes - NPF-FPN<\/title>\n<meta name=\"robots\" content=\"index, follow, max-snippet:-1, max-image-preview:large, max-video-preview:-1\" \/>\n<link rel=\"canonical\" href=\"https:\/\/npf-fpn.com\/fr\/about-us\/\" \/>\n<meta property=\"og:locale\" content=\"fr_FR\" \/>\n<meta property=\"og:type\" content=\"article\" \/>\n<meta property=\"og:title\" content=\"Qui nous sommes - NPF-FPN\" \/>\n<meta property=\"og:description\" content=\"La F\u00e9d\u00e9ration de la police nationale est le seul agent n\u00e9gociateur accr\u00e9dit\u00e9 des membres r\u00e9guliers et des r\u00e9servistes de la Gendarmerie royale du Canada dont le grade est inf\u00e9rieur \u00e0 celui d&#8217;inspecteur. La F\u00e9d\u00e9ration de la police nationale (FPN) a [&hellip;]\" \/>\n<meta property=\"og:url\" content=\"https:\/\/npf-fpn.com\/fr\/about-us\/\" \/>\n<meta property=\"og:site_name\" content=\"NPF-FPN\" \/>\n<meta property=\"article:modified_time\" content=\"2023-03-15T13:24:38+00:00\" \/>\n<meta name=\"twitter:card\" content=\"summary_large_image\" \/>\n<meta name=\"twitter:label1\" content=\"Est. reading time\" \/>\n\t<meta name=\"twitter:data1\" content=\"2 minutes\" \/>\n<script type=\"application\/ld+json\" class=\"yoast-schema-graph\">{\"@context\":\"https:\\\/\\\/schema.org\",\"@graph\":[{\"@type\":\"WebPage\",\"@id\":\"https:\\\/\\\/npf-fpn.com\\\/fr\\\/about-us\\\/\",\"url\":\"https:\\\/\\\/npf-fpn.com\\\/fr\\\/about-us\\\/\",\"name\":\"Qui nous sommes - NPF-FPN\",\"isPartOf\":{\"@id\":\"https:\\\/\\\/npf-fpn.com\\\/#website\"},\"datePublished\":\"2021-05-28T18:28:58+00:00\",\"dateModified\":\"2023-03-15T13:24:38+00:00\",\"breadcrumb\":{\"@id\":\"https:\\\/\\\/npf-fpn.com\\\/fr\\\/about-us\\\/#breadcrumb\"},\"inLanguage\":\"fr-FR\",\"potentialAction\":[{\"@type\":\"ReadAction\",\"target\":[\"https:\\\/\\\/npf-fpn.com\\\/fr\\\/about-us\\\/\"]}]},{\"@type\":\"BreadcrumbList\",\"@id\":\"https:\\\/\\\/npf-fpn.com\\\/fr\\\/about-us\\\/#breadcrumb\",\"itemListElement\":[{\"@type\":\"ListItem\",\"position\":1,\"name\":\"Accueil\",\"item\":\"https:\\\/\\\/npf-fpn.com\\\/fr\\\/\"},{\"@type\":\"ListItem\",\"position\":2,\"name\":\"Qui nous sommes\"}]},{\"@type\":\"WebSite\",\"@id\":\"https:\\\/\\\/npf-fpn.com\\\/#website\",\"url\":\"https:\\\/\\\/npf-fpn.com\\\/\",\"name\":\"NPF-FPN\",\"description\":\"Providing strong, fair and progressive representation to almost 20,000 RCMP members across Canada.\",\"publisher\":{\"@id\":\"https:\\\/\\\/npf-fpn.com\\\/#organization\"},\"potentialAction\":[{\"@type\":\"SearchAction\",\"target\":{\"@type\":\"EntryPoint\",\"urlTemplate\":\"https:\\\/\\\/npf-fpn.com\\\/?s={search_term_string}\"},\"query-input\":{\"@type\":\"PropertyValueSpecification\",\"valueRequired\":true,\"valueName\":\"search_term_string\"}}],\"inLanguage\":\"fr-FR\"},{\"@type\":\"Organization\",\"@id\":\"https:\\\/\\\/npf-fpn.com\\\/#organization\",\"name\":\"NPF-FPN\",\"url\":\"https:\\\/\\\/npf-fpn.com\\\/\",\"logo\":{\"@type\":\"ImageObject\",\"inLanguage\":\"fr-FR\",\"@id\":\"https:\\\/\\\/npf-fpn.com\\\/#\\\/schema\\\/logo\\\/image\\\/\",\"url\":\"https:\\\/\\\/npf-fpn.com\\\/app\\\/uploads\\\/2022\\\/01\\\/NPF.jpg\",\"contentUrl\":\"https:\\\/\\\/npf-fpn.com\\\/app\\\/uploads\\\/2022\\\/01\\\/NPF.jpg\",\"width\":200,\"height\":200,\"caption\":\"NPF-FPN\"},\"image\":{\"@id\":\"https:\\\/\\\/npf-fpn.com\\\/#\\\/schema\\\/logo\\\/image\\\/\"}}]}<\/script>\n<!-- \/ Yoast SEO plugin. -->","yoast_head_json":{"title":"Qui nous sommes - NPF-FPN","robots":{"index":"index","follow":"follow","max-snippet":"max-snippet:-1","max-image-preview":"max-image-preview:large","max-video-preview":"max-video-preview:-1"},"canonical":"https:\/\/npf-fpn.com\/fr\/about-us\/","og_locale":"fr_FR","og_type":"article","og_title":"Qui nous sommes - NPF-FPN","og_description":"La F\u00e9d\u00e9ration de la police nationale est le seul agent n\u00e9gociateur accr\u00e9dit\u00e9 des membres r\u00e9guliers et des r\u00e9servistes de la Gendarmerie royale du Canada dont le grade est inf\u00e9rieur \u00e0 celui d&#8217;inspecteur. La F\u00e9d\u00e9ration de la police nationale (FPN) a [&hellip;]","og_url":"https:\/\/npf-fpn.com\/fr\/about-us\/","og_site_name":"NPF-FPN","article_modified_time":"2023-03-15T13:24:38+00:00","twitter_card":"summary_large_image","twitter_misc":{"Est. reading time":"2 minutes"},"schema":{"@context":"https:\/\/schema.org","@graph":[{"@type":"WebPage","@id":"https:\/\/npf-fpn.com\/fr\/about-us\/","url":"https:\/\/npf-fpn.com\/fr\/about-us\/","name":"Qui nous sommes - NPF-FPN","isPartOf":{"@id":"https:\/\/npf-fpn.com\/#website"},"datePublished":"2021-05-28T18:28:58+00:00","dateModified":"2023-03-15T13:24:38+00:00","breadcrumb":{"@id":"https:\/\/npf-fpn.com\/fr\/about-us\/#breadcrumb"},"inLanguage":"fr-FR","potentialAction":[{"@type":"ReadAction","target":["https:\/\/npf-fpn.com\/fr\/about-us\/"]}]},{"@type":"BreadcrumbList","@id":"https:\/\/npf-fpn.com\/fr\/about-us\/#breadcrumb","itemListElement":[{"@type":"ListItem","position":1,"name":"Accueil","item":"https:\/\/npf-fpn.com\/fr\/"},{"@type":"ListItem","position":2,"name":"Qui nous sommes"}]},{"@type":"WebSite","@id":"https:\/\/npf-fpn.com\/#website","url":"https:\/\/npf-fpn.com\/","name":"NPF-FPN","description":"Providing strong, fair and progressive representation to almost 20,000 RCMP members across Canada.","publisher":{"@id":"https:\/\/npf-fpn.com\/#organization"},"potentialAction":[{"@type":"SearchAction","target":{"@type":"EntryPoint","urlTemplate":"https:\/\/npf-fpn.com\/?s={search_term_string}"},"query-input":{"@type":"PropertyValueSpecification","valueRequired":true,"valueName":"search_term_string"}}],"inLanguage":"fr-FR"},{"@type":"Organization","@id":"https:\/\/npf-fpn.com\/#organization","name":"NPF-FPN","url":"https:\/\/npf-fpn.com\/","logo":{"@type":"ImageObject","inLanguage":"fr-FR","@id":"https:\/\/npf-fpn.com\/#\/schema\/logo\/image\/","url":"https:\/\/npf-fpn.com\/app\/uploads\/2022\/01\/NPF.jpg","contentUrl":"https:\/\/npf-fpn.com\/app\/uploads\/2022\/01\/NPF.jpg","width":200,"height":200,"caption":"NPF-FPN"},"image":{"@id":"https:\/\/npf-fpn.com\/#\/schema\/logo\/image\/"}}]}},"_links":{"self":[{"href":"https:\/\/npf-fpn.com\/fr\/wp-json\/wp\/v2\/pages\/1555","targetHints":{"allow":["GET"]}}],"collection":[{"href":"https:\/\/npf-fpn.com\/fr\/wp-json\/wp\/v2\/pages"}],"about":[{"href":"https:\/\/npf-fpn.com\/fr\/wp-json\/wp\/v2\/types\/page"}],"author":[{"embeddable":true,"href":"https:\/\/npf-fpn.com\/fr\/wp-json\/wp\/v2\/users\/1"}],"replies":[{"embeddable":true,"href":"https:\/\/npf-fpn.com\/fr\/wp-json\/wp\/v2\/comments?post=1555"}],"version-history":[{"count":5,"href":"https:\/\/npf-fpn.com\/fr\/wp-json\/wp\/v2\/pages\/1555\/revisions"}],"predecessor-version":[{"id":40709,"href":"https:\/\/npf-fpn.com\/fr\/wp-json\/wp\/v2\/pages\/1555\/revisions\/40709"}],"wp:attachment":[{"href":"https:\/\/npf-fpn.com\/fr\/wp-json\/wp\/v2\/media?parent=1555"}],"curies":[{"name":"wp","href":"https:\/\/api.w.org\/{rel}","templated":true}]}}